{"id":2245,"date":"2026-01-06T10:17:16","date_gmt":"2026-01-06T10:17:16","guid":{"rendered":"https:\/\/lyfilter.com\/?post_type=product&#038;p=2245"},"modified":"2026-01-06T10:17:16","modified_gmt":"2026-01-06T10:17:16","slug":"m22-m20-thread-0-2-0-5-microns-pe-ptfe-sintered-disc-filter","status":"publish","type":"product","link":"https:\/\/lyfilter.com\/fr\/m22-m20-thread-0-2-0-5-microns-pe-ptfe-sintered-disc-filter\/","title":{"rendered":"M22 M20 Filetage 0.2 0.5 Microns PE PTFE Filtre \u00e0 disque fritt\u00e9"},"content":{"rendered":"<div id=\"ali-anchor-AliMagic-lhfchv\" class=\"magic-0\" data-section=\"AliMagic-lhfchv\" data-section-title=\"Product Description\"><strong>0.2 0.5 1 5 10 25 50 100 Microns Porous Sinter PE PTFE Fritted Disc Sintered Plastic Filter Disk<\/strong><\/div>\n<div class=\"magic-0\" data-section=\"AliMagic-lhfchv\" data-section-title=\"Product Description\"><\/div>\n<div class=\"icbu-pc-detailManyImage magic-1\" data-module-name=\"icbu-pc-detailManyImage\">\n<div class=\"magic-2\">L'\u00e9l\u00e9ment filtrant en PE pr\u00e9sente une distribution uniforme de la taille des pores, une forte r\u00e9sistance aux acides et aux alcalis, une r\u00e9sistance aux temp\u00e9ratures \u00e9lev\u00e9es, de bonnes propri\u00e9t\u00e9s m\u00e9caniques et une forte r\u00e9sistance aux solvants organiques. La production d'\u00e9quipements de traitement de l'eau \u00e0 grande \u00e9chelle peut adopter une m\u00e9thode automatique ou manuelle d'\u00e9limination des scories par r\u00e9trobalayage, les particules solides peuvent \u00eatre r\u00e9cup\u00e9r\u00e9es par \u00e9limination des scories \u00e0 sec, sans remplacement fr\u00e9quent des \u00e9l\u00e9ments filtrants, avec un fonctionnement automatique, un faible co\u00fbt de filtration et d'autres avantages, qui sont bien accueillis par les utilisateurs.<\/div>\n<\/div>\n<div class=\"detail-decorate-json-renderer-container\">\n<div class=\"magic-4\">\n<div class=\"magic-15\">\n<div class=\"magic-10\">\n<div class=\"magic-16\"><\/div>\n<\/div>\n<\/div>\n<\/div>\n<\/div>\n<div class=\"icbu-pc-images magic-22\">\n<div class=\"flex-layout-v\">\n<div class=\"flex-layout-h magic-22\">\n<div class=\"magic-23\"><img decoding=\"async\" src=\"https:\/\/img.yfisher.com\/m6076\/17257325876wq\/png70-t3-scale100.webp\" alt=\"M22 M20 Filetage 0.2 0.5 Microns PE PTFE Filtre \u00e0 disque fritt\u00e9 2\" data-lazy=\"2\" title=\"\"><\/div>\n<div class=\"magic-23\"><img decoding=\"async\" src=\"https:\/\/img.yfisher.com\/m6076\/1729225219lmv\/png70-t3-scale100.webp\" alt=\"M22 M20 Filetage 0.2 0.5 Microns PE PTFE Filtre \u00e0 disque fritt\u00e9 3\" data-lazy=\"2\" title=\"\"><\/div>\n<div class=\"magic-23\"><\/div>\n<div class=\"magic-23\"><strong>FAQ<\/strong><\/div>\n<\/div>\n<\/div>\n<\/div>\n<div class=\"icbu-pc-images magic-22\">\n<div class=\"flex-layout-v\">\n<div class=\"flex-layout-h magic-22\">\n<div class=\"magic-23\"><\/div>\n<\/div>\n<\/div>\n<\/div>\n<div id=\"ali-anchor-AliMagic-i4q4yj\" class=\"magic-0\" data-section=\"AliMagic-i4q4yj\" data-section-title=\"Application\">\n<p>R\u00e9ponse : En g\u00e9n\u00e9ral, le MOQ est exig\u00e9 ici, mais nous avons un large stock de produits, vous pouvez passer une commande d'essai. Nous pouvons vous fournir les produits dont vous avez besoin.<br \/>\nLe temps est fonction de votre quantit\u00e9 ;<\/p>\n<p>Q2 : Puis-je obtenir un \u00e9chantillon avant de passer une commande formelle ?<br \/>\nR\u00e9ponse : Oui. Nous pouvons vous fournir des \u00e9chantillons gratuits pour v\u00e9rifier notre qualit\u00e9, mais le transport doit \u00eatre collect\u00e9, si vous avez un compte express,<br \/>\nnous pourrions \u00e9galement utiliser votre compte pour vous envoyer nos \u00e9chantillons.<\/p>\n<p>&nbsp;<\/p>\n<p>Q3:Je suis un petit grossiste, acceptez-vous les petites commandes ?<br \/>\nR : Ce n'est pas un probl\u00e8me si vous \u00eates un petit grossiste, nous aimerions grandir avec vous.<\/p>\n<p>Q4 : Puis-je ajouter mon logo sur les produits m\u00e9dicaux ?<br \/>\nR : Oui, nous proposons des solutions OEM et ODM.<\/p>\n<\/div>","protected":false},"excerpt":{"rendered":"<table>\n<thead>\n<tr>\n<th>section<\/th>\n<th>d\u00e9tails<\/th>\n<\/tr>\n<\/thead>\n<tbody>\n<tr>\n<td>produit<\/td>\n<td>disque filtrant en plastique fritt\u00e9 poreux \/ disque fritt\u00e9 (pe, ptfe)<\/td>\n<\/tr>\n<tr>\n<td>taux de micron<\/td>\n<td>0,2, 0,5, 1, 5, 10, 25, 50, 100 microns<\/td>\n<\/tr>\n<tr>\n<td>mat\u00e9riaux<\/td>\n<td>pe, ptfe<\/td>\n<\/tr>\n<tr>\n<td>caract\u00e9ristiques principales<\/td>\n<td>distribution uniforme des pores ; forte r\u00e9sistance aux acides et aux alcalis ; r\u00e9sistance aux temp\u00e9ratures \u00e9lev\u00e9es ; bonne r\u00e9sistance m\u00e9canique ; r\u00e9sistance aux solvants organiques<\/td>\n<\/tr>\n<tr>\n<td>application typique<\/td>\n<td>\u00e9quipement de traitement de l'eau \u00e0 grande \u00e9chelle<\/td>\n<\/tr>\n<tr>\n<td>nettoyage \/ entretien<\/td>\n<td>\u00e9limination automatique ou manuelle des scories par r\u00e9tro-rin\u00e7age ; l'\u00e9limination des scories \u00e0 sec permet la r\u00e9cup\u00e9ration des particules solides ; pas de remplacement fr\u00e9quent des \u00e9l\u00e9ments ; fonctionnement automatique ; faible co\u00fbt de filtration<\/td>\n<\/tr>\n<tr>\n<td>options de filetage illustr\u00e9es<\/td>\n<td>m22, m20<\/td>\n<\/tr>\n<tr>\n<td>exemples d'articles \u00e9num\u00e9r\u00e9s<\/td>\n<td>\u201cm22 m20 filetage 0,2 0,5 microns pe ptfe filtre \u00e0 disque fritt\u00e9 2\u201d ; \u201c... filtre 3\u201d<\/td>\n<\/tr>\n<tr>\n<td>moq \/ commande<\/td>\n<td>un moq peut s'appliquer, mais un stock important permet de passer des commandes d'essai ; le d\u00e9lai de livraison d\u00e9pend de la quantit\u00e9.<\/td>\n<\/tr>\n<tr>\n<td>\u00e9chantillons<\/td>\n<td>\u00e9chantillons gratuits disponibles pour v\u00e9rification de la qualit\u00e9 ; fret collect\u00e9 ; peut \u00eatre exp\u00e9di\u00e9 par l'interm\u00e9diaire de votre compte express<\/td>\n<\/tr>\n<tr>\n<td>petites commandes<\/td>\n<td>accept\u00e9e ; convient aux petits grossistes<\/td>\n<\/tr>\n<tr>\n<td>personnalisation<\/td>\n<td>oem\/odm disponible ; le logo peut \u00eatre ajout\u00e9<\/td>\n<\/tr>\n<\/tbody>\n<\/table>","protected":false},"featured_media":2250,"comment_status":"open","ping_status":"closed","template":"","meta":{"_gspb_post_css":""},"product_brand":[],"product_cat":[17,22],"product_tag":[951,952,949,950,948,642],"class_list":{"0":"post-2245","1":"product","2":"type-product","3":"status-publish","4":"has-post-thumbnail","6":"product_cat-sediment-filter","7":"product_cat-sintered-filter-cartridge","8":"product_tag-0-2-micron-filter","9":"product_tag-oem-odm-available","10":"product_tag-porous-pe-filter","11":"product_tag-ptfe-fritted-disc","12":"product_tag-sintered-filter-disc","13":"product_tag-water-treatment-filtration","15":"first","16":"instock","17":"shipping-taxable","18":"product-type-simple"},"_links":{"self":[{"href":"https:\/\/lyfilter.com\/fr\/wp-json\/wp\/v2\/product\/2245","targetHints":{"allow":["GET"]}}],"collection":[{"href":"https:\/\/lyfilter.com\/fr\/wp-json\/wp\/v2\/product"}],"about":[{"href":"https:\/\/lyfilter.com\/fr\/wp-json\/wp\/v2\/types\/product"}],"replies":[{"embeddable":true,"href":"https:\/\/lyfilter.com\/fr\/wp-json\/wp\/v2\/comments?post=2245"}],"wp:featuredmedia":[{"embeddable":true,"href":"https:\/\/lyfilter.com\/fr\/wp-json\/wp\/v2\/media\/2250"}],"wp:attachment":[{"href":"https:\/\/lyfilter.com\/fr\/wp-json\/wp\/v2\/media?parent=2245"}],"wp:term":[{"taxonomy":"product_brand","embeddable":true,"href":"https:\/\/lyfilter.com\/fr\/wp-json\/wp\/v2\/product_brand?post=2245"},{"taxonomy":"product_cat","embeddable":true,"href":"https:\/\/lyfilter.com\/fr\/wp-json\/wp\/v2\/product_cat?post=2245"},{"taxonomy":"product_tag","embeddable":true,"href":"https:\/\/lyfilter.com\/fr\/wp-json\/wp\/v2\/product_tag?post=2245"}],"curies":[{"name":"wp","href":"https:\/\/api.w.org\/{rel}","templated":true}]}}