{"id":2243,"date":"2026-01-06T10:15:27","date_gmt":"2026-01-06T10:15:27","guid":{"rendered":"https:\/\/lyfilter.com\/?post_type=product&#038;p=2243"},"modified":"2026-01-06T10:15:27","modified_gmt":"2026-01-06T10:15:27","slug":"medical-industry-sintered-60um-polyethylene-porous-filter-disc","status":"publish","type":"product","link":"https:\/\/lyfilter.com\/fr\/medical-industry-sintered-60um-polyethylene-porous-filter-disc\/","title":{"rendered":"Industrie m\u00e9dicale Disque filtrant fritt\u00e9 en poly\u00e9thyl\u00e8ne poreux 60um"},"content":{"rendered":"<div class=\"unit-detail-html-tabs__content-attr\">\n<div class=\"unit-product-attrparam\">\n<div class=\"unit-product-attrparam__items row\">\n<div class=\"col-12 col-md-6\">\n<div class=\"unit-product-attrparam__item\">\n<div class=\"unit-product-attrparam__label\">Mat\u00e9riau<\/div>\n<div class=\"unit-product-attrparam__value\" title=\"pe \">pe<\/div>\n<\/div>\n<\/div>\n<div class=\"col-12 col-md-6\">\n<div class=\"unit-product-attrparam__item\">\n<div class=\"unit-product-attrparam__label\">Disponibilit\u00e9<\/div>\n<div class=\"unit-product-attrparam__value\" title=\"OEM\">OEM<\/div>\n<\/div>\n<\/div>\n<\/div>\n<\/div>\n<\/div>\n<div class=\"unit-detail-html-tabs__content-featuresAttr\"><\/div>\n<div class=\"unit-detail-html-tabs__content-html\">\n<div id=\"_root\" class=\"engine-app\" data-reactroot=\"\">\n<div id=\"ali-anchor-AliMagic-4nwo8b\" class=\"magic-0\" data-section=\"AliMagic-4nwo8b\" data-section-title=\"Product Description\"><strong>Filtres \u00e0 disques en poly\u00e9thyl\u00e8ne PE poreux fritt\u00e9 pour l'industrie m\u00e9dicale<\/strong><\/div>\n<div class=\"magic-0\" data-section=\"AliMagic-4nwo8b\" data-section-title=\"Product Description\"><\/div>\n<div class=\"magic-0\" data-section=\"AliMagic-4nwo8b\" data-section-title=\"Product Description\"><strong>Description du produit<\/strong><\/div>\n<p>&nbsp;<\/p>\n<p><img decoding=\"async\" src=\"https:\/\/img.yfisher.com\/m6076\/17257325856xw\/png70-t3-scale100.webp\" alt=\"Industrie m\u00e9dicale Disque filtrant poreux fritt\u00e9 en poly\u00e9thyl\u00e8ne 60um 2\" data-lazy=\"2\" title=\"\"><\/p>\n<p><img decoding=\"async\" src=\"https:\/\/img.yfisher.com\/m6076\/17257325850nm\/png70-t3-scale100.webp\" alt=\"Industrie m\u00e9dicale Disque filtrant poreux fritt\u00e9 en poly\u00e9thyl\u00e8ne 60um 3\" data-lazy=\"2\" title=\"\"><\/p>\n<div class=\"icbu-pc-images magic-1\">\n<div class=\"flex-layout-v\">\n<div class=\"flex-layout-h magic-1\">\n<div class=\"magic-2\"><\/div>\n<\/div>\n<\/div>\n<\/div>\n<div class=\"detail-decorate-json-renderer-container\">\n<div class=\"magic-4\">\n<div class=\"magic-7\">\n<div class=\"magic-8\">\n<div class=\"magic-9\">\n<p><strong>Avantages des produits PP\/PE microporeux<\/strong><\/p>\n<p>Non toxique<br \/>\nUne absence de taches satisfaisante<br \/>\nHaute pr\u00e9cision de filtration 5-60um<br \/>\nExcellente r\u00e9sistance \u00e0 la corrosion<br \/>\nLongue dur\u00e9e de vie et remplacement facile<\/p>\n<\/div>\n<\/div>\n<\/div>\n<\/div>\n<\/div>\n<div class=\"icbu-pc-images magic-1\">\n<div class=\"flex-layout-v\">\n<div class=\"flex-layout-h magic-1\">\n<div class=\"magic-13\"><\/div>\n<\/div>\n<\/div>\n<\/div>\n<div id=\"ali-anchor-AliMagic-u5zd9b\" class=\"magic-0\" data-section=\"AliMagic-u5zd9b\" data-section-title=\"Specification\">Sp\u00e9cifications<\/div>\n<div class=\"magic-0\" data-section=\"AliMagic-u5zd9b\" data-section-title=\"Specification\"><\/div>\n<div class=\"table-responsive\">\n<table border=\"1\" width=\"475\" cellspacing=\"0\" cellpadding=\"0\">\n<colgroup>\n<col \/>\n<col \/><\/colgroup>\n<tbody>\n<tr class=\"firstRow\">\n<td height=\"19\" data-spm-anchor-id=\"a2700.details.pronpeci14.i1.31556e41v5knch\">mat\u00e9riel<\/td>\n<td>PP PE poudre<\/td>\n<\/tr>\n<tr>\n<td height=\"19\">taille des pores<\/td>\n<td>5-60micron<\/td>\n<\/tr>\n<tr>\n<td height=\"19\">forme<\/td>\n<td>disque, tube, barre ou sur mesure<\/td>\n<\/tr>\n<tr>\n<td height=\"19\">MOQ<\/td>\n<td>1pc<\/td>\n<\/tr>\n<\/tbody>\n<\/table>\n<\/div>\n<p>&nbsp;<\/p>\n<p>Caract\u00e9ristiques<\/p>\n<div class=\"magic-0\" data-section=\"AliMagic-0xxzp9\" data-section-title=\"Features\"><\/div>\n<div class=\"detail-decorate-json-renderer-container\">\n<div class=\"magic-4\">\n<div class=\"magic-7\">\n<div class=\"magic-8\">\n<div class=\"magic-9\">\n<p class=\"magic-10\">1. Haute porosit\u00e9 (60%) pour assurer un plus grand d\u00e9bit par unit\u00e9 de surface.<br \/>\n2. Surface ext\u00e9rieure lisse, les impuret\u00e9s n'adh\u00e8rent pas facilement, le lavage arri\u00e8re est facile et complet.<br \/>\n3. Rigide, excellentes propri\u00e9t\u00e9s m\u00e9caniques.<br \/>\n4. Excellente r\u00e9sistance aux acides forts, \u00e0 la corrosion alcaline et aux solvants organiques.<br \/>\n5. Pas de lib\u00e9ration de particules.<\/p>\n<p class=\"magic-10\">\n<\/div>\n<\/div>\n<\/div>\n<\/div>\n<\/div>\n<div id=\"ali-anchor-AliMagic-9lb9rt\" class=\"magic-0\" data-section=\"AliMagic-9lb9rt\" data-section-title=\"Application\">Application<\/div>\n<div class=\"detail-decorate-json-renderer-container\">\n<div class=\"magic-4\">\n<div class=\"magic-7\">\n<div class=\"magic-8\">\n<div class=\"magic-9\">\n<p class=\"magic-10\">1. L'industrie pharmaceutique<br \/>\n2. L'industrie chimique<br \/>\n3. Industrie l\u00e9g\u00e8re et industrie alimentaire<br \/>\n4. Industrie des machines et du p\u00e9trole<br \/>\n5. Fibres chimiques et industrie textile<br \/>\n6. Industrie du traitement des eaux us\u00e9es<\/p>\n<\/div>\n<\/div>\n<\/div>\n<\/div>\n<\/div>\n<div class=\"magic-0\" data-section=\"AliMagic-nc32gj\" data-section-title=\"Our Company\"><\/div>\n<div id=\"ali-anchor-AliMagic-nc32gj\" class=\"magic-0\" data-section=\"AliMagic-nc32gj\" data-section-title=\"Our Company\">Notre entreprise<\/div>\n<div class=\"icbu-pc-images magic-1\">\n<div class=\"flex-layout-v\">\n<div class=\"flex-layout-h magic-1\">\n<div class=\"magic-18\"><\/div>\n<\/div>\n<\/div>\n<\/div>\n<div class=\"icbu-pc-images magic-1\">\n<div class=\"flex-layout-v\">\n<div class=\"flex-layout-h magic-1\">\n<div class=\"magic-22\">Nous sommes sp\u00e9cialis\u00e9s dans la conception et la production de diverses cartouches filtrantes, notamment des cartouches filtrantes en PE \u00e0 ultra-haute mol\u00e9cule, des cartouches filtrantes pour bouteilles d'humidification, des cartouches filtrantes \u00e0 ouvertures pour la pr\u00e9vention des d\u00e9versements \u00e0 des fins m\u00e9dicales, avec une pr\u00e9cision de filtrage de 5 \u00e0 100 microns. Les produits se dilatent imm\u00e9diatement dans l'eau ou le liquide pour former une couche de protection \u00e0 la surface. Sous une pression de 0,06-0,05mpa, le filtre emp\u00eache le liquide de s'\u00e9couler. Les noyaux et les t\u00eates de filtre anti-d\u00e9versement sont largement utilis\u00e9s dans les instruments m\u00e9dicaux tels que les sacs de collecte de d\u00e9chets jetables, les tubes d'enveloppe pour les tests ESR et l'injection, etc. Nous avons obtenu avec succ\u00e8s le certificat ISO9001:2008.<\/div>\n<\/div>\n<\/div>\n<\/div>\n<\/div>\n<\/div>","protected":false},"excerpt":{"rendered":"<table>\n<thead>\n<tr>\n<th>article<\/th>\n<th>d\u00e9tails<\/th>\n<\/tr>\n<\/thead>\n<tbody>\n<tr>\n<td>port de d\u00e9part<\/td>\n<td>guangzhou<\/td>\n<\/tr>\n<tr>\n<td>capacit\u00e9 de production<\/td>\n<td>10000 unit\u00e9s\/mois<\/td>\n<\/tr>\n<tr>\n<td>lieu d'origine<\/td>\n<td>guangdong, chine<\/td>\n<\/tr>\n<tr>\n<td>paiement<\/td>\n<td>t\/t<\/td>\n<\/tr>\n<tr>\n<td>moq<\/td>\n<td>1 pi\u00e8ce<\/td>\n<\/tr>\n<tr>\n<td>mod\u00e8le<\/td>\n<td>ly-hfpl-7<\/td>\n<\/tr>\n<tr>\n<td>d\u00e9lai de livraison<\/td>\n<td>dans les 7 jours ouvrables<\/td>\n<\/tr>\n<tr>\n<td>certification<\/td>\n<td>iso 9001<\/td>\n<\/tr>\n<tr>\n<td>marque<\/td>\n<td>oem\/lvyuan<\/td>\n<\/tr>\n<\/tbody>\n<\/table>","protected":false},"featured_media":2246,"comment_status":"open","ping_status":"closed","template":"","meta":{"_gspb_post_css":""},"product_brand":[],"product_cat":[17,22],"product_tag":[939,261,262,260,278,282],"class_list":{"0":"post-2243","1":"product","2":"type-product","3":"status-publish","4":"has-post-thumbnail","6":"product_cat-sediment-filter","7":"product_cat-sintered-filter-cartridge","8":"product_tag-1-pcs-moq","9":"product_tag-guangdong-china","10":"product_tag-guangzhou-port","11":"product_tag-iso-9001","12":"product_tag-ly-hfpl-7","13":"product_tag-oem-lvyuan","15":"first","16":"instock","17":"shipping-taxable","18":"product-type-simple"},"_links":{"self":[{"href":"https:\/\/lyfilter.com\/fr\/wp-json\/wp\/v2\/product\/2243","targetHints":{"allow":["GET"]}}],"collection":[{"href":"https:\/\/lyfilter.com\/fr\/wp-json\/wp\/v2\/product"}],"about":[{"href":"https:\/\/lyfilter.com\/fr\/wp-json\/wp\/v2\/types\/product"}],"replies":[{"embeddable":true,"href":"https:\/\/lyfilter.com\/fr\/wp-json\/wp\/v2\/comments?post=2243"}],"wp:featuredmedia":[{"embeddable":true,"href":"https:\/\/lyfilter.com\/fr\/wp-json\/wp\/v2\/media\/2246"}],"wp:attachment":[{"href":"https:\/\/lyfilter.com\/fr\/wp-json\/wp\/v2\/media?parent=2243"}],"wp:term":[{"taxonomy":"product_brand","embeddable":true,"href":"https:\/\/lyfilter.com\/fr\/wp-json\/wp\/v2\/product_brand?post=2243"},{"taxonomy":"product_cat","embeddable":true,"href":"https:\/\/lyfilter.com\/fr\/wp-json\/wp\/v2\/product_cat?post=2243"},{"taxonomy":"product_tag","embeddable":true,"href":"https:\/\/lyfilter.com\/fr\/wp-json\/wp\/v2\/product_tag?post=2243"}],"curies":[{"name":"wp","href":"https:\/\/api.w.org\/{rel}","templated":true}]}}