{"id":2241,"date":"2026-01-06T10:14:02","date_gmt":"2026-01-06T10:14:02","guid":{"rendered":"https:\/\/lyfilter.com\/?post_type=product&#038;p=2241"},"modified":"2026-01-06T10:14:02","modified_gmt":"2026-01-06T10:14:02","slug":"500mm-width-0-5-1-10-micron-polyethylene-sintered-disc-filter","status":"publish","type":"product","link":"https:\/\/lyfilter.com\/fr\/500mm-width-0-5-1-10-micron-polyethylene-sintered-disc-filter\/","title":{"rendered":"Filtre \u00e0 disque fritt\u00e9 en poly\u00e9thyl\u00e8ne de 500mm de largeur 0.5 1 10 Micron"},"content":{"rendered":"<div class=\"unit-detail-html-tabs__content-attr\">\n<div class=\"unit-product-attrparam\">\n<div class=\"unit-product-attrparam__items row\">\n<div class=\"col-12 col-md-6\">\n<div class=\"unit-product-attrparam__item\">\n<div class=\"unit-product-attrparam__label\">Mat\u00e9riau : pe<br \/>\nDisponibilit\u00e9 : OEM\/ODM<\/div>\n<\/div>\n<\/div>\n<\/div>\n<\/div>\n<\/div>\n<div class=\"unit-detail-html-tabs__content-featuresAttr\"><\/div>\n<div class=\"unit-detail-html-tabs__content-html\">\n<div class=\"detail-decorate-json-renderer-container\"><strong>Filtre \u00e0 disque fritt\u00e9 en poly\u00e9thyl\u00e8ne de 500mm de largeur 0.5 1 10 Micron<\/strong><\/p>\n<div class=\"magic-0\">\n<h3 class=\"magic-1\" data-id=\"title0\"><\/h3>\n<\/div>\n<\/div>\n<div id=\"ali-anchor-AliMagic-ernild\" class=\"magic-5\" data-section=\"AliMagic-ernild\" data-section-title=\"Product Description\">Description du produit<\/div>\n<div class=\"magic-5\" data-section=\"AliMagic-ernild\" data-section-title=\"Product Description\">L'\u00e9l\u00e9ment filtrant fritt\u00e9 en PE est fabriqu\u00e9 \u00e0 partir de poly\u00e9thyl\u00e8ne \u00e0 tr\u00e8s haut poids mol\u00e9culaire fritt\u00e9 et moul\u00e9. Sa structure est compacte, solide, l\u00e9g\u00e8re, capable de supporter une pression de filtration \u00e9lev\u00e9e, non toxique et insipide, et il pr\u00e9sente une bonne r\u00e9sistance \u00e0 la corrosion par les solvants acides et alcalins.<br \/>\nL'\u00e9l\u00e9ment filtrant en PE pr\u00e9sente une distribution uniforme de la taille des pores, une forte r\u00e9sistance aux acides et aux alcalis, une r\u00e9sistance aux temp\u00e9ratures \u00e9lev\u00e9es, de bonnes propri\u00e9t\u00e9s m\u00e9caniques et une forte r\u00e9sistance aux solvants organiques. La production d'\u00e9quipements de traitement de l'eau \u00e0 grande \u00e9chelle peut adopter une m\u00e9thode automatique ou manuelle d'\u00e9limination des scories par r\u00e9trobalayage, les particules solides peuvent \u00eatre r\u00e9cup\u00e9r\u00e9es par \u00e9limination des scories \u00e0 sec, sans remplacement fr\u00e9quent des \u00e9l\u00e9ments filtrants, avec un fonctionnement automatique, un faible co\u00fbt de filtration et d'autres avantages, qui sont bien accueillis par les utilisateurs.<\/div>\n<div class=\"icbu-pc-detailManyImage magic-6\" data-module-name=\"icbu-pc-detailManyImage\">\n<div class=\"magic-7\">\n<div class=\"magic-10\">\n<div class=\"magic-16\">\n<div class=\"table-responsive\">\n<table border=\"1\" width=\"523\" cellspacing=\"0\" cellpadding=\"0\">\n<colgroup>\n<col \/>\n<col \/><\/colgroup>\n<tbody>\n<tr class=\"firstRow\">\n<td height=\"22\" data-spm-anchor-id=\"a2700.details.pronpeci14.i0.361d6ac1iKO6Ch\">Mat\u00e9riau<\/td>\n<td>plastique PE PP<\/td>\n<\/tr>\n<tr>\n<td height=\"42\">Application<\/td>\n<td>Usine de fabrication, usine de produits alimentaires et de boissons, exploitations agricoles, usage domestique, \u00e9nergie et mines, syst\u00e8me de filtration<\/td>\n<\/tr>\n<tr>\n<td height=\"43\">Taille des pores<\/td>\n<td>0,5um, 2um, 5um, 10um, 15um, 20um, 40um, 60um, 90um, 100um<\/td>\n<\/tr>\n<tr>\n<td rowspan=\"2\" height=\"42\">Fonctionnalit\u00e9<\/td>\n<td><\/td>\n<\/tr>\n<tr>\n<td height=\"22\">Distribution uniforme des particules, pas de scories, belle apparence<\/td>\n<\/tr>\n<tr>\n<td height=\"22\">Cote du filtre<\/td>\n<td>99.99%<\/td>\n<\/tr>\n<tr>\n<td height=\"22\">\u00c9paisseur<\/td>\n<td>1-1000mm<\/td>\n<\/tr>\n<tr>\n<td height=\"22\">Largeur<\/td>\n<td>0,1-500 mm<\/td>\n<\/tr>\n<tr>\n<td height=\"21\">Forme<\/td>\n<td>Disque, tube, coupe ou forme personnalis\u00e9e<\/td>\n<\/tr>\n<tr>\n<td height=\"20\">Utilisation<\/td>\n<td>Filtre \u00e0 air<\/td>\n<\/tr>\n<\/tbody>\n<\/table>\n<\/div>\n<\/div>\n<\/div>\n<\/div>\n<\/div>\n<p><img decoding=\"async\" src=\"https:\/\/img.yfisher.com\/m6076\/1725732581yet\/jpg70-t3-scale100.webp\" alt=\"Filtre \u00e0 disque fritt\u00e9 en poly\u00e9thyl\u00e8ne de 500mm de largeur 0.5 1 10 Micron 2\" data-lazy=\"2\" title=\"\"><\/p>\n<div class=\"icbu-pc-images magic-22\">\n<div class=\"flex-layout-v\">\n<div class=\"flex-layout-h magic-22\">\n<div class=\"magic-28\">\n<p><strong>Nos avantages :<\/strong><\/p>\n<ul>\n<li>Fabricant professionnel avec de nombreuses ann\u00e9es d'exp\u00e9rience<\/li>\n<li>Bonne qualit\u00e9 et prix comp\u00e9titif<\/li>\n<li>OEM et ODM sont les bienvenus<\/li>\n<li>Production selon votre \u00e9chantillon ou votre dessin<\/li>\n<li>Diff\u00e9rents modes de paiement sont accept\u00e9s<\/li>\n<li>Bon service de la part d'un directeur exp\u00e9riment\u00e9<\/li>\n<li>Chaque produit fait l'objet d'un contr\u00f4le rigoureux<\/li>\n<li>Livraison dans les d\u00e9lais<\/li>\n<li>Les petites quantit\u00e9s sont acceptables<\/li>\n<li>Riche exp\u00e9rience en mati\u00e8re d'exportation vers l'Afrique, le Moyen-Orient, l'Asie du Sud-Est et l'Am\u00e9rique du Sud<\/li>\n<\/ul>\n<\/div>\n<\/div>\n<\/div>\n<\/div>\n<\/div>","protected":false},"excerpt":{"rendered":"<table>\n<thead>\n<tr>\n<th>article<\/th>\n<th>d\u00e9tails<\/th>\n<\/tr>\n<\/thead>\n<tbody>\n<tr>\n<td>port de d\u00e9part<\/td>\n<td>guangzhou<\/td>\n<\/tr>\n<tr>\n<td>capacit\u00e9 de production<\/td>\n<td>10000 unit\u00e9s\/mois<\/td>\n<\/tr>\n<tr>\n<td>lieu d'origine<\/td>\n<td>guangdong, chine<\/td>\n<\/tr>\n<tr>\n<td>paiement<\/td>\n<td>t\/t, alibaba trade assurance, paypal<\/td>\n<\/tr>\n<tr>\n<td>moq<\/td>\n<td>1 pi\u00e8ce<\/td>\n<\/tr>\n<tr>\n<td>mod\u00e8le<\/td>\n<td>ly-hfpl<\/td>\n<\/tr>\n<tr>\n<td>d\u00e9lai de livraison<\/td>\n<td>dans les 7 jours ouvrables<\/td>\n<\/tr>\n<tr>\n<td>certification<\/td>\n<td>iso 9001<\/td>\n<\/tr>\n<tr>\n<td>marque<\/td>\n<td>oem\/lvyu<\/td>\n<\/tr>\n<\/tbody>\n<\/table>","protected":false},"featured_media":2244,"comment_status":"open","ping_status":"closed","template":"","meta":{"_gspb_post_css":""},"product_brand":[],"product_cat":[17,22],"product_tag":[939,261,262,260,268,947],"class_list":{"0":"post-2241","1":"product","2":"type-product","3":"status-publish","4":"has-post-thumbnail","6":"product_cat-sediment-filter","7":"product_cat-sintered-filter-cartridge","8":"product_tag-1-pcs-moq","9":"product_tag-guangdong-china","10":"product_tag-guangzhou-port","11":"product_tag-iso-9001","12":"product_tag-ly-hfpl","13":"product_tag-oem-lvyu","15":"first","16":"instock","17":"shipping-taxable","18":"product-type-simple"},"_links":{"self":[{"href":"https:\/\/lyfilter.com\/fr\/wp-json\/wp\/v2\/product\/2241","targetHints":{"allow":["GET"]}}],"collection":[{"href":"https:\/\/lyfilter.com\/fr\/wp-json\/wp\/v2\/product"}],"about":[{"href":"https:\/\/lyfilter.com\/fr\/wp-json\/wp\/v2\/types\/product"}],"replies":[{"embeddable":true,"href":"https:\/\/lyfilter.com\/fr\/wp-json\/wp\/v2\/comments?post=2241"}],"wp:featuredmedia":[{"embeddable":true,"href":"https:\/\/lyfilter.com\/fr\/wp-json\/wp\/v2\/media\/2244"}],"wp:attachment":[{"href":"https:\/\/lyfilter.com\/fr\/wp-json\/wp\/v2\/media?parent=2241"}],"wp:term":[{"taxonomy":"product_brand","embeddable":true,"href":"https:\/\/lyfilter.com\/fr\/wp-json\/wp\/v2\/product_brand?post=2241"},{"taxonomy":"product_cat","embeddable":true,"href":"https:\/\/lyfilter.com\/fr\/wp-json\/wp\/v2\/product_cat?post=2241"},{"taxonomy":"product_tag","embeddable":true,"href":"https:\/\/lyfilter.com\/fr\/wp-json\/wp\/v2\/product_tag?post=2241"}],"curies":[{"name":"wp","href":"https:\/\/api.w.org\/{rel}","templated":true}]}}