{"id":2239,"date":"2026-01-06T10:12:21","date_gmt":"2026-01-06T10:12:21","guid":{"rendered":"https:\/\/lyfilter.com\/?post_type=product&#038;p=2239"},"modified":"2026-01-06T10:12:21","modified_gmt":"2026-01-06T10:12:21","slug":"60-sintered-microporous-ptfe-tubing-30mpa-polyethylene-filters","status":"publish","type":"product","link":"https:\/\/lyfilter.com\/fr\/60-sintered-microporous-ptfe-tubing-30mpa-polyethylene-filters\/","title":{"rendered":"Tubes PTFE microporeux fritt\u00e9s de 60\u201d Filtres poly\u00e9thyl\u00e8ne 30Mpa"},"content":{"rendered":"<div class=\"unit-detail-html-tabs__content-attr\">\n<div class=\"unit-product-attrparam\">\n<div class=\"unit-product-attrparam__items row\">\n<div class=\"col-12 col-md-6\">\n<div class=\"unit-product-attrparam__item\">\n<div class=\"unit-product-attrparam__label\">Mat\u00e9riau : pe<br \/>\nDisponibilit\u00e9 : OEM\/ODM<\/div>\n<\/div>\n<\/div>\n<\/div>\n<\/div>\n<\/div>\n<div class=\"unit-detail-html-tabs__content-featuresAttr\"><\/div>\n<div class=\"unit-detail-html-tabs__content-html\">\n<div class=\"detail-decorate-json-renderer-container\">Tubes PTFE microporeux fritt\u00e9s de 60\u201d Filtres poly\u00e9thyl\u00e8ne 30Mpa<\/p>\n<div class=\"magic-0\"><\/div>\n<\/div>\n<div id=\"ali-anchor-AliMagic-crxh1x\" class=\"magic-5\" data-section=\"AliMagic-crxh1x\" data-section-title=\"Product Description\"><strong>Caract\u00e9ristiques :<\/strong><\/div>\n<div class=\"detail-decorate-json-renderer-container\">\n<div class=\"magic-0\">\n<div class=\"magic-2\">\n<div class=\"magic-3\">\n<div class=\"magic-4\" data-id=\"paragraph0\">1. La plaque fluidis\u00e9e est utilis\u00e9e pour les \u00e9quipements de rev\u00eatement par poudre ou les machines industrielles.<br \/>\n2. Toutes les \u00e9paisseurs de plaques de fluidisation \u00e0 rev\u00eatement en poudre : 3 \u00e0 50 mm ou autres.<br \/>\n3. La taille et la forme (ronde ou carr\u00e9e) peuvent \u00eatre personnalis\u00e9es selon les besoins.<br \/>\n4. Cette plaque de fluidification est largement utilis\u00e9e dans la tr\u00e9mie de rev\u00eatement en poudre, \u00e9l\u00e9ment n\u00e9cessaire pour une pulv\u00e9risation de poudre lisse et uniforme.<br \/>\n5. La plaque de fluidification est fabriqu\u00e9e dans un mat\u00e9riau antistatique, r\u00e9sistant aux produits chimiques et imperm\u00e9able.<\/div>\n<\/div>\n<\/div>\n<\/div>\n<\/div>\n<div class=\"detail-decorate-json-renderer-container\">\n<div class=\"magic-0\">\n<div class=\"magic-2\">\n<div class=\"magic-3\">\n<div class=\"magic-4\">1. Haute porosit\u00e9 pour assurer un plus grand d\u00e9bit par unit\u00e9 de surface ; 2. surface ext\u00e9rieure lisse, les impuret\u00e9s n'adh\u00e8rent pas facilement, le lavage \u00e0 contre-courant est facile et complet ; 3. capacit\u00e9 anti-salissure : la petite taille du filtre fait que les impuret\u00e9s ne peuvent pas \u00eatre retenues dans le corps du filtre ; 4. r\u00e9sistance \u00e0 la corrosion par les acides forts et les alcalis, r\u00e9sistance aux solvants organiques ; 5. excellentes propri\u00e9t\u00e9s m\u00e9caniques ; 6. aucune particule ne se lib\u00e8re. 7. Large gamme de produits et vaste champ d'application<\/div>\n<\/div>\n<\/div>\n<\/div>\n<\/div>\n<div class=\"ife-detail-decorate-table\">\n<div class=\"table-responsive\">\n<table class=\"hight-light-first-column all magic-19\" border=\"1\" cellspacing=\"0\" cellpadding=\"0\">\n<tbody>\n<tr class=\"firstRow\">\n<td colspan=\"1\" rowspan=\"1\">\n<div class=\"magic-20\">M\u00e9dia filtrant<\/div>\n<\/td>\n<td colspan=\"1\" rowspan=\"1\">\n<div class=\"magic-21\">PE, PEHD, PTFE, PVDF, PA\/Nylon, etc.<\/div>\n<\/td>\n<\/tr>\n<tr>\n<td colspan=\"1\" rowspan=\"1\">\n<div class=\"magic-20\">Taux de micron<\/div>\n<\/td>\n<td colspan=\"1\" rowspan=\"1\">\n<div class=\"magic-21\">0,2um, 0,5um, 1um, 3um, 5um, 10um, 25um, 30um, 50um, 75um, 100um, etc.<\/div>\n<\/td>\n<\/tr>\n<tr>\n<td colspan=\"1\" rowspan=\"1\">\n<div class=\"magic-20\">Dimension de r\u00e9f\u00e9rence<\/p>\n<div>(mm)<\/div>\n<\/div>\n<\/td>\n<td colspan=\"1\" rowspan=\"1\">\n<div class=\"magic-21\">31x12x1000, 31x20x1000, 38x20x1000, 38x18x1000, 38x20x1200, 38x20x1300, 38x20x150, 38x20x400, 38x20x250, 38x20x200, 38x20x180,<br \/>\n38x20x150, 50x20x1000, 50x31x1000, 50x38x1000, 65x31x1000, 65x38x1000, 64x44x1000, 78x62x750mm, etc.<\/div>\n<\/td>\n<\/tr>\n<tr>\n<td colspan=\"1\" rowspan=\"1\">\n<div class=\"magic-20\">Type de connecteur<\/div>\n<\/td>\n<td colspan=\"1\" rowspan=\"1\">\n<div class=\"magic-21\">DOE, SOE, plat, insert, filetage, 226, 222, 215, M36, M30, M27, M25, M22, M14, M12, ou selon la demande.<\/div>\n<\/td>\n<\/tr>\n<tr>\n<td colspan=\"1\" rowspan=\"1\">\n<div class=\"magic-20\">Temp\u00e9rature de fonctionnement maximale<\/div>\n<\/td>\n<td colspan=\"1\" rowspan=\"1\">\n<div class=\"magic-21\">PE\u226482\u2103 ; PTFE\u2265200\u2103 ; PA\u2264120\u2103<\/div>\n<\/td>\n<\/tr>\n<\/tbody>\n<\/table>\n<\/div>\n<\/div>\n<p><img decoding=\"async\" src=\"https:\/\/img.yfisher.com\/m6076\/1725732580py8\/png70-t3-scale100.webp\" alt=\"Tubes PTFE microporeux fritt\u00e9s de 60&#039;&#039; Filtres poly\u00e9thyl\u00e8ne 30Mpa 2\" data-lazy=\"2\" title=\"\"><\/p>\n<div class=\"icbu-pc-images magic-22\">\n<div class=\"flex-layout-v\">\n<div class=\"flex-layout-h magic-22\">\n<div class=\"magic-30\"><strong>FAQ<\/strong><\/div>\n<\/div>\n<\/div>\n<\/div>\n<div id=\"ali-anchor-AliMagic-9ckahp\" class=\"magic-5\" data-section=\"AliMagic-9ckahp\" data-section-title=\"Contact\">\n<p>Q1 : \u00cates-vous fabricant ?<br \/>\nR : Oui, nous sommes fabricants et notre usine est situ\u00e9e \u00e0 Langfang City, dans la province de Hebei, en Chine. Nous vous invitons \u00e0 nous rendre visite !<\/p>\n<p>Q2 : Acceptez-vous les OEM ?<br \/>\nR : Oui, nous pouvons fabriquer selon vos besoins.<\/p>\n<p>Q3. Puis-je obtenir des \u00e9chantillons ?<br \/>\nR : Nous sommes honor\u00e9s de vous offrir des \u00e9chantillons. A l'exception du transport.<\/p>\n<p>Q4. Quel est le d\u00e9lai de livraison ?<br \/>\nR : Si les produits sont en stock, le d\u00e9lai est g\u00e9n\u00e9ralement de 2 \u00e0 3 jours. Si les produits ne sont pas en stock, le d\u00e9lai est g\u00e9n\u00e9ralement de 7 \u00e0 15 jours. Nous fixons \u00e9galement le d\u00e9lai de livraison en fonction du nombre d'articles.<\/p>\n<p>Q5. Quelles sont les conditions de paiement ?<br \/>\nR : T\/T 30% comme d\u00e9p\u00f4t, et 70% avant la livraison. Nous vous montrerons les photos des produits et des emballages avant que vous ne payiez le d\u00e9p\u00f4t.<br \/>\nl'\u00e9quilibrage.<\/p>\n<\/div>\n<\/div>","protected":false},"excerpt":{"rendered":"<table>\n<thead>\n<tr>\n<th>article<\/th>\n<th>d\u00e9tails<\/th>\n<\/tr>\n<\/thead>\n<tbody>\n<tr>\n<td>port de d\u00e9part<\/td>\n<td>guangzhou<\/td>\n<\/tr>\n<tr>\n<td>capacit\u00e9 de production<\/td>\n<td>10000 unit\u00e9s\/mois<\/td>\n<\/tr>\n<tr>\n<td>lieu d'origine<\/td>\n<td>guangdong, chine<\/td>\n<\/tr>\n<tr>\n<td>paiement<\/td>\n<td>t\/t, alibaba trade assurance, paypal<\/td>\n<\/tr>\n<tr>\n<td>moq<\/td>\n<td>1 pi\u00e8ce<\/td>\n<\/tr>\n<tr>\n<td>mod\u00e8le<\/td>\n<td>ly-hfpl<\/td>\n<\/tr>\n<tr>\n<td>d\u00e9lai de livraison<\/td>\n<td>dans les 7 jours ouvrables<\/td>\n<\/tr>\n<tr>\n<td>marque<\/td>\n<td>oem\/lvyuan<\/td>\n<\/tr>\n<\/tbody>\n<\/table>","protected":false},"featured_media":2242,"comment_status":"open","ping_status":"closed","template":"","meta":{"_gspb_post_css":""},"product_brand":[],"product_cat":[22,17],"product_tag":[939,261,262,268,282,941],"class_list":{"0":"post-2239","1":"product","2":"type-product","3":"status-publish","4":"has-post-thumbnail","6":"product_cat-sintered-filter-cartridge","7":"product_cat-sediment-filter","8":"product_tag-1-pcs-moq","9":"product_tag-guangdong-china","10":"product_tag-guangzhou-port","11":"product_tag-ly-hfpl","12":"product_tag-oem-lvyuan","13":"product_tag-paypal-payment","15":"first","16":"instock","17":"shipping-taxable","18":"product-type-simple"},"_links":{"self":[{"href":"https:\/\/lyfilter.com\/fr\/wp-json\/wp\/v2\/product\/2239","targetHints":{"allow":["GET"]}}],"collection":[{"href":"https:\/\/lyfilter.com\/fr\/wp-json\/wp\/v2\/product"}],"about":[{"href":"https:\/\/lyfilter.com\/fr\/wp-json\/wp\/v2\/types\/product"}],"replies":[{"embeddable":true,"href":"https:\/\/lyfilter.com\/fr\/wp-json\/wp\/v2\/comments?post=2239"}],"wp:featuredmedia":[{"embeddable":true,"href":"https:\/\/lyfilter.com\/fr\/wp-json\/wp\/v2\/media\/2242"}],"wp:attachment":[{"href":"https:\/\/lyfilter.com\/fr\/wp-json\/wp\/v2\/media?parent=2239"}],"wp:term":[{"taxonomy":"product_brand","embeddable":true,"href":"https:\/\/lyfilter.com\/fr\/wp-json\/wp\/v2\/product_brand?post=2239"},{"taxonomy":"product_cat","embeddable":true,"href":"https:\/\/lyfilter.com\/fr\/wp-json\/wp\/v2\/product_cat?post=2239"},{"taxonomy":"product_tag","embeddable":true,"href":"https:\/\/lyfilter.com\/fr\/wp-json\/wp\/v2\/product_tag?post=2239"}],"curies":[{"name":"wp","href":"https:\/\/api.w.org\/{rel}","templated":true}]}}