{"id":2237,"date":"2026-01-06T10:10:54","date_gmt":"2026-01-06T10:10:54","guid":{"rendered":"https:\/\/lyfilter.com\/?post_type=product&#038;p=2237"},"modified":"2026-01-06T10:10:54","modified_gmt":"2026-01-06T10:10:54","slug":"beverage-gas-0-5um-2um-synthetic-glass-porous-filter-disc","status":"publish","type":"product","link":"https:\/\/lyfilter.com\/fr\/beverage-gas-0-5um-2um-synthetic-glass-porous-filter-disc\/","title":{"rendered":"Disque filtrant poreux en verre synth\u00e9tique 0,5um 2um pour gaz de boisson"},"content":{"rendered":"<div class=\"unit-detail-html-tabs__content-attr\">\n<div class=\"unit-product-attrparam\">\n<div class=\"unit-product-attrparam__items row\">\n<div class=\"col-12 col-md-6\">\n<div class=\"unit-product-attrparam__item\">\n<div class=\"unit-product-attrparam__label\">Mat\u00e9riau<\/div>\n<div class=\"unit-product-attrparam__value\" title=\"pe \">pe<\/div>\n<\/div>\n<\/div>\n<div class=\"col-12 col-md-6\">\n<div class=\"unit-product-attrparam__item\">\n<div class=\"unit-product-attrparam__label\">Disponibilit\u00e9<\/div>\n<div class=\"unit-product-attrparam__value\" title=\"OEM\">OEM<\/div>\n<\/div>\n<\/div>\n<\/div>\n<\/div>\n<\/div>\n<div class=\"unit-detail-html-tabs__content-featuresAttr\"><\/div>\n<div class=\"unit-detail-html-tabs__content-html\">\n<div class=\"detail-decorate-json-renderer-container\">\n<div class=\"magic-0\">\n<h3 class=\"magic-1\" data-id=\"title0\"><strong>Disque filtrant en verre fritt\u00e9 sur mesure Disque filtrant en poly\u00e9thyl\u00e8ne Disque filtrant en plastique synth\u00e9tique<\/strong><\/h3>\n<div class=\"magic-2\">\n<div class=\"magic-3\">\n<div class=\"magic-4\" data-id=\"paragraph0\">Les \u00e9l\u00e9ments filtrants fritt\u00e9s sont largement utilis\u00e9s dans les secteurs de la chimie, du p\u00e9trole, de la m\u00e9tallurgie, de l'aviation, du gaz, de l'\u00e9lectronique, de la pharmacie, de la pneumatique, des composants de r\u00e9gulateurs d'air, de la pression, etc.\u00a0<a href=\"https:\/\/lyfilter.com\/fr\/products.html\/\">\u00e9l\u00e9ment filtrant<\/a>les filtres \u00e0 air et d'autres domaines.<\/div>\n<div class=\"magic-4\" data-id=\"paragraph0\"><\/div>\n<p>&nbsp;<\/p>\n<div class=\"table-responsive\">\n<table border=\"1\" width=\"395\" cellspacing=\"0\" cellpadding=\"0\">\n<colgroup>\n<col \/>\n<col \/><\/colgroup>\n<tbody>\n<tr class=\"firstRow\">\n<td height=\"22\" data-spm-anchor-id=\"a2700.details.pronpeci14.i2.724435c5sezBu7\">Mat\u00e9riau<\/td>\n<td>plastique PE PP<\/td>\n<\/tr>\n<tr>\n<td height=\"87\">Application<\/td>\n<td>Usine de fabrication, usine de produits alimentaires et de boissons, exploitations agricoles, usage domestique, \u00e9nergie et mines, syst\u00e8me de filtration<\/td>\n<\/tr>\n<tr>\n<td height=\"76\">Taille des pores<\/td>\n<td>0,5um, 2um, 5um, 10um, 15um, 20um, 40um, 60um, 90um, 100um<\/td>\n<\/tr>\n<tr>\n<td rowspan=\"2\" height=\"62\">Fonctionnalit\u00e9<\/td>\n<td><\/td>\n<\/tr>\n<tr>\n<td height=\"43\">Distribution uniforme des particules, pas de scories, belle apparence<\/td>\n<\/tr>\n<tr>\n<td height=\"43\">Cote du filtre<\/td>\n<td>99.99%<\/td>\n<\/tr>\n<tr>\n<td height=\"22\">\u00c9paisseur<\/td>\n<td>1-1000mm<\/td>\n<\/tr>\n<tr>\n<td height=\"41\">Largeur<\/td>\n<td>0,1-500 mm<\/td>\n<\/tr>\n<tr>\n<td height=\"48\">Forme<\/td>\n<td>Disque, tube, coupe ou forme personnalis\u00e9e<\/p>\n<p>&nbsp;<\/td>\n<\/tr>\n<\/tbody>\n<\/table>\n<\/div>\n<p>&nbsp;<\/p>\n<p><img decoding=\"async\" src=\"https:\/\/img.yfisher.com\/m6076\/1725732578oap\/jpg70-t3-scale100.webp\" alt=\"Disque filtrant poreux en verre synth\u00e9tique 0,5um 2um pour gaz de boisson 2\" data-lazy=\"2\" title=\"\"><\/p>\n<div class=\"magic-4\" data-id=\"paragraph0\"><\/div>\n<div class=\"magic-4\" data-id=\"paragraph0\">\n<p><strong>Nos avantages :<\/strong><\/p>\n<p>&nbsp;<\/p>\n<ul>\n<li>Fabricant professionnel avec de nombreuses ann\u00e9es d'exp\u00e9rience<\/li>\n<li>Bonne qualit\u00e9 et prix comp\u00e9titif<\/li>\n<li>OEM et ODM sont les bienvenus<\/li>\n<li>Production selon votre \u00e9chantillon ou votre dessin<\/li>\n<li>Diff\u00e9rents modes de paiement sont accept\u00e9s<\/li>\n<li>Bon service de la part d'un directeur exp\u00e9riment\u00e9<\/li>\n<li>Chaque produit fait l'objet d'un contr\u00f4le rigoureux<\/li>\n<li>Livraison dans les d\u00e9lais<\/li>\n<li>Les petites quantit\u00e9s sont acceptables<\/li>\n<li>Riche exp\u00e9rience en mati\u00e8re d'exportation vers l'Afrique, le Moyen-Orient, l'Asie du Sud-Est et l'Am\u00e9rique du Sud<\/li>\n<\/ul>\n<\/div>\n<\/div>\n<\/div>\n<\/div>\n<\/div>\n<\/div>","protected":false},"excerpt":{"rendered":"<table>\n<thead>\n<tr>\n<th>article<\/th>\n<th>d\u00e9tails<\/th>\n<\/tr>\n<\/thead>\n<tbody>\n<tr>\n<td>port de d\u00e9part<\/td>\n<td>guangzhou<\/td>\n<\/tr>\n<tr>\n<td>capacit\u00e9 de production<\/td>\n<td>10000 unit\u00e9s\/mois<\/td>\n<\/tr>\n<tr>\n<td>lieu d'origine<\/td>\n<td>guangdong, chine<\/td>\n<\/tr>\n<tr>\n<td>paiement<\/td>\n<td>t\/t, alibaba trade assurance, paypal<\/td>\n<\/tr>\n<tr>\n<td>moq<\/td>\n<td>1 pi\u00e8ce<\/td>\n<\/tr>\n<tr>\n<td>mod\u00e8le<\/td>\n<td>ly-hfpl<\/td>\n<\/tr>\n<tr>\n<td>d\u00e9lai de livraison<\/td>\n<td>dans les 7 jours ouvrables<\/td>\n<\/tr>\n<tr>\n<td>certification<\/td>\n<td>iso 9001<\/td>\n<\/tr>\n<\/tbody>\n<\/table>","protected":false},"featured_media":2240,"comment_status":"open","ping_status":"closed","template":"","meta":{"_gspb_post_css":""},"product_brand":[],"product_cat":[15],"product_tag":[939,261,262,260,268,941],"class_list":{"0":"post-2237","1":"product","2":"type-product","3":"status-publish","4":"has-post-thumbnail","6":"product_cat-stainless-steel-filter-housing","7":"product_tag-1-pcs-moq","8":"product_tag-guangdong-china","9":"product_tag-guangzhou-port","10":"product_tag-iso-9001","11":"product_tag-ly-hfpl","12":"product_tag-paypal-payment","14":"first","15":"instock","16":"shipping-taxable","17":"product-type-simple"},"_links":{"self":[{"href":"https:\/\/lyfilter.com\/fr\/wp-json\/wp\/v2\/product\/2237","targetHints":{"allow":["GET"]}}],"collection":[{"href":"https:\/\/lyfilter.com\/fr\/wp-json\/wp\/v2\/product"}],"about":[{"href":"https:\/\/lyfilter.com\/fr\/wp-json\/wp\/v2\/types\/product"}],"replies":[{"embeddable":true,"href":"https:\/\/lyfilter.com\/fr\/wp-json\/wp\/v2\/comments?post=2237"}],"wp:featuredmedia":[{"embeddable":true,"href":"https:\/\/lyfilter.com\/fr\/wp-json\/wp\/v2\/media\/2240"}],"wp:attachment":[{"href":"https:\/\/lyfilter.com\/fr\/wp-json\/wp\/v2\/media?parent=2237"}],"wp:term":[{"taxonomy":"product_brand","embeddable":true,"href":"https:\/\/lyfilter.com\/fr\/wp-json\/wp\/v2\/product_brand?post=2237"},{"taxonomy":"product_cat","embeddable":true,"href":"https:\/\/lyfilter.com\/fr\/wp-json\/wp\/v2\/product_cat?post=2237"},{"taxonomy":"product_tag","embeddable":true,"href":"https:\/\/lyfilter.com\/fr\/wp-json\/wp\/v2\/product_tag?post=2237"}],"curies":[{"name":"wp","href":"https:\/\/api.w.org\/{rel}","templated":true}]}}