{"id":2234,"date":"2026-01-06T10:09:40","date_gmt":"2026-01-06T10:09:40","guid":{"rendered":"https:\/\/lyfilter.com\/?post_type=product&#038;p=2234"},"modified":"2026-01-06T10:09:40","modified_gmt":"2026-01-06T10:09:40","slug":"sintered-porous-polyethylene-pe-hdpe-resin-filter","status":"publish","type":"product","link":"https:\/\/lyfilter.com\/fr\/sintered-porous-polyethylene-pe-hdpe-resin-filter\/","title":{"rendered":"Filtre poreux fritt\u00e9 en r\u00e9sine PE Hdpe"},"content":{"rendered":"<div class=\"unit-detail-html-tabs__content-attr\">\n<div class=\"unit-product-attrparam\">\n<div class=\"unit-product-attrparam__items row\">\n<div class=\"col-12 col-md-6\">\n<div class=\"unit-product-attrparam__item\">\n<div class=\"unit-product-attrparam__label\">Disponibilit\u00e9 : OEM<\/div>\n<\/div>\n<\/div>\n<\/div>\n<\/div>\n<\/div>\n<div class=\"unit-detail-html-tabs__content-featuresAttr\"><\/div>\n<div class=\"unit-detail-html-tabs__content-html\">\n<p><strong>Filtre poreux fritt\u00e9 en r\u00e9sine de poly\u00e9thyl\u00e8ne PE Hdpe<\/strong><\/p>\n<p>&nbsp;<\/p>\n<p>Avantages des produits PP\/PE microporeux<br \/>\nNon toxique<br \/>\nUne absence de taches satisfaisante<br \/>\nHaute pr\u00e9cision de filtration 5-60um<br \/>\nExcellente r\u00e9sistance \u00e0 la corrosion<br \/>\nLongue dur\u00e9e de vie et remplacement facile<\/p>\n<p><img decoding=\"async\" src=\"https:\/\/img.yfisher.com\/m6076\/1725732576zgq\/jpg70-t3-scale100.webp\" alt=\"Filtre poreux fritt\u00e9 en r\u00e9sine PE Hdpe 2\" data-lazy=\"2\" title=\"\"><\/p>\n<div class=\"table-responsive\">\n<table border=\"1\" width=\"400\" cellspacing=\"0\" cellpadding=\"0\">\n<colgroup>\n<col \/>\n<col \/><\/colgroup>\n<tbody>\n<tr class=\"firstRow\">\n<td height=\"19\">mat\u00e9riel<\/td>\n<td>PP PE poudre<\/td>\n<\/tr>\n<tr>\n<td height=\"19\">taille des pores<\/td>\n<td>5-60micron<\/td>\n<\/tr>\n<tr>\n<td height=\"19\">forme<\/td>\n<td>disque, tube, barre ou sur mesure<\/td>\n<\/tr>\n<tr>\n<td height=\"19\">MOQ<\/td>\n<td data-spm-anchor-id=\"a2700.details.0.i28.10c16e41LF1TJI\">1pc<\/td>\n<\/tr>\n<\/tbody>\n<\/table>\n<\/div>\n<p>Notre entreprise comprend la recherche, la conception, la production, la vente et le service apr\u00e8s-vente, soit l'ensemble du processus. Nous disposons de comp\u00e9tences techniques professionnelles et d'un syst\u00e8me de gestion de la qualit\u00e9 syst\u00e9matique. Notre objectif est de fournir des produits de substitution import\u00e9s de haute qualit\u00e9 et un plan de conception parfait.<\/p>\n<p><strong>Nos avantages :<\/strong><\/p>\n<p>Fabricant professionnel avec de nombreuses ann\u00e9es d'exp\u00e9rience<br \/>\nBonne qualit\u00e9 et prix comp\u00e9titif<br \/>\nOEM et ODM sont les bienvenus<br \/>\nProduction selon votre \u00e9chantillon ou votre dessin<br \/>\nDiff\u00e9rents modes de paiement sont accept\u00e9s<br \/>\nBon service de la part d'un directeur exp\u00e9riment\u00e9<br \/>\nChaque produit fait l'objet d'un contr\u00f4le rigoureux<br \/>\nLivraison dans les d\u00e9lais<br \/>\nLes petites quantit\u00e9s sont acceptables<br \/>\nRiche exp\u00e9rience en mati\u00e8re d'exportation vers l'Afrique, le Moyen-Orient, l'Asie du Sud-Est et l'Am\u00e9rique du Sud<\/p>\n<\/div>","protected":false},"excerpt":{"rendered":"<table>\n<thead>\n<tr>\n<th>article<\/th>\n<th>d\u00e9tails<\/th>\n<\/tr>\n<\/thead>\n<tbody>\n<tr>\n<td>port de d\u00e9part<\/td>\n<td>guangzhou<\/td>\n<\/tr>\n<tr>\n<td>capacit\u00e9 de production<\/td>\n<td>10000 unit\u00e9s\/mois<\/td>\n<\/tr>\n<tr>\n<td>paiement<\/td>\n<td>t\/t, alibaba trade assurance<\/td>\n<\/tr>\n<tr>\n<td>moq<\/td>\n<td>1 pi\u00e8ce<\/td>\n<\/tr>\n<tr>\n<td>mod\u00e8le<\/td>\n<td>ly-hfpl<\/td>\n<\/tr>\n<tr>\n<td>d\u00e9lai de livraison<\/td>\n<td>dans les 7 jours ouvrables<\/td>\n<\/tr>\n<tr>\n<td>certification<\/td>\n<td>iso 9001<\/td>\n<\/tr>\n<\/tbody>\n<\/table>","protected":false},"featured_media":2238,"comment_status":"open","ping_status":"closed","template":"","meta":{"_gspb_post_css":""},"product_brand":[],"product_cat":[17,22],"product_tag":[939,279,262,260,268,946],"class_list":{"0":"post-2234","1":"product","2":"type-product","3":"status-publish","4":"has-post-thumbnail","6":"product_cat-sediment-filter","7":"product_cat-sintered-filter-cartridge","8":"product_tag-1-pcs-moq","9":"product_tag-alibaba-trade-assurance","10":"product_tag-guangzhou-port","11":"product_tag-iso-9001","12":"product_tag-ly-hfpl","13":"product_tag-t-t-payment","15":"first","16":"instock","17":"shipping-taxable","18":"product-type-simple"},"_links":{"self":[{"href":"https:\/\/lyfilter.com\/fr\/wp-json\/wp\/v2\/product\/2234","targetHints":{"allow":["GET"]}}],"collection":[{"href":"https:\/\/lyfilter.com\/fr\/wp-json\/wp\/v2\/product"}],"about":[{"href":"https:\/\/lyfilter.com\/fr\/wp-json\/wp\/v2\/types\/product"}],"replies":[{"embeddable":true,"href":"https:\/\/lyfilter.com\/fr\/wp-json\/wp\/v2\/comments?post=2234"}],"wp:featuredmedia":[{"embeddable":true,"href":"https:\/\/lyfilter.com\/fr\/wp-json\/wp\/v2\/media\/2238"}],"wp:attachment":[{"href":"https:\/\/lyfilter.com\/fr\/wp-json\/wp\/v2\/media?parent=2234"}],"wp:term":[{"taxonomy":"product_brand","embeddable":true,"href":"https:\/\/lyfilter.com\/fr\/wp-json\/wp\/v2\/product_brand?post=2234"},{"taxonomy":"product_cat","embeddable":true,"href":"https:\/\/lyfilter.com\/fr\/wp-json\/wp\/v2\/product_cat?post=2234"},{"taxonomy":"product_tag","embeddable":true,"href":"https:\/\/lyfilter.com\/fr\/wp-json\/wp\/v2\/product_tag?post=2234"}],"curies":[{"name":"wp","href":"https:\/\/api.w.org\/{rel}","templated":true}]}}