{"id":2232,"date":"2026-01-06T10:08:12","date_gmt":"2026-01-06T10:08:12","guid":{"rendered":"https:\/\/lyfilter.com\/?post_type=product&#038;p=2232"},"modified":"2026-01-06T10:08:12","modified_gmt":"2026-01-06T10:08:12","slug":"thread-rod-20-30-50-100-microns-polyethylene-sintered-plastic-filter","status":"publish","type":"product","link":"https:\/\/lyfilter.com\/fr\/thread-rod-20-30-50-100-microns-polyethylene-sintered-plastic-filter\/","title":{"rendered":"Tige filet\u00e9e 20 30 50 100 Microns Poly\u00e9thyl\u00e8ne Filtre plastique fritt\u00e9"},"content":{"rendered":"<div class=\"unit-detail-html-tabs__content-attr\">\n<div class=\"unit-product-attrparam\">\n<div class=\"unit-product-attrparam__items row\">\n<div class=\"col-12 col-md-6\">\n<div class=\"unit-product-attrparam__item\">\n<div class=\"unit-product-attrparam__label\">Mat\u00e9riau : pe<br \/>\nDisponibilit\u00e9 : OEM\/ODM<\/div>\n<\/div>\n<\/div>\n<\/div>\n<\/div>\n<\/div>\n<div class=\"unit-detail-html-tabs__content-featuresAttr\"><\/div>\n<div class=\"unit-detail-html-tabs__content-html\">\n<div class=\"J_module\">\n<div class=\"detail-decorate-json-renderer-container\">\n<div class=\"magic-0\">\n<div class=\"magic-1\">\n<div class=\"magic-2\">\n<div class=\"magic-3\"><strong>Filtre PE poreux \u00e0 tige filet\u00e9e en plastique 20 30 50 100 microns filtre fritt\u00e9 en plastique poly\u00e9thyl\u00e8ne<\/strong><\/div>\n<div class=\"magic-3\"><\/div>\n<\/div>\n<\/div>\n<\/div>\n<\/div>\n<\/div>\n<div class=\"J_module\">\n<div id=\"ali-anchor-AliMagic-wrvzoi\" class=\"magic-4\" data-section=\"AliMagic-wrvzoi\" data-section-title=\"Product Description\"><strong>Description du produit<\/strong><\/div>\n<\/div>\n<div class=\"J_module\">\n<div class=\"icbu-pc-images magic-5\">\n<div class=\"flex-layout-v\">\n<div class=\"flex-layout-h magic-5\">\n<div class=\"magic-6\"><\/div>\n<\/div>\n<\/div>\n<\/div>\n<\/div>\n<div class=\"J_module\">\n<div class=\"detail-decorate-json-renderer-container\">\n<div class=\"magic-0\">\n<div class=\"magic-1\">\n<div class=\"magic-2\">\n<p class=\"magic-12\">Notre soci\u00e9t\u00e9 fabrique des filtres fritt\u00e9s en poly\u00e9thyl\u00e8ne ultra-haut mol\u00e9culaire, dont le poids mol\u00e9culaire est sup\u00e9rieur \u00e0 3 millions de particules de frittage. Les \u00e9l\u00e9ments filtrants fritt\u00e9s sont largement utilis\u00e9s dans les secteurs de la chimie, du p\u00e9trole, de la m\u00e9tallurgie, de l'a\u00e9ronautique, du gaz, de l'\u00e9lectronique, de la pharmacie, de la pneumatique, des composants de r\u00e9gulateurs d'air, de la pression, etc.\u00a0<a href=\"https:\/\/lyfilter.com\/fr\/products.html\/\">\u00e9l\u00e9ment filtrant<\/a>les filtres \u00e0 air et d'autres domaines<\/p>\n<p class=\"magic-12\">\n<div class=\"table-responsive\">\n<table class=\"all magic-21\" border=\"1\" cellspacing=\"0\" cellpadding=\"0\">\n<tbody>\n<tr class=\"firstRow\">\n<td colspan=\"1\" rowspan=\"1\">\n<div class=\"magic-22\">\n<div><\/div>\n<p>Nom du produit<\/p><\/div>\n<\/td>\n<td colspan=\"3\" rowspan=\"1\">\n<div class=\"magic-23\">Filtre PE poreux \u00e0 tige filet\u00e9e en plastique 20 30 50 100 microns fritt\u00e9 en plastique poly\u00e9thyl\u00e8ne pour l'eau et les flux de fluides et de gaz<\/div>\n<\/td>\n<td class=\"magic-24\" rowspan=\"0\">\n<div class=\"magic-25\"><\/div>\n<\/td>\n<td class=\"magic-24\" rowspan=\"0\">\n<div class=\"magic-25\"><\/div>\n<\/td>\n<\/tr>\n<tr>\n<td colspan=\"1\" rowspan=\"1\">\n<div class=\"magic-22\">Diam\u00e8tre<\/div>\n<\/td>\n<td colspan=\"3\" rowspan=\"1\">\n<div class=\"magic-23\">10mm,20mm,30mm,40mm,50mm,60mm,70mm,80mm,90mm,100mm,110mm,<br \/>\n120 mm, 200 mm, etc.<\/div>\n<\/td>\n<td class=\"magic-24\" rowspan=\"0\">\n<div class=\"magic-25\"><\/div>\n<\/td>\n<td class=\"magic-24\" rowspan=\"0\">\n<div class=\"magic-25\"><\/div>\n<\/td>\n<\/tr>\n<tr>\n<td colspan=\"1\" rowspan=\"1\">\n<div class=\"magic-22\">Longueur<\/div>\n<\/td>\n<td colspan=\"3\" rowspan=\"1\">\n<div class=\"magic-23\">1\u2033, 2.5\u2033, 5\u2033, 10\u2033 ,20\u2033 ,30\u2033 ,40\u2033, 50\u2033 etc.<\/div>\n<\/td>\n<td class=\"magic-24\" rowspan=\"0\">\n<div class=\"magic-25\"><\/div>\n<\/td>\n<td class=\"magic-24\" rowspan=\"0\">\n<div class=\"magic-25\"><\/div>\n<\/td>\n<\/tr>\n<tr>\n<td colspan=\"1\" rowspan=\"1\">\n<div class=\"magic-22\">Taux de micron<\/div>\n<\/td>\n<td colspan=\"3\" rowspan=\"1\">\n<div class=\"magic-26\">0.2um,0.3um,0.45um,1um,3um,5um,10um,20um,30um,40um,50um,100um,etc.<\/div>\n<\/td>\n<td class=\"magic-24\" rowspan=\"0\">\n<div class=\"magic-25\"><\/div>\n<\/td>\n<td class=\"magic-24\" rowspan=\"0\">\n<div class=\"magic-25\"><\/div>\n<\/td>\n<\/tr>\n<tr>\n<td colspan=\"1\" rowspan=\"1\">\n<div class=\"magic-22\">Temp\u00e9rature de travail<\/div>\n<\/td>\n<td colspan=\"3\" rowspan=\"1\">\n<div class=\"magic-26\">PE\u226480\u2103 ; PTFE\u2265200\u2103;PA\u2264120\u2103<\/div>\n<\/td>\n<td class=\"magic-24\" rowspan=\"0\">\n<div class=\"magic-25\"><\/div>\n<\/td>\n<td class=\"magic-24\" rowspan=\"0\">\n<div class=\"magic-25\"><\/div>\n<\/td>\n<\/tr>\n<tr>\n<td colspan=\"1\" rowspan=\"1\">\n<div class=\"magic-22\">Connecteur du filtre<\/div>\n<\/td>\n<td colspan=\"3\" rowspan=\"1\">\n<div class=\"magic-26\">PLAT, \u00c0 INS\u00c9RER, \u00c0 FILETER, 226, 222, 215, PERSONNALIS\u00c9<\/div>\n<\/td>\n<td class=\"magic-24\" rowspan=\"0\">\n<div class=\"magic-25\"><\/div>\n<\/td>\n<td class=\"magic-24\" rowspan=\"0\">\n<div class=\"magic-25\"><\/div>\n<\/td>\n<\/tr>\n<tr>\n<td colspan=\"1\" rowspan=\"1\">\n<div class=\"magic-22\">Remarque<\/div>\n<\/td>\n<td colspan=\"3\" rowspan=\"1\">\n<div class=\"magic-26\"><strong>La taille du filtre et les microns peuvent \u00eatre personnalis\u00e9s. Plus petit ou plus grand !<\/strong><\/div>\n<\/td>\n<td colspan=\"1\" rowspan=\"1\"><\/td>\n<td colspan=\"1\" rowspan=\"1\"><\/td>\n<\/tr>\n<\/tbody>\n<\/table>\n<\/div>\n<p>&nbsp;<\/p>\n<p><img decoding=\"async\" src=\"https:\/\/img.yfisher.com\/m6076\/17257325747kz\/png70-t3-scale100.webp\" alt=\"Tige filet\u00e9e 20 30 50 100 Microns Poly\u00e9thyl\u00e8ne Filtre plastique fritt\u00e9 2\" data-lazy=\"2\" title=\"\"><\/p>\n<p><img decoding=\"async\" src=\"https:\/\/img.yfisher.com\/m6076\/1725732574kxe\/png70-t3-scale100.webp\" alt=\"Tige filet\u00e9e 20 30 50 100 Microns Poly\u00e9thyl\u00e8ne Filtre plastique fritt\u00e9 3\" data-lazy=\"2\" title=\"\"><\/p>\n<\/div>\n<\/div>\n<\/div>\n<\/div>\n<\/div>\n<div class=\"J_module\">\n<div class=\"icbu-pc-images magic-5\">\n<div class=\"flex-layout-v\">\n<div class=\"flex-layout-h magic-5\">\n<div class=\"magic-40\"><\/div>\n<\/div>\n<\/div>\n<\/div>\n<\/div>\n<div class=\"J_module\">\n<div id=\"ali-anchor-AliMagic-ooeczd\" class=\"magic-4\" data-section=\"AliMagic-ooeczd\" data-section-title=\"Application\"><strong>Application<\/strong><\/div>\n<\/div>\n<div class=\"J_module\">\n<div class=\"detail-decorate-json-renderer-container\">\n<div class=\"magic-0\">\n<div class=\"magic-41\">\n<div class=\"magic-42\">\n<div class=\"magic-43\"><\/div>\n<\/div>\n<\/div>\n<\/div>\n<\/div>\n<\/div>\n<div class=\"J_module\">\n<div class=\"detail-decorate-json-renderer-container\">\n<div class=\"magic-0\">\n<div class=\"magic-1\">\n<div class=\"magic-2\">\n<div class=\"magic-3\">\n<p class=\"magic-12\">A. L'industrie pharmaceutique<br \/>\nB. Industrie chimique<br \/>\nC. Fibres chimiques et industrie textile<br \/>\nD. Industrie l\u00e9g\u00e8re et industrie alimentaire<br \/>\nE. Industrie des machines et du p\u00e9trole<br \/>\nF. Traitement des eaux us\u00e9es<\/p>\n<\/div>\n<\/div>\n<\/div>\n<\/div>\n<\/div>\n<\/div>\n<\/div>","protected":false},"excerpt":{"rendered":"<table>\n<thead>\n<tr>\n<th>article<\/th>\n<th>d\u00e9tails<\/th>\n<\/tr>\n<\/thead>\n<tbody>\n<tr>\n<td>port de d\u00e9part<\/td>\n<td>guangzhou<\/td>\n<\/tr>\n<tr>\n<td>capacit\u00e9 de production<\/td>\n<td>10000 unit\u00e9s\/mois<\/td>\n<\/tr>\n<tr>\n<td>d\u00e9lai de livraison<\/td>\n<td>dans les 7 jours ouvrables<\/td>\n<\/tr>\n<\/tbody>\n<\/table>","protected":false},"featured_media":2235,"comment_status":"open","ping_status":"closed","template":"","meta":{"_gspb_post_css":""},"product_brand":[],"product_cat":[17,22],"product_tag":[937,284,944,943,286,945],"class_list":{"0":"post-2232","1":"product","2":"type-product","3":"status-publish","4":"has-post-thumbnail","6":"product_cat-sediment-filter","7":"product_cat-sintered-filter-cartridge","8":"product_tag-10000-units-per-month","9":"product_tag-7-working-days-delivery","10":"product_tag-bulk-production-capacity","11":"product_tag-fast-lead-time","12":"product_tag-guangzhou-start-port","13":"product_tag-shipping-details","15":"first","16":"instock","17":"shipping-taxable","18":"product-type-simple"},"_links":{"self":[{"href":"https:\/\/lyfilter.com\/fr\/wp-json\/wp\/v2\/product\/2232","targetHints":{"allow":["GET"]}}],"collection":[{"href":"https:\/\/lyfilter.com\/fr\/wp-json\/wp\/v2\/product"}],"about":[{"href":"https:\/\/lyfilter.com\/fr\/wp-json\/wp\/v2\/types\/product"}],"replies":[{"embeddable":true,"href":"https:\/\/lyfilter.com\/fr\/wp-json\/wp\/v2\/comments?post=2232"}],"wp:featuredmedia":[{"embeddable":true,"href":"https:\/\/lyfilter.com\/fr\/wp-json\/wp\/v2\/media\/2235"}],"wp:attachment":[{"href":"https:\/\/lyfilter.com\/fr\/wp-json\/wp\/v2\/media?parent=2232"}],"wp:term":[{"taxonomy":"product_brand","embeddable":true,"href":"https:\/\/lyfilter.com\/fr\/wp-json\/wp\/v2\/product_brand?post=2232"},{"taxonomy":"product_cat","embeddable":true,"href":"https:\/\/lyfilter.com\/fr\/wp-json\/wp\/v2\/product_cat?post=2232"},{"taxonomy":"product_tag","embeddable":true,"href":"https:\/\/lyfilter.com\/fr\/wp-json\/wp\/v2\/product_tag?post=2232"}],"curies":[{"name":"wp","href":"https:\/\/api.w.org\/{rel}","templated":true}]}}