{"id":2230,"date":"2026-01-06T10:06:40","date_gmt":"2026-01-06T10:06:40","guid":{"rendered":"https:\/\/lyfilter.com\/?post_type=product&#038;p=2230"},"modified":"2026-01-06T10:06:40","modified_gmt":"2026-01-06T10:06:40","slug":"square-10mm-30-microns-porous-uhmwpe-sintered-plastic-filter","status":"publish","type":"product","link":"https:\/\/lyfilter.com\/fr\/square-10mm-30-microns-porous-uhmwpe-sintered-plastic-filter\/","title":{"rendered":"Filtre carr\u00e9 en plastique fritt\u00e9 poreux UHMWPE 10mm 30 Microns"},"content":{"rendered":"<div class=\"J_module\">\n<div class=\"detail-decorate-json-renderer-container\">\n<div class=\"magic-0\">\n<div class=\"magic-1\">\n<div class=\"magic-2\">\n<div class=\"magic-3\"><strong>Plaque filtrante en plastique PE 30 microns poreux fritt\u00e9 \u00e0 haute filtration des fluides<\/strong><\/div>\n<\/div>\n<\/div>\n<\/div>\n<\/div>\n<\/div>\n<div class=\"J_module\">\n<div class=\"magic-4\" data-section=\"AliMagic-s2vhcq\" data-section-title=\"Product Description\"><\/div>\n<div id=\"ali-anchor-AliMagic-s2vhcq\" class=\"magic-4\" data-section=\"AliMagic-s2vhcq\" data-section-title=\"Product Description\">Description du produit<\/div>\n<\/div>\n<div class=\"J_module\">\n<div class=\"icbu-pc-images magic-5\">\n<div class=\"flex-layout-v\">\n<div class=\"flex-layout-h magic-5\">\n<div class=\"magic-6\"><\/div>\n<\/div>\n<\/div>\n<\/div>\n<\/div>\n<div class=\"J_module\">\n<div class=\"detail-decorate-json-renderer-container\">\n<div class=\"magic-0\">\n<div class=\"magic-1\">\n<div class=\"magic-2\">\n<div class=\"magic-3\" data-id=\"paragraph0\">\n<p class=\"magic-13\">L'\u00e9l\u00e9ment filtrant en PTFE fritt\u00e9 est fabriqu\u00e9 \u00e0 partir de mati\u00e8res premi\u00e8res en PTFE pur et fritt\u00e9 \u00e0 haute temp\u00e9rature et \u00e0 haute pression. Par cons\u00e9quent, l'\u00e9l\u00e9ment filtrant a une forte r\u00e9sistance \u00e0 l'acide et \u00e0 l'alcali, une forte r\u00e9sistance \u00e0 l'alcali, une grande force et une t\u00e9nacit\u00e9 de l'\u00e9l\u00e9ment filtrant, et l'\u00e9l\u00e9ment filtrant peut Haute r\u00e9sistance \u00e0 la temp\u00e9rature jusqu'\u00e0 200\u2103, il a la r\u00e9putation de \u201cRoi de l'\u00e9l\u00e9ment filtrant\u201d.<\/p>\n<p class=\"magic-13\">Le filtre fritt\u00e9 est principalement compos\u00e9 de poly\u00e9thyl\u00e8ne \u00e0 poids mol\u00e9culaire ultra \u00e9lev\u00e9 (PE et PA), de polyt\u00e9trafluoro\u00e9thyl\u00e8ne (PTFE), de poudre d'acier inoxydable, de poudre de cuivre fritt\u00e9e et d'autres mat\u00e9riaux. Il est compact, solide, l\u00e9ger, capable de fonctionner sous haute pression, insipide et non toxique, et pr\u00e9sente une bonne r\u00e9sistance \u00e0 la corrosion par les acides, les alcalis et les solvants. La s\u00e9lection des filtres fritt\u00e9s, la s\u00e9curit\u00e9 du travail, l'am\u00e9lioration de l'environnement de production et la petite surface, la surface de filtration du flux de liquide sous n'importe quelle s\u00e9lection (1 - 200m2), conviennent particuli\u00e8rement au traitement des eaux us\u00e9es, \u00e0 la fabrication de produits chimiques, aux produits pharmaceutiques, aux produits alimentaires et \u00e0 d'autres types de filtration de liquides.<\/p>\n<p class=\"magic-13\">\n<p>&nbsp;<\/p>\n<div class=\"table-responsive\">\n<table border=\"1\" width=\"523\" cellspacing=\"0\" cellpadding=\"0\">\n<colgroup>\n<col \/>\n<col \/><\/colgroup>\n<tbody>\n<tr class=\"firstRow\">\n<td height=\"41\">Nom du produit<\/td>\n<td>Filtre micro poreux en plastique fritt\u00e9 PE fourni par l'usine de Tiantai<\/td>\n<\/tr>\n<tr>\n<td height=\"21\">Mat\u00e9riau<\/td>\n<td>Poly\u00e9thyl\u00e8ne \u00e0 poids mol\u00e9culaire tr\u00e8s \u00e9lev\u00e9 (UHMWPE)<\/td>\n<\/tr>\n<tr>\n<td height=\"21\">Couleur<\/td>\n<td>blanc<\/td>\n<\/tr>\n<tr>\n<td height=\"21\">Standard<\/td>\n<td>ISO SGS<\/td>\n<\/tr>\n<tr>\n<td height=\"39\">Utilis\u00e9<\/td>\n<td>eau pure, eau potable, boisson, m\u00e9dicament, liquide de galvanoplastie, \u00e9mulsion, liquide de lavage, solution acide ou alcaline<\/td>\n<\/tr>\n<\/tbody>\n<\/table>\n<\/div>\n<p>&nbsp;<\/p>\n<p><img decoding=\"async\" src=\"https:\/\/img.yfisher.com\/m6076\/1725732572w86\/png70-t3-scale100.webp\" alt=\"Filtre carr\u00e9 en plastique fritt\u00e9 poreux UHMWPE 10mm 30 Microns 2\" data-lazy=\"2\" title=\"\"><\/p>\n<\/div>\n<\/div>\n<\/div>\n<\/div>\n<\/div>\n<\/div>\n<div class=\"J_module\">\n<div class=\"magic-4\" data-section=\"AliMagic-sz4s61\" data-section-title=\"Our Company\"><\/div>\n<\/div>\n<div class=\"J_module\">\n<div class=\"icbu-pc-images magic-5\">\n<div class=\"flex-layout-v\">\n<div class=\"flex-layout-h magic-5\">\n<div class=\"magic-47\"><img decoding=\"async\" src=\"https:\/\/img.yfisher.com\/m6076\/1729225216zsq\/png70-t3-scale100.webp\" alt=\"Filtre carr\u00e9 en plastique fritt\u00e9 poreux UHMWPE 10mm 30 Microns 3\" data-lazy=\"2\" title=\"\"><\/div>\n<\/div>\n<\/div>\n<\/div>\n<\/div>","protected":false},"excerpt":{"rendered":"<table>\n<thead>\n<tr>\n<th>article<\/th>\n<th>d\u00e9tails<\/th>\n<\/tr>\n<\/thead>\n<tbody>\n<tr>\n<td>port de d\u00e9part<\/td>\n<td>guangzhou<\/td>\n<\/tr>\n<tr>\n<td>capacit\u00e9 de production<\/td>\n<td>10000 unit\u00e9s\/mois<\/td>\n<\/tr>\n<tr>\n<td>lieu d'origine<\/td>\n<td>guangdong, chine<\/td>\n<\/tr>\n<tr>\n<td>paiement<\/td>\n<td>t\/t, alibaba trade assurance<\/td>\n<\/tr>\n<tr>\n<td>moq<\/td>\n<td>1 pi\u00e8ce<\/td>\n<\/tr>\n<tr>\n<td>mod\u00e8le<\/td>\n<td>ly-hfpl<\/td>\n<\/tr>\n<tr>\n<td>d\u00e9lai de livraison<\/td>\n<td>dans les 7 jours ouvrables<\/td>\n<\/tr>\n<tr>\n<td>certification<\/td>\n<td>iso 9001<\/td>\n<\/tr>\n<tr>\n<td>marque<\/td>\n<td>oem\/lvyuan<\/td>\n<\/tr>\n<\/tbody>\n<\/table>","protected":false},"featured_media":2233,"comment_status":"open","ping_status":"closed","template":"","meta":{"_gspb_post_css":""},"product_brand":[],"product_cat":[17,22],"product_tag":[939,279,261,262,260,268],"class_list":{"0":"post-2230","1":"product","2":"type-product","3":"status-publish","4":"has-post-thumbnail","6":"product_cat-sediment-filter","7":"product_cat-sintered-filter-cartridge","8":"product_tag-1-pcs-moq","9":"product_tag-alibaba-trade-assurance","10":"product_tag-guangdong-china","11":"product_tag-guangzhou-port","12":"product_tag-iso-9001","13":"product_tag-ly-hfpl","15":"first","16":"instock","17":"shipping-taxable","18":"product-type-simple"},"_links":{"self":[{"href":"https:\/\/lyfilter.com\/fr\/wp-json\/wp\/v2\/product\/2230","targetHints":{"allow":["GET"]}}],"collection":[{"href":"https:\/\/lyfilter.com\/fr\/wp-json\/wp\/v2\/product"}],"about":[{"href":"https:\/\/lyfilter.com\/fr\/wp-json\/wp\/v2\/types\/product"}],"replies":[{"embeddable":true,"href":"https:\/\/lyfilter.com\/fr\/wp-json\/wp\/v2\/comments?post=2230"}],"wp:featuredmedia":[{"embeddable":true,"href":"https:\/\/lyfilter.com\/fr\/wp-json\/wp\/v2\/media\/2233"}],"wp:attachment":[{"href":"https:\/\/lyfilter.com\/fr\/wp-json\/wp\/v2\/media?parent=2230"}],"wp:term":[{"taxonomy":"product_brand","embeddable":true,"href":"https:\/\/lyfilter.com\/fr\/wp-json\/wp\/v2\/product_brand?post=2230"},{"taxonomy":"product_cat","embeddable":true,"href":"https:\/\/lyfilter.com\/fr\/wp-json\/wp\/v2\/product_cat?post=2230"},{"taxonomy":"product_tag","embeddable":true,"href":"https:\/\/lyfilter.com\/fr\/wp-json\/wp\/v2\/product_tag?post=2230"}],"curies":[{"name":"wp","href":"https:\/\/api.w.org\/{rel}","templated":true}]}}