{"id":2227,"date":"2026-01-06T10:05:21","date_gmt":"2026-01-06T10:05:21","guid":{"rendered":"https:\/\/lyfilter.com\/?post_type=product&#038;p=2227"},"modified":"2026-01-06T10:05:21","modified_gmt":"2026-01-06T10:05:21","slug":"300-micron-hd-uhmw-powder-pe-ptfe-porous-plastic-filter","status":"publish","type":"product","link":"https:\/\/lyfilter.com\/fr\/300-micron-hd-uhmw-powder-pe-ptfe-porous-plastic-filter\/","title":{"rendered":"300 micron HD UHMW Powder PE PTFE Porous Plastic Filter"},"content":{"rendered":"<div class=\"unit-detail-html-tabs__content-attr\">\n<div class=\"unit-product-attrparam\">\n<div class=\"unit-product-attrparam__items row\">\n<div class=\"col-12 col-md-6\">\n<div class=\"unit-product-attrparam__item\">\n<div class=\"unit-product-attrparam__label\">Mat\u00e9riau : pe<br \/>\nDisponibilit\u00e9 : OEM\/ODM<\/div>\n<\/div>\n<\/div>\n<\/div>\n<\/div>\n<\/div>\n<div class=\"unit-detail-html-tabs__content-featuresAttr\"><\/div>\n<div class=\"unit-detail-html-tabs__content-html\">\n<div class=\"detail-decorate-json-renderer-container\">\n<div class=\"magic-0\">\n<h3 class=\"magic-1\" data-id=\"title0\">Filtres fritt\u00e9s HD UHMW Poudre PTFE PE Poreux pour tubes \u00e0 bulles d'air et d'eau feuilles coupelles<\/h3>\n<\/div>\n<\/div>\n<div id=\"ali-anchor-AliMagic-8izkee\" class=\"magic-5\" data-section=\"AliMagic-8izkee\" data-section-title=\"Product Description\"><strong>Description du produit<\/strong><\/div>\n<p>&nbsp;<\/p>\n<p>Filtre \u00e0 usage m\u00e9dical<\/p>\n<p>Nous pouvons fabriquer le filtre selon les dessins ou les \u00e9chantillons du client. Le client peut personnaliser le diam\u00e8tre, la longueur, la largeur, la hauteur ou la forme irr\u00e9guli\u00e8re.<\/p>\n<p>Fonctions :<\/p>\n<p>hydrophile ou hydrophobe, sans dnase\/rnase, filtre auto-obturant ou filtre \u00e0 charbon actif.<\/p>\n<p>Fonctionnalit\u00e9 :<\/p>\n<p>Anti-impact, r\u00e9sistant aux acides forts, aux alcalis forts, aux solutions oxydantes fortes, les micropores sont bien r\u00e9partis, la densit\u00e9 est \u00e9lev\u00e9e, la perm\u00e9abilit\u00e9 est bonne.<\/p>\n<p>l'altitude du filtre peut \u00eatre maintenue entre 0,5 micro m\u00e8tre et 150 micro m\u00e8tres.<\/p>\n<div class=\"detail-decorate-json-renderer-container\">\n<div class=\"magic-0\">\n<p>\u00a0<img decoding=\"async\" src=\"https:\/\/img.yfisher.com\/m6076\/1725732571y91\/png70-t3-scale100.webp\" alt=\"300 micron HD UHMW Powder PE PTFE Porous Plastic Filter 2\" data-lazy=\"2\" title=\"\"><\/p>\n<p>Application :<\/p>\n<p>m\u00e9decine biologique, traitement m\u00e9dical, bioscience, traitement de l'eau, protection de l'environnement, \u00e9lectronique, filtration de gaz, analyse chimique, purification d'anticorps\/prot\u00e9ines\/ADN, pr\u00e9paration d'\u00e9chantillons, s\u00e9paration solide-liquide et filtres pour \u00e9quipements sp\u00e9ciaux.<\/p>\n<\/div>\n<\/div>\n<div class=\"detail-decorate-json-renderer-container\">\n<div class=\"magic-0\">\n<div class=\"magic-9\">\n<div class=\"magic-3\">\n<div class=\"magic-4\" data-id=\"paragraph1\">Plaques, feuilles et disques poreux<\/div>\n<\/div>\n<\/div>\n<\/div>\n<\/div>\n<div class=\"detail-decorate-json-renderer-container\">\n<div class=\"magic-0\">\n<div class=\"magic-15\">\n<div class=\"magic-10\">\n<div class=\"magic-16\">L'\u00e9l\u00e9ment filtrant fritt\u00e9 en PE est fabriqu\u00e9 \u00e0 partir de poly\u00e9thyl\u00e8ne \u00e0 tr\u00e8s haut poids mol\u00e9culaire fritt\u00e9 et moul\u00e9. Sa structure est compacte, solide, l\u00e9g\u00e8re, capable de supporter une pression de filtration \u00e9lev\u00e9e, non toxique et insipide, et il pr\u00e9sente une bonne r\u00e9sistance \u00e0 la corrosion par les solvants acides et alcalins.<\/div>\n<div class=\"magic-16\">\nL'\u00e9l\u00e9ment filtrant en PE pr\u00e9sente une distribution uniforme de la taille des pores, une forte r\u00e9sistance aux acides et aux alcalis, une r\u00e9sistance aux temp\u00e9ratures \u00e9lev\u00e9es, de bonnes propri\u00e9t\u00e9s m\u00e9caniques et une forte r\u00e9sistance aux solvants organiques. La production d'\u00e9quipements de traitement de l'eau \u00e0 grande \u00e9chelle peut adopter une m\u00e9thode automatique ou manuelle d'\u00e9limination des scories par r\u00e9trobalayage, les particules solides peuvent \u00eatre r\u00e9cup\u00e9r\u00e9es par \u00e9limination des scories \u00e0 sec, sans remplacement fr\u00e9quent des \u00e9l\u00e9ments filtrants, avec un fonctionnement automatique, un faible co\u00fbt de filtration et d'autres avantages, qui sont bien accueillis par les utilisateurs.<\/div>\n<\/div>\n<\/div>\n<\/div>\n<\/div>\n<\/div>","protected":false},"excerpt":{"rendered":"<table>\n<thead>\n<tr>\n<th>article<\/th>\n<th>d\u00e9tails<\/th>\n<\/tr>\n<\/thead>\n<tbody>\n<tr>\n<td>port de d\u00e9part<\/td>\n<td>guangzhou<\/td>\n<\/tr>\n<tr>\n<td>capacit\u00e9 de production<\/td>\n<td>10000 unit\u00e9s\/mois<\/td>\n<\/tr>\n<tr>\n<td>lieu d'origine<\/td>\n<td>guangdong, chine<\/td>\n<\/tr>\n<tr>\n<td>paiement<\/td>\n<td>t\/t, alibaba trade assurance, paypal<\/td>\n<\/tr>\n<tr>\n<td>moq<\/td>\n<td>1 pi\u00e8ce<\/td>\n<\/tr>\n<tr>\n<td>mod\u00e8le<\/td>\n<td>ly-hfpl<\/td>\n<\/tr>\n<tr>\n<td>d\u00e9lai de livraison<\/td>\n<td>dans les 7 jours ouvrables<\/td>\n<\/tr>\n<tr>\n<td>certification<\/td>\n<td>iso 9001<\/td>\n<\/tr>\n<tr>\n<td>marque<\/td>\n<td>oem\/lvyuan<\/td>\n<\/tr>\n<\/tbody>\n<\/table>","protected":false},"featured_media":2231,"comment_status":"open","ping_status":"closed","template":"","meta":{"_gspb_post_css":""},"product_brand":[],"product_cat":[22,17],"product_tag":[939,279,261,262,260,268],"class_list":{"0":"post-2227","1":"product","2":"type-product","3":"status-publish","4":"has-post-thumbnail","6":"product_cat-sintered-filter-cartridge","7":"product_cat-sediment-filter","8":"product_tag-1-pcs-moq","9":"product_tag-alibaba-trade-assurance","10":"product_tag-guangdong-china","11":"product_tag-guangzhou-port","12":"product_tag-iso-9001","13":"product_tag-ly-hfpl","15":"first","16":"instock","17":"shipping-taxable","18":"product-type-simple"},"_links":{"self":[{"href":"https:\/\/lyfilter.com\/fr\/wp-json\/wp\/v2\/product\/2227","targetHints":{"allow":["GET"]}}],"collection":[{"href":"https:\/\/lyfilter.com\/fr\/wp-json\/wp\/v2\/product"}],"about":[{"href":"https:\/\/lyfilter.com\/fr\/wp-json\/wp\/v2\/types\/product"}],"replies":[{"embeddable":true,"href":"https:\/\/lyfilter.com\/fr\/wp-json\/wp\/v2\/comments?post=2227"}],"wp:featuredmedia":[{"embeddable":true,"href":"https:\/\/lyfilter.com\/fr\/wp-json\/wp\/v2\/media\/2231"}],"wp:attachment":[{"href":"https:\/\/lyfilter.com\/fr\/wp-json\/wp\/v2\/media?parent=2227"}],"wp:term":[{"taxonomy":"product_brand","embeddable":true,"href":"https:\/\/lyfilter.com\/fr\/wp-json\/wp\/v2\/product_brand?post=2227"},{"taxonomy":"product_cat","embeddable":true,"href":"https:\/\/lyfilter.com\/fr\/wp-json\/wp\/v2\/product_cat?post=2227"},{"taxonomy":"product_tag","embeddable":true,"href":"https:\/\/lyfilter.com\/fr\/wp-json\/wp\/v2\/product_tag?post=2227"}],"curies":[{"name":"wp","href":"https:\/\/api.w.org\/{rel}","templated":true}]}}