{"id":2219,"date":"2026-01-06T10:01:46","date_gmt":"2026-01-06T10:01:46","guid":{"rendered":"https:\/\/lyfilter.com\/?post_type=product&#038;p=2219"},"modified":"2026-01-06T10:01:46","modified_gmt":"2026-01-06T10:01:46","slug":"cylinder-micron-porous-sintered-ptfe-water-filter","status":"publish","type":"product","link":"https:\/\/lyfilter.com\/fr\/cylinder-micron-porous-sintered-ptfe-water-filter\/","title":{"rendered":"Filtre \u00e0 eau en PTFE fritt\u00e9 poreux \u00e0 cylindre micron"},"content":{"rendered":"<div class=\"unit-detail-html-tabs__content-attr\">\n<div class=\"unit-product-attrparam\">\n<div class=\"unit-product-attrparam__items row\">\n<div class=\"col-12 col-md-6\">\n<div class=\"unit-product-attrparam__item\">\n<div class=\"unit-product-attrparam__label\">Mat\u00e9riau : pe<br \/>\nDisponibilit\u00e9 : OEM\/ODM<\/div>\n<\/div>\n<\/div>\n<\/div>\n<\/div>\n<\/div>\n<div class=\"unit-detail-html-tabs__content-featuresAttr\"><\/div>\n<div class=\"unit-detail-html-tabs__content-html\">\n<p>Filtre \u00e0 eau en PTFE fritt\u00e9 poreux \u00e0 cylindre micron<\/p>\n<div id=\"_root\" class=\"engine-app\" data-reactroot=\"\">\n<div class=\"magic-0\" data-section=\"AliMagic-bc5p1g\" data-section-title=\"Product Description\"><strong>sp\u00e9cification :<\/strong><\/div>\n<div class=\"magic-0\" data-section=\"AliMagic-bc5p1g\" data-section-title=\"Product Description\">\n<div class=\"ife-detail-decorate-table\">\n<div class=\"table-responsive\">\n<table class=\"all magic-11\" border=\"1\" cellspacing=\"0\" cellpadding=\"0\">\n<tbody>\n<tr class=\"firstRow\">\n<td colspan=\"1\" rowspan=\"1\">\n<div class=\"magic-12\">M\u00e9dia filtrant<\/div>\n<\/td>\n<td colspan=\"1\" rowspan=\"1\">\n<div class=\"magic-13\">PE\/PTFE<\/div>\n<\/td>\n<\/tr>\n<tr>\n<td colspan=\"1\" rowspan=\"1\">\n<div class=\"magic-12\">Type de connecteur<\/div>\n<\/td>\n<td colspan=\"1\" rowspan=\"1\">\n<div class=\"magic-13\">Plat, Type d'insertion, Type de filetage, Aileron<\/div>\n<\/td>\n<\/tr>\n<tr>\n<td colspan=\"1\" rowspan=\"1\">\n<div class=\"magic-12\">Embouts<\/div>\n<\/td>\n<td colspan=\"1\" rowspan=\"1\">\n<div class=\"magic-13\">PP, M36, M30, M25, M22, M14, M12 ou sur mesure<\/div>\n<\/td>\n<\/tr>\n<tr>\n<td colspan=\"1\" rowspan=\"1\">\n<div class=\"magic-12\">Diam\u00e8tre ext\u00e9rieur<\/div>\n<\/td>\n<td colspan=\"1\" rowspan=\"1\">\n<div class=\"magic-13\">10mm, 20mm, 30mm, 40mm, 50mm, 60mm, 70mm, 80mm, ou sur mesure<\/div>\n<\/td>\n<\/tr>\n<tr>\n<td colspan=\"1\" rowspan=\"1\">\n<div class=\"magic-12\">Diam\u00e8tre int\u00e9rieur<\/div>\n<\/td>\n<td colspan=\"1\" rowspan=\"1\">\n<div class=\"magic-13\">12 mm, 16 mm, 18 mm, 28 mm ou sur mesure<\/div>\n<\/td>\n<\/tr>\n<tr>\n<td colspan=\"1\" rowspan=\"1\">\n<div class=\"magic-12\">Taux d'\u00e9limination<\/div>\n<\/td>\n<td colspan=\"1\" rowspan=\"1\">\n<div class=\"magic-13\">0,1, 0,2, 0,45, 0,65, 0,8, 1, 2, 3, 5, 10, 20, 25, 30, 50, 60 microns<\/div>\n<\/td>\n<\/tr>\n<tr>\n<td colspan=\"1\" rowspan=\"1\">\n<div class=\"magic-12\">Pression de service maximale<\/div>\n<\/td>\n<td colspan=\"1\" rowspan=\"1\">\n<div class=\"magic-13\">6,0 bar<\/div>\n<\/td>\n<\/tr>\n<tr>\n<td colspan=\"1\" rowspan=\"1\">\n<div class=\"magic-12\">Temp\u00e9rature de fonctionnement maximale<\/div>\n<\/td>\n<td colspan=\"1\" rowspan=\"1\">\n<div class=\"magic-13\">\u226480\u2103<\/div>\n<\/td>\n<\/tr>\n<\/tbody>\n<\/table>\n<\/div>\n<\/div>\n<\/div>\n<div class=\"magic-0\" data-section=\"AliMagic-bc5p1g\" data-section-title=\"Product Description\"><\/div>\n<div class=\"detail-decorate-json-renderer-container\">\n<div class=\"magic-4\">\n<div class=\"magic-5\">\n<div class=\"magic-6\">\n<div class=\"magic-7\">\n<p class=\"magic-8\"><img decoding=\"async\" src=\"https:\/\/img.yfisher.com\/m6076\/172573256689w\/jpg70-t3-scale100.webp\" alt=\"Filtre \u00e0 eau en PTFE fritt\u00e9 poreux de cylindre micron 2\" data-lazy=\"2\" title=\"\"><\/p>\n<p class=\"magic-8\"><strong>Caract\u00e9ristiques :<\/strong><\/p>\n<p class=\"magic-8\"><span style=\"font-family: Arial, Helvetica;\"><b><br \/>\n<\/b><\/span>1. Forte porosit\u00e9 (60%) pour assurer un d\u00e9bit plus important par surface d'impression.<br \/>\n2. surface ext\u00e9rieure lisse, les impuret\u00e9s n'adh\u00e8rent pas facilement, le lavage \u00e0 l'envers est facile et complet ;<br \/>\n3. Capacit\u00e9 anti-salissure : la petite taille du filtre fait que les impuret\u00e9s ne peuvent pas \u00eatre retenues dans le corps du filtre ;<br \/>\n4. R\u00e9sistance aux acides forts, \u00e0 la corrosion alcaline, aux solvants organiques ;<\/p>\n<p class=\"magic-8\">5. Excellentes propri\u00e9t\u00e9s m\u00e9caniques<\/p>\n<p class=\"magic-8\">6. Pas de lib\u00e9ration de particules.<\/p>\n<\/div>\n<\/div>\n<\/div>\n<\/div>\n<\/div>\n<div id=\"ali-anchor-AliMagic-606h8g\" class=\"magic-0\" data-section=\"AliMagic-606h8g\" data-section-title=\"Application\"><strong>Application<\/strong><\/div>\n<div class=\"detail-decorate-json-renderer-container\">\n<div class=\"magic-4\">\n<div class=\"magic-5\">\n<div class=\"magic-6\">\n<div class=\"magic-7\">\n<p class=\"magic-8\">1. L'industrie pharmaceutique 2. Industrie chimique<\/p>\n<p class=\"magic-8\">3. Fibres chimiques et industrie textile 4. Industrie l\u00e9g\u00e8re et industrie alimentaire<br \/>\n5. Industrie des machines et du p\u00e9trole 6. Traitement des eaux us\u00e9es<\/p>\n<p class=\"magic-8\"><img decoding=\"async\" src=\"https:\/\/img.yfisher.com\/m6076\/172573256612g\/png70-t3-scale100.webp\" alt=\"Filtre \u00e0 eau en PTFE fritt\u00e9 poreux de cylindre micron 3\" data-lazy=\"2\" title=\"\"><\/p>\n<\/div>\n<\/div>\n<\/div>\n<\/div>\n<\/div>\n<div class=\"icbu-pc-images magic-1\">\n<div>\n<div class=\"flex-layout-v\">\n<div class=\"flex-layout-h magic-1\">\n<div class=\"magic-26\"><\/div>\n<\/div>\n<\/div>\n<\/div>\n<\/div>\n<div id=\"ali-anchor-AliMagic-hdqmv8\" class=\"magic-0\" data-section=\"AliMagic-hdqmv8\" data-section-title=\"About us\"><strong>A propos de nous<\/strong><\/div>\n<div class=\"magic-0\" data-section=\"AliMagic-hdqmv8\" data-section-title=\"About us\"><\/div>\n<div class=\"detail-decorate-json-renderer-container\">\n<div class=\"magic-4\">\n<div class=\"magic-5\">\n<div class=\"magic-6\">\n<div class=\"magic-7\">\n<p class=\"magic-8\">1. 10 ans d'exp\u00e9rience en tant que fabricant professionnel.<br \/>\n2. Nous fournissons un service de personnalisation OEM et ODM, vous pouvez trouver toutes sortes de cartouches filtrantes et de bo\u00eetiers de filtre dans notre entreprise.<br \/>\n3. Tous les produits b\u00e9n\u00e9ficient d'une garantie de qualit\u00e9. Nos certifications : CE ISO SGS<br \/>\n4. Nos employ\u00e9s sont efficaces et nos vendeurs sont professionnels, nous fournirons un service professionnel personnalis\u00e9.<br \/>\n5. Nos produits sont export\u00e9s dans plus de 100 pays et r\u00e9gions. Ils jouissent d'une bonne r\u00e9putation.<br \/>\n6. De nombreux coop\u00e9rateurs nous soutiennent depuis de nombreuses ann\u00e9es.<br \/>\n7. nous sommes d\u00e9termin\u00e9s \u00e0 fournir le meilleur service et la meilleure qualit\u00e9 \u00e0 nos clients du monde entier, et nous deviendrons une entreprise de plus en plus professionnelle \u00e0 l'avenir.<\/p>\n<\/div>\n<\/div>\n<\/div>\n<\/div>\n<\/div>\n<\/div>\n<\/div>","protected":false},"excerpt":{"rendered":"<table>\n<thead>\n<tr>\n<th>article<\/th>\n<th>d\u00e9tails<\/th>\n<\/tr>\n<\/thead>\n<tbody>\n<tr>\n<td>port de d\u00e9part<\/td>\n<td>guangzhou<\/td>\n<\/tr>\n<tr>\n<td>capacit\u00e9 de production<\/td>\n<td>10000 unit\u00e9s\/mois<\/td>\n<\/tr>\n<tr>\n<td>lieu d'origine<\/td>\n<td>guangdong, chine<\/td>\n<\/tr>\n<tr>\n<td>paiement<\/td>\n<td>l\/c, t\/t, alibaba trade assurance, paypal<\/td>\n<\/tr>\n<tr>\n<td>moq<\/td>\n<td>1 pi\u00e8ce<\/td>\n<\/tr>\n<tr>\n<td>mod\u00e8le<\/td>\n<td>ly-hfpl-6<\/td>\n<\/tr>\n<tr>\n<td>d\u00e9lai de livraison<\/td>\n<td>dans les 7 jours ouvrables<\/td>\n<\/tr>\n<tr>\n<td>certification<\/td>\n<td>iso 9001<\/td>\n<\/tr>\n<tr>\n<td>marque<\/td>\n<td>oem\/lvyuan<\/td>\n<\/tr>\n<\/tbody>\n<\/table>","protected":false},"featured_media":2223,"comment_status":"open","ping_status":"closed","template":"","meta":{"_gspb_post_css":""},"product_brand":[],"product_cat":[17,22],"product_tag":[939,261,262,260,942,281],"class_list":{"0":"post-2219","1":"product","2":"type-product","3":"status-publish","4":"has-post-thumbnail","6":"product_cat-sediment-filter","7":"product_cat-sintered-filter-cartridge","8":"product_tag-1-pcs-moq","9":"product_tag-guangdong-china","10":"product_tag-guangzhou-port","11":"product_tag-iso-9001","12":"product_tag-l-c-payment","13":"product_tag-ly-hfpl-6","15":"first","16":"instock","17":"shipping-taxable","18":"product-type-simple"},"_links":{"self":[{"href":"https:\/\/lyfilter.com\/fr\/wp-json\/wp\/v2\/product\/2219","targetHints":{"allow":["GET"]}}],"collection":[{"href":"https:\/\/lyfilter.com\/fr\/wp-json\/wp\/v2\/product"}],"about":[{"href":"https:\/\/lyfilter.com\/fr\/wp-json\/wp\/v2\/types\/product"}],"replies":[{"embeddable":true,"href":"https:\/\/lyfilter.com\/fr\/wp-json\/wp\/v2\/comments?post=2219"}],"wp:featuredmedia":[{"embeddable":true,"href":"https:\/\/lyfilter.com\/fr\/wp-json\/wp\/v2\/media\/2223"}],"wp:attachment":[{"href":"https:\/\/lyfilter.com\/fr\/wp-json\/wp\/v2\/media?parent=2219"}],"wp:term":[{"taxonomy":"product_brand","embeddable":true,"href":"https:\/\/lyfilter.com\/fr\/wp-json\/wp\/v2\/product_brand?post=2219"},{"taxonomy":"product_cat","embeddable":true,"href":"https:\/\/lyfilter.com\/fr\/wp-json\/wp\/v2\/product_cat?post=2219"},{"taxonomy":"product_tag","embeddable":true,"href":"https:\/\/lyfilter.com\/fr\/wp-json\/wp\/v2\/product_tag?post=2219"}],"curies":[{"name":"wp","href":"https:\/\/api.w.org\/{rel}","templated":true}]}}