{"id":2200,"date":"2026-01-06T10:00:07","date_gmt":"2026-01-06T10:00:07","guid":{"rendered":"https:\/\/lyfilter.com\/?post_type=product&#038;p=2200"},"modified":"2026-01-06T10:00:08","modified_gmt":"2026-01-06T10:00:08","slug":"soe-doe-endcap-5-microns-0-2um-0-3um-polyethylene-filters","status":"publish","type":"product","link":"https:\/\/lyfilter.com\/fr\/soe-doe-endcap-5-microns-0-2um-0-3um-polyethylene-filters\/","title":{"rendered":"SOE DOE Endcap 5 Microns 0.2um 0.3um Filtres en poly\u00e9thyl\u00e8ne"},"content":{"rendered":"<div class=\"unit-detail-html-tabs__content-attr\">\n<div class=\"unit-product-attrparam\">\n<div class=\"unit-product-attrparam__items row\">\n<div class=\"col-12 col-md-6\">\n<div class=\"unit-product-attrparam__item\">\n<div class=\"unit-product-attrparam__label\">Mat\u00e9riau : pe<\/div>\n<\/div>\n<\/div>\n<div class=\"col-12 col-md-6\">\n<div class=\"unit-product-attrparam__item\">\n<div class=\"unit-product-attrparam__label\">Disponibilit\u00e9 : OEM\/ODM<\/div>\n<\/div>\n<\/div>\n<\/div>\n<\/div>\n<\/div>\n<div class=\"unit-detail-html-tabs__content-featuresAttr\"><\/div>\n<div class=\"unit-detail-html-tabs__content-html\">\n<p><strong>SOE DOE Endcap 5 Microns 0.2um 0.3um Filtres en poly\u00e9thyl\u00e8ne<\/strong><\/p>\n<div class=\"table-responsive\">\n<table width=\"605\" cellspacing=\"0\" cellpadding=\"0\">\n<colgroup>\n<col width=\"135\" \/>\n<col span=\"2\" width=\"72\" \/>\n<col width=\"327\" \/><\/colgroup>\n<tbody>\n<tr class=\"firstRow\">\n<td rowspan=\"2\" width=\"135\" height=\"76\">Nom du produit<\/td>\n<td colspan=\"3\" rowspan=\"2\" width=\"471\">Tube 300mm 500mm 700mm filtre 5 microns poreux fritt\u00e9 en plastique PE pour le traitement de l'eau de piscine<\/td>\n<\/tr>\n<tr>\n<td rowspan=\"2\" width=\"135\" height=\"93\">Diam\u00e8tre<\/td>\n<td colspan=\"3\" width=\"471\">10mm,20mm,30mm,40mm,50mm,60mm,70mm,80mm,90mm,100mm,110mm,<\/td>\n<\/tr>\n<tr>\n<td colspan=\"3\" width=\"471\" height=\"42\">120 mm, 200 mm, etc.<\/td>\n<\/tr>\n<tr>\n<td rowspan=\"2\" width=\"135\" height=\"38\">Longueur<\/td>\n<td colspan=\"3\" rowspan=\"2\" width=\"471\">1\u2033, 2.5\u2033, 5\u2033, 10\u2033 ,20\u2033 ,30\u2033 ,40\u2033, 50\u2033 etc.<\/td>\n<\/tr>\n<tr>\n<td rowspan=\"2\" width=\"135\" height=\"57\">Taux de micron<\/td>\n<td colspan=\"3\" rowspan=\"2\" width=\"471\">0.2um,0.3um,0.45um,1um,3um,5um,10um,20um,30um,40um,50um,100um,etc.<\/td>\n<\/tr>\n<tr>\n<td rowspan=\"2\" width=\"135\" height=\"57\">Temp\u00e9rature de travail<\/td>\n<td colspan=\"3\" rowspan=\"2\" width=\"471\">PE\u226480\u2103 ; PTFE\u2265200\u2103;PA\u2264120\u2103<\/td>\n<\/tr>\n<tr>\n<td rowspan=\"2\" width=\"135\" height=\"57\">Connecteur du filtre<\/td>\n<td colspan=\"3\" rowspan=\"2\" width=\"471\">PLAT, \u00c0 INS\u00c9RER, \u00c0 FILETER, 226, 222, 215, SUR MESURE<\/td>\n<\/tr>\n<tr>\n<td width=\"135\" height=\"60\">Remarque<\/td>\n<td colspan=\"3\" width=\"471\">La taille du filtre et les microns peuvent \u00eatre personnalis\u00e9s. Plus petit ou plus grand !<\/td>\n<\/tr>\n<\/tbody>\n<\/table>\n<\/div>\n<p>Application<\/p>\n<p>industrie alimentaire<\/p>\n<p>Industrie p\u00e9troli\u00e8re<\/p>\n<p>Traitement des eaux us\u00e9es<\/p>\n<p>Industrie des machines<\/p>\n<p>(1) Traitement des eaux us\u00e9es de l'hydroxyde mental lourd<\/p>\n<p>(2) Traitement des eaux us\u00e9es par m\u00e9lange de m\u00e9taux lourds<\/p>\n<p>(3) Traitement chimique des eaux us\u00e9es<\/p>\n<p>(4) Traitement des eaux us\u00e9es en c\u00e9ramique<\/p>\n<p>(5) Traitement des eaux us\u00e9es contenant de l'aluminium<\/p>\n<p>(6) Autres traitements des eaux us\u00e9es<\/p>\n<\/div>","protected":false},"excerpt":{"rendered":"<table>\n<thead>\n<tr>\n<th>article<\/th>\n<th>d\u00e9tails<\/th>\n<\/tr>\n<\/thead>\n<tbody>\n<tr>\n<td>port de d\u00e9part<\/td>\n<td>guangzhou<\/td>\n<\/tr>\n<tr>\n<td>capacit\u00e9 de production<\/td>\n<td>10000 unit\u00e9s\/mois<\/td>\n<\/tr>\n<tr>\n<td>lieu d'origine<\/td>\n<td>guangdong, chine<\/td>\n<\/tr>\n<tr>\n<td>paiement<\/td>\n<td>t\/t, western union, alibaba trade assurance, paypal<\/td>\n<\/tr>\n<tr>\n<td>moq<\/td>\n<td>1 pi\u00e8ce<\/td>\n<\/tr>\n<tr>\n<td>mod\u00e8le<\/td>\n<td>ly-hfpl<\/td>\n<\/tr>\n<tr>\n<td>d\u00e9lai de livraison<\/td>\n<td>dans les 7 jours ouvrables<\/td>\n<\/tr>\n<tr>\n<td>certification<\/td>\n<td>iso 9001<\/td>\n<\/tr>\n<tr>\n<td>marque<\/td>\n<td>oem\/lvyuan<\/td>\n<\/tr>\n<\/tbody>\n<\/table>","protected":false},"featured_media":2220,"comment_status":"open","ping_status":"closed","template":"","meta":{"_gspb_post_css":""},"product_brand":[],"product_cat":[17,22],"product_tag":[939,261,262,260,268,941],"class_list":{"0":"post-2200","1":"product","2":"type-product","3":"status-publish","4":"has-post-thumbnail","6":"product_cat-sediment-filter","7":"product_cat-sintered-filter-cartridge","8":"product_tag-1-pcs-moq","9":"product_tag-guangdong-china","10":"product_tag-guangzhou-port","11":"product_tag-iso-9001","12":"product_tag-ly-hfpl","13":"product_tag-paypal-payment","15":"first","16":"instock","17":"shipping-taxable","18":"product-type-simple"},"_links":{"self":[{"href":"https:\/\/lyfilter.com\/fr\/wp-json\/wp\/v2\/product\/2200","targetHints":{"allow":["GET"]}}],"collection":[{"href":"https:\/\/lyfilter.com\/fr\/wp-json\/wp\/v2\/product"}],"about":[{"href":"https:\/\/lyfilter.com\/fr\/wp-json\/wp\/v2\/types\/product"}],"replies":[{"embeddable":true,"href":"https:\/\/lyfilter.com\/fr\/wp-json\/wp\/v2\/comments?post=2200"}],"wp:featuredmedia":[{"embeddable":true,"href":"https:\/\/lyfilter.com\/fr\/wp-json\/wp\/v2\/media\/2220"}],"wp:attachment":[{"href":"https:\/\/lyfilter.com\/fr\/wp-json\/wp\/v2\/media?parent=2200"}],"wp:term":[{"taxonomy":"product_brand","embeddable":true,"href":"https:\/\/lyfilter.com\/fr\/wp-json\/wp\/v2\/product_brand?post=2200"},{"taxonomy":"product_cat","embeddable":true,"href":"https:\/\/lyfilter.com\/fr\/wp-json\/wp\/v2\/product_cat?post=2200"},{"taxonomy":"product_tag","embeddable":true,"href":"https:\/\/lyfilter.com\/fr\/wp-json\/wp\/v2\/product_tag?post=2200"}],"curies":[{"name":"wp","href":"https:\/\/api.w.org\/{rel}","templated":true}]}}