{"id":2194,"date":"2026-01-06T09:49:07","date_gmt":"2026-01-06T09:49:07","guid":{"rendered":"https:\/\/lyfilter.com\/?post_type=product&#038;p=2194"},"modified":"2026-01-06T09:49:07","modified_gmt":"2026-01-06T09:49:07","slug":"hydrophobic-215-226-adaptor-0-2-micron-60um-ptfe-water-filter","status":"publish","type":"product","link":"https:\/\/lyfilter.com\/fr\/hydrophobic-215-226-adaptor-0-2-micron-60um-ptfe-water-filter\/","title":{"rendered":"Adaptateur hydrophobe 215 226 0.2 Micron 60um PTFE Filtre \u00e0 eau"},"content":{"rendered":"<div class=\"unit-detail-html-tabs__content-attr\">\n<div class=\"unit-product-attrparam\">\n<div class=\"unit-product-attrparam__items row\">\n<div class=\"col-12 col-md-6\">\n<div class=\"unit-product-attrparam__item\">\n<div class=\"unit-product-attrparam__label\">Mat\u00e9riau : pp<\/div>\n<\/div>\n<\/div>\n<div class=\"col-12 col-md-6\">\n<div class=\"unit-product-attrparam__item\">\n<div class=\"unit-product-attrparam__label\">Disponibilit\u00e9 : OEM\/ODM<\/div>\n<\/div>\n<\/div>\n<\/div>\n<\/div>\n<\/div>\n<div class=\"unit-detail-html-tabs__content-featuresAttr\"><\/div>\n<div class=\"unit-detail-html-tabs__content-html\">\n<div id=\"_root\" class=\"engine-app\" data-reactroot=\"\">\n<div id=\"ali-anchor-AliMagic-qb7w6x\" class=\"magic-0\" data-section=\"AliMagic-qb7w6x\" data-section-title=\"Product Description\"><strong>Cartouche pliss\u00e9e \u00e0 membrane PTFE hydrophobe de 0,2 micron Filtre de ventilation avec adaptateur 215 226<\/strong><\/div>\n<p>Cartouche filtrante pliss\u00e9e en PTFE<\/p>\n<div class=\"icbu-pc-images magic-1\">\n<div class=\"flex-layout-h\">\n<div class=\"text-wrapper magic-15\">\n<div class=\"text-wrapper-right text-theme-light text-align-left\">\n<div class=\"text-content\">\n<p class=\"magic-11\"><strong>Cartouche filtrante pliss\u00e9e hydrophobe en PTFE<\/strong>\u00a0est constitu\u00e9e d'une membrane PTFE hydrophobe qui pr\u00e9sente une excellente compatibilit\u00e9 chimique et une r\u00e9sistance \u00e0 la corrosion. Cette cartouche filtrante convient \u00e0 la filtration des liquides et des gaz fortement agressifs et oxydants.<\/p>\n<p><strong>Cartouche filtrante pliss\u00e9e en PTFE hydrophile<\/strong>\u00a0est constitu\u00e9 d'une membrane hydrophile en PTFE qui pr\u00e9sente une excellente compatibilit\u00e9 chimique et une bonne r\u00e9sistance \u00e0 la corrosion. La membrane est hydrophile et peut filtrer le liquide directement sans pr\u00e9-mouillage, ce qui permet d'\u00e9conomiser du temps.<\/p>\n<\/div>\n<\/div>\n<\/div>\n<\/div>\n<\/div>\n<div class=\"icbu-pc-images magic-1\">\n<div class=\"flex-layout-h\">\n<div class=\"flex-layout-v magic-12\">\n<p>&nbsp;<\/p>\n<p>&nbsp;<\/p>\n<\/div>\n<\/div>\n<\/div>\n<div id=\"ali-anchor-AliMagic-tbcwpl\" class=\"magic-0\" data-section=\"AliMagic-tbcwpl\" data-section-title=\"Specification\"><strong>Sp\u00e9cifications<\/strong><\/div>\n<div class=\"magic-0\" data-section=\"AliMagic-tbcwpl\" data-section-title=\"Specification\"><\/div>\n<div class=\"ife-detail-decorate-table\">\n<div class=\"table-responsive\">\n<table class=\"all magic-16\">\n<tbody>\n<tr class=\"firstRow\">\n<td>\n<div class=\"magic-17\">Option de m\u00e9dia filtrant<\/div>\n<\/td>\n<td>\n<div class=\"magic-18\">PP<\/div>\n<\/td>\n<td>\n<div class=\"magic-19\">PSE<\/div>\n<\/td>\n<td>\n<div class=\"magic-17\">PTFE<\/div>\n<\/td>\n<td>\n<div class=\"magic-20\">Nylon 6\/66<\/div>\n<\/td>\n<td>\n<div class=\"magic-21\">PVDF<\/div>\n<\/td>\n<\/tr>\n<tr>\n<td>\n<div class=\"magic-17\">Longueur<\/div>\n<\/td>\n<td>\n<div class=\"magic-18\">2,5\u201d, 5, 10, 20, 30, 40 pouces<\/div>\n<\/td>\n<td>\n<div class=\"magic-19\">2,5\u201d, 5, 10, 20, 30, 40 pouces<\/div>\n<\/td>\n<td>\n<div class=\"magic-17\">2,5\u201d, 5, 10, 20, 30, 40 pouces<\/div>\n<\/td>\n<td>\n<div class=\"magic-20\">2,5\u201d, 5, 10, 20, 30, 40 pouces<\/div>\n<\/td>\n<td>\n<div class=\"magic-21\">2,5\u201d, 5, 10, 20, 30, 40 pouces<\/div>\n<\/td>\n<\/tr>\n<tr>\n<td>\n<div class=\"magic-17\">Taux de micron<\/div>\n<\/td>\n<td>\n<div class=\"magic-18\">0,1, 0,2, 0,45, 0,65, 0,8, 1, 2, 3, 5, 10, 20, 25, 30, 50, 60 microns<\/div>\n<\/td>\n<td>\n<div class=\"magic-19\">0,1, 0,2, 0,45, 0,65 micron<\/div>\n<\/td>\n<td>\n<div class=\"magic-17\">0,2, 0,45 micron<\/div>\n<\/td>\n<td>\n<div class=\"magic-20\">0,2, 0,45, 0,65, 1 micron<\/div>\n<\/td>\n<td>\n<div class=\"magic-21\">0,2, 0,45 micron<\/div>\n<\/td>\n<\/tr>\n<tr>\n<td>\n<div class=\"magic-17\">Capuchon d'extr\u00e9mit\u00e9<\/div>\n<\/td>\n<td>\n<div class=\"magic-18\">DOE, 222+Fin, 222+Flat, 226+Fin, 226+Flat<\/div>\n<\/td>\n<td>\n<div class=\"magic-19\">DOE, 222+Fin, 222+Flat, 226+Fin, 226+Flat<\/div>\n<\/td>\n<td>\n<div class=\"magic-17\">DOE, 222+Fin, 222+Flat, 226+Fin, 226+Flat<\/div>\n<\/td>\n<td>\n<div class=\"magic-20\">DOE, 222+Fin, 222+Flat, 226+Fin, 226+Flat<\/div>\n<\/td>\n<td>\n<div class=\"magic-21\">DOE, 222+Fin, 222+Flat, 226+Fin, 226+Flat<\/div>\n<\/td>\n<\/tr>\n<tr>\n<td>\n<div class=\"magic-17\">Diam\u00e8tre int\u00e9rieur<\/div>\n<\/td>\n<td>\n<div class=\"magic-18\">28 mm<\/div>\n<\/td>\n<td>\n<div class=\"magic-19\">28 mm<\/div>\n<\/td>\n<td>\n<div class=\"magic-17\">28 mm<\/div>\n<\/td>\n<td>\n<div class=\"magic-20\">28 mm<\/div>\n<\/td>\n<td>\n<div class=\"magic-21\">28 mm<\/div>\n<\/td>\n<\/tr>\n<tr>\n<td>\n<div class=\"magic-17\">Diam\u00e8tre ext\u00e9rieur<\/div>\n<\/td>\n<td>\n<div class=\"magic-18\">69mm (peut \u00eatre personnalis\u00e9)<\/div>\n<\/td>\n<td>\n<div class=\"magic-19\">69mm (peut \u00eatre personnalis\u00e9)<\/div>\n<\/td>\n<td>\n<div class=\"magic-17\">69mm (peut \u00eatre personnalis\u00e9)<\/div>\n<\/td>\n<td>\n<div class=\"magic-20\">69mm (peut \u00eatre personnalis\u00e9)<\/div>\n<\/td>\n<td>\n<div class=\"magic-21\">69mm (peut \u00eatre personnalis\u00e9)<\/div>\n<\/td>\n<\/tr>\n<tr>\n<td>\n<div class=\"magic-17\">Mat\u00e9riau du joint\/de l'anneau<\/div>\n<\/td>\n<td>\n<div class=\"magic-18\">Silicone\/EPDM\/NBR\/Viton\/T\u00e9flon<\/div>\n<\/td>\n<td>\n<div class=\"magic-19\">Silicone\/EPDM\/NBR\/Viton\/T\u00e9flon<\/div>\n<\/td>\n<td>\n<div class=\"magic-17\">Silicone\/EPDM\/NBR\/Viton\/T\u00e9flon<\/div>\n<\/td>\n<td>\n<div class=\"magic-20\">Silicone\/EPDM\/NBR\/Viton\/T\u00e9flon<\/div>\n<\/td>\n<td>\n<div class=\"magic-21\">Silicone\/EPDM\/NBR\/Viton\/T\u00e9flon<\/div>\n<\/td>\n<\/tr>\n<tr>\n<td>\n<div class=\"magic-17\">Surface de filtration effective<\/div>\n<\/td>\n<td>\n<div class=\"magic-18\">0.4-0.7m\u00b2;<\/div>\n<\/td>\n<td>\n<div class=\"magic-19\">\u22655m\u00b2;<\/div>\n<\/td>\n<td>\n<div class=\"magic-17\">\u22650.72m\u00b2;<\/div>\n<\/td>\n<td>\n<div class=\"magic-20\">\u22650.6m\u00b2;<\/div>\n<\/td>\n<td>\n<div class=\"magic-21\">\u22650.72m\u00b2;<\/div>\n<\/td>\n<\/tr>\n<tr>\n<td>\n<div class=\"magic-17\">Diff\u00e9rence de pression maximale de travail<\/div>\n<\/td>\n<td>\n<div class=\"magic-18\">0,42Mpa \u00e0 25\u00baC<\/div>\n<\/td>\n<td>\n<div class=\"magic-19\">0,42Mpa \u00e0 25\u00baC<\/div>\n<\/td>\n<td>\n<div class=\"magic-17\">0,42Mpa \u00e0 25\u00baC<\/div>\n<\/td>\n<td>\n<div class=\"magic-20\">0,42Mpa \u00e0 25\u00baC<\/div>\n<\/td>\n<td>\n<div class=\"magic-21\">0,42Mpa \u00e0 25\u00baC<\/div>\n<\/td>\n<\/tr>\n<tr>\n<td>\n<div class=\"magic-17\">Contre-pression maximale<\/div>\n<\/td>\n<td>\n<div class=\"magic-18\">0,28Mpa \u00e0 60\u00baC<\/div>\n<\/td>\n<td>\n<div class=\"magic-19\">0,21Mpa \u00e0 25\u00baC<\/div>\n<\/td>\n<td>\n<div class=\"magic-17\">0,35Mpa \u00e0 60\u00baC<\/div>\n<\/td>\n<td>\n<div class=\"magic-20\">0,35Mpa \u00e0 25\u00baC<\/div>\n<\/td>\n<td>\n<div class=\"magic-21\">0,21Mpa \u00e0 25\u00baC<\/div>\n<\/td>\n<\/tr>\n<tr>\n<td>\n<div class=\"magic-17\">Temp\u00e9rature maximale de fonctionnement<\/div>\n<\/td>\n<td>\n<div class=\"magic-18\">88\u00baC \u00e0 0,28Mpa, 60\u00baC \u00e0 0,42Mpa<\/div>\n<\/td>\n<td>\n<div class=\"magic-19\">140\u00baC \u00e0 0,28Mpa<\/div>\n<\/td>\n<td>\n<div class=\"magic-17\">142\u00baC \u00e0 0,276Mpa<\/div>\n<\/td>\n<td>\n<div class=\"magic-20\">49\u00baC \u00e0 0,21Mpa<\/div>\n<\/td>\n<td>\n<div class=\"magic-21\">80\u00baC \u00e0 0,173Mpa<\/div>\n<\/td>\n<\/tr>\n<tr>\n<td>\n<div class=\"magic-17\">Temp\u00e9rature de st\u00e9rilisation<\/div>\n<\/td>\n<td>\n<div class=\"magic-18\">121\u2103, 30mins<\/div>\n<\/td>\n<td>\n<div class=\"magic-19\">121\u2103, 30mins<\/div>\n<\/td>\n<td>\n<div class=\"magic-17\">121\u2103, 30mins<\/div>\n<\/td>\n<td>\n<div class=\"magic-20\">121\u2103, 30mins<\/div>\n<\/td>\n<td>\n<div class=\"magic-21\">121\u2103, 30mins<\/div>\n<\/td>\n<\/tr>\n<\/tbody>\n<\/table>\n<\/div>\n<\/div>\n<div class=\"magic-0\" data-section=\"AliMagic-3su540\" data-section-title=\"Application\"><\/div>\n<div id=\"ali-anchor-AliMagic-3su540\" class=\"magic-0\" data-section=\"AliMagic-3su540\" data-section-title=\"Application\"><strong>Application<\/strong><\/div>\n<div class=\"magic-0\" data-section=\"AliMagic-3su540\" data-section-title=\"Application\"><\/div>\n<div class=\"detail-decorate-json-renderer-container\">\n<div class=\"magic-4\">\n<div class=\"magic-8\">\n<div class=\"magic-9\">\n<div class=\"magic-10\">\n<p class=\"magic-11\">1. Industrie \u00e9lectronique : pr\u00e9filtration des syst\u00e8mes d'eau par osmose inverse RO, pr\u00e9filtration des syst\u00e8mes d'eau d\u00e9ionis\u00e9e.<br \/>\n2. Industrie alimentaire : filtration des boissons, de la bi\u00e8re et de l'eau min\u00e9rale.<br \/>\n3. Industrie chimique : filtration de solvants organiques et d'encres.<br \/>\n4. Industrie pharmaceutique : filtration de produits pharmaceutiques, biologiques, de produits s\u00e9riques, d'air comprim\u00e9 et de gaz.<br \/>\n5. Autres : filtration de solutions de placage, de fluides de traitement, de r\u00e9sine photosensible et de supports magn\u00e9tiques.<\/p>\n<\/div>\n<\/div>\n<\/div>\n<\/div>\n<\/div>\n<\/div>\n<\/div>","protected":false},"excerpt":{"rendered":"<table>\n<thead>\n<tr>\n<th>article<\/th>\n<th>d\u00e9tails<\/th>\n<\/tr>\n<\/thead>\n<tbody>\n<tr>\n<td>port de d\u00e9part<\/td>\n<td>guangzhou<\/td>\n<\/tr>\n<tr>\n<td>capacit\u00e9 de production<\/td>\n<td>10000 unit\u00e9s\/mois<\/td>\n<\/tr>\n<tr>\n<td>lieu d'origine<\/td>\n<td>guangdong, chine<\/td>\n<\/tr>\n<tr>\n<td>paiement<\/td>\n<td>t\/t, western union, alibaba trade assurance<\/td>\n<\/tr>\n<tr>\n<td>moq<\/td>\n<td>1 pi\u00e8ce<\/td>\n<\/tr>\n<tr>\n<td>mod\u00e8le<\/td>\n<td>ly-hfpl-7<\/td>\n<\/tr>\n<tr>\n<td>d\u00e9lai de livraison<\/td>\n<td>dans les 7 jours ouvrables<\/td>\n<\/tr>\n<tr>\n<td>certification<\/td>\n<td>iso 9001<\/td>\n<\/tr>\n<tr>\n<td>marque<\/td>\n<td>oem\/lvyuan<\/td>\n<\/tr>\n<\/tbody>\n<\/table>","protected":false},"featured_media":2204,"comment_status":"open","ping_status":"closed","template":"","meta":{"_gspb_post_css":""},"product_brand":[],"product_cat":[17,21],"product_tag":[939,261,262,260,278,282],"class_list":{"0":"post-2194","1":"product","2":"type-product","3":"status-publish","4":"has-post-thumbnail","6":"product_cat-sediment-filter","7":"product_cat-pleated-filter-cartridge","8":"product_tag-1-pcs-moq","9":"product_tag-guangdong-china","10":"product_tag-guangzhou-port","11":"product_tag-iso-9001","12":"product_tag-ly-hfpl-7","13":"product_tag-oem-lvyuan","15":"first","16":"instock","17":"shipping-taxable","18":"product-type-simple"},"_links":{"self":[{"href":"https:\/\/lyfilter.com\/fr\/wp-json\/wp\/v2\/product\/2194","targetHints":{"allow":["GET"]}}],"collection":[{"href":"https:\/\/lyfilter.com\/fr\/wp-json\/wp\/v2\/product"}],"about":[{"href":"https:\/\/lyfilter.com\/fr\/wp-json\/wp\/v2\/types\/product"}],"replies":[{"embeddable":true,"href":"https:\/\/lyfilter.com\/fr\/wp-json\/wp\/v2\/comments?post=2194"}],"wp:featuredmedia":[{"embeddable":true,"href":"https:\/\/lyfilter.com\/fr\/wp-json\/wp\/v2\/media\/2204"}],"wp:attachment":[{"href":"https:\/\/lyfilter.com\/fr\/wp-json\/wp\/v2\/media?parent=2194"}],"wp:term":[{"taxonomy":"product_brand","embeddable":true,"href":"https:\/\/lyfilter.com\/fr\/wp-json\/wp\/v2\/product_brand?post=2194"},{"taxonomy":"product_cat","embeddable":true,"href":"https:\/\/lyfilter.com\/fr\/wp-json\/wp\/v2\/product_cat?post=2194"},{"taxonomy":"product_tag","embeddable":true,"href":"https:\/\/lyfilter.com\/fr\/wp-json\/wp\/v2\/product_tag?post=2194"}],"curies":[{"name":"wp","href":"https:\/\/api.w.org\/{rel}","templated":true}]}}