{"id":2192,"date":"2026-01-06T09:42:52","date_gmt":"2026-01-06T09:42:52","guid":{"rendered":"https:\/\/lyfilter.com\/?post_type=product&#038;p=2192"},"modified":"2026-01-06T09:43:47","modified_gmt":"2026-01-06T09:43:47","slug":"ro-plant-20-30inch-1um-3um-high-flow-filter-cartridges","status":"publish","type":"product","link":"https:\/\/lyfilter.com\/fr\/ro-plant-20-30inch-1um-3um-high-flow-filter-cartridges\/","title":{"rendered":"Ro Plant 20 30inch 1um 3um High Flow Filter Cartridges (cartouches filtrantes \u00e0 haut d\u00e9bit)"},"content":{"rendered":"<p>Mat\u00e9riau :<\/p>\n<p>Mat\u00e9riau du filtre : fibre de verre, polypropyl\u00e8ne (PP)<\/p>\n<p>Couche de support\/d\u00e9tournement : polypropyl\u00e8ne<\/p>\n<p>Couvercle d'extr\u00e9mit\u00e9 : polypropyl\u00e8ne renforc\u00e9 de fibres de verre<\/p>\n<p>Joint d'\u00e9tanch\u00e9it\u00e9 : EPR, PTFE caoutchouc fluor\u00e9<\/p>\n<p>Performance de l'\u00e9l\u00e9ment filtrant :<\/p>\n<p>Pr\u00e9cision du filtrage : 1\u03bcm, 3\u03bcm, 5\u03bcm, 10\u03bcm, 20\u03bcm, 50\u03bcm, 70\u03bcm.<\/p>\n<p>Temp\u00e9rature de fonctionnement la plus \u00e9lev\u00e9e : 80\u2103<\/p>","protected":false},"excerpt":{"rendered":"<table>\n<thead>\n<tr>\n<th>article<\/th>\n<th>d\u00e9tails<\/th>\n<\/tr>\n<\/thead>\n<tbody>\n<tr>\n<td>port de d\u00e9part<\/td>\n<td>guangzhou<\/td>\n<\/tr>\n<tr>\n<td>capacit\u00e9 de production<\/td>\n<td>10000 unit\u00e9s\/mois<\/td>\n<\/tr>\n<tr>\n<td>lieu d'origine<\/td>\n<td>guangdong, chine<\/td>\n<\/tr>\n<tr>\n<td>paiement<\/td>\n<td>t\/t, alibaba trade assurance<\/td>\n<\/tr>\n<tr>\n<td>mod\u00e8le<\/td>\n<td>ly-hfpl<\/td>\n<\/tr>\n<tr>\n<td>d\u00e9lai de livraison<\/td>\n<td>dans les 7 jours ouvrables<\/td>\n<\/tr>\n<tr>\n<td>certification<\/td>\n<td>iso 9001<\/td>\n<\/tr>\n<tr>\n<td>marque<\/td>\n<td>oem\/lvyuan<\/td>\n<\/tr>\n<\/tbody>\n<\/table>","protected":false},"featured_media":2195,"comment_status":"open","ping_status":"closed","template":"","meta":{"_gspb_post_css":""},"product_brand":[],"product_cat":[17,20],"product_tag":[940,261,262,260,268,282],"class_list":{"0":"post-2192","1":"product","2":"type-product","3":"status-publish","4":"has-post-thumbnail","6":"product_cat-sediment-filter","7":"product_cat-high-flow-filter-cartridge","8":"product_tag-10k-units-per-month","9":"product_tag-guangdong-china","10":"product_tag-guangzhou-port","11":"product_tag-iso-9001","12":"product_tag-ly-hfpl","13":"product_tag-oem-lvyuan","15":"first","16":"instock","17":"shipping-taxable","18":"product-type-simple"},"_links":{"self":[{"href":"https:\/\/lyfilter.com\/fr\/wp-json\/wp\/v2\/product\/2192","targetHints":{"allow":["GET"]}}],"collection":[{"href":"https:\/\/lyfilter.com\/fr\/wp-json\/wp\/v2\/product"}],"about":[{"href":"https:\/\/lyfilter.com\/fr\/wp-json\/wp\/v2\/types\/product"}],"replies":[{"embeddable":true,"href":"https:\/\/lyfilter.com\/fr\/wp-json\/wp\/v2\/comments?post=2192"}],"wp:featuredmedia":[{"embeddable":true,"href":"https:\/\/lyfilter.com\/fr\/wp-json\/wp\/v2\/media\/2195"}],"wp:attachment":[{"href":"https:\/\/lyfilter.com\/fr\/wp-json\/wp\/v2\/media?parent=2192"}],"wp:term":[{"taxonomy":"product_brand","embeddable":true,"href":"https:\/\/lyfilter.com\/fr\/wp-json\/wp\/v2\/product_brand?post=2192"},{"taxonomy":"product_cat","embeddable":true,"href":"https:\/\/lyfilter.com\/fr\/wp-json\/wp\/v2\/product_cat?post=2192"},{"taxonomy":"product_tag","embeddable":true,"href":"https:\/\/lyfilter.com\/fr\/wp-json\/wp\/v2\/product_tag?post=2192"}],"curies":[{"name":"wp","href":"https:\/\/api.w.org\/{rel}","templated":true}]}}