{"id":2190,"date":"2026-01-06T09:40:03","date_gmt":"2026-01-06T09:40:03","guid":{"rendered":"https:\/\/lyfilter.com\/?post_type=product&#038;p=2190"},"modified":"2026-01-06T09:46:57","modified_gmt":"2026-01-06T09:46:57","slug":"hydrophilic-porous-membrane-filter-ptfe-water-filter","status":"publish","type":"product","link":"https:\/\/lyfilter.com\/fr\/hydrophilic-porous-membrane-filter-ptfe-water-filter\/","title":{"rendered":"Filtre \u00e0 membrane poreuse hydrophile Filtre \u00e0 eau PTFE"},"content":{"rendered":"<p>Filtre \u00e0 membrane poreuse hydrophile Filtre \u00e0 eau PTFE<\/p>\n<p>La cartouche filtrante pliss\u00e9e en polypropyl\u00e8ne ou cartouche filtrante en PP est constitu\u00e9e d'un m\u00e9dia en polypropyl\u00e8ne de grande surface (membrane microporeuse en PP) pour une faible perte de charge initiale et une grande capacit\u00e9 de r\u00e9tention des impuret\u00e9s. Les cartouches filtrantes sont construites avec une cage moul\u00e9e tr\u00e8s r\u00e9sistante qui leur permet de supporter des pertes de charge \u00e9lev\u00e9es.<\/p>\n<p>&nbsp;<\/p>\n<p>&nbsp;<\/p>\n<div class=\"table-responsive\">\n<table width=\"475\" cellspacing=\"0\" cellpadding=\"0\">\n<colgroup>\n<col \/>\n<col \/><\/colgroup>\n<tbody>\n<tr class=\"firstRow\">\n<td width=\"152\" height=\"39\">Industries concern\u00e9es<\/td>\n<td width=\"323\">H\u00f4tels, magasins de mat\u00e9riaux de construction, usage domestique, commerce de d\u00e9tail, travaux de construction<\/td>\n<\/tr>\n<tr>\n<td width=\"152\" height=\"20\">Taille<\/td>\n<td width=\"323\">10 pouces<\/td>\n<\/tr>\n<tr>\n<td width=\"152\" height=\"20\">Nom du produit<\/td>\n<td width=\"323\">Cartouche de filtre \u00e0 eau pliss\u00e9e<\/td>\n<\/tr>\n<tr>\n<td width=\"152\" height=\"20\">Type<\/td>\n<td width=\"323\">Conditionneur (purificateur d'eau)<\/td>\n<\/tr>\n<tr>\n<td width=\"152\" height=\"20\">Mat\u00e9riau<\/td>\n<td width=\"323\">PP;PES;PVDF<\/td>\n<\/tr>\n<tr>\n<td width=\"152\" height=\"20\">Taux de micron<\/td>\n<td width=\"323\">0,2-100micron<\/td>\n<\/tr>\n<tr>\n<td width=\"152\" height=\"20\">Application<\/td>\n<td width=\"323\">Traitement de l'eau domestique<\/td>\n<\/tr>\n<\/tbody>\n<\/table>\n<\/div>\n<p><strong>Caract\u00e9ristiques<\/strong><\/p>\n<p>1 Valeurs nominales en micron de 1 \u00e0 100 \u03bcm - large gamme d'applications.<\/p>\n<p>2 Construction en polypropyl\u00e8ne - inerte pour de nombreux fluides de traitement (haute compatibilit\u00e9 chimique)<\/p>\n<p>3 Diff\u00e9rents mat\u00e9riaux de joint\/joint \u00e0 choisir pour r\u00e9pondre \u00e0 vos diff\u00e9rents besoins<\/p>\n<p>4 Cage moul\u00e9e ultra-robuste - haute r\u00e9sistance structurelle<\/p>\n<p>5 Construction thermo-soud\u00e9e.<\/p>\n<p>6 La membrane en PP microprous assure une haute performance de filtration et une longue dur\u00e9e de vie.<\/p>\n<p>Notre \u00e9quipe<\/p>\n<p><img decoding=\"async\" src=\"https:\/\/img.yfisher.com\/m6076\/17257325525aj\/jpg70-t3-scale100.webp\" alt=\"Filtre \u00e0 membrane poreuse hydrophile PTFE Filtre \u00e0 eau 4\" data-lazy=\"2\" title=\"\"><\/p>\n<p>Nous sommes disponibles 24 heures sur 24, contactez-nous \u00e0 l'adresse suivante : info@lyfilter.com<\/p>","protected":false},"excerpt":{"rendered":"<table>\n<thead>\n<tr>\n<th>article<\/th>\n<th>d\u00e9tails<\/th>\n<\/tr>\n<\/thead>\n<tbody>\n<tr>\n<td>port de d\u00e9part<\/td>\n<td>guangzhou<\/td>\n<\/tr>\n<tr>\n<td>capacit\u00e9 de production<\/td>\n<td>10000 unit\u00e9s\/mois<\/td>\n<\/tr>\n<tr>\n<td>lieu d'origine<\/td>\n<td>guangdong, chine<\/td>\n<\/tr>\n<tr>\n<td>paiement<\/td>\n<td>t\/t, western union, alibaba trade assurance<\/td>\n<\/tr>\n<tr>\n<td>moq<\/td>\n<td>1 pi\u00e8ce<\/td>\n<\/tr>\n<tr>\n<td>mod\u00e8le<\/td>\n<td>ly-hfpl-7<\/td>\n<\/tr>\n<tr>\n<td>d\u00e9lai de livraison<\/td>\n<td>dans les 7 jours ouvrables<\/td>\n<\/tr>\n<tr>\n<td>certification<\/td>\n<td>iso 9001<\/td>\n<\/tr>\n<tr>\n<td>marque<\/td>\n<td>oem\/lvyuan<\/td>\n<\/tr>\n<\/tbody>\n<\/table>","protected":false},"featured_media":2193,"comment_status":"open","ping_status":"closed","template":"","meta":{"_gspb_post_css":""},"product_brand":[],"product_cat":[17,22],"product_tag":[939,261,262,260,278,282],"class_list":{"0":"post-2190","1":"product","2":"type-product","3":"status-publish","4":"has-post-thumbnail","6":"product_cat-sediment-filter","7":"product_cat-sintered-filter-cartridge","8":"product_tag-1-pcs-moq","9":"product_tag-guangdong-china","10":"product_tag-guangzhou-port","11":"product_tag-iso-9001","12":"product_tag-ly-hfpl-7","13":"product_tag-oem-lvyuan","15":"first","16":"instock","17":"shipping-taxable","18":"product-type-simple"},"_links":{"self":[{"href":"https:\/\/lyfilter.com\/fr\/wp-json\/wp\/v2\/product\/2190","targetHints":{"allow":["GET"]}}],"collection":[{"href":"https:\/\/lyfilter.com\/fr\/wp-json\/wp\/v2\/product"}],"about":[{"href":"https:\/\/lyfilter.com\/fr\/wp-json\/wp\/v2\/types\/product"}],"replies":[{"embeddable":true,"href":"https:\/\/lyfilter.com\/fr\/wp-json\/wp\/v2\/comments?post=2190"}],"wp:featuredmedia":[{"embeddable":true,"href":"https:\/\/lyfilter.com\/fr\/wp-json\/wp\/v2\/media\/2193"}],"wp:attachment":[{"href":"https:\/\/lyfilter.com\/fr\/wp-json\/wp\/v2\/media?parent=2190"}],"wp:term":[{"taxonomy":"product_brand","embeddable":true,"href":"https:\/\/lyfilter.com\/fr\/wp-json\/wp\/v2\/product_brand?post=2190"},{"taxonomy":"product_cat","embeddable":true,"href":"https:\/\/lyfilter.com\/fr\/wp-json\/wp\/v2\/product_cat?post=2190"},{"taxonomy":"product_tag","embeddable":true,"href":"https:\/\/lyfilter.com\/fr\/wp-json\/wp\/v2\/product_tag?post=2190"}],"curies":[{"name":"wp","href":"https:\/\/api.w.org\/{rel}","templated":true}]}}