{"id":2188,"date":"2026-01-06T09:35:42","date_gmt":"2026-01-06T09:35:42","guid":{"rendered":"https:\/\/lyfilter.com\/?post_type=product&#038;p=2188"},"modified":"2026-01-06T09:50:53","modified_gmt":"2026-01-06T09:50:53","slug":"microporous-membrane-filter-222-fin-10mm-polyethylene-filters","status":"publish","type":"product","link":"https:\/\/lyfilter.com\/fr\/microporous-membrane-filter-222-fin-10mm-polyethylene-filters\/","title":{"rendered":"Filtre \u00e0 membrane microporeuse 222 Fin 10mm Filtres en poly\u00e9thyl\u00e8ne"},"content":{"rendered":"<div class=\"unit-detail-html-tabs__content-attr\">\n<div class=\"unit-product-attrparam\">\n<div class=\"unit-product-attrparam__items row\">\n<div class=\"col-12 col-md-6\">\n<div class=\"unit-product-attrparam__item\"><\/div>\n<\/div>\n<\/div>\n<\/div>\n<\/div>\n<div class=\"unit-detail-html-tabs__content-featuresAttr\">L'\u00e9l\u00e9ment filtrant fritt\u00e9 est fabriqu\u00e9 \u00e0 partir de divers mat\u00e9riaux composites selon un processus sp\u00e9cial. Il poss\u00e8de des caract\u00e9ristiques hydrophiles. Il peut non seulement filtrer les impuret\u00e9s m\u00e9caniques dans le milieu, mais aussi par d\u00e9mulsification et coalescence, de sorte que l'eau \u00e0 l'\u00e9tat \u00e9mulsifi\u00e9 peut \u00eatre \u00e9limin\u00e9e du milieu. L'\u00e9l\u00e9ment filtrant est s\u00e9par\u00e9 et coalesc\u00e9 en gouttelettes d'eau coaxiales pour faciliter la purification ult\u00e9rieure du milieu.<\/div>\n<div class=\"unit-detail-html-tabs__content-html\">\n<p>L'\u00e9l\u00e9ment filtrant coalescent en fibre de verre est une fibre de verre \u00e0 gradient de haute densit\u00e9, qui coalesce efficacement le brouillard de liquide et la transformation dans le flux d'air, et offre une grande pr\u00e9cision de filtration. La structure est stable, il n'y a pas de d\u00e9placement des fibres du m\u00e9dia et il n'y a pas de pollution de l'environnement et des produits en aval. Bonne compatibilit\u00e9, bonne protection de l'environnement, mat\u00e9riaux synth\u00e9tiques, combustion compl\u00e8te sans r\u00e9sidus.<\/p>\n<p><img decoding=\"async\" src=\"https:\/\/img.yfisher.com\/m6076\/1725732550toi\/png70-t3-scale100.webp\" alt=\"Filtre \u00e0 membrane microporeuse 222 Fin 10mm Filtres en poly\u00e9thyl\u00e8ne 4\" data-lazy=\"2\" title=\"\"><\/p>\n<p>Nous sommes des professionnels de la fabrication et de la vente d'\u00e9l\u00e9ments filtrants de remplacement et de bo\u00eetiers de filtre en acier inoxydable. Nous fournissons un service de personnalisation OEM pour r\u00e9pondre aux diff\u00e9rentes exigences des clients, et acceptons la personnalisation de diff\u00e9rentes tailles pour les \u00e9l\u00e9ments filtrants, les bo\u00eetiers de filtre \u00e0 cartouche et les bo\u00eetiers de filtre \u00e0 poche. Nous avons export\u00e9 dans plus d'une centaine de pays, en Europe, au Moyen-Orient, en Asie du Sud-Est, en Am\u00e9rique du Sud-Est, en Am\u00e9rique du Nord, etc. Notre technologie et notre service ont \u00e9t\u00e9 universellement reconnus par les clients. Contactez nous : Info@lyfilter.com<\/p>\n<\/div>","protected":false},"excerpt":{"rendered":"<table>\n<thead>\n<tr>\n<th>article<\/th>\n<th>d\u00e9tails<\/th>\n<\/tr>\n<\/thead>\n<tbody>\n<tr>\n<td>port de d\u00e9part<\/td>\n<td>guangzhou<\/td>\n<\/tr>\n<tr>\n<td>capacit\u00e9 de production<\/td>\n<td>10000 unit\u00e9s\/mois<\/td>\n<\/tr>\n<tr>\n<td>lieu d'origine<\/td>\n<td>guangdong, chine<\/td>\n<\/tr>\n<tr>\n<td>paiement<\/td>\n<td>t\/t, western union, alibaba trade assurance, paypal<\/td>\n<\/tr>\n<tr>\n<td>mod\u00e8le<\/td>\n<td>ly-hfpl-7<\/td>\n<\/tr>\n<tr>\n<td>d\u00e9lai de livraison<\/td>\n<td>dans les 7 jours ouvrables<\/td>\n<\/tr>\n<tr>\n<td>certification<\/td>\n<td>iso 9001<\/td>\n<\/tr>\n<tr>\n<td>marque<\/td>\n<td>oem\/lvyuan<\/td>\n<\/tr>\n<\/tbody>\n<\/table>","protected":false},"featured_media":2191,"comment_status":"open","ping_status":"closed","template":"","meta":{"_gspb_post_css":""},"product_brand":[],"product_cat":[17,22],"product_tag":[284,261,262,260,278,282],"class_list":{"0":"post-2188","1":"product","2":"type-product","3":"status-publish","4":"has-post-thumbnail","6":"product_cat-sediment-filter","7":"product_cat-sintered-filter-cartridge","8":"product_tag-7-working-days-delivery","9":"product_tag-guangdong-china","10":"product_tag-guangzhou-port","11":"product_tag-iso-9001","12":"product_tag-ly-hfpl-7","13":"product_tag-oem-lvyuan","15":"first","16":"instock","17":"shipping-taxable","18":"product-type-simple"},"_links":{"self":[{"href":"https:\/\/lyfilter.com\/fr\/wp-json\/wp\/v2\/product\/2188","targetHints":{"allow":["GET"]}}],"collection":[{"href":"https:\/\/lyfilter.com\/fr\/wp-json\/wp\/v2\/product"}],"about":[{"href":"https:\/\/lyfilter.com\/fr\/wp-json\/wp\/v2\/types\/product"}],"replies":[{"embeddable":true,"href":"https:\/\/lyfilter.com\/fr\/wp-json\/wp\/v2\/comments?post=2188"}],"wp:featuredmedia":[{"embeddable":true,"href":"https:\/\/lyfilter.com\/fr\/wp-json\/wp\/v2\/media\/2191"}],"wp:attachment":[{"href":"https:\/\/lyfilter.com\/fr\/wp-json\/wp\/v2\/media?parent=2188"}],"wp:term":[{"taxonomy":"product_brand","embeddable":true,"href":"https:\/\/lyfilter.com\/fr\/wp-json\/wp\/v2\/product_brand?post=2188"},{"taxonomy":"product_cat","embeddable":true,"href":"https:\/\/lyfilter.com\/fr\/wp-json\/wp\/v2\/product_cat?post=2188"},{"taxonomy":"product_tag","embeddable":true,"href":"https:\/\/lyfilter.com\/fr\/wp-json\/wp\/v2\/product_tag?post=2188"}],"curies":[{"name":"wp","href":"https:\/\/api.w.org\/{rel}","templated":true}]}}