{"id":2186,"date":"2026-01-06T09:08:15","date_gmt":"2026-01-06T09:08:15","guid":{"rendered":"https:\/\/lyfilter.com\/?post_type=product&#038;p=2186"},"modified":"2026-01-06T09:55:13","modified_gmt":"2026-01-06T09:55:13","slug":"factory-oem-white-porous-filter-disc-for-filtration-industrial","status":"publish","type":"product","link":"https:\/\/lyfilter.com\/fr\/factory-oem-white-porous-filter-disc-for-filtration-industrial\/","title":{"rendered":"Disque filtrant poreux blanc OEM pour filtration industrielle"},"content":{"rendered":"<table>\n<thead>\n<tr>\n<th>article<\/th>\n<th>d\u00e9tails<\/th>\n<\/tr>\n<\/thead>\n<tbody>\n<tr>\n<td>mat\u00e9riel<\/td>\n<td>pe<\/td>\n<\/tr>\n<tr>\n<td>disponibilit\u00e9<\/td>\n<td>oem<\/td>\n<\/tr>\n<\/tbody>\n<\/table>\n<p>Disque filtrant poreux blanc OEM pour filtration industrielle<\/p>\n<p>Le PE\u00a0<a href=\"https:\/\/lyfilter.com\/fr\/products.html\/\">\u00e9l\u00e9ment filtrant<\/a>\u00a0Il pr\u00e9sente une distribution uniforme de la taille des pores, une forte r\u00e9sistance aux acides et aux alcalis, une r\u00e9sistance aux temp\u00e9ratures \u00e9lev\u00e9es, de bonnes propri\u00e9t\u00e9s m\u00e9caniques et une forte r\u00e9sistance aux solvants organiques. La production d'\u00e9quipements de traitement de l'eau \u00e0 grande \u00e9chelle peut adopter la m\u00e9thode automatique ou manuelle d'\u00e9limination des scories par r\u00e9trobalayage, les particules solides peuvent \u00eatre r\u00e9cup\u00e9r\u00e9es par \u00e9limination des scories \u00e0 sec, sans remplacement fr\u00e9quent des \u00e9l\u00e9ments filtrants, avec un fonctionnement automatique, un faible co\u00fbt de filtration et d'autres avantages, qui sont bien accueillis par les utilisateurs.<\/p>\n<p><img decoding=\"async\" src=\"https:\/\/img.yfisher.com\/m6076\/1725732549x15\/png70-t3-scale100.webp\" alt=\"Disque filtrant poreux blanc pour filtration industrielle 2\" data-lazy=\"2\" title=\"\"><\/p>\n<p><img decoding=\"async\" src=\"https:\/\/img.yfisher.com\/m6076\/1725732549vtb\/png70-t3-scale100.webp\" alt=\"Disque filtrant poreux blanc pour filtration industrielle 3\" data-lazy=\"2\" title=\"\"><\/p>\n<p>FAQ<\/p>\n<p>R\u00e9ponse : En g\u00e9n\u00e9ral, le MOQ est exig\u00e9 ici, mais nous avons un large stock de produits, vous pouvez passer une commande d'essai. Nous pouvons vous fournir les produits dont vous avez besoin.<\/p>\n<p>Le temps est fonction de votre quantit\u00e9 ;<\/p>\n<p>Q2 : Puis-je obtenir un \u00e9chantillon avant de passer une commande formelle ?<\/p>\n<p>R\u00e9ponse : Oui. Nous pouvons vous fournir des \u00e9chantillons gratuits pour v\u00e9rifier notre qualit\u00e9, mais le transport doit \u00eatre collect\u00e9, si vous avez un compte express,<\/p>\n<p>nous pourrions \u00e9galement utiliser votre compte pour vous envoyer nos \u00e9chantillons.<\/p>\n<p>Q3:Je suis un petit grossiste, acceptez-vous les petites commandes ?<\/p>\n<p>R : Ce n'est pas un probl\u00e8me si vous \u00eates un petit grossiste, nous aimerions grandir avec vous.<\/p>\n<p>Q4 : Puis-je ajouter mon logo sur les produits m\u00e9dicaux ?<\/p>\n<p>R : Oui, nous proposons des solutions OEM et ODM.<\/p>","protected":false},"excerpt":{"rendered":"<table>\n<thead>\n<tr>\n<th>article<\/th>\n<th>d\u00e9tails<\/th>\n<\/tr>\n<\/thead>\n<tbody>\n<tr>\n<td>mod\u00e8le<\/td>\n<td>ly-hfpl-7<\/td>\n<\/tr>\n<tr>\n<td>lieu d'origine<\/td>\n<td>guangdong, chine<\/td>\n<\/tr>\n<tr>\n<td>port de d\u00e9part<\/td>\n<td>guangzhou<\/td>\n<\/tr>\n<tr>\n<td>capacit\u00e9 de production<\/td>\n<td>10 000 unit\u00e9s\/mois<\/td>\n<\/tr>\n<tr>\n<td>moq<\/td>\n<td>1 pi\u00e8ce<\/td>\n<\/tr>\n<tr>\n<td>d\u00e9lai de livraison<\/td>\n<td>dans les 7 jours ouvrables<\/td>\n<\/tr>\n<tr>\n<td>certification<\/td>\n<td>iso 9001<\/td>\n<\/tr>\n<tr>\n<td>paiement<\/td>\n<td>t\/t ; alibaba trade assurance ; paypal<\/td>\n<\/tr>\n<\/tbody>\n<\/table>","protected":false},"featured_media":2189,"comment_status":"open","ping_status":"closed","template":"","meta":{"_gspb_post_css":""},"product_brand":[],"product_cat":[17,22],"product_tag":[284,286,936,938,285,935],"class_list":{"0":"post-2186","1":"product","2":"type-product","3":"status-publish","4":"has-post-thumbnail","6":"product_cat-sediment-filter","7":"product_cat-sintered-filter-cartridge","8":"product_tag-7-working-days-delivery","9":"product_tag-guangzhou-start-port","10":"product_tag-iso-9001-certified","11":"product_tag-ly-hfpl-7-filter-element","12":"product_tag-moq-1-pcs","13":"product_tag-oem-filter-element-supplier","15":"first","16":"instock","17":"shipping-taxable","18":"product-type-simple"},"_links":{"self":[{"href":"https:\/\/lyfilter.com\/fr\/wp-json\/wp\/v2\/product\/2186","targetHints":{"allow":["GET"]}}],"collection":[{"href":"https:\/\/lyfilter.com\/fr\/wp-json\/wp\/v2\/product"}],"about":[{"href":"https:\/\/lyfilter.com\/fr\/wp-json\/wp\/v2\/types\/product"}],"replies":[{"embeddable":true,"href":"https:\/\/lyfilter.com\/fr\/wp-json\/wp\/v2\/comments?post=2186"}],"wp:featuredmedia":[{"embeddable":true,"href":"https:\/\/lyfilter.com\/fr\/wp-json\/wp\/v2\/media\/2189"}],"wp:attachment":[{"href":"https:\/\/lyfilter.com\/fr\/wp-json\/wp\/v2\/media?parent=2186"}],"wp:term":[{"taxonomy":"product_brand","embeddable":true,"href":"https:\/\/lyfilter.com\/fr\/wp-json\/wp\/v2\/product_brand?post=2186"},{"taxonomy":"product_cat","embeddable":true,"href":"https:\/\/lyfilter.com\/fr\/wp-json\/wp\/v2\/product_cat?post=2186"},{"taxonomy":"product_tag","embeddable":true,"href":"https:\/\/lyfilter.com\/fr\/wp-json\/wp\/v2\/product_tag?post=2186"}],"curies":[{"name":"wp","href":"https:\/\/api.w.org\/{rel}","templated":true}]}}