{"id":2184,"date":"2026-01-06T09:06:08","date_gmt":"2026-01-06T09:06:08","guid":{"rendered":"https:\/\/lyfilter.com\/?post_type=product&#038;p=2184"},"modified":"2026-01-06T09:57:07","modified_gmt":"2026-01-06T09:57:07","slug":"frited-filter-discs-porous-discs-for-use-in-fabrication-of-special-glass","status":"publish","type":"product","link":"https:\/\/lyfilter.com\/fr\/frited-filter-discs-porous-discs-for-use-in-fabrication-of-special-glass\/","title":{"rendered":"DISQUES FILTRES FRITED Disques poreux utilis\u00e9s dans la fabrication de verres sp\u00e9ciaux"},"content":{"rendered":"<div class=\"unit-detail-html-tabs__content-attr\">\n<div class=\"unit-product-attrparam\">\n<div class=\"unit-product-attrparam__items row\">\n<div class=\"col-12 col-md-6\">\n<div class=\"unit-product-attrparam__item\">\n<div class=\"unit-product-attrparam__label\">Mat\u00e9riau : pe<\/div>\n<\/div>\n<\/div>\n<div class=\"col-12 col-md-6\">\n<div class=\"unit-product-attrparam__item\">\n<div class=\"unit-product-attrparam__label\">Disponibilit\u00e9 : OEM<\/div>\n<\/div>\n<\/div>\n<\/div>\n<\/div>\n<\/div>\n<div class=\"unit-detail-html-tabs__content-featuresAttr\"><\/div>\n<div class=\"unit-detail-html-tabs__content-html\">\n<p>DISQUES FILTRES FRITED Disques poreux utilis\u00e9s dans la fabrication de verres sp\u00e9ciaux<\/p>\n<p><img decoding=\"async\" src=\"https:\/\/img.yfisher.com\/m6076\/1725732548xrf\/jpg70-t3-scale100.webp\" alt=\"DISQUES FILTRES FRITED Disques poreux utilis\u00e9s dans la fabrication de verres sp\u00e9ciaux 2\" data-lazy=\"2\" title=\"\"><\/p>\n<p><img decoding=\"async\" src=\"https:\/\/img.yfisher.com\/m6076\/1725732548f7l\/jpg70-t3-scale100.webp\" alt=\"DISQUES FILTRES FRITED Disques poreux utilis\u00e9s dans la fabrication de verres sp\u00e9ciaux 3\" data-lazy=\"2\" title=\"\"><\/p>\n<p>M\u00e9dical et pharmaceutique<\/p>\n<p>1. \u00c9limination des impuret\u00e9s, d\u00e9carbonisation et filtration fine. 2. S\u00e9chage des gaz acides 3. Filtration de la d\u00e9carbonisation 4. Filtres auto-obturant dans un sac d'aspiration<\/p>\n<p>Alimentation et boissons<\/p>\n<p>1. Filtration des levures restantes et des diatom\u00e9es 2. Filtration de la clarification dans les boissons 3. Filtration de l'eau dans les boissons et les brasseries 4. Filtration de l'air st\u00e9rile dans la bi\u00e8re et la brasserie<\/p>\n<p>P\u00e9trole et gaz<\/p>\n<p>1. Filtration du recyclage des solvants organiques 2. Filtration de l'eau d'injection 3. Filtration de la vapeur, de l'air comprim\u00e9 et du catalyseur 4. Filtration du produit final<\/p>\n<p>Chimique<\/p>\n<p>1. R\u00e9cup\u00e9ration du catalyseur 2. D\u00e9carbonisation interm\u00e9diaire de la m\u00e9decine et filtration fine 3. Filtration du proc\u00e9d\u00e9 H2O2<\/p>\n<p>Traitement de l'eau<\/p>\n<p>1. Protection de l'osmose inverse dans le dessalement de l'eau de mer 2. Filtration st\u00e9rile \u00e0 l'ozone et a\u00e9ration \u00e0 l'ozone 3. Protection des syst\u00e8mes d'ultrafiltration, d'OI, d'EDI<\/p>\n<p>L'industrie<\/p>\n<p>1. Filtres dans les syst\u00e8mes d'analyse des gaz de combustion et les syst\u00e8mes CEMS 2. A\u00e9ration de l'air 3. Silencieux et att\u00e9nuateurs de bruit 4. Filtration de l'air comprim\u00e9 5. Filtres pour instruments en m\u00e9tal poreux CMI<\/p>\n<p><img decoding=\"async\" src=\"https:\/\/img.yfisher.com\/m6076\/1725732548phi\/jpg70-t3-scale100.webp\" alt=\"DISQUES FILTRES FRITED Disques poreux utilis\u00e9s dans la fabrication de verres sp\u00e9ciaux 4\" data-lazy=\"2\" title=\"\"><\/p>\n<\/div>","protected":false},"excerpt":{"rendered":"<table>\n<thead>\n<tr>\n<th>article<\/th>\n<th>d\u00e9tails<\/th>\n<\/tr>\n<\/thead>\n<tbody>\n<tr>\n<td>mod\u00e8le<\/td>\n<td>ly-hfpl<\/td>\n<\/tr>\n<tr>\n<td>certification<\/td>\n<td>iso 9001<\/td>\n<\/tr>\n<tr>\n<td>port de d\u00e9part<\/td>\n<td>guangzhou<\/td>\n<\/tr>\n<tr>\n<td>capacit\u00e9 de production<\/td>\n<td>10 000 unit\u00e9s\/mois<\/td>\n<\/tr>\n<tr>\n<td>moq<\/td>\n<td>1 pi\u00e8ce<\/td>\n<\/tr>\n<tr>\n<td>d\u00e9lai de livraison<\/td>\n<td>dans les 7 jours ouvrables<\/td>\n<\/tr>\n<tr>\n<td>paiement<\/td>\n<td>t\/t ; western union ; alibaba trade assurance<\/td>\n<\/tr>\n<\/tbody>\n<\/table>","protected":false},"featured_media":2187,"comment_status":"open","ping_status":"closed","template":"","meta":{"_gspb_post_css":""},"product_brand":[],"product_cat":[17,22],"product_tag":[937,284,936,926,285,935],"class_list":{"0":"post-2184","1":"product","2":"type-product","3":"status-publish","4":"has-post-thumbnail","6":"product_cat-sediment-filter","7":"product_cat-sintered-filter-cartridge","8":"product_tag-10000-units-per-month","9":"product_tag-7-working-days-delivery","10":"product_tag-iso-9001-certified","11":"product_tag-ly-hfpl-filter-element","12":"product_tag-moq-1-pcs","13":"product_tag-oem-filter-element-supplier","15":"first","16":"instock","17":"shipping-taxable","18":"product-type-simple"},"_links":{"self":[{"href":"https:\/\/lyfilter.com\/fr\/wp-json\/wp\/v2\/product\/2184","targetHints":{"allow":["GET"]}}],"collection":[{"href":"https:\/\/lyfilter.com\/fr\/wp-json\/wp\/v2\/product"}],"about":[{"href":"https:\/\/lyfilter.com\/fr\/wp-json\/wp\/v2\/types\/product"}],"replies":[{"embeddable":true,"href":"https:\/\/lyfilter.com\/fr\/wp-json\/wp\/v2\/comments?post=2184"}],"wp:featuredmedia":[{"embeddable":true,"href":"https:\/\/lyfilter.com\/fr\/wp-json\/wp\/v2\/media\/2187"}],"wp:attachment":[{"href":"https:\/\/lyfilter.com\/fr\/wp-json\/wp\/v2\/media?parent=2184"}],"wp:term":[{"taxonomy":"product_brand","embeddable":true,"href":"https:\/\/lyfilter.com\/fr\/wp-json\/wp\/v2\/product_brand?post=2184"},{"taxonomy":"product_cat","embeddable":true,"href":"https:\/\/lyfilter.com\/fr\/wp-json\/wp\/v2\/product_cat?post=2184"},{"taxonomy":"product_tag","embeddable":true,"href":"https:\/\/lyfilter.com\/fr\/wp-json\/wp\/v2\/product_tag?post=2184"}],"curies":[{"name":"wp","href":"https:\/\/api.w.org\/{rel}","templated":true}]}}