{"id":2181,"date":"2026-01-06T09:03:59","date_gmt":"2026-01-06T09:03:59","guid":{"rendered":"https:\/\/lyfilter.com\/?post_type=product&#038;p=2181"},"modified":"2026-01-06T09:03:59","modified_gmt":"2026-01-06T09:03:59","slug":"membrane-filter-222-fin-10mm-polyethylene-filters","status":"publish","type":"product","link":"https:\/\/lyfilter.com\/fr\/membrane-filter-222-fin-10mm-polyethylene-filters\/","title":{"rendered":"Filtre \u00e0 membrane 222 Fin 10mm Filtres en poly\u00e9thyl\u00e8ne"},"content":{"rendered":"<p>Filtre \u00e0 membrane 222 Fin 10mm Filtres en poly\u00e9thyl\u00e8ne<\/p>\n<p>&nbsp;<\/p>\n<div class=\"J_module\">\n<div class=\"detail-decorate-json-renderer-container\">\n<div class=\"magic-4\">\n<div class=\"magic-10\">\n<div class=\"magic-11\">\n<div class=\"magic-12\" data-id=\"paragraph0\">\n<p>L'\u00e9l\u00e9ment filtrant fritt\u00e9 est fabriqu\u00e9 \u00e0 partir de divers mat\u00e9riaux composites selon un processus sp\u00e9cial. Il poss\u00e8de des caract\u00e9ristiques hydrophiles. Il peut non seulement filtrer les impuret\u00e9s m\u00e9caniques dans le milieu, mais aussi par d\u00e9mulsification et coalescence, de sorte que l'eau \u00e0 l'\u00e9tat \u00e9mulsifi\u00e9 peut \u00eatre \u00e9limin\u00e9e du milieu. L'\u00e9l\u00e9ment filtrant est s\u00e9par\u00e9 et coalesc\u00e9 en gouttelettes d'eau coaxiales pour faciliter la purification ult\u00e9rieure du milieu.<\/p>\n<p>&nbsp;<\/p>\n<\/div>\n<\/div>\n<\/div>\n<\/div>\n<\/div>\n<\/div>\n<div class=\"J_module\">\n<div class=\"icbu-pc-images magic-1\">\n<div class=\"flex-layout-h\">\n<div class=\"text-wrapper magic-15\">\n<div class=\"text-wrapper-left text-theme-light text-align-left\">\n<div class=\"text-title\" data-id=\"left-title\">\n<div class=\"table-responsive\">\n<table border=\"1\" width=\"293\" cellspacing=\"0\" cellpadding=\"0\" data-id=\"table0\">\n<colgroup>\n<col \/>\n<col \/><\/colgroup>\n<tbody>\n<tr class=\"firstRow\">\n<td height=\"21\">\n<div data-spm-anchor-id=\"a2700.details.pronpeci14.i0.3d7757d7z2aB2B\">Attributs<\/div>\n<\/td>\n<td>\n<div>D\u00e9tails<\/div>\n<\/td>\n<\/tr>\n<tr>\n<td height=\"39\">\n<div>Lieu d'origine<\/div>\n<\/td>\n<td>\n<div>Hebei,CHINE<\/div>\n<\/td>\n<\/tr>\n<tr>\n<td height=\"21\">\n<div>Condition<\/div>\n<\/td>\n<td>\n<div>NOUVEAU<\/div>\n<\/td>\n<\/tr>\n<tr>\n<td height=\"21\">\n<div>Marque<\/div>\n<\/td>\n<td>\n<div>POKE<\/div>\n<\/td>\n<\/tr>\n<tr>\n<td height=\"21\">\n<div>Certificat<\/div>\n<\/td>\n<td>\n<div>ISO9001<\/div>\n<\/td>\n<\/tr>\n<tr>\n<td height=\"39\">\n<div>Paquet<\/div>\n<\/td>\n<td>\n<div>Emballage neutre<\/div>\n<\/td>\n<\/tr>\n<tr>\n<td height=\"39\">\n<div>D\u00e9lai de livraison<\/div>\n<\/td>\n<td>\n<div data-spm-anchor-id=\"a2700.details.pronpeci14.i1.3d7757d7z2aB2B\">7-15 jours<\/div>\n<\/td>\n<\/tr>\n<\/tbody>\n<\/table>\n<\/div>\n<h3 class=\"magic-16\">\u00a0<img decoding=\"async\" src=\"https:\/\/img.yfisher.com\/m6076\/17257325468ns\/png70-t3-scale100.webp\" alt=\"Filtre \u00e0 membrane 222 Fin 10mm Filtres en poly\u00e9thyl\u00e8ne 2\" data-lazy=\"2\" title=\"\"><\/h3>\n<\/div>\n<\/div>\n<\/div>\n<\/div>\n<\/div>\n<\/div>\n<p>&nbsp;<\/p>\n<div class=\"J_module\">\n<div class=\"ife-detail-decorate-table\">\n<div class=\"table-responsive\"><\/div>\n<\/div>\n<\/div>\n<div class=\"J_module\">\n<div id=\"ali-anchor-AliMagic-unme00\" class=\"magic-0\" data-section=\"AliMagic-unme00\" data-section-title=\"Application\"><strong>Application<\/strong><\/div>\n<\/div>\n<div class=\"J_module\">\n<div class=\"detail-decorate-json-renderer-container\">\n<div class=\"magic-4\">\n<div class=\"magic-10\">\n<div class=\"magic-11\">\n<div class=\"magic-12\">\n<p class=\"magic-13\">(1) Grande infusion d'eau, filtration par d\u00e9carbonisation des interm\u00e9diaires pharmaceutiques ; bouillon de fermentation, liquide oral<br \/>\n(2) Charbon actif en poudre avec filtre de d\u00e9coloration (glucose liquide m\u00e9dicinal, antibiotiques, m\u00e9dicaments synth\u00e9tiques, pr\u00e9paration, liquide de phytoth\u00e9rapie chinoise, etc.)<br \/>\n(3) Liquide d'injection<br \/>\n(4) Filtre \u00e0 air d'injection<br \/>\n(5) Injection de l'eau de la bouteille de lavage<br \/>\n(6) Filtration de la liqueur m\u00e9dicale<\/p>\n<\/div>\n<\/div>\n<\/div>\n<\/div>\n<\/div>\n<\/div>\n<p>Guangzhou Lvyuan Water Purification Equipment Co. est l'un des fabricants professionnels de produits de filtration. Notre soci\u00e9t\u00e9 a \u00e9t\u00e9 cr\u00e9\u00e9e en 2009, \u00e0 proximit\u00e9 de la rivi\u00e8re des Perles. Nous avons jusqu'\u00e0 10 ans d'exp\u00e9rience en mati\u00e8re d'exportation et de production nationale, des comp\u00e9tences techniques professionnelles et un syst\u00e8me de gestion de la qualit\u00e9 syst\u00e9matique.<\/p>\n<p>Nous sommes des professionnels de la fabrication et de la vente d'\u00e9l\u00e9ments filtrants de remplacement et de bo\u00eetiers de filtre en acier inoxydable. Nous fournissons un service de personnalisation OEM pour r\u00e9pondre aux diff\u00e9rentes exigences des clients, et acceptons la personnalisation de diff\u00e9rentes tailles pour les \u00e9l\u00e9ments filtrants, les bo\u00eetiers de filtre \u00e0 cartouche et les bo\u00eetiers de filtre \u00e0 poche. Nous avons export\u00e9 dans plus d'une centaine de pays, en Europe, au Moyen-Orient, en Asie du Sud-Est, en Am\u00e9rique du Sud-Est, en Am\u00e9rique du Nord, etc. Notre technologie et notre service ont \u00e9t\u00e9 universellement reconnus par les clients.<\/p>","protected":false},"excerpt":{"rendered":"<p>Vous n'avez pas inclus les sp\u00e9cifications du produit cette fois-ci, je ne peux donc pas encore g\u00e9n\u00e9rer une m\u00e9ta-description, des balises ou un tableau pr\u00e9cis. Collez les d\u00e9tails (mat\u00e9riau, mod\u00e8le, micron\/taille\/longueur, certifications, application, emballage, d\u00e9lai de livraison), et je mettrai tout en forme dans le m\u00eame style imm\u00e9diatement.<\/p>","protected":false},"featured_media":2185,"comment_status":"open","ping_status":"closed","template":"","meta":{"_gspb_post_css":""},"product_brand":[],"product_cat":[22,17],"product_tag":[930,934,933,888,932,931],"class_list":{"0":"post-2181","1":"product","2":"type-product","3":"status-publish","4":"has-post-thumbnail","6":"product_cat-sintered-filter-cartridge","7":"product_cat-sediment-filter","8":"product_tag-custom-micron-filter","9":"product_tag-custom-size-filter-media","10":"product_tag-industrial-filtration-parts","11":"product_tag-oem-filter-element","12":"product_tag-process-liquid-filter-cartridge","13":"product_tag-water-filtration-element","15":"first","16":"instock","17":"shipping-taxable","18":"product-type-simple"},"_links":{"self":[{"href":"https:\/\/lyfilter.com\/fr\/wp-json\/wp\/v2\/product\/2181","targetHints":{"allow":["GET"]}}],"collection":[{"href":"https:\/\/lyfilter.com\/fr\/wp-json\/wp\/v2\/product"}],"about":[{"href":"https:\/\/lyfilter.com\/fr\/wp-json\/wp\/v2\/types\/product"}],"replies":[{"embeddable":true,"href":"https:\/\/lyfilter.com\/fr\/wp-json\/wp\/v2\/comments?post=2181"}],"wp:featuredmedia":[{"embeddable":true,"href":"https:\/\/lyfilter.com\/fr\/wp-json\/wp\/v2\/media\/2185"}],"wp:attachment":[{"href":"https:\/\/lyfilter.com\/fr\/wp-json\/wp\/v2\/media?parent=2181"}],"wp:term":[{"taxonomy":"product_brand","embeddable":true,"href":"https:\/\/lyfilter.com\/fr\/wp-json\/wp\/v2\/product_brand?post=2181"},{"taxonomy":"product_cat","embeddable":true,"href":"https:\/\/lyfilter.com\/fr\/wp-json\/wp\/v2\/product_cat?post=2181"},{"taxonomy":"product_tag","embeddable":true,"href":"https:\/\/lyfilter.com\/fr\/wp-json\/wp\/v2\/product_tag?post=2181"}],"curies":[{"name":"wp","href":"https:\/\/api.w.org\/{rel}","templated":true}]}}