{"id":2175,"date":"2026-01-06T08:55:35","date_gmt":"2026-01-06T08:55:35","guid":{"rendered":"https:\/\/lyfilter.com\/?post_type=product&#038;p=2175"},"modified":"2026-01-06T08:55:35","modified_gmt":"2026-01-06T08:55:35","slug":"pleated-filter-element-polyethylene-filters","status":"publish","type":"product","link":"https:\/\/lyfilter.com\/fr\/pleated-filter-element-polyethylene-filters\/","title":{"rendered":"\u00c9l\u00e9ment filtrant pliss\u00e9 Filtres en poly\u00e9thyl\u00e8ne"},"content":{"rendered":"<div class=\"unit-detail-html-tabs__content-attr\">\n<div class=\"unit-product-attrparam\">\n<div class=\"unit-product-attrparam__items row\">\n<div class=\"col-12 col-md-6\">\n<div class=\"unit-product-attrparam__item\">\n<div class=\"unit-product-attrparam__label\">Mat\u00e9riau<\/div>\n<div class=\"unit-product-attrparam__value\" title=\"pe \">pe<\/div>\n<\/div>\n<\/div>\n<div class=\"col-12 col-md-6\">\n<div class=\"unit-product-attrparam__item\">\n<div class=\"unit-product-attrparam__label\">Disponibilit\u00e9<\/div>\n<div class=\"unit-product-attrparam__value\" title=\"OEM\">OEM<\/div>\n<\/div>\n<\/div>\n<\/div>\n<\/div>\n<\/div>\n<div class=\"unit-detail-html-tabs__content-featuresAttr\"><\/div>\n<div class=\"unit-detail-html-tabs__content-html\">\n<div class=\"J_module\">\n<div class=\"detail-decorate-json-renderer-container\">\n<div class=\"magic-0\">\n<h1 class=\"magic-1\" data-id=\"title0\">\u00c9l\u00e9ment filtrant pliss\u00e9 Filtres en poly\u00e9thyl\u00e8ne<\/h1>\n<\/div>\n<\/div>\n<\/div>\n<div class=\"J_module\">\n<div id=\"ali-anchor-AliMagic-bs4eha\" class=\"magic-5\" data-section=\"AliMagic-bs4eha\" data-section-title=\"Product Description\"><strong>Description du produit<\/strong><\/div>\n<\/div>\n<div class=\"J_module\">\n<div class=\"detail-decorate-json-renderer-container\">\n<div class=\"magic-0\">\n<div class=\"magic-2\">\n<div class=\"magic-3\">\n<div class=\"magic-4\" data-id=\"paragraph0\">\n<p class=\"magic-14\">Le PE fritt\u00e9\u00a0<a href=\"https:\/\/lyfilter.com\/fr\/products.html\/\">\u00e9l\u00e9ment filtrant<\/a>\u00a0est fabriqu\u00e9 en poly\u00e9thyl\u00e8ne \u00e0 tr\u00e8s haut poids mol\u00e9culaire fritt\u00e9 et moul\u00e9, de structure compacte, solide, l\u00e9ger, capable de r\u00e9sister \u00e0 une pression de filtration \u00e9lev\u00e9e, non toxique et insipide, et pr\u00e9sentant une bonne r\u00e9sistance \u00e0 la corrosion par les solvants acides et alcalins.<\/p>\n<p class=\"magic-14\">Utilisation du produit L'\u00e9l\u00e9ment filtrant fritt\u00e9 en PE est principalement utilis\u00e9 pour la filtration et le traitement des eaux us\u00e9es de l'eau pure, de l'eau domestique, des boissons, du traitement m\u00e9dical, des liquides de galvanoplastie, des \u00e9mulsions, des liquides de lavage, des solutions acido-basiques et d'autres liquides. Il peut non seulement filtrer les solides en suspension dans le liquide, mais aussi \u00e9liminer le chlore, les impuret\u00e9s organiques, la couleur, l'odeur, etc. dans le liquide.<\/p>\n<p class=\"magic-14\">Conditions de fonctionnement 0-40\u2103 Diff\u00e9rence de pression maximale 6bar<br \/>\nDiff\u00e9rence de pression maximale de fonctionnement \u00e0 60\u2103 5bar<br \/>\n80\u2103 diff\u00e9rence de pression maximale de fonctionnement 4,5bar<br \/>\n120\u2103 diff\u00e9rence de pression maximale de fonctionnement 4bar<\/p>\n<p class=\"magic-14\">\n<div class=\"table-responsive\">\n<table border=\"1\" width=\"473\" cellspacing=\"0\" cellpadding=\"0\">\n<colgroup>\n<col \/>\n<col \/><\/colgroup>\n<tbody>\n<tr class=\"firstRow\">\n<td height=\"58\"><span data-spm-anchor-id=\"a2700.details.pronpeci14.i2.630b620erd6B2X\">Mat\u00e9riau<\/span><\/td>\n<td>acier inoxydable 304\/316L, bronze, laiton, plastique PE PP<\/td>\n<\/tr>\n<tr>\n<td height=\"114\">Application<\/td>\n<td>Usine de fabrication, usine de produits alimentaires et de boissons, exploitations agricoles, usage domestique, \u00e9nergie et mines, syst\u00e8me de filtration<\/td>\n<\/tr>\n<tr>\n<td height=\"59\">Taille des pores<\/td>\n<td>0,5um, 2um, 5um, 10um, 15um, 20um, 40um, 60um, 90um, 100um<\/td>\n<\/tr>\n<tr>\n<td rowspan=\"2\" height=\"73\">Fonctionnalit\u00e9<\/td>\n<td><\/td>\n<\/tr>\n<tr>\n<td height=\"53\">Distribution uniforme des particules, pas de scories, belle apparence<\/td>\n<\/tr>\n<tr>\n<td height=\"22\">Cote du filtre<\/td>\n<td>99.99%<\/td>\n<\/tr>\n<tr>\n<td height=\"22\">\u00c9paisseur<\/td>\n<td>1-1000mm<\/td>\n<\/tr>\n<tr>\n<td height=\"22\">Largeur<\/td>\n<td>0,1-500 mm<\/td>\n<\/tr>\n<tr>\n<td height=\"47\">Forme<\/td>\n<td data-spm-anchor-id=\"a2700.details.pronpeci14.i5.630b620erd6B2X\">Disque, tube, coupe ou forme personnalis\u00e9e<\/td>\n<\/tr>\n<tr>\n<td height=\"20\">Utilisation<\/td>\n<td>Filtre \u00e0 air<\/td>\n<\/tr>\n<\/tbody>\n<\/table>\n<\/div>\n<p>&nbsp;<\/p>\n<\/div>\n<\/div>\n<\/div>\n<\/div>\n<\/div>\n<\/div>\n<div class=\"J_module\">\n<div class=\"icbu-pc-images magic-6\">\n<div class=\"flex-layout-v\">\n<p>\u00a0<img decoding=\"async\" src=\"https:\/\/img.yfisher.com\/m6076\/1725732543nb1\/png70-t3-scale100.webp\" alt=\"\u00c9l\u00e9ment filtrant pliss\u00e9 Filtres en poly\u00e9thyl\u00e8ne 2\" data-lazy=\"2\" title=\"\"><\/p>\n<\/div>\n<\/div>\n<\/div>\n<div class=\"J_module\">\n<div class=\"icbu-pc-images magic-6\">\n<div class=\"flex-layout-v\">\n<div class=\"flex-layout-h magic-6\">\n<div class=\"magic-44\">\n<p><strong>Nos avantages :<\/strong><\/p>\n<p>&nbsp;<\/p>\n<p>Fabricant professionnel avec de nombreuses ann\u00e9es d'exp\u00e9rience<br \/>\nBonne qualit\u00e9 et prix comp\u00e9titif<br \/>\nOEM et ODM sont les bienvenus<br \/>\nProduction selon votre \u00e9chantillon ou votre dessin<\/p>\n<\/div>\n<\/div>\n<\/div>\n<\/div>\n<\/div>\n<\/div>","protected":false},"excerpt":{"rendered":"<p>Vous obtenez un \u00e9l\u00e9ment filtrant fritt\u00e9 en PE solide et l\u00e9ger qui aide \u00e0 nettoyer l'eau et les liquides de traitement sans ajouter de go\u00fbt ou d'odeur. Il supporte la haute pression, r\u00e9siste \u00e0 la corrosion acide\/alcaline et peut \u00eatre fabriqu\u00e9 \u00e0 votre taille ou selon votre dessin.<\/p>","protected":false},"featured_media":2179,"comment_status":"open","ping_status":"closed","template":"","meta":{"_gspb_post_css":""},"product_brand":[],"product_cat":[17,22],"product_tag":[922,923,925,920,921,924],"class_list":{"0":"post-2175","1":"product","2":"type-product","3":"status-publish","4":"has-post-thumbnail","6":"product_cat-sediment-filter","7":"product_cat-sintered-filter-cartridge","8":"product_tag-0-5-100-micron-pe-filter","9":"product_tag-acid-alkali-resistant-filter","10":"product_tag-oem-odm-custom-filter","11":"product_tag-pe-sintered-filter-element","12":"product_tag-pleated-pe-filter-element","13":"product_tag-water-and-beverage-filtration","15":"first","16":"instock","17":"shipping-taxable","18":"product-type-simple"},"_links":{"self":[{"href":"https:\/\/lyfilter.com\/fr\/wp-json\/wp\/v2\/product\/2175","targetHints":{"allow":["GET"]}}],"collection":[{"href":"https:\/\/lyfilter.com\/fr\/wp-json\/wp\/v2\/product"}],"about":[{"href":"https:\/\/lyfilter.com\/fr\/wp-json\/wp\/v2\/types\/product"}],"replies":[{"embeddable":true,"href":"https:\/\/lyfilter.com\/fr\/wp-json\/wp\/v2\/comments?post=2175"}],"wp:featuredmedia":[{"embeddable":true,"href":"https:\/\/lyfilter.com\/fr\/wp-json\/wp\/v2\/media\/2179"}],"wp:attachment":[{"href":"https:\/\/lyfilter.com\/fr\/wp-json\/wp\/v2\/media?parent=2175"}],"wp:term":[{"taxonomy":"product_brand","embeddable":true,"href":"https:\/\/lyfilter.com\/fr\/wp-json\/wp\/v2\/product_brand?post=2175"},{"taxonomy":"product_cat","embeddable":true,"href":"https:\/\/lyfilter.com\/fr\/wp-json\/wp\/v2\/product_cat?post=2175"},{"taxonomy":"product_tag","embeddable":true,"href":"https:\/\/lyfilter.com\/fr\/wp-json\/wp\/v2\/product_tag?post=2175"}],"curies":[{"name":"wp","href":"https:\/\/api.w.org\/{rel}","templated":true}]}}