{"id":2169,"date":"2026-01-06T08:52:45","date_gmt":"2026-01-06T08:52:45","guid":{"rendered":"https:\/\/lyfilter.com\/?post_type=product&#038;p=2169"},"modified":"2026-01-06T08:55:13","modified_gmt":"2026-01-06T08:55:13","slug":"soe-doe-sintered-pe-polyethylene-filters","status":"publish","type":"product","link":"https:\/\/lyfilter.com\/fr\/soe-doe-sintered-pe-polyethylene-filters\/","title":{"rendered":"SOE DOE Filtres en poly\u00e9thyl\u00e8ne PE fritt\u00e9"},"content":{"rendered":"<div class=\"unit-detail-html-tabs__content-attr\">\n<div class=\"unit-product-attrparam\">\n<div class=\"unit-product-attrparam__items row\">\n<div class=\"col-12 col-md-6\">\n<div class=\"unit-product-attrparam__item\">\n<div class=\"unit-product-attrparam__label\">Mat\u00e9riau<\/div>\n<div class=\"unit-product-attrparam__value\" title=\"pe \">pe<\/div>\n<\/div>\n<\/div>\n<div class=\"col-12 col-md-6\">\n<div class=\"unit-product-attrparam__item\">\n<div class=\"unit-product-attrparam__label\">Disponibilit\u00e9<\/div>\n<div class=\"unit-product-attrparam__value\" title=\"OEM\">OEM<\/div>\n<\/div>\n<\/div>\n<\/div>\n<\/div>\n<\/div>\n<div class=\"unit-detail-html-tabs__content-featuresAttr\"><\/div>\n<div class=\"unit-detail-html-tabs__content-html\">\n<p><strong>SOE DOE Filtres en poly\u00e9thyl\u00e8ne PE fritt\u00e9<\/strong><\/p>\n<div class=\"J_module\">\n<div id=\"ali-anchor-AliMagic-y6yz6z\" class=\"magic-4\" data-section=\"AliMagic-y6yz6z\" data-section-title=\"Product Description\"><strong>Description du produit<\/strong><\/div>\n<div class=\"magic-4\" data-section=\"AliMagic-y6yz6z\" data-section-title=\"Product Description\"><\/div>\n<\/div>\n<div class=\"J_module\">\n<div class=\"detail-decorate-json-renderer-container\">\n<div class=\"magic-0\">\n<div class=\"magic-1\">\n<div class=\"magic-2\">\n<div class=\"magic-3\" data-id=\"paragraph0\">\n<p class=\"magic-13\">Lvyuan fabrique divers produits qui se caract\u00e9risent par une grande pr\u00e9cision de filtration et une grande et longue capacit\u00e9 de r\u00e9tention des salet\u00e9s. Les produits comprennent : des filtres \u00e0 poussi\u00e8re, des filtres hydrauliques, des filtres \u00e0 poussi\u00e8re, des filtres de s\u00e9paration huile-eau, des filtres pliants en acier inoxydable, des filtres \u00e0 huile hydraulique, des filtres \u00e0 eau \u00e0 haut d\u00e9bit, etc.<\/p>\n<\/div>\n<\/div>\n<\/div>\n<\/div>\n<\/div>\n<\/div>\n<div class=\"J_module\">\n<div class=\"icbu-pc-images magic-5\">\n<div class=\"flex-layout-v\">\n<div class=\"flex-layout-h magic-5\">\n<div class=\"magic-25\"><\/div>\n<\/div>\n<\/div>\n<\/div>\n<\/div>\n<div class=\"J_module\">\n<div class=\"ife-detail-decorate-table\">\n<div class=\"table-responsive\">\n<table class=\"all magic-26\" border=\"1\" cellspacing=\"0\" cellpadding=\"0\">\n<tbody>\n<tr class=\"firstRow\">\n<td colspan=\"1\" rowspan=\"1\">\n<div class=\"magic-27\">\n<div data-spm-anchor-id=\"0.0.0.i1.4f2a4f05b619fX\">Nom du produit<\/div>\n<\/div>\n<\/td>\n<td colspan=\"3\" rowspan=\"1\">\n<div class=\"magic-28\">Tube 300mm 500mm 700mm filtre 5 microns poreux fritt\u00e9 en plastique PE pour le traitement de l'eau de piscine<\/div>\n<\/td>\n<td class=\"magic-29\" rowspan=\"0\">\n<div class=\"magic-30\"><\/div>\n<\/td>\n<td class=\"magic-29\" rowspan=\"0\">\n<div class=\"magic-30\"><\/div>\n<\/td>\n<\/tr>\n<tr>\n<td colspan=\"1\" rowspan=\"1\">\n<div class=\"magic-27\">Diam\u00e8tre<\/div>\n<\/td>\n<td colspan=\"3\" rowspan=\"1\">\n<div class=\"magic-28\">10mm,20mm,30mm,40mm,50mm,60mm,70mm,80mm,90mm,100mm,110mm,<br \/>\n120 mm, 200 mm, etc.<\/div>\n<\/td>\n<td class=\"magic-29\" rowspan=\"0\">\n<div class=\"magic-30\"><\/div>\n<\/td>\n<td class=\"magic-29\" rowspan=\"0\">\n<div class=\"magic-30\"><\/div>\n<\/td>\n<\/tr>\n<tr>\n<td colspan=\"1\" rowspan=\"1\">\n<div class=\"magic-27\">Longueur<\/div>\n<\/td>\n<td colspan=\"3\" rowspan=\"1\">\n<div class=\"magic-28\">1\u2033, 2.5\u2033, 5\u2033, 10\u2033 ,20\u2033 ,30\u2033 ,40\u2033, 50\u2033 etc.<\/div>\n<\/td>\n<td class=\"magic-29\" rowspan=\"0\">\n<div class=\"magic-30\"><\/div>\n<\/td>\n<td class=\"magic-29\" rowspan=\"0\">\n<div class=\"magic-30\"><\/div>\n<\/td>\n<\/tr>\n<tr>\n<td colspan=\"1\" rowspan=\"1\">\n<div class=\"magic-27\">Taux de micron<\/div>\n<\/td>\n<td colspan=\"3\" rowspan=\"1\">\n<div class=\"magic-31\">0.2um,0.3um,0.45um,1um,3um,5um,10um,20um,30um,40um,50um,100um,etc.<\/div>\n<\/td>\n<td class=\"magic-29\" rowspan=\"0\">\n<div class=\"magic-30\"><\/div>\n<\/td>\n<td class=\"magic-29\" rowspan=\"0\">\n<div class=\"magic-30\"><\/div>\n<\/td>\n<\/tr>\n<tr>\n<td colspan=\"1\" rowspan=\"1\">\n<div class=\"magic-27\">Temp\u00e9rature de travail<\/div>\n<\/td>\n<td colspan=\"3\" rowspan=\"1\">\n<div class=\"magic-31\">PE\u226480\u2103 ; PTFE\u2265200\u2103;PA\u2264120\u2103<\/div>\n<\/td>\n<td class=\"magic-29\" rowspan=\"0\">\n<div class=\"magic-30\"><\/div>\n<\/td>\n<td class=\"magic-29\" rowspan=\"0\">\n<div class=\"magic-30\"><\/div>\n<\/td>\n<\/tr>\n<tr>\n<td colspan=\"1\" rowspan=\"1\">\n<div class=\"magic-27\">Connecteur du filtre<\/div>\n<\/td>\n<td colspan=\"3\" rowspan=\"1\">\n<div class=\"magic-31\">PLAT, \u00c0 INS\u00c9RER, \u00c0 FILETER, 226, 222, 215, PERSONNALIS\u00c9<\/div>\n<\/td>\n<td class=\"magic-29\" rowspan=\"0\">\n<div class=\"magic-30\"><\/div>\n<\/td>\n<td class=\"magic-29\" rowspan=\"0\">\n<div class=\"magic-30\"><\/div>\n<\/td>\n<\/tr>\n<tr>\n<td colspan=\"1\" rowspan=\"1\">\n<div class=\"magic-27\">Remarque<\/div>\n<\/td>\n<td colspan=\"3\" rowspan=\"1\">\n<div class=\"magic-31\"><strong>La taille du filtre et les microns peuvent \u00eatre personnalis\u00e9s. Plus petit ou plus grand !<\/strong><\/div>\n<\/td>\n<td class=\"magic-29\" rowspan=\"0\">\n<div class=\"magic-30\"><\/div>\n<\/td>\n<td class=\"magic-29\" rowspan=\"0\">\n<div class=\"magic-30\"><\/div>\n<\/td>\n<\/tr>\n<\/tbody>\n<\/table>\n<\/div>\n<\/div>\n<\/div>\n<div class=\"J_module\">\n<div class=\"icbu-pc-images magic-5\">\n<div class=\"flex-layout-h\">\n<div class=\"magic-33\"><\/div>\n<\/div>\n<\/div>\n<\/div>\n<div class=\"J_module\">\n<div class=\"icbu-pc-images magic-5\">\n<div class=\"flex-layout-v\">\n<div class=\"flex-layout-h magic-5\">\n<p>\u00a0<img decoding=\"async\" src=\"https:\/\/img.yfisher.com\/m6076\/1725732541imv\/png70-t3-scale100.webp\" alt=\"SOE DOE Filtres en poly\u00e9thyl\u00e8ne PE fritt\u00e9 2\" data-lazy=\"2\" title=\"\"><\/p>\n<\/div>\n<\/div>\n<\/div>\n<\/div>\n<div class=\"J_module\">\n<div id=\"ali-anchor-AliMagic-gir0c3\" class=\"magic-4\" data-section=\"AliMagic-gir0c3\" data-section-title=\"Application\"><strong>Application<\/strong><\/div>\n<\/div>\n<div class=\"J_module\">\n<div class=\"detail-decorate-json-renderer-container\">\n<div class=\"magic-0\">\n<div class=\"magic-47\">\n<div class=\"magic-48\">\n<div class=\"magic-49\"><\/div>\n<\/div>\n<div class=\"magic-2\">\n<div class=\"magic-3\" data-id=\"paragraph0\">\n<p class=\"magic-13\">industrie alimentaire<\/p>\n<\/div>\n<\/div>\n<\/div>\n<div class=\"magic-47\">\n<div class=\"magic-2\">\n<div class=\"magic-3\" data-id=\"paragraph1\">\n<p class=\"magic-13\">Industrie p\u00e9troli\u00e8re<\/p>\n<\/div>\n<\/div>\n<\/div>\n<\/div>\n<\/div>\n<\/div>\n<div class=\"J_module\">\n<div class=\"detail-decorate-json-renderer-container\">\n<div class=\"magic-0\">\n<div class=\"magic-47\">\n<div class=\"magic-2\">\n<div class=\"magic-3\" data-id=\"paragraph0\">\n<p class=\"magic-13\">Traitement des eaux us\u00e9es<\/p>\n<\/div>\n<\/div>\n<\/div>\n<div class=\"magic-47\">\n<div class=\"magic-2\">\n<div class=\"magic-3\" data-id=\"paragraph1\">\n<p class=\"magic-13\">Industrie des machines<br \/>\n(1) Traitement des eaux us\u00e9es de l'hydroxyde mental lourd<br \/>\n(2) Traitement des eaux us\u00e9es par m\u00e9lange de m\u00e9taux lourds<br \/>\n(3) Traitement chimique des eaux us\u00e9es<br \/>\n(4) Traitement des eaux us\u00e9es en c\u00e9ramique<br \/>\n(5) Traitement des eaux us\u00e9es contenant de l'aluminium<br \/>\n(6) Autres traitements des eaux us\u00e9es<\/p>\n<\/div>\n<\/div>\n<\/div>\n<\/div>\n<\/div>\n<\/div>\n<div class=\"J_module\">\n<div id=\"ali-anchor-AliMagic-dy3ixv\" class=\"magic-4\" data-section=\"AliMagic-dy3ixv\" data-section-title=\"Packing &amp; Delivery\">Emballage et livraison<\/div>\n<\/div>\n<div class=\"J_module\">\n<div class=\"icbu-pc-images magic-5\">\n<div class=\"flex-layout-v\">\n<div class=\"flex-layout-h magic-5\">\n<div class=\"magic-44\"><\/div>\n<div class=\"magic-46\">\u00a0Notre usine<\/div>\n<\/div>\n<\/div>\n<\/div>\n<\/div>\n<div class=\"J_module\">\n<p><img decoding=\"async\" src=\"https:\/\/img.yfisher.com\/m6076\/1725732541lwj\/png70-t3-scale100.webp\" alt=\"SOE DOE Filtres en poly\u00e9thyl\u00e8ne PE fritt\u00e9 3\" data-lazy=\"2\" title=\"\"><\/p>\n<\/div>\n<div class=\"J_module\">\n<div class=\"icbu-pc-images magic-5\">\n<div>\n<div class=\"flex-layout-v\">\n<div class=\"flex-layout-h magic-5\">\n<div class=\"magic-54\"><\/div>\n<div class=\"magic-54\"><\/div>\n<div class=\"magic-54\"><strong>Bon service<\/strong><\/div>\n<ul>\n<li class=\"magic-54\">Bon service de la part d'un directeur exp\u00e9riment\u00e9<\/li>\n<li class=\"magic-54\">Chaque produit fait l'objet d'un contr\u00f4le rigoureux<\/li>\n<li class=\"magic-54\">Livraison dans les d\u00e9lais<\/li>\n<li class=\"magic-54\">Les petites quantit\u00e9s sont acceptables<\/li>\n<li class=\"magic-54\">Riche exp\u00e9rience en mati\u00e8re d'exportation vers l'Afrique, le Moyen-Orient, l'Asie du Sud-Est et l'Am\u00e9rique du Sud<\/li>\n<li class=\"magic-54\">Filtre fritt\u00e9 en plastique PE de 5 \u00e0 60 microns de taille personnalis\u00e9e<\/li>\n<\/ul>\n<\/div>\n<\/div>\n<\/div>\n<\/div>\n<\/div>\n<\/div>","protected":false},"excerpt":{"rendered":"<p>Vous obtenez un tube en PE fritt\u00e9 durable et poreux qui aide \u00e0 pi\u00e9ger les particules fines et \u00e0 garder votre eau plus propre. Choisissez le diam\u00e8tre, la longueur et le taux de micron dont vous avez besoin, puis adaptez le style de connecteur pour qu'il s'adapte \u00e0 votre syst\u00e8me sans probl\u00e8me.<\/p>","protected":false},"featured_media":2176,"comment_status":"open","ping_status":"closed","template":"","meta":{"_gspb_post_css":""},"product_brand":[],"product_cat":[17,22],"product_tag":[919,917,918,915,914,916],"class_list":{"0":"post-2169","1":"product","2":"type-product","3":"status-publish","4":"has-post-thumbnail","6":"product_cat-sediment-filter","7":"product_cat-sintered-filter-cartridge","8":"product_tag-222-226-215-connectors","9":"product_tag-5-micron-pe-tube-filter","10":"product_tag-oem-pe-filter-element","11":"product_tag-porous-pe-tube-filter","12":"product_tag-sintered-pe-filter","13":"product_tag-swimming-pool-water-treatment-filter","15":"first","16":"instock","17":"shipping-taxable","18":"product-type-simple"},"_links":{"self":[{"href":"https:\/\/lyfilter.com\/fr\/wp-json\/wp\/v2\/product\/2169","targetHints":{"allow":["GET"]}}],"collection":[{"href":"https:\/\/lyfilter.com\/fr\/wp-json\/wp\/v2\/product"}],"about":[{"href":"https:\/\/lyfilter.com\/fr\/wp-json\/wp\/v2\/types\/product"}],"replies":[{"embeddable":true,"href":"https:\/\/lyfilter.com\/fr\/wp-json\/wp\/v2\/comments?post=2169"}],"wp:featuredmedia":[{"embeddable":true,"href":"https:\/\/lyfilter.com\/fr\/wp-json\/wp\/v2\/media\/2176"}],"wp:attachment":[{"href":"https:\/\/lyfilter.com\/fr\/wp-json\/wp\/v2\/media?parent=2169"}],"wp:term":[{"taxonomy":"product_brand","embeddable":true,"href":"https:\/\/lyfilter.com\/fr\/wp-json\/wp\/v2\/product_brand?post=2169"},{"taxonomy":"product_cat","embeddable":true,"href":"https:\/\/lyfilter.com\/fr\/wp-json\/wp\/v2\/product_cat?post=2169"},{"taxonomy":"product_tag","embeddable":true,"href":"https:\/\/lyfilter.com\/fr\/wp-json\/wp\/v2\/product_tag?post=2169"}],"curies":[{"name":"wp","href":"https:\/\/api.w.org\/{rel}","templated":true}]}}