{"id":2162,"date":"2026-01-06T08:48:32","date_gmt":"2026-01-06T08:48:32","guid":{"rendered":"https:\/\/lyfilter.com\/?post_type=product&#038;p=2162"},"modified":"2026-01-06T08:48:33","modified_gmt":"2026-01-06T08:48:33","slug":"best-price-20-40-inch-ppf-water-filter-cartridge-5-micron-40-inch-1-micron-pp-water-filter-candle","status":"publish","type":"product","link":"https:\/\/lyfilter.com\/fr\/best-price-20-40-inch-ppf-water-filter-cartridge-5-micron-40-inch-1-micron-pp-water-filter-candle\/","title":{"rendered":"Meilleur prix 20 40 inch ppf water filter cartridge 5 micron\/40 inch 1 micron pp filter candle"},"content":{"rendered":"<table>\n<thead>\n<tr>\n<th>article<\/th>\n<th>d\u00e9tails<\/th>\n<\/tr>\n<\/thead>\n<tbody>\n<tr>\n<td>lieu d'origine<\/td>\n<td>guangdong, chine<\/td>\n<\/tr>\n<tr>\n<td>nom de marque<\/td>\n<td>lvyuan \/ oem<\/td>\n<\/tr>\n<tr>\n<td>num\u00e9ro de mod\u00e8le<\/td>\n<td>ly-pp<\/td>\n<\/tr>\n<tr>\n<td>puissance (w)<\/td>\n<td>0<\/td>\n<\/tr>\n<tr>\n<td>tension (v)<\/td>\n<td>0<\/td>\n<\/tr>\n<tr>\n<td>certification<\/td>\n<td>ce ; gs ; rohs ; bv<\/td>\n<\/tr>\n<tr>\n<td>type<\/td>\n<td>pr\u00e9-filtration<\/td>\n<\/tr>\n<tr>\n<td>utiliser<\/td>\n<td>bo\u00eetier du filtre de s\u00e9curit\u00e9<\/td>\n<\/tr>\n<tr>\n<td>pr\u00e9cision<\/td>\n<td>1-100 micron<\/td>\n<\/tr>\n<tr>\n<td>longueur<\/td>\n<td>10\u2033 (254mm) ; 20\u2033 (508mm) ; 30\u2033 (762mm) ; 40\u2033 (1016mm)<\/td>\n<\/tr>\n<tr>\n<td>diam\u00e8tre ext\u00e9rieur<\/td>\n<td>60-65 mm<\/td>\n<\/tr>\n<tr>\n<td>diam\u00e8tre int\u00e9rieur<\/td>\n<td>28 mm \/ 30 mm<\/td>\n<\/tr>\n<tr>\n<td>type de filtre<\/td>\n<td>rainure ; gaufrage ; points ; logo de l'entreprise<\/td>\n<\/tr>\n<tr>\n<td>interface de filtrage<\/td>\n<td>type plat ; type 222 ; type 226 ; type 215<\/td>\n<\/tr>\n<tr>\n<td>temp\u00e9rature la plus \u00e9lev\u00e9e<\/td>\n<td>80\u2103<\/td>\n<\/tr>\n<tr>\n<td>perte de charge<\/td>\n<td>0,1 kgf\/c\u33a1<\/td>\n<\/tr>\n<tr>\n<td>le plus \u00e9lev\u00e9, confin\u00e9<\/td>\n<td>5 kgf\/c\u33a1<\/td>\n<\/tr>\n<tr>\n<td>perte de charge maximale<\/td>\n<td>3 kgf\/c\u33a1<\/td>\n<\/tr>\n<tr>\n<td>capacit\u00e9 d'approvisionnement<\/td>\n<td>1000 pi\u00e8ces\/pi\u00e8ces par jour<\/td>\n<\/tr>\n<\/tbody>\n<\/table>\n<div class=\"pro_aliData\">\n<div class=\"detail-box\">\n<div class=\"scc-wrapper detail-module module-productSpecification\" data-spm=\"pronpeci14\">\n<div id=\"J-rich-text-description\" class=\"richtext richtext-detail rich-text-description\">\n<p>Introduction :<\/p>\n<p>La cartouche filtrante PP melt-blown (PPF) est fabriqu\u00e9e \u00e0 partir de polypropyl\u00e8ne.<\/p>\n<p>Il peut \u00e9liminer efficacement les substances en suspension, les particules et la rouille.<\/p>\n<p>Ce type de cartouche est utilis\u00e9 pour la cartouche du filtre avant afin de prot\u00e9ger les autres.<\/p>\n<p>&nbsp;<\/p>\n<p>&nbsp;<\/p>\n<p>&nbsp;<\/p>\n<p>&nbsp;<\/p>\n<p>Param\u00e8tres :<\/p>\n<div class=\"table-responsive\">\n<table class=\"aliDataTable\">\n<tbody>\n<tr align=\"left\">\n<td valign=\"top\">Produit<\/td>\n<td valign=\"top\">Cartouche filtrante en polypropyl\u00e8ne fil\u00e9 de 5 microns avec noyau en PP<\/td>\n<\/tr>\n<tr align=\"left\">\n<td valign=\"top\">Mat\u00e9riau<\/td>\n<td valign=\"top\">PP, polypropyl\u00e8ne<\/td>\n<\/tr>\n<tr align=\"left\">\n<td valign=\"top\">Style<\/td>\n<td valign=\"top\">Rainure, points de pression, plat, croisement<\/td>\n<\/tr>\n<tr align=\"left\">\n<td valign=\"top\">Filtration de pr\u00e9cision<\/td>\n<td valign=\"top\">1~100micron<\/td>\n<\/tr>\n<tr align=\"left\">\n<td valign=\"top\">Diam\u00e8tre ext\u00e9rieur<\/td>\n<td valign=\"top\">60~65mm<\/td>\n<\/tr>\n<tr align=\"left\">\n<td valign=\"top\">Diam\u00e8tre int\u00e9rieur<\/td>\n<td valign=\"top\">28 mm ou 30 mm<\/td>\n<\/tr>\n<tr align=\"left\">\n<td valign=\"top\">Interface<\/td>\n<td valign=\"top\">Plat, ins\u00e9r\u00e9, viss\u00e9<\/td>\n<\/tr>\n<tr align=\"left\">\n<td valign=\"top\">Type d'embout<\/td>\n<td valign=\"top\">222flat, 222fin, 226flat, 226fin, 215flat, 215fin<\/td>\n<\/tr>\n<tr align=\"left\">\n<td valign=\"top\">Longueur<\/td>\n<td valign=\"top\">5\u201d,10\u201d,20\u201d,30\u201d,40\u201d,50\u2033, 60\u2033<\/td>\n<\/tr>\n<tr align=\"left\">\n<td valign=\"top\">Pression diff\u00e9rentielle maximale<\/td>\n<td valign=\"top\">3 kgf\/cm\u00b2<\/td>\n<\/tr>\n<tr align=\"left\">\n<td valign=\"top\">Temp\u00e9rature de fonctionnement maximale<\/td>\n<td valign=\"top\">80\u00b0c<\/td>\n<\/tr>\n<tr align=\"left\">\n<td valign=\"top\">Pression diff\u00e9rentielle de fonctionnement<\/td>\n<td valign=\"top\">0,1kgf\/cm2<\/td>\n<\/tr>\n<tr align=\"left\">\n<td valign=\"top\">Marque<\/td>\n<td valign=\"top\">Lvyuan\/OEM<\/td>\n<\/tr>\n<tr align=\"left\">\n<td valign=\"top\">Poids commun<\/td>\n<td valign=\"top\">100- 120g\/10\u2033 (peut \u00eatre personnalis\u00e9)<\/td>\n<\/tr>\n<\/tbody>\n<\/table>\n<\/div>\n<p>&nbsp;<\/p>\n<p>&nbsp;<\/p>\n<p>&nbsp;<\/p>\n<p>&nbsp;<\/p>\n<p>Caract\u00e9ristiques :<\/p>\n<p>1. D\u00e9placer efficacement les substances en suspension, les particules et la rouille.<\/p>\n<p>2. Pr\u00e9filtration de l'eau<\/p>\n<p>3. Large compatibilit\u00e9 chimique<\/p>\n<p>4. R\u00e9sistant \u00e0 la pression<\/p>\n<p>5. Haute r\u00e9sistance chimique.<\/p>\n<p>6. Toutes sortes d'adaptateurs sont disponibles<\/p>\n<p>7. Grande capacit\u00e9 de r\u00e9tention des contaminants et longue dur\u00e9e de vie.<\/p>\n<p>&nbsp;<\/p>\n<p>&nbsp;<\/p>\n<p>&nbsp;<\/p>\n<p>&nbsp;<\/p>\n<p>Champ d'application :<\/p>\n<p>Pr\u00e9filtration ou syst\u00e8me RO, solvant, industrie chimique, industrie p\u00e9troli\u00e8re,<\/p>\n<p>le traitement de l'eau potable, les industries \u00e9lectroniques et \u00e9lectriques, le placage,<\/p>\n<p>alimentation et boissons, vin, etc.<\/p>\n<p>&nbsp;<\/p>\n<p>&nbsp;<\/p>\n<p>&nbsp;<\/p>\n<p>D\u00e9tail de l'emballage : 10\u2033:50PCS\/CTN ; 20\u2033:25PCS\/CTN ; 30\u2033:25PC\/CTN;40\u2033:25PCS\/CTN<\/p>\n<p>D\u00e9tail de la livraison : Dans les 7 jours suivant la r\u00e9ception de l'acompte 30%<\/p>\n<p>&nbsp;<\/p>\n<p>&nbsp;<\/p>\n<p>&nbsp;<\/p>\n<p>&nbsp;<\/p>\n<p>&nbsp;<\/p>\n<p>Spectacle du produit :<\/p>\n<p><img decoding=\"async\" src=\"https:\/\/img.yfisher.com\/m6076\/1725731201we9\/jpg70-t3-scale100.webp\" alt=\"Meilleur prix 20 40 inch ppf water filter cartridge 5 micron\/40 inch 1 micron pp water filter candle 7\" data-alt=\"Best price 20 40 inch ppf water filter cartridge 5 micron\/40 inch 1 micron pp water filter candle\" data-=\"\" data-lazy=\"2\" title=\"\"><\/p>\n<p><img decoding=\"async\" src=\"https:\/\/img.yfisher.com\/m6076\/1725727044jk0\/jpg70-t3-scale100.webp\" alt=\"Meilleur prix 20 40 inch ppf water filter cartridge 5 micron\/40 inch 1 micron pp water filter candle 9\" data-alt=\"Best price 20 40 inch ppf water filter cartridge 5 micron\/40 inch 1 micron pp water filter candle\" data-=\"\" data-lazy=\"2\" title=\"\"><\/p>\n<p><img decoding=\"async\" src=\"https:\/\/img.yfisher.com\/m6076\/1725727044ad0\/jpg70-t3-scale100.webp\" alt=\"Meilleur prix 20 40 inch ppf water filter cartridge 5 micron\/40 inch 1 micron pp water filter candle 11\" data-alt=\"Best price 20 40 inch ppf water filter cartridge 5 micron\/40 inch 1 micron pp water filter candle\" data-=\"\" data-lazy=\"2\" title=\"\"><\/p>\n<p><img decoding=\"async\" src=\"https:\/\/img.yfisher.com\/m6076\/1725727044yry\/jpg70-t3-scale100.webp\" alt=\"Meilleur prix 20 40 inch ppf water filter cartridge 5 micron\/40 inch 1 micron pp water filter candle 13\" data-alt=\"Best price 20 40 inch ppf water filter cartridge 5 micron\/40 inch 1 micron pp water filter candle\" data-=\"\" data-lazy=\"2\" title=\"\"><\/p>\n<p><img decoding=\"async\" src=\"https:\/\/img.yfisher.com\/m6076\/17257312014p8\/jpg70-t3-scale100.webp\" alt=\"Meilleur prix 20 40 inch ppf water filter cartridge 5 micron\/40 inch 1 micron pp water filter candle 15\" data-alt=\"Best price 20 40 inch ppf water filter cartridge 5 micron\/40 inch 1 micron pp water filter candle\" data-=\"\" data-lazy=\"2\" title=\"\"><\/p>\n<p><img decoding=\"async\" src=\"https:\/\/img.yfisher.com\/m6076\/17257270449f1\/jpg70-t3-scale100.webp\" alt=\"Meilleur prix 20 40 inch ppf water filter cartridge 5 micron\/40 inch 1 micron pp water filter candle 17\" data-alt=\"Best price 20 40 inch ppf water filter cartridge 5 micron\/40 inch 1 micron pp water filter candle\" data-=\"\" data-lazy=\"2\" title=\"\"><\/p>\n<p><img decoding=\"async\" src=\"https:\/\/img.yfisher.com\/m6076\/1725727044bwm\/jpg70-t3-scale100.webp\" alt=\"Meilleur prix 20 40 inch ppf water filter cartridge 5 micron\/40 inch 1 micron pp water filter candle 19\" data-alt=\"Best price 20 40 inch ppf water filter cartridge 5 micron\/40 inch 1 micron pp water filter candle\" data-=\"\" data-lazy=\"2\" title=\"\"><\/p>\n<p>&nbsp;<\/p>\n<p>&nbsp;<\/p>\n<p>&nbsp;<\/p>\n<p>&nbsp;<\/p>\n<p>N'h\u00e9sitez pas \u00e0 nous contacter pour plus de d\u00e9tails ou pour un devis.<\/p>\n<p>si vous \u00eates int\u00e9ress\u00e9 par nos produits ou notre entreprise : )<\/p>\n<p>&nbsp;<\/p>\n<p>&nbsp;<\/p>\n<p>&nbsp;<\/p>\n<p><strong>Mes coordonn\u00e9es --<\/strong><\/p>\n<p><img decoding=\"async\" src=\"https:\/\/img.yfisher.com\/m6076\/172572799710g\/jpg70-t3-scale100.webp\" alt=\"Meilleur prix 20 40 inch ppf water filter cartridge 5 micron\/40 inch 1 micron pp water filter candle 21\" data-alt=\"Best price 20 40 inch ppf water filter cartridge 5 micron\/40 inch 1 micron pp water filter candle\" data-=\"\" data-lazy=\"2\" title=\"\"><\/p>\n<\/div>\n<\/div>\n<div data-module=\"detailMarketPackage\"><\/div>\n<div data-module=\"productAuth\"><\/div>\n<\/div>\n<\/div>\n<div class=\"diffStatement\">Par rapport \u00e0 d'autres\u00a0<a href=\"https:\/\/lyfilter.com\/fr\/products.html\/\">cartouches de filtre \u00e0 eau<\/a>\u00a0Guangzhou Lvyuan Water Purification Equipment Co. est plus technique, plus soucieuse de la valeur et dispose d'un grand nombre de talents exceptionnels en mati\u00e8re de recherche et d\u00e9veloppement. Des configurations de bouchons personnalis\u00e9es sont disponibles pour r\u00e9pondre \u00e0 des besoins sp\u00e9cifiques Guangzhou Lvyuan Water Purification Equipment Co. poss\u00e8de plus d'avantages que d'autres en Chine dans le domaine des cartouches filtrantes pour l'eau. Des configurations de bouchons personnalis\u00e9es sont disponibles pour r\u00e9pondre \u00e0 des besoins sp\u00e9cifiques.<\/div>","protected":false},"excerpt":{"rendered":"<p>Choisissez la longueur dont vous avez besoin, associez l'interface ad\u00e9quate et ajoutez une finition rainur\u00e9e\/emboss\u00e9e ou votre logo pour un remplacement facile et coh\u00e9rent.<\/p>","protected":false},"featured_media":2170,"comment_status":"open","ping_status":"closed","template":"","meta":{"_gspb_post_css":""},"product_brand":[],"product_cat":[23,17],"product_tag":[910,911,909,669,913,912],"class_list":{"0":"post-2162","1":"product","2":"type-product","3":"status-publish","4":"has-post-thumbnail","6":"product_cat-pp-filter-cartridge","7":"product_cat-sediment-filter","8":"product_tag-1-100-micron-pre-filtration","9":"product_tag-10-40-inch-pp-cartridge","10":"product_tag-ly-pp-filter-cartridge","11":"product_tag-pp-sediment-filter-cartridge","12":"product_tag-security-filter-housing-prefilter","13":"product_tag-type-222-226-215-interface","15":"first","16":"instock","17":"shipping-taxable","18":"product-type-simple"},"_links":{"self":[{"href":"https:\/\/lyfilter.com\/fr\/wp-json\/wp\/v2\/product\/2162","targetHints":{"allow":["GET"]}}],"collection":[{"href":"https:\/\/lyfilter.com\/fr\/wp-json\/wp\/v2\/product"}],"about":[{"href":"https:\/\/lyfilter.com\/fr\/wp-json\/wp\/v2\/types\/product"}],"replies":[{"embeddable":true,"href":"https:\/\/lyfilter.com\/fr\/wp-json\/wp\/v2\/comments?post=2162"}],"wp:featuredmedia":[{"embeddable":true,"href":"https:\/\/lyfilter.com\/fr\/wp-json\/wp\/v2\/media\/2170"}],"wp:attachment":[{"href":"https:\/\/lyfilter.com\/fr\/wp-json\/wp\/v2\/media?parent=2162"}],"wp:term":[{"taxonomy":"product_brand","embeddable":true,"href":"https:\/\/lyfilter.com\/fr\/wp-json\/wp\/v2\/product_brand?post=2162"},{"taxonomy":"product_cat","embeddable":true,"href":"https:\/\/lyfilter.com\/fr\/wp-json\/wp\/v2\/product_cat?post=2162"},{"taxonomy":"product_tag","embeddable":true,"href":"https:\/\/lyfilter.com\/fr\/wp-json\/wp\/v2\/product_tag?post=2162"}],"curies":[{"name":"wp","href":"https:\/\/api.w.org\/{rel}","templated":true}]}}