{"id":2155,"date":"2026-01-06T08:46:08","date_gmt":"2026-01-06T08:46:08","guid":{"rendered":"https:\/\/lyfilter.com\/?post_type=product&#038;p=2155"},"modified":"2026-01-06T08:46:08","modified_gmt":"2026-01-06T08:46:08","slug":"various-dimension-micropore-water-filter-pp-sediment-cartridge-for-liquid-purification","status":"publish","type":"product","link":"https:\/\/lyfilter.com\/fr\/various-dimension-micropore-water-filter-pp-sediment-cartridge-for-liquid-purification\/","title":{"rendered":"Filtre \u00e0 eau microporeux de diff\u00e9rentes dimensions Cartouche de s\u00e9diments en PP pour la purification des liquides"},"content":{"rendered":"<table>\n<thead>\n<tr>\n<th>article<\/th>\n<th>d\u00e9tails<\/th>\n<\/tr>\n<\/thead>\n<tbody>\n<tr>\n<td>condition<\/td>\n<td>nouveau<\/td>\n<\/tr>\n<tr>\n<td>secteurs d'activit\u00e9 concern\u00e9s<\/td>\n<td>h\u00f4tels ; magasins de v\u00eatements ; magasins de mat\u00e9riaux de construction ; usines de fabrication ; ateliers de r\u00e9paration de machines ; usines de produits alimentaires et de boissons ; fermes ; restaurants ; usage domestique ; commerce de d\u00e9tail ; magasins d'alimentation ; imprimeries ; travaux de construction ; \u00e9nergie et exploitation mini\u00e8re ; magasins de produits alimentaires et de boissons ; soci\u00e9t\u00e9 de publicit\u00e9<\/td>\n<\/tr>\n<tr>\n<td>lieu d'origine<\/td>\n<td>guangdong, chine<\/td>\n<\/tr>\n<tr>\n<td>nom de marque<\/td>\n<td>lvyuan \/ oem<\/td>\n<\/tr>\n<tr>\n<td>mat\u00e9riel<\/td>\n<td>carton<\/td>\n<\/tr>\n<tr>\n<td>poids<\/td>\n<td>d\u00e9pend<\/td>\n<\/tr>\n<tr>\n<td>taille<\/td>\n<td>en tant que demande<\/td>\n<\/tr>\n<tr>\n<td>pouvoir<\/td>\n<td>0<\/td>\n<\/tr>\n<tr>\n<td>garantie<\/td>\n<td>indisponible<\/td>\n<\/tr>\n<tr>\n<td>nom du produit<\/td>\n<td>cartouche filtrante en pp souffl\u00e9e par fusion<\/td>\n<\/tr>\n<tr>\n<td>taux de micron<\/td>\n<td>1, 3, 5, 10 microns<\/td>\n<\/tr>\n<tr>\n<td>certification<\/td>\n<td>ce ; sgs<\/td>\n<\/tr>\n<tr>\n<td>application<\/td>\n<td>pi\u00e8ces pour filtres \u00e0 eau ; osmose inverse (ro)<\/td>\n<\/tr>\n<tr>\n<td>utilisation<\/td>\n<td>filtre \u00e0 cartouche pour liquides<\/td>\n<\/tr>\n<tr>\n<td>m\u00e9dia filtrant<\/td>\n<td>membrane en polypropyl\u00e8ne (pp)<\/td>\n<\/tr>\n<tr>\n<td>longueur<\/td>\n<td>5\u2033, 10\u2033, 20\u2033, 30\u2033, 40\u2033, 50\u2033 pouces<\/td>\n<\/tr>\n<tr>\n<td>options d'embouts<\/td>\n<td>biche ; 222 + aileron ; 222 + plat ; 226 + aileron ; 226 + plat<\/td>\n<\/tr>\n<tr>\n<td>mat\u00e9riau du joint \/ joint torique<\/td>\n<td>silicium ; epdm ; viton<\/td>\n<\/tr>\n<tr>\n<td>noyau interne<\/td>\n<td>pp ou aucun<\/td>\n<\/tr>\n<tr>\n<td>le service apr\u00e8s-vente est assur\u00e9<\/td>\n<td>soutien en ligne<\/td>\n<\/tr>\n<tr>\n<td>capacit\u00e9 d'approvisionnement<\/td>\n<td>5000 pi\u00e8ces par jour (filtre \u00e0 eau microporeux)<\/td>\n<\/tr>\n<\/tbody>\n<\/table>","protected":false},"excerpt":{"rendered":"<p>Vous b\u00e9n\u00e9ficiez d'une cartouche pp fiable, souffl\u00e9e par fusion, qui aide \u00e0 pi\u00e9ger les s\u00e9diments fins et \u00e0 prot\u00e9ger votre syst\u00e8me d'eau ou d'assainissement. Choisissez un indice de 1 \u00e0 10 microns, la bonne longueur et le style de capuchon d'extr\u00e9mit\u00e9 qui correspond \u00e0 votre bo\u00eetier.<\/p>","protected":false},"featured_media":2163,"comment_status":"open","ping_status":"closed","template":"","meta":{"_gspb_post_css":""},"product_brand":[],"product_cat":[23,17],"product_tag":[905,908,683,661,907,871],"class_list":{"0":"post-2155","1":"product","2":"type-product","3":"status-publish","4":"has-post-thumbnail","6":"product_cat-pp-filter-cartridge","7":"product_cat-sediment-filter","8":"product_tag-1-10-micron-sediment-filter","9":"product_tag-ce-sgs-certified-filter","10":"product_tag-doe-222-226-end-caps","11":"product_tag-melt-blown-pp-filter-cartridge","12":"product_tag-polypropylene-pp-cartridge","13":"product_tag-ro-water-filter-cartridge","15":"first","16":"instock","17":"shipping-taxable","18":"product-type-simple"},"_links":{"self":[{"href":"https:\/\/lyfilter.com\/fr\/wp-json\/wp\/v2\/product\/2155","targetHints":{"allow":["GET"]}}],"collection":[{"href":"https:\/\/lyfilter.com\/fr\/wp-json\/wp\/v2\/product"}],"about":[{"href":"https:\/\/lyfilter.com\/fr\/wp-json\/wp\/v2\/types\/product"}],"replies":[{"embeddable":true,"href":"https:\/\/lyfilter.com\/fr\/wp-json\/wp\/v2\/comments?post=2155"}],"wp:featuredmedia":[{"embeddable":true,"href":"https:\/\/lyfilter.com\/fr\/wp-json\/wp\/v2\/media\/2163"}],"wp:attachment":[{"href":"https:\/\/lyfilter.com\/fr\/wp-json\/wp\/v2\/media?parent=2155"}],"wp:term":[{"taxonomy":"product_brand","embeddable":true,"href":"https:\/\/lyfilter.com\/fr\/wp-json\/wp\/v2\/product_brand?post=2155"},{"taxonomy":"product_cat","embeddable":true,"href":"https:\/\/lyfilter.com\/fr\/wp-json\/wp\/v2\/product_cat?post=2155"},{"taxonomy":"product_tag","embeddable":true,"href":"https:\/\/lyfilter.com\/fr\/wp-json\/wp\/v2\/product_tag?post=2155"}],"curies":[{"name":"wp","href":"https:\/\/api.w.org\/{rel}","templated":true}]}}