{"id":2148,"date":"2026-01-06T08:41:16","date_gmt":"2026-01-06T08:41:16","guid":{"rendered":"https:\/\/lyfilter.com\/?post_type=product&#038;p=2148"},"modified":"2026-01-06T08:41:16","modified_gmt":"2026-01-06T08:41:16","slug":"replacement-water-filter-housing-cartridge-for-pre-filtration","status":"publish","type":"product","link":"https:\/\/lyfilter.com\/fr\/replacement-water-filter-housing-cartridge-for-pre-filtration\/","title":{"rendered":"Cartouche de remplacement pour la pr\u00e9-filtration de l'eau"},"content":{"rendered":"<table>\n<thead>\n<tr>\n<th>article<\/th>\n<th>d\u00e9tails<\/th>\n<\/tr>\n<\/thead>\n<tbody>\n<tr>\n<td>lieu d'origine<\/td>\n<td>guangdong, chine<\/td>\n<\/tr>\n<tr>\n<td>nom de marque<\/td>\n<td>lvyuan \/ oem<\/td>\n<\/tr>\n<tr>\n<td>num\u00e9ro de mod\u00e8le<\/td>\n<td>s\u00e9rie ly-ppf<\/td>\n<\/tr>\n<tr>\n<td>nom du produit<\/td>\n<td>cartouche du bo\u00eetier du filtre \u00e0 eau<\/td>\n<\/tr>\n<tr>\n<td>taux de micron<\/td>\n<td>1, 3, 5, 10 microns<\/td>\n<\/tr>\n<tr>\n<td>certification<\/td>\n<td>ce ; sgs<\/td>\n<\/tr>\n<tr>\n<td>application<\/td>\n<td>pi\u00e8ces pour filtres \u00e0 eau ; osmose inverse (ro)<\/td>\n<\/tr>\n<tr>\n<td>utilisation<\/td>\n<td>filtre \u00e0 cartouche pour liquides<\/td>\n<\/tr>\n<tr>\n<td>m\u00e9dia filtrant<\/td>\n<td>membrane en polypropyl\u00e8ne (pp)<\/td>\n<\/tr>\n<tr>\n<td>longueur<\/td>\n<td>5\u2033, 10\u2033, 20\u2033, 30\u2033, 40\u2033, 50\u2033 pouces<\/td>\n<\/tr>\n<tr>\n<td>options d'embouts<\/td>\n<td>biche ; 222 + aileron ; 222 + plat ; 226 + aileron ; 226 + plat<\/td>\n<\/tr>\n<tr>\n<td>mat\u00e9riau du joint \/ joint torique<\/td>\n<td>silicium ; epdm ; viton<\/td>\n<\/tr>\n<tr>\n<td>noyau interne<\/td>\n<td>pp ou aucun<\/td>\n<\/tr>\n<tr>\n<td>capacit\u00e9 d'approvisionnement<\/td>\n<td>5000 pi\u00e8ces par jour (cartouche de filtre \u00e0 eau)<\/td>\n<\/tr>\n<\/tbody>\n<\/table>","protected":false},"excerpt":{"rendered":"<p>Vous obtenez une cartouche fiable pour les bo\u00eetiers de filtre \u00e0 eau qui aide \u00e0 r\u00e9duire les s\u00e9diments et \u00e0 assurer le bon fonctionnement de votre eau ou de votre syst\u00e8me d'eau. Choisissez le taux de micron, la longueur et le style du capuchon d'extr\u00e9mit\u00e9 pour que la cartouche s'adapte \u00e0 votre bo\u00eetier sans deviner ce qu'il en est.<\/p>","protected":false},"featured_media":2161,"comment_status":"open","ping_status":"closed","template":"","meta":{"_gspb_post_css":""},"product_brand":[],"product_cat":[23,17],"product_tag":[905,683,894,906,826,775],"class_list":{"0":"post-2148","1":"product","2":"type-product","3":"status-publish","4":"has-post-thumbnail","6":"product_cat-pp-filter-cartridge","7":"product_cat-sediment-filter","8":"product_tag-1-10-micron-sediment-filter","9":"product_tag-doe-222-226-end-caps","10":"product_tag-ly-ppf-filter-cartridge","11":"product_tag-polypropylene-pp-membrane","12":"product_tag-ro-water-filter-parts","13":"product_tag-water-filter-housing-cartridge","15":"first","16":"instock","17":"shipping-taxable","18":"product-type-simple"},"_links":{"self":[{"href":"https:\/\/lyfilter.com\/fr\/wp-json\/wp\/v2\/product\/2148","targetHints":{"allow":["GET"]}}],"collection":[{"href":"https:\/\/lyfilter.com\/fr\/wp-json\/wp\/v2\/product"}],"about":[{"href":"https:\/\/lyfilter.com\/fr\/wp-json\/wp\/v2\/types\/product"}],"replies":[{"embeddable":true,"href":"https:\/\/lyfilter.com\/fr\/wp-json\/wp\/v2\/comments?post=2148"}],"wp:featuredmedia":[{"embeddable":true,"href":"https:\/\/lyfilter.com\/fr\/wp-json\/wp\/v2\/media\/2161"}],"wp:attachment":[{"href":"https:\/\/lyfilter.com\/fr\/wp-json\/wp\/v2\/media?parent=2148"}],"wp:term":[{"taxonomy":"product_brand","embeddable":true,"href":"https:\/\/lyfilter.com\/fr\/wp-json\/wp\/v2\/product_brand?post=2148"},{"taxonomy":"product_cat","embeddable":true,"href":"https:\/\/lyfilter.com\/fr\/wp-json\/wp\/v2\/product_cat?post=2148"},{"taxonomy":"product_tag","embeddable":true,"href":"https:\/\/lyfilter.com\/fr\/wp-json\/wp\/v2\/product_tag?post=2148"}],"curies":[{"name":"wp","href":"https:\/\/api.w.org\/{rel}","templated":true}]}}