{"id":2141,"date":"2026-01-06T08:38:36","date_gmt":"2026-01-06T08:38:36","guid":{"rendered":"https:\/\/lyfilter.com\/?post_type=product&#038;p=2141"},"modified":"2026-01-06T08:38:36","modified_gmt":"2026-01-06T08:38:36","slug":"pp-cto-udf-water-micro-filter-cartridge-for-reverse-osmosis","status":"publish","type":"product","link":"https:\/\/lyfilter.com\/fr\/pp-cto-udf-water-micro-filter-cartridge-for-reverse-osmosis\/","title":{"rendered":"Cartouche de microfiltre \u00e0 eau PP CTO UDF pour osmose inverse"},"content":{"rendered":"<p><strong>Cartouche de microfiltre \u00e0 eau PP CTO UDF Description du produit<\/strong><\/p>\n<p>&nbsp;<\/p>\n<p>Le PP, le CTO et l'UDF sont des composants cl\u00e9s de la cartouche de filtre \u00e0 eau.\u00a0\u00a0<strong>Filtre \u00e0 eau en PP (polypropyl\u00e8ne)<\/strong>\u00a0souvent la premi\u00e8re \u00e9tape, est une maille en fibre fil\u00e9e qui retient les plus grosses particules comme la rouille, le sable et les d\u00e9bris avec des pores dont la taille est g\u00e9n\u00e9ralement comprise entre 3 et 5 microns.\u00a0<strong>Filtre CTO (bloc de carbone comprim\u00e9)<\/strong>, Le deuxi\u00e8me \u00e9tage, g\u00e9n\u00e9ralement le deuxi\u00e8me ou le troisi\u00e8me, est une cartouche de charbon actif \u00e0 forte densit\u00e9. Elle \u00e9limine efficacement le chlore, les mauvais go\u00fbts, les odeurs et les pores fins capturent \u00e9galement les impuret\u00e9s minuscules.\u00a0<strong>Filtre UDF (charbon actif granul\u00e9)<\/strong>, L'UDF, qui peut \u00eatre plac\u00e9 avant ou apr\u00e8s le CTO en fonction de la conception du syst\u00e8me, utilise des granul\u00e9s de carbone en vrac pour adsorber les contaminants et affiner l'eau en \u00e9liminant les impuret\u00e9s et les odeurs restantes. Contrairement au CTO, l'UDF peut avoir des d\u00e9bits l\u00e9g\u00e8rement plus rapides mais une filtration potentiellement moins r\u00e9guli\u00e8re en raison du mouvement des particules de carbone. L'utilisation de ces filtres PP UDF CTO permet de filtrer efficacement les polluants, d'am\u00e9liorer la qualit\u00e9 de l'eau et de garantir la salubrit\u00e9 de l'eau potable.<\/p>\n<p>&nbsp;<\/p>\n<table class=\"aliDataTable\">\n<tbody>\n<tr class=\"firstRow\">\n<td>\n<div><strong>Produit<\/strong><\/div>\n<\/td>\n<td>\n<div>Cartouche de filtre \u00e0 s\u00e9diments PP UDF souffl\u00e9e par fusion<\/div>\n<\/td>\n<\/tr>\n<tr>\n<td>\n<div><strong>Longueur<\/strong><\/div>\n<\/td>\n<td>\n<div>5\u2033, 10\u2033, 20\u2033, 30\u2033, 40\u2033, 50\u201d, 60\u201d pouces<\/div>\n<\/td>\n<\/tr>\n<tr>\n<td>\n<div><strong>Taux de micron<\/strong><\/div>\n<\/td>\n<td>\n<div>1~100 microns sur mesure, en particulier 1, 3, 5, 10 microns<\/div>\n<\/td>\n<\/tr>\n<tr>\n<td>\n<div><strong>Capuchon d'extr\u00e9mit\u00e9<\/strong><\/div>\n<\/td>\n<td>\n<div>DOE, 222+Fin, 222+Flat, 226+Fin, 226+Flat<\/div>\n<\/td>\n<\/tr>\n<tr>\n<td>\n<div><strong>Diam\u00e8tre int\u00e9rieur<\/strong><\/div>\n<\/td>\n<td>\n<div>28~30mm<\/div>\n<\/td>\n<\/tr>\n<tr>\n<td>\n<div><strong>Diam\u00e8tre ext\u00e9rieur<\/strong><\/div>\n<\/td>\n<td>\n<div>60~65mm, Jumbo 110~115mm<\/div>\n<\/td>\n<\/tr>\n<tr>\n<td>\n<div><strong>Mat\u00e9riau du joint\/de l'anneau<\/strong><\/div>\n<\/td>\n<td>\n<div>Silicium\/EPDM\/NBR\/Viton<\/div>\n<\/td>\n<\/tr>\n<tr>\n<td>\n<div><strong>Mat\u00e9riau<\/strong><\/div>\n<\/td>\n<td>\n<div>PP \/ polypropyl\u00e8ne<\/div>\n<\/td>\n<\/tr>\n<tr>\n<td>\n<div><strong>Style<\/strong><\/div>\n<\/td>\n<td>\n<div>Rainure, points de pression, plat, croisement<\/div>\n<\/td>\n<\/tr>\n<tr>\n<td>\n<div><strong>Noyau interne<\/strong><\/div>\n<\/td>\n<td>\n<div>PP ou Aucun<\/div>\n<\/td>\n<\/tr>\n<tr>\n<td>\n<div><strong>Interface<\/strong><\/div>\n<\/td>\n<td>\n<div>Plat, insert<\/div>\n<\/td>\n<\/tr>\n<tr>\n<td>\n<div><strong>Pression diff\u00e9rentielle maximale<\/strong><\/div>\n<\/td>\n<td>\n<div>3 kgf\/cm\u00b2<\/div>\n<\/td>\n<\/tr>\n<tr>\n<td>\n<div><strong>Temp\u00e9rature de fonctionnement maximale<\/strong><\/div>\n<\/td>\n<td>\n<div>80\u00b0c<\/div>\n<\/td>\n<\/tr>\n<tr>\n<td>\n<div><strong>Pression diff\u00e9rentielle de fonctionnement<\/strong><\/div>\n<\/td>\n<td>\n<div>0,1kgf\/cm2<\/div>\n<\/td>\n<\/tr>\n<tr>\n<td>\n<div><strong>Poids commun<\/strong><\/div>\n<\/td>\n<td>\n<div>100- 120g\/10\u2033 (peut \u00eatre personnalis\u00e9)<\/div>\n<\/td>\n<\/tr>\n<\/tbody>\n<\/table>","protected":false},"excerpt":{"rendered":"<table>\n<thead>\n<tr>\n<th>article<\/th>\n<th>d\u00e9tails<\/th>\n<\/tr>\n<\/thead>\n<tbody>\n<tr>\n<td>marque<\/td>\n<td>oem \/ sur mesure<\/td>\n<\/tr>\n<tr>\n<td>mod\u00e8le<\/td>\n<td>lvyuan-<\/td>\n<\/tr>\n<tr>\n<td>certification<\/td>\n<td>sgs<\/td>\n<\/tr>\n<tr>\n<td>port de d\u00e9part<\/td>\n<td>guangzhou<\/td>\n<\/tr>\n<tr>\n<td>lieu d'origine<\/td>\n<td>guangzhou \/ shenzhen<\/td>\n<\/tr>\n<tr>\n<td>capacit\u00e9 de production<\/td>\n<td>10 000 pcs\/mois<\/td>\n<\/tr>\n<tr>\n<td>moq<\/td>\n<td>1 pi\u00e8ce<\/td>\n<\/tr>\n<tr>\n<td>d\u00e9lai de livraison<\/td>\n<td>15-20 jours<\/td>\n<\/tr>\n<tr>\n<td>paiement<\/td>\n<td>t\/t ; western union ; alibaba trade assurance<\/td>\n<\/tr>\n<\/tbody>\n<\/table>","protected":false},"featured_media":2149,"comment_status":"open","ping_status":"closed","template":"","meta":{"_gspb_post_css":""},"product_brand":[],"product_cat":[17,23],"product_tag":[903,904,286,285,902,302],"class_list":{"0":"post-2141","1":"product","2":"type-product","3":"status-publish","4":"has-post-thumbnail","6":"product_cat-sediment-filter","7":"product_cat-pp-filter-cartridge","8":"product_tag-10000-pcs-per-month-capacity","9":"product_tag-15-20-days-delivery","10":"product_tag-guangzhou-start-port","11":"product_tag-moq-1-pcs","12":"product_tag-oem-customized-filter-element","13":"product_tag-sgs-certified-filter","15":"first","16":"instock","17":"shipping-taxable","18":"product-type-simple"},"_links":{"self":[{"href":"https:\/\/lyfilter.com\/fr\/wp-json\/wp\/v2\/product\/2141","targetHints":{"allow":["GET"]}}],"collection":[{"href":"https:\/\/lyfilter.com\/fr\/wp-json\/wp\/v2\/product"}],"about":[{"href":"https:\/\/lyfilter.com\/fr\/wp-json\/wp\/v2\/types\/product"}],"replies":[{"embeddable":true,"href":"https:\/\/lyfilter.com\/fr\/wp-json\/wp\/v2\/comments?post=2141"}],"wp:featuredmedia":[{"embeddable":true,"href":"https:\/\/lyfilter.com\/fr\/wp-json\/wp\/v2\/media\/2149"}],"wp:attachment":[{"href":"https:\/\/lyfilter.com\/fr\/wp-json\/wp\/v2\/media?parent=2141"}],"wp:term":[{"taxonomy":"product_brand","embeddable":true,"href":"https:\/\/lyfilter.com\/fr\/wp-json\/wp\/v2\/product_brand?post=2141"},{"taxonomy":"product_cat","embeddable":true,"href":"https:\/\/lyfilter.com\/fr\/wp-json\/wp\/v2\/product_cat?post=2141"},{"taxonomy":"product_tag","embeddable":true,"href":"https:\/\/lyfilter.com\/fr\/wp-json\/wp\/v2\/product_tag?post=2141"}],"curies":[{"name":"wp","href":"https:\/\/api.w.org\/{rel}","templated":true}]}}