{"id":2134,"date":"2026-01-06T08:35:27","date_gmt":"2026-01-06T08:35:27","guid":{"rendered":"https:\/\/lyfilter.com\/?post_type=product&#038;p=2134"},"modified":"2026-01-06T08:35:27","modified_gmt":"2026-01-06T08:35:27","slug":"10-20-inch-jumbo-big-pp-melt-blown-filter-making-machine-1-to-100-micron-cartridge","status":"publish","type":"product","link":"https:\/\/lyfilter.com\/fr\/10-20-inch-jumbo-big-pp-melt-blown-filter-making-machine-1-to-100-micron-cartridge\/","title":{"rendered":"10 20 pouces Jumbo Big PP melt blown filter making machine 1 to 100 micron Cartridge"},"content":{"rendered":"<table>\n<thead>\n<tr>\n<th>article<\/th>\n<th>d\u00e9tails<\/th>\n<\/tr>\n<\/thead>\n<tbody>\n<tr>\n<td>condition<\/td>\n<td>nouveau<\/td>\n<\/tr>\n<tr>\n<td>secteurs d'activit\u00e9 concern\u00e9s<\/td>\n<td>h\u00f4tels ; magasins de v\u00eatements ; magasins de mat\u00e9riaux de construction ; usines de fabrication ; ateliers de r\u00e9paration de machines ; usines de produits alimentaires et de boissons ; fermes ; restaurants ; usage domestique ; commerce de d\u00e9tail ; magasins d'alimentation ; imprimeries ; travaux de construction ; \u00e9nergie et exploitation mini\u00e8re ; magasins de produits alimentaires et de boissons ; soci\u00e9t\u00e9 de publicit\u00e9<\/td>\n<\/tr>\n<tr>\n<td>lieu d'origine<\/td>\n<td>guangdong, chine<\/td>\n<\/tr>\n<tr>\n<td>nom de marque<\/td>\n<td>lvyuan \/ oem<\/td>\n<\/tr>\n<tr>\n<td>mat\u00e9riel<\/td>\n<td>carton<\/td>\n<\/tr>\n<tr>\n<td>poids<\/td>\n<td>d\u00e9pend<\/td>\n<\/tr>\n<tr>\n<td>taille<\/td>\n<td>d\u00e9pend<\/td>\n<\/tr>\n<tr>\n<td>pouvoir<\/td>\n<td>0<\/td>\n<\/tr>\n<tr>\n<td>garantie<\/td>\n<td>indisponible<\/td>\n<\/tr>\n<tr>\n<td>service apr\u00e8s-vente<\/td>\n<td>soutien en ligne<\/td>\n<\/tr>\n<tr>\n<td>lieu de service local<\/td>\n<td>aucun<\/td>\n<\/tr>\n<tr>\n<td>emplacement de la salle d'exposition<\/td>\n<td>aucun<\/td>\n<\/tr>\n<tr>\n<td>nom du produit<\/td>\n<td>Machine de fabrication de filtres souffl\u00e9s par fusion en pp<\/td>\n<\/tr>\n<tr>\n<td>taux de micron (cartouche)<\/td>\n<td>1, 3, 5, 10, 20 microns<\/td>\n<\/tr>\n<tr>\n<td>certification<\/td>\n<td>ce ; sgs<\/td>\n<\/tr>\n<tr>\n<td>application<\/td>\n<td>pi\u00e8ces pour filtres \u00e0 eau ; osmose inverse<\/td>\n<\/tr>\n<tr>\n<td>longueur (cartouche)<\/td>\n<td>5\u2033, 10\u2033, 20\u2033, 30\u2033, 40\u2033, 50\u2033 pouces<\/td>\n<\/tr>\n<tr>\n<td>m\u00e9dia filtrant<\/td>\n<td>membrane en polypropyl\u00e8ne (pp)<\/td>\n<\/tr>\n<tr>\n<td>options d'embouts<\/td>\n<td>biche ; 222 + aileron ; 222 + plat ; 226 + aileron ; 226 + plat<\/td>\n<\/tr>\n<tr>\n<td>mat\u00e9riau du joint \/ joint torique<\/td>\n<td>silicium ; epdm ; viton<\/td>\n<\/tr>\n<tr>\n<td>utilisation<\/td>\n<td>filtre \u00e0 cartouche pour liquides<\/td>\n<\/tr>\n<tr>\n<td>noyau interne<\/td>\n<td>pp ou aucun<\/td>\n<\/tr>\n<tr>\n<td>unit\u00e9s de vente<\/td>\n<td>article unique<\/td>\n<\/tr>\n<tr>\n<td>taille de l'emballage unique<\/td>\n<td>55 \u00d7 15 \u00d7 15 cm<\/td>\n<\/tr>\n<tr>\n<td>poids brut unique<\/td>\n<td>2.000 kg<\/td>\n<\/tr>\n<tr>\n<td>type de paquet<\/td>\n<td>10 pouces : 50pcs\/ctn 400\u00d7400\u00d7685mm ; 20 pouces : 25pcs\/ctn 400\u00d7400\u00d7685mm ; 30 pouces : 25pcs\/ctn 835\u00d7435\u00d7425mm ; 40 pouces : 25pcs\/ctn 1100\u00d7395\u00d7400mm<\/td>\n<\/tr>\n<tr>\n<td>d\u00e9lai d'ex\u00e9cution (1-50000 pcs)<\/td>\n<td>15 jours<\/td>\n<\/tr>\n<tr>\n<td>d\u00e9lai d'ex\u00e9cution (&gt;50000 pcs)<\/td>\n<td>\u00e0 n\u00e9gocier<\/td>\n<\/tr>\n<\/tbody>\n<\/table>","protected":false},"excerpt":{"rendered":"<p>Vous obtenez une machine neuve, pr\u00eate \u00e0 l'emploi, qui permet de produire des cartouches filtrantes souffl\u00e9es de type pp melt pour la filtration des liquides. Elle est con\u00e7ue pour fonctionner en grand volume et b\u00e9n\u00e9ficie d'une assistance en ligne apr\u00e8s la garantie, ce qui vous \u00e9vite d'avoir \u00e0 vous d\u00e9brouiller seul.<\/p>","protected":false},"featured_media":2142,"comment_status":"open","ping_status":"closed","template":"","meta":{"_gspb_post_css":""},"product_brand":[],"product_cat":[17,23],"product_tag":[899,900,897,901,898,896],"class_list":{"0":"post-2134","1":"product","2":"type-product","3":"status-publish","4":"has-post-thumbnail","6":"product_cat-sediment-filter","7":"product_cat-pp-filter-cartridge","8":"product_tag-1-20-micron-cartridge-making","9":"product_tag-ce-sgs-filter-machine","10":"product_tag-filter-cartridge-making-machine","11":"product_tag-lvyuan-oem-equipment","12":"product_tag-pp-filter-production-line","13":"product_tag-pp-melt-blown-filter-machine","15":"first","16":"instock","17":"shipping-taxable","18":"product-type-simple"},"_links":{"self":[{"href":"https:\/\/lyfilter.com\/fr\/wp-json\/wp\/v2\/product\/2134","targetHints":{"allow":["GET"]}}],"collection":[{"href":"https:\/\/lyfilter.com\/fr\/wp-json\/wp\/v2\/product"}],"about":[{"href":"https:\/\/lyfilter.com\/fr\/wp-json\/wp\/v2\/types\/product"}],"replies":[{"embeddable":true,"href":"https:\/\/lyfilter.com\/fr\/wp-json\/wp\/v2\/comments?post=2134"}],"wp:featuredmedia":[{"embeddable":true,"href":"https:\/\/lyfilter.com\/fr\/wp-json\/wp\/v2\/media\/2142"}],"wp:attachment":[{"href":"https:\/\/lyfilter.com\/fr\/wp-json\/wp\/v2\/media?parent=2134"}],"wp:term":[{"taxonomy":"product_brand","embeddable":true,"href":"https:\/\/lyfilter.com\/fr\/wp-json\/wp\/v2\/product_brand?post=2134"},{"taxonomy":"product_cat","embeddable":true,"href":"https:\/\/lyfilter.com\/fr\/wp-json\/wp\/v2\/product_cat?post=2134"},{"taxonomy":"product_tag","embeddable":true,"href":"https:\/\/lyfilter.com\/fr\/wp-json\/wp\/v2\/product_tag?post=2134"}],"curies":[{"name":"wp","href":"https:\/\/api.w.org\/{rel}","templated":true}]}}