{"id":2120,"date":"2026-01-06T08:31:33","date_gmt":"2026-01-06T08:31:33","guid":{"rendered":"https:\/\/lyfilter.com\/?post_type=product&#038;p=2120"},"modified":"2026-01-06T08:31:33","modified_gmt":"2026-01-06T08:31:33","slug":"ppf-melt-blown-water-filter-cartridge-sgs-water-quality-association-certification","status":"publish","type":"product","link":"https:\/\/lyfilter.com\/fr\/ppf-melt-blown-water-filter-cartridge-sgs-water-quality-association-certification\/","title":{"rendered":"Cartouche de filtre \u00e0 eau PPF souffl\u00e9e par fusion Certification de l'association pour la qualit\u00e9 de l'eau SGS"},"content":{"rendered":"<div class=\"pro_aliData\">\n<div class=\"detail-box\">\n<div class=\"scc-wrapper detail-module module-productPackagingAndQuickDetail\" data-spm=\"prilinga1e\">\n<div class=\"widget-detail-overview\">\n<div class=\"do-title\">\n<p>Le filtre souffl\u00e9 par fusion PP (PPF) est un filtre tubulaire constitu\u00e9 de particules de polypropyl\u00e8ne non toxiques et inodores par des proc\u00e9d\u00e9s tels que le chauffage, la fusion et le formage. Il est largement utilis\u00e9 dans de nombreux domaines en raison de sa capacit\u00e9 de filtrage efficace !<\/p>\n<p>&nbsp;<\/p>\n<h2 id=\"-product-overview\">\u2728 Aper\u00e7u du produit<\/h2>\n<p>La cartouche filtrante souffl\u00e9e par fusion en PP (souvent appel\u00e9e cartouche filtrante en coton PP) est une cartouche filtrante tubulaire compos\u00e9e de particules de polypropyl\u00e8ne de qualit\u00e9 alimentaire, non toxiques et inodores, qui sont chauff\u00e9es et fondues, et fabriqu\u00e9es par le biais de processus suppl\u00e9mentaires tels que le formage. Cette cartouche filtrante n'utilise pas d'adh\u00e9sifs chimiques dans le processus de production et repose enti\u00e8rement sur les caract\u00e9ristiques de liaison thermique des fibres de polypropyl\u00e8ne pour se former, ce qui la rend plus conforme aux exigences de haute qualit\u00e9 en mati\u00e8re d'hygi\u00e8ne et de s\u00e9curit\u00e9.<\/p>\n<p>&nbsp;<\/p>\n<p>Sa particularit\u00e9 r\u00e9side dans l'adoption d'une structure de filtration en profondeur, o\u00f9 les fibres pr\u00e9sentent une structure de r\u00e9seau poreux irr\u00e9guli\u00e8re et ont une structure de densit\u00e9 progressive (\u00e9galement connue sous le nom de filtration en gradient) o\u00f9 les pores entre les fibres diminuent progressivement de grands \u00e0 petits de l'ext\u00e9rieur vers l'int\u00e9rieur ! Cette conception permet \u00e0 l'\u00e9l\u00e9ment filtrant d'accueillir les grosses particules et les impuret\u00e9s sur la couche ext\u00e9rieure, emp\u00eachant ainsi une congestion rapide, tandis que la couche int\u00e9rieure peut bloquer les petites particules, assurer la pr\u00e9cision de la filtration, r\u00e9duire la r\u00e9sistance \u00e0 la filtration et prolonger la dur\u00e9e de vie ;<\/p>\n<\/div>\n<\/div>\n<\/div>\n<\/div>\n<\/div>\n<p>&nbsp;<\/p>\n<p><img decoding=\"async\" title=\"Cartouche de filtre \u00e0 s\u00e9diments souffl\u00e9s par fusion PPF\" src=\"https:\/\/img.yfisher.com\/m6076\/1725727036217\/jpg70-t3-scale100.webp\" alt=\"Cartouche de filtre \u00e0 s\u00e9diments souffl\u00e9s par fusion PPF\" border=\"0\" vspace=\"0\" data-lazy=\"2\" \/><\/p>\n<div class=\"pro_aliData\">\n<p>&nbsp;<\/p>\n<div class=\"detail-box\">\n<div class=\"scc-wrapper detail-module module-productPackagingAndQuickDetail\" data-spm=\"prilinga1e\">\n<div class=\"widget-detail-overview\">\n<div class=\"do-title\">\n<h2 id=\"-product-parameter-table\">\ud83d\udcca Param\u00e8tre Filtre souffl\u00e9 par fusion PP (PPF)<\/h2>\n<p>Le tableau suivant r\u00e9sume les principaux param\u00e8tres techniques des cartouches filtrantes souffl\u00e9es par fusion en PP :<\/p>\n<p>&nbsp;<\/p>\n<table>\n<thead>\n<tr>\n<th>Cat\u00e9gorie de param\u00e8tres<\/th>\n<th>Param\u00e8tres sp\u00e9cifiques<\/th>\n<\/tr>\n<\/thead>\n<tbody>\n<tr>\n<td>Longueur<\/td>\n<td>5 \u201c, 60\u201d<\/td>\n<\/tr>\n<tr>\n<td>Diam\u00e8tre ext\u00e9rieur<\/td>\n<td>60-115 mm (62-65 mm)<\/td>\n<\/tr>\n<tr>\n<td>Diam\u00e8tre int\u00e9rieur<\/td>\n<td>28 mm ou 30 mm (le d\u00e9partement peut personnaliser 15-35 mm)<\/td>\n<\/tr>\n<tr>\n<td>Param\u00e8tres de performance<\/td>\n<\/tr>\n<tr>\n<td>Pr\u00e9cision du filtrage<\/td>\n<td>0,5-100 \u03bc m (1,50 \u03bc m)<\/td>\n<\/tr>\n<tr>\n<td>Tension de tenue maximale<\/td>\n<td>\u2264 0,5 MPa<\/td>\n<\/tr>\n<tr>\n<td>Perte de charge maximale<\/td>\n<td>0,2-0,4 MPa (il est recommand\u00e9 de remplacer la diff\u00e9rence de pression de 0,1-0,2 MPa)<\/td>\n<\/tr>\n<tr>\n<td>Temp\u00e9rature maximale de fonctionnement<\/td>\n<td>\u2264 60-70 \u2103 (\u00e0 court terme jusqu'\u00e0 90 \u2103)<\/td>\n<\/tr>\n<tr>\n<td>Plage de pH applicable<\/td>\n<td>1-13<\/td>\n<\/tr>\n<tr>\n<td>Conformit\u00e9 du filtrage<\/td>\n<td>\u2265 98% -99%<\/td>\n<\/tr>\n<\/tbody>\n<\/table>\n<h2><\/h2>\n<h2 id=\"-product-structure-and-process-characteristics\">\ud83d\udd2c Structure du produit et caract\u00e9ristiques du processus<\/h2>\n<p>Conception structurelle La structure de base de l'\u00e9l\u00e9ment filtrant souffl\u00e9 par fusion en PP est une conception tubulaire, qui cr\u00e9e un gradient de densit\u00e9 graduel de l'ext\u00e9rieur vers l'int\u00e9rieur. Les produits de haute qualit\u00e9 sont g\u00e9n\u00e9ralement cr\u00e9\u00e9s en utilisant le \u201cprocessus \u00e0 trois pulv\u00e9risations\u201d pour former des structures multicouches telles que des couches pelucheuses, des couches serr\u00e9es et des couches compactes !<\/p>\n<p>&nbsp;<\/p>\n<p>tandard et Skeleton Type : Certaines cartouches filtrantes souffl\u00e9es par fusion en PP ont un squelette int\u00e9gr\u00e9 en polypropyl\u00e8ne, qui convient particuli\u00e8rement aux sp\u00e9cifications plus longues (telles que 30\u201c, 40\u201d) ou aux sc\u00e9narios d'op\u00e9ration qui n\u00e9cessitent une r\u00e9sistance \u00e0 la compression plus \u00e9lev\u00e9e, et qui peut emp\u00eacher efficacement la d\u00e9formation de la cartouche filtrante. -<em>\u00a0<\/em>Big Fat Filter : avec un diam\u00e8tre ext\u00e9rieur plus important, il offre une plus grande surface de filtration et une plus grande capacit\u00e9 de r\u00e9tention des impuret\u00e9s, ce qui convient aux environnements de filtrage \u00e0 forte teneur en impuret\u00e9s.<\/p>\n<p>&nbsp;<\/p>\n<p>Caract\u00e9ristiques du processus Au cours du processus de production, le contr\u00f4le du diam\u00e8tre et de l'espacement des fibres permet de former une structure microporeuse avec une petite couche interne et une grande couche externe, ce qui augmente le d\u00e9bit et la capacit\u00e9 de r\u00e9tention des polluants ; les cartouches filtrantes de haute qualit\u00e9 ne doivent pas pr\u00e9senter de fibres l\u00e2ches (\u201cpas de perte de cheveux\u201d), ce qui garantit la puret\u00e9 du milieu filtrant.<\/p>\n<p>&nbsp;<\/p>\n<h2 id=\"-product-advantages-and-features\">\ud83d\udca1 Avantages et caract\u00e9ristiques du produit<\/h2>\n<div><\/div>\n<ul>\n<li><strong>Bonne performance de filtration :\u00a0<\/strong>La cartouche filtrante souffl\u00e9e par fusion en PP a une structure de filtration profonde avec une taille de pore uniforme, peu dense \u00e0 l'ext\u00e9rieur et dense \u00e0 l'int\u00e9rieur, et peut atteindre une conformit\u00e9 de filtration de plus de 98% -99% ! Sa structure \u00e0 densit\u00e9 progressive permet d'obtenir une capacit\u00e9 de transport des polluants \u00e9lev\u00e9e, un d\u00e9bit important et une faible perte de charge ;<\/li>\n<li><strong>Stabilit\u00e9 chimique exceptionnelle :\u00a0<\/strong>Le produit est r\u00e9sistant aux acides et aux solutions organiques, pr\u00e9sente une bonne stabilit\u00e9 chimique, convient \u00e0 une plage de pH de 1 \u00e0 13 et peut traiter des fluides aux propri\u00e9t\u00e9s chimiques vari\u00e9es !<\/li>\n<li>La performance physique est en effet forte, et l'\u00e9l\u00e9ment filtrant ne se d\u00e9forme pas lorsque la diff\u00e9rence de pression de l'eau entre l'entr\u00e9e et la sortie du filtre est sup\u00e9rieure \u00e0 0,4Mpa ; lorsque la temp\u00e9rature est sup\u00e9rieure \u00e0 90 \u2103, l'efficacit\u00e9 de la filtration ne diminue pas.<\/li>\n<li><strong>S\u00e9curit\u00e9 et hygi\u00e8ne :\u00a0<\/strong>Fabriqu\u00e9 \u00e0 partir de mati\u00e8res premi\u00e8res en polypropyl\u00e8ne non toxiques et inodores, sans adh\u00e9sifs chimiques, il r\u00e9pond aux exigences d'hygi\u00e8ne et de s\u00e9curit\u00e9 des industries alimentaires et pharmaceutiques. Le produit lui-m\u00eame est tr\u00e8s propre et ne pollue pas la qualit\u00e9 de l'eau.<\/li>\n<li><strong>\u00c9conomique et pratique :\u00a0<\/strong>Compar\u00e9es \u00e0 d'autres mat\u00e9riaux filtrants, les cartouches filtrantes souffl\u00e9es par fusion en PP sont relativement peu co\u00fbteuses, mais elles pr\u00e9sentent des performances fiables, une longue dur\u00e9e de vie et un rapport co\u00fbt-efficacit\u00e9 \u00e9lev\u00e9.<\/li>\n<\/ul>\n<div><\/div>\n<h2 id=\"-maintenance-and-replacement-guide\">\ud83d\udd27 Guide d'entretien et de remplacement<\/h2>\n<p>Une maintenance pr\u00e9cise peut consid\u00e9rablement prolonger la dur\u00e9e de vie des cartouches de filtre souffl\u00e9 par fusion en PP et garantir l'efficacit\u00e9 de la filtration :<\/p>\n<p>&nbsp;<\/p>\n<p><strong>-<em>\u00a0<\/em>\u00c9valuation du cycle de remplacement : T<\/strong>En r\u00e8gle g\u00e9n\u00e9rale, les fabricants recommandent un cycle de remplacement de 3 \u00e0 6 mois, mais le cycle r\u00e9el doit \u00eatre ajust\u00e9 en fonction de la consommation d'eau, de la qualit\u00e9 de l'eau et de la pression de l'eau. La m\u00e9thode de jugement la plus scientifique est bas\u00e9e sur la diff\u00e9rence de pression entre l'entr\u00e9e et la sortie. Lorsque la diff\u00e9rence de pression est sup\u00e9rieure \u00e0 0,1-0,2 MPa, l'\u00e9l\u00e9ment filtrant doit \u00eatre nettoy\u00e9 ou remplac\u00e9 ;<\/p>\n<p><strong>-Capacit\u00e9 de nettoyage :\u00a0<\/strong>Il est possible de tester le rin\u00e7age inverse et de nettoyer la paroi ext\u00e9rieure de l'\u00e9l\u00e9ment filtrant avec de l'eau propre sous une pression inf\u00e9rieure \u00e0 0,2 MPa. Il convient toutefois de noter que les nettoyages fr\u00e9quents ont une efficacit\u00e9 limit\u00e9e. Les cartouches filtrantes souffl\u00e9es par fusion en PP sont principalement con\u00e7ues pour la filtration des particules, et leurs performances se d\u00e9t\u00e9riorent consid\u00e9rablement apr\u00e8s l'absorption de salet\u00e9s. C'est pourquoi il est g\u00e9n\u00e9ralement recommand\u00e9 de les remplacer directement plut\u00f4t que de les nettoyer.<\/p>\n<p><strong>-<em>\u00a0<\/em>R\u00e9glage de l'arr\u00eat :\u00a0<\/strong>Lorsque l'\u00e9l\u00e9ment filtrant ne fonctionne pas, il peut \u00eatre stock\u00e9 dans le bo\u00eetier du filtre et rempli d'eau propre ou d'eau antibact\u00e9rienne. Lorsqu'il est r\u00e9utilis\u00e9, il doit \u00eatre soigneusement nettoy\u00e9.<\/p>\n<p><strong>-<em>\u00a0<\/em>Identification de l'\u00e9l\u00e9ment filtrant :<\/strong>\u00a0l'\u00e9l\u00e9ment filtrant usag\u00e9 remplac\u00e9 apr\u00e8s usage, le produit de bonne qualit\u00e9 re\u00e7oit une grande quantit\u00e9 de pollution, et d'apr\u00e8s la section transversale, chaque couche sera pleine d'impuret\u00e9s. Les filtres de mauvaise qualit\u00e9 sont principalement sales sur les contours et sont plus l\u00e9gers.<\/p>\n<h2><\/h2>\n<h2 id=\"-application-field\">\ud83c\udfed Application du filtre souffl\u00e9 par fusion en PP (PPF)<\/h2>\n<p>Les cartouches filtrantes souffl\u00e9es par fusion en PP sont largement utilis\u00e9es dans de nombreux domaines en raison de leurs excellentes propri\u00e9t\u00e9s.<\/p>\n<p>&nbsp;<\/p>\n<ul>\n<li><strong>Eau potable et industrie alimentaire :\u00a0<\/strong>la filtration de l'eau purifi\u00e9e, des boissons alcoolis\u00e9es, de l'eau st\u00e9rile pour les produits pharmaceutiques, et le traitement de pr\u00e9-filtration de l'eau purifi\u00e9e. -<em>\u00a0<\/em>Industrie \u00e9lectronique : Pr\u00e9filtration d'eau pure et d'eau ultrapure, filtration de solutions de galvanoplastie !<\/li>\n<li><strong>Industrie p\u00e9trochimique :\u00a0<\/strong>la filtration de divers solvants organiques, de solutions alcalines et la filtration de l'eau d'injection des champs p\u00e9trolif\u00e8res.<\/li>\n<li><strong>Cr\u00e9ation pharmaceutique :\u00a0<\/strong>Pr\u00e9filtration de diverses injections, de liquides m\u00e9dicinaux et de l'eau de lavage des flacons d'injection, pr\u00e9-filtration de solutions de perfusion de grande taille, ainsi que de diverses injections d'antibiotiques et de m\u00e9dicaments traditionnels chinois.<em>\u00a0<\/em>Syst\u00e8me de traitement de l'eau : Utilis\u00e9 comme pr\u00e9curseur de filtre de s\u00e9curit\u00e9 pour l'osmose inverse (RO), la nanofiltration (NF) et d'autres syst\u00e8mes, il prot\u00e8ge efficacement le syst\u00e8me de membrane principal.<\/li>\n<\/ul>\n<h2 id=\"-faq-frequently-asked-questions-\">\u2753 FAQ (Foire aux questions)<\/h2>\n<p><strong>1. Comment distinguer les avantages et les inconv\u00e9nients des cartouches filtrantes souffl\u00e9es par fusion en PP ?\u00a0<\/strong>Le filtre de haute qualit\u00e9 adopte une conception \u00e0 densit\u00e9 progressive, avec un ext\u00e9rieur souple et un int\u00e9rieur \u00e9tanche ; la section transversale doit \u00eatre in\u00e9gale \u00e0 l'int\u00e9rieur et \u00e0 l'ext\u00e9rieur. Les filaments de fibres sont uniformes et ne pr\u00e9sentent pas de ph\u00e9nom\u00e8ne d'\u00e9rosion. Le poids est \u00e9galement un objectif de r\u00e9f\u00e9rence, et les filtres plus lourds ont g\u00e9n\u00e9ralement une plus grande capacit\u00e9 de transport des polluants.<\/p>\n<p><strong>2. Comment choisir les cartouches filtrantes 1 micron et 5 microns ?\u00a0<\/strong>Dans les r\u00e9gions o\u00f9 la pression de l'eau est faible ou o\u00f9 l'eau est pollu\u00e9e (comme les eaux souterraines et les eaux de puits), il est recommand\u00e9 d'utiliser des cartouches filtrantes de 5 microns pour \u00e9viter l'att\u00e9nuation de la pression caus\u00e9e par une pression insuffisante ou par la confusion ! Un filtre de 1 micron peut \u00eatre utilis\u00e9 dans les environnements o\u00f9 la pression de l'eau est stable.<\/p>\n<p><strong>3. Que dois-je faire si la longueur de l'\u00e9l\u00e9ment filtrant n'est pas compatible ?\u00a0<\/strong>Il n'existe pas de norme unifi\u00e9e pour les bouteilles filtrantes de 10 pouces en Chine, et il peut y avoir de l\u00e9g\u00e8res et fines erreurs ! Si la longueur de l'\u00e9l\u00e9ment filtrant est r\u00e9duite (252 mm seulement, par exemple), il est possible d'ajouter des joints pour r\u00e9soudre les probl\u00e8mes de compatibilit\u00e9 ;<\/p>\n<p><strong>4. Quels sont les sc\u00e9narios pour lesquels le filtre squelette est adapt\u00e9 ?\u00a0<\/strong>L'\u00e9l\u00e9ment filtrant en polypropyl\u00e8ne est principalement utilis\u00e9 pour am\u00e9liorer la r\u00e9sistance \u00e0 la compression, emp\u00eacher la d\u00e9formation des filtres plus longs (tels que les filtres industriels de 40 pouces de long), et est particuli\u00e8rement adapt\u00e9 \u00e0 la filtration industrielle avec un d\u00e9bit \u00e9lev\u00e9 ou des fluctuations de pression !<\/p>\n<p><strong>5. Peut-il \u00eatre utilis\u00e9 pour la filtration de liquides \u00e0 haute temp\u00e9rature ?\u00a0<\/strong>La temp\u00e9rature de fonctionnement maximale conventionnelle de l'\u00e9l\u00e9ment filtrant souffl\u00e9 par fusion en PP est de 60-70 \u2103, et elle peut atteindre 90 \u2103 en peu de temps ! Si une plus grande tol\u00e9rance \u00e0 la temp\u00e9rature est requise, il est n\u00e9cessaire d'envisager des produits filtrants fabriqu\u00e9s \u00e0 partir d'autres mat\u00e9riaux ou des filtres en PP sp\u00e9cialement contr\u00f4l\u00e9s !<\/p>\n<\/div>\n<\/div>\n<\/div>\n<\/div>\n<\/div>","protected":false},"excerpt":{"rendered":"<table>\n<thead>\n<tr>\n<th>article<\/th>\n<th>d\u00e9tails<\/th>\n<\/tr>\n<\/thead>\n<tbody>\n<tr>\n<td>marque<\/td>\n<td>oem \/ lvyuan<\/td>\n<\/tr>\n<tr>\n<td>certification<\/td>\n<td>sgs<\/td>\n<\/tr>\n<tr>\n<td>port de d\u00e9part<\/td>\n<td>huangpu \/ nansha<\/td>\n<\/tr>\n<tr>\n<td>lieu d'origine<\/td>\n<td>guangzhou \/ shenzhen<\/td>\n<\/tr>\n<tr>\n<td>capacit\u00e9 de production<\/td>\n<td>10 000 pcs\/mois<\/td>\n<\/tr>\n<tr>\n<td>moq<\/td>\n<td>1 pi\u00e8ce<\/td>\n<\/tr>\n<tr>\n<td>d\u00e9lai de livraison<\/td>\n<td>5-10 jours<\/td>\n<\/tr>\n<tr>\n<td>paiement<\/td>\n<td>t\/t ; alibaba trade assurance ; paypal<\/td>\n<\/tr>\n<\/tbody>\n<\/table>","protected":false},"featured_media":2128,"comment_status":"open","ping_status":"closed","template":"","meta":{"_gspb_post_css":""},"product_brand":[],"product_cat":[17,23],"product_tag":[892,891,889,890,888,302],"class_list":{"0":"post-2120","1":"product","2":"type-product","3":"status-publish","4":"has-post-thumbnail","6":"product_cat-sediment-filter","7":"product_cat-pp-filter-cartridge","8":"product_tag-5-10-days-delivery","9":"product_tag-huangpu-nansha-shipping","10":"product_tag-lvyuan-filter-supplier","11":"product_tag-moq-1-pc","12":"product_tag-oem-filter-element","13":"product_tag-sgs-certified-filter","15":"first","16":"instock","17":"shipping-taxable","18":"product-type-simple"},"_links":{"self":[{"href":"https:\/\/lyfilter.com\/fr\/wp-json\/wp\/v2\/product\/2120","targetHints":{"allow":["GET"]}}],"collection":[{"href":"https:\/\/lyfilter.com\/fr\/wp-json\/wp\/v2\/product"}],"about":[{"href":"https:\/\/lyfilter.com\/fr\/wp-json\/wp\/v2\/types\/product"}],"replies":[{"embeddable":true,"href":"https:\/\/lyfilter.com\/fr\/wp-json\/wp\/v2\/comments?post=2120"}],"wp:featuredmedia":[{"embeddable":true,"href":"https:\/\/lyfilter.com\/fr\/wp-json\/wp\/v2\/media\/2128"}],"wp:attachment":[{"href":"https:\/\/lyfilter.com\/fr\/wp-json\/wp\/v2\/media?parent=2120"}],"wp:term":[{"taxonomy":"product_brand","embeddable":true,"href":"https:\/\/lyfilter.com\/fr\/wp-json\/wp\/v2\/product_brand?post=2120"},{"taxonomy":"product_cat","embeddable":true,"href":"https:\/\/lyfilter.com\/fr\/wp-json\/wp\/v2\/product_cat?post=2120"},{"taxonomy":"product_tag","embeddable":true,"href":"https:\/\/lyfilter.com\/fr\/wp-json\/wp\/v2\/product_tag?post=2120"}],"curies":[{"name":"wp","href":"https:\/\/api.w.org\/{rel}","templated":true}]}}