{"id":2113,"date":"2026-01-06T08:28:13","date_gmt":"2026-01-06T08:28:13","guid":{"rendered":"https:\/\/lyfilter.com\/?post_type=product&#038;p=2113"},"modified":"2026-01-06T08:28:13","modified_gmt":"2026-01-06T08:28:13","slug":"best-price-10-inch-flat-doe-melt-blown-pp-filter-cartridge-pp-water-filter-50pcs-box","status":"publish","type":"product","link":"https:\/\/lyfilter.com\/fr\/best-price-10-inch-flat-doe-melt-blown-pp-filter-cartridge-pp-water-filter-50pcs-box\/","title":{"rendered":"meilleur prix 10 inch flat DOE melt blown pp filter cartridge \/pp water filter 50pcs\/box"},"content":{"rendered":"<table>\n<thead>\n<tr>\n<th>article<\/th>\n<th>d\u00e9tails<\/th>\n<\/tr>\n<\/thead>\n<tbody>\n<tr>\n<td>secteurs d'activit\u00e9 concern\u00e9s<\/td>\n<td>usine de fabrication ; usine d'aliments et de boissons ; usage domestique ; traitement de l'eau<\/td>\n<\/tr>\n<tr>\n<td>lieu d'origine<\/td>\n<td>guangdong, chine<\/td>\n<\/tr>\n<tr>\n<td>nom de marque<\/td>\n<td>lvyuan ; oem ; odm<\/td>\n<\/tr>\n<tr>\n<td>mat\u00e9riel<\/td>\n<td>pp<\/td>\n<\/tr>\n<tr>\n<td>mati\u00e8re premi\u00e8re<\/td>\n<td>pp fibre<\/td>\n<\/tr>\n<tr>\n<td>caract\u00e9ristique<\/td>\n<td>haute efficacit\u00e9<\/td>\n<\/tr>\n<tr>\n<td>longueur<\/td>\n<td>10 pouces<\/td>\n<\/tr>\n<tr>\n<td>taux d'\u00e9limination<\/td>\n<td>1 micron ; 5 microns<\/td>\n<\/tr>\n<tr>\n<td>certification<\/td>\n<td>sgs<\/td>\n<\/tr>\n<tr>\n<td>utilisation<\/td>\n<td>traitement de l'eau<\/td>\n<\/tr>\n<tr>\n<td>application<\/td>\n<td>l'industrie<\/td>\n<\/tr>\n<tr>\n<td>couleur<\/td>\n<td>blanc<\/td>\n<\/tr>\n<tr>\n<td>apparence<\/td>\n<td>brillant<\/td>\n<\/tr>\n<tr>\n<td>poids<\/td>\n<td>personnalis\u00e9<\/td>\n<\/tr>\n<tr>\n<td>taille<\/td>\n<td>personnalis\u00e9<\/td>\n<\/tr>\n<tr>\n<td>pouvoir<\/td>\n<td>0<\/td>\n<\/tr>\n<tr>\n<td>garantie<\/td>\n<td>indisponible<\/td>\n<\/tr>\n<tr>\n<td>le service apr\u00e8s-vente est assur\u00e9<\/td>\n<td>soutien en ligne<\/td>\n<\/tr>\n<tr>\n<td>emballage<\/td>\n<td>bo\u00eete en papier<\/td>\n<\/tr>\n<tr>\n<td>unit\u00e9s de vente<\/td>\n<td>article unique<\/td>\n<\/tr>\n<tr>\n<td>taille de l'emballage unique<\/td>\n<td>53 \u00d7 33 \u00d7 33 cm<\/td>\n<\/tr>\n<tr>\n<td>poids brut unique<\/td>\n<td>5.800 kg<\/td>\n<\/tr>\n<tr>\n<td>type de paquet<\/td>\n<td>bo\u00eete en papier<\/td>\n<\/tr>\n<tr>\n<td>d\u00e9lai d'ex\u00e9cution (1-1000 bo\u00eetes)<\/td>\n<td>7 jours<\/td>\n<\/tr>\n<tr>\n<td>d\u00e9lai d'ex\u00e9cution (&gt;1000 bo\u00eetes)<\/td>\n<td>\u00e0 n\u00e9gocier<\/td>\n<\/tr>\n<\/tbody>\n<\/table>","protected":false},"excerpt":{"rendered":"<p>Vous obtenez une cartouche en fibre de pp \u00e0 haute efficacit\u00e9 qui aide \u00e0 \u00e9liminer les s\u00e9diments fins et \u00e0 prot\u00e9ger votre syst\u00e8me. Choisissez une \u00e9limination de 1 ou 5 microns, avec une finition brillante et un dimensionnement personnalis\u00e9 pour votre bo\u00eetier.<\/p>","protected":false},"featured_media":2121,"comment_status":"open","ping_status":"closed","template":"","meta":{"_gspb_post_css":""},"product_brand":[],"product_cat":[23,17],"product_tag":[885,887,886,757,648,823],"class_list":{"0":"post-2113","1":"product","2":"type-product","3":"status-publish","4":"has-post-thumbnail","6":"product_cat-pp-filter-cartridge","7":"product_cat-sediment-filter","8":"product_tag-1-micron-sediment-filter","9":"product_tag-10-inch-water-filter-cartridge","10":"product_tag-5-micron-sediment-filter","11":"product_tag-pp-fiber-filter-element","12":"product_tag-pp-filter-cartridge","13":"product_tag-sgs-certified-cartridge","15":"first","16":"instock","17":"shipping-taxable","18":"product-type-simple"},"_links":{"self":[{"href":"https:\/\/lyfilter.com\/fr\/wp-json\/wp\/v2\/product\/2113","targetHints":{"allow":["GET"]}}],"collection":[{"href":"https:\/\/lyfilter.com\/fr\/wp-json\/wp\/v2\/product"}],"about":[{"href":"https:\/\/lyfilter.com\/fr\/wp-json\/wp\/v2\/types\/product"}],"replies":[{"embeddable":true,"href":"https:\/\/lyfilter.com\/fr\/wp-json\/wp\/v2\/comments?post=2113"}],"wp:featuredmedia":[{"embeddable":true,"href":"https:\/\/lyfilter.com\/fr\/wp-json\/wp\/v2\/media\/2121"}],"wp:attachment":[{"href":"https:\/\/lyfilter.com\/fr\/wp-json\/wp\/v2\/media?parent=2113"}],"wp:term":[{"taxonomy":"product_brand","embeddable":true,"href":"https:\/\/lyfilter.com\/fr\/wp-json\/wp\/v2\/product_brand?post=2113"},{"taxonomy":"product_cat","embeddable":true,"href":"https:\/\/lyfilter.com\/fr\/wp-json\/wp\/v2\/product_cat?post=2113"},{"taxonomy":"product_tag","embeddable":true,"href":"https:\/\/lyfilter.com\/fr\/wp-json\/wp\/v2\/product_tag?post=2113"}],"curies":[{"name":"wp","href":"https:\/\/api.w.org\/{rel}","templated":true}]}}