{"id":2099,"date":"2026-01-06T08:24:59","date_gmt":"2026-01-06T08:24:59","guid":{"rendered":"https:\/\/lyfilter.com\/?post_type=product&#038;p=2099"},"modified":"2026-01-06T08:24:59","modified_gmt":"2026-01-06T08:24:59","slug":"pp-sediment-melt-blown-water-filter-polypropylene-filter-cartridge-10-20-30-40-inch","status":"publish","type":"product","link":"https:\/\/lyfilter.com\/fr\/pp-sediment-melt-blown-water-filter-polypropylene-filter-cartridge-10-20-30-40-inch\/","title":{"rendered":"PP Sediment melt blown Water Filter\/ Polypropylene Filter Cartridge 10 20 30 40 inch"},"content":{"rendered":"<table>\n<thead>\n<tr>\n<th>article<\/th>\n<th>d\u00e9tails<\/th>\n<\/tr>\n<\/thead>\n<tbody>\n<tr>\n<td>secteurs d'activit\u00e9 concern\u00e9s<\/td>\n<td>usine de fabrication ; usine d'aliments et de boissons ; usage domestique ; traitement de l'eau<\/td>\n<\/tr>\n<tr>\n<td>lieu d'origine<\/td>\n<td>guangdong, chine<\/td>\n<\/tr>\n<tr>\n<td>nom de marque<\/td>\n<td>lvyuan ; oem ; odm<\/td>\n<\/tr>\n<tr>\n<td>mat\u00e9riel<\/td>\n<td>pp<\/td>\n<\/tr>\n<tr>\n<td>mati\u00e8re premi\u00e8re<\/td>\n<td>pp fibre<\/td>\n<\/tr>\n<tr>\n<td>taille<\/td>\n<td>personnalis\u00e9 ; mince ; jumbo<\/td>\n<\/tr>\n<tr>\n<td>poids<\/td>\n<td>personnalis\u00e9<\/td>\n<\/tr>\n<tr>\n<td>caract\u00e9ristique<\/td>\n<td>taille et logo personnalis\u00e9s ; acier en acier<\/td>\n<\/tr>\n<tr>\n<td>certification<\/td>\n<td>sgs<\/td>\n<\/tr>\n<tr>\n<td>forme<\/td>\n<td>cylindre<\/td>\n<\/tr>\n<tr>\n<td>utilisation<\/td>\n<td>traitement de l'eau<\/td>\n<\/tr>\n<tr>\n<td>application<\/td>\n<td>l'industrie<\/td>\n<\/tr>\n<tr>\n<td>couleur<\/td>\n<td>blanc<\/td>\n<\/tr>\n<tr>\n<td>apparence<\/td>\n<td>gaufr\u00e9 ; brillant ; etc<\/td>\n<\/tr>\n<tr>\n<td>pouvoir<\/td>\n<td>0<\/td>\n<\/tr>\n<tr>\n<td>garantie<\/td>\n<td>indisponible<\/td>\n<\/tr>\n<tr>\n<td>le service apr\u00e8s-vente est assur\u00e9<\/td>\n<td>soutien en ligne<\/td>\n<\/tr>\n<tr>\n<td>emballage<\/td>\n<td>bo\u00eete en papier<\/td>\n<\/tr>\n<tr>\n<td>capacit\u00e9 d'approvisionnement<\/td>\n<td>5000 pi\u00e8ces\/pi\u00e8ces par semaine<\/td>\n<\/tr>\n<\/tbody>\n<\/table>","protected":false},"excerpt":{"rendered":"<p>Cette cartouche en fibre de polypropyl\u00e8ne aide \u00e0 r\u00e9duire les s\u00e9diments et \u00e0 maintenir le bon fonctionnement de votre syst\u00e8me d'eau. Choisissez les mod\u00e8les slim ou jumbo, personnalisez la taille et le poids, et ajoutez votre logo pour une finition propre et professionnelle.<\/p>","protected":false},"featured_media":2107,"comment_status":"open","ping_status":"closed","template":"","meta":{"_gspb_post_css":""},"product_brand":[],"product_cat":[23,17],"product_tag":[882,884,757,648,302,883],"class_list":{"0":"post-2099","1":"product","2":"type-product","3":"status-publish","4":"has-post-thumbnail","6":"product_cat-pp-filter-cartridge","7":"product_cat-sediment-filter","8":"product_tag-custom-logo-filter-element","9":"product_tag-jumbo-water-filter-cartridge","10":"product_tag-pp-fiber-filter-element","11":"product_tag-pp-filter-cartridge","12":"product_tag-sgs-certified-filter","13":"product_tag-slim-water-filter-cartridge","15":"first","16":"instock","17":"shipping-taxable","18":"product-type-simple"},"_links":{"self":[{"href":"https:\/\/lyfilter.com\/fr\/wp-json\/wp\/v2\/product\/2099","targetHints":{"allow":["GET"]}}],"collection":[{"href":"https:\/\/lyfilter.com\/fr\/wp-json\/wp\/v2\/product"}],"about":[{"href":"https:\/\/lyfilter.com\/fr\/wp-json\/wp\/v2\/types\/product"}],"replies":[{"embeddable":true,"href":"https:\/\/lyfilter.com\/fr\/wp-json\/wp\/v2\/comments?post=2099"}],"wp:featuredmedia":[{"embeddable":true,"href":"https:\/\/lyfilter.com\/fr\/wp-json\/wp\/v2\/media\/2107"}],"wp:attachment":[{"href":"https:\/\/lyfilter.com\/fr\/wp-json\/wp\/v2\/media?parent=2099"}],"wp:term":[{"taxonomy":"product_brand","embeddable":true,"href":"https:\/\/lyfilter.com\/fr\/wp-json\/wp\/v2\/product_brand?post=2099"},{"taxonomy":"product_cat","embeddable":true,"href":"https:\/\/lyfilter.com\/fr\/wp-json\/wp\/v2\/product_cat?post=2099"},{"taxonomy":"product_tag","embeddable":true,"href":"https:\/\/lyfilter.com\/fr\/wp-json\/wp\/v2\/product_tag?post=2099"}],"curies":[{"name":"wp","href":"https:\/\/api.w.org\/{rel}","templated":true}]}}