{"id":2079,"date":"2026-01-06T08:18:10","date_gmt":"2026-01-06T08:18:10","guid":{"rendered":"https:\/\/lyfilter.com\/?post_type=product&#038;p=2079"},"modified":"2026-01-06T08:18:10","modified_gmt":"2026-01-06T08:18:10","slug":"big-jumbo-diameter-size-5-10-50-microns-sediment-pp-white-filter-polypropylene-water-filter-cartridge-for-water-treatment-plant","status":"publish","type":"product","link":"https:\/\/lyfilter.com\/fr\/big-jumbo-diameter-size-5-10-50-microns-sediment-pp-white-filter-polypropylene-water-filter-cartridge-for-water-treatment-plant\/","title":{"rendered":"Cartouche de filtre \u00e0 eau en polypropyl\u00e8ne de grand diam\u00e8tre 5 10 50 microns pour le traitement de l'eau."},"content":{"rendered":"<table>\n<thead>\n<tr>\n<th>article<\/th>\n<th>d\u00e9tails<\/th>\n<\/tr>\n<\/thead>\n<tbody>\n<tr>\n<td>secteurs d'activit\u00e9 concern\u00e9s<\/td>\n<td>usine d'aliments et de boissons ; fermes ; restaurant ; usage domestique ; magasins d'aliments et de boissons<\/td>\n<\/tr>\n<tr>\n<td>lieu d'origine<\/td>\n<td>guangdong, chine<\/td>\n<\/tr>\n<tr>\n<td>nom de marque<\/td>\n<td>lvyuan \/ oem<\/td>\n<\/tr>\n<tr>\n<td>mat\u00e9riel<\/td>\n<td>polypropyl\u00e8ne (pp)<\/td>\n<\/tr>\n<tr>\n<td>nom du produit<\/td>\n<td>filtre \u00e0 s\u00e9diments jumbo pp blanc cartouche de filtre \u00e0 eau en polypropyl\u00e8ne<\/td>\n<\/tr>\n<tr>\n<td>type de filtre \/ finition<\/td>\n<td>rainure ; gaufrage ; points ; logo de l'entreprise<\/td>\n<\/tr>\n<tr>\n<td>pr\u00e9cision de la filtration<\/td>\n<td>1-100 micron<\/td>\n<\/tr>\n<tr>\n<td>diam\u00e8tre ext\u00e9rieur<\/td>\n<td>10-200 mm<\/td>\n<\/tr>\n<tr>\n<td>diam\u00e8tre int\u00e9rieur<\/td>\n<td>oem<\/td>\n<\/tr>\n<tr>\n<td>options de l'adaptateur de filtre<\/td>\n<td>type plat ; type 222 ; type 226 ; type 215<\/td>\n<\/tr>\n<tr>\n<td>pouvoir<\/td>\n<td>0<\/td>\n<\/tr>\n<tr>\n<td>temp\u00e9rature la plus \u00e9lev\u00e9e<\/td>\n<td>80\u2103<\/td>\n<\/tr>\n<tr>\n<td>perte de charge<\/td>\n<td>0,1 kgf\/c\u33a1<\/td>\n<\/tr>\n<tr>\n<td>le plus \u00e9lev\u00e9, confin\u00e9<\/td>\n<td>5 kgf\/c\u33a1<\/td>\n<\/tr>\n<tr>\n<td>perte de charge maximale<\/td>\n<td>3 kgf\/c\u33a1<\/td>\n<\/tr>\n<tr>\n<td>garantie<\/td>\n<td>indisponible<\/td>\n<\/tr>\n<tr>\n<td>le service apr\u00e8s-vente<\/td>\n<td>soutien en ligne<\/td>\n<\/tr>\n<tr>\n<td>unit\u00e9s de vente<\/td>\n<td>article unique<\/td>\n<\/tr>\n<tr>\n<td>taille de l'emballage unique<\/td>\n<td>53 \u00d7 33 \u00d7 33 cm<\/td>\n<\/tr>\n<tr>\n<td>poids brut unique<\/td>\n<td>9.000 kg<\/td>\n<\/tr>\n<tr>\n<td>emballage<\/td>\n<td>emball\u00e9 dans un carton<\/td>\n<\/tr>\n<tr>\n<td>d\u00e9lai d'ex\u00e9cution (1-100 pcs)<\/td>\n<td>3 jours<\/td>\n<\/tr>\n<tr>\n<td>d\u00e9lai d'ex\u00e9cution (101-500 pcs)<\/td>\n<td>5 jours<\/td>\n<\/tr>\n<tr>\n<td>d\u00e9lai d'ex\u00e9cution (501-5000 pcs)<\/td>\n<td>10 jours<\/td>\n<\/tr>\n<tr>\n<td>d\u00e9lai d'ex\u00e9cution (&gt;5000 pcs)<\/td>\n<td>\u00e0 n\u00e9gocier<\/td>\n<\/tr>\n<\/tbody>\n<\/table>","protected":false},"excerpt":{"rendered":"<p>Vous obtenez une cartouche de filtre \u00e0 s\u00e9diments r\u00e9sistante et adapt\u00e9e \u00e0 l'alimentation, qui contribue \u00e0 emp\u00eacher les particules fines et les gravillons de p\u00e9n\u00e9trer dans votre conduite d'eau. Elle est fabriqu\u00e9e en polypropyl\u00e8ne et peut \u00eatre personnalis\u00e9e (taille\/poids), avec des options de rainure\/embossage\/point et m\u00eame votre logo.<\/p>","protected":false},"featured_media":2080,"comment_status":"open","ping_status":"closed","template":"","meta":{"_gspb_post_css":""},"product_brand":[],"product_cat":[23,17],"product_tag":[332,875,874,347,662,321],"class_list":{"0":"post-2079","1":"product","2":"type-product","3":"status-publish","4":"has-post-thumbnail","6":"product_cat-pp-filter-cartridge","7":"product_cat-sediment-filter","8":"product_tag-1-100-micron-filtration","9":"product_tag-222-226-215-adapter","10":"product_tag-jumbo-filter-cartridge","11":"product_tag-polypropylene-water-filter","12":"product_tag-pp-sediment-filter","13":"product_tag-water-treatment-cartridge","15":"first","16":"instock","17":"shipping-taxable","18":"product-type-simple"},"_links":{"self":[{"href":"https:\/\/lyfilter.com\/fr\/wp-json\/wp\/v2\/product\/2079","targetHints":{"allow":["GET"]}}],"collection":[{"href":"https:\/\/lyfilter.com\/fr\/wp-json\/wp\/v2\/product"}],"about":[{"href":"https:\/\/lyfilter.com\/fr\/wp-json\/wp\/v2\/types\/product"}],"replies":[{"embeddable":true,"href":"https:\/\/lyfilter.com\/fr\/wp-json\/wp\/v2\/comments?post=2079"}],"wp:featuredmedia":[{"embeddable":true,"href":"https:\/\/lyfilter.com\/fr\/wp-json\/wp\/v2\/media\/2080"}],"wp:attachment":[{"href":"https:\/\/lyfilter.com\/fr\/wp-json\/wp\/v2\/media?parent=2079"}],"wp:term":[{"taxonomy":"product_brand","embeddable":true,"href":"https:\/\/lyfilter.com\/fr\/wp-json\/wp\/v2\/product_brand?post=2079"},{"taxonomy":"product_cat","embeddable":true,"href":"https:\/\/lyfilter.com\/fr\/wp-json\/wp\/v2\/product_cat?post=2079"},{"taxonomy":"product_tag","embeddable":true,"href":"https:\/\/lyfilter.com\/fr\/wp-json\/wp\/v2\/product_tag?post=2079"}],"curies":[{"name":"wp","href":"https:\/\/api.w.org\/{rel}","templated":true}]}}