{"id":2042,"date":"2026-01-06T03:49:55","date_gmt":"2026-01-06T03:49:55","guid":{"rendered":"https:\/\/lyfilter.com\/?post_type=product&#038;p=2042"},"modified":"2026-01-06T03:49:56","modified_gmt":"2026-01-06T03:49:56","slug":"10-20-30-40-inch-ro-water-filter-cartridge-for-pp-melt-blown-sediment-cartridges-bulk-1-5-10-25-50-100-um-micron","status":"publish","type":"product","link":"https:\/\/lyfilter.com\/fr\/10-20-30-40-inch-ro-water-filter-cartridge-for-pp-melt-blown-sediment-cartridges-bulk-1-5-10-25-50-100-um-micron\/","title":{"rendered":"10 20 30 40 inch RO Water Filter Cartridge for PP melt blown Sediment Cartridges bulk 1 5 10 25 50 100 um micron"},"content":{"rendered":"<table>\n<thead>\n<tr>\n<th>Objet<\/th>\n<th>D\u00e9tails<\/th>\n<\/tr>\n<\/thead>\n<tbody>\n<tr>\n<td>Condition<\/td>\n<td>Nouveau<\/td>\n<\/tr>\n<tr>\n<td>Industries concern\u00e9es<\/td>\n<td>H\u00f4tels, usines de fabrication, usines de produits alimentaires et de boissons, fermes, restaurants, commerce de d\u00e9tail, usage domestique, construction, \u00e9nergie et exploitation mini\u00e8re, imprimerie, publicit\u00e9<\/td>\n<\/tr>\n<tr>\n<td>Lieu d'origine<\/td>\n<td>Guangdong, Chine<\/td>\n<\/tr>\n<tr>\n<td>Nom de marque<\/td>\n<td>Lvyuan \/ OEM<\/td>\n<\/tr>\n<tr>\n<td>Nom du produit<\/td>\n<td>Cartouche de filtre \u00e0 eau RO<\/td>\n<\/tr>\n<tr>\n<td>Mat\u00e9riau<\/td>\n<td>Polypropyl\u00e8ne<\/td>\n<\/tr>\n<tr>\n<td>M\u00e9dia filtrant<\/td>\n<td>Polypropyl\u00e8ne PP fil\u00e9<\/td>\n<\/tr>\n<tr>\n<td>Taux de micron<\/td>\n<td>1 \/ 3 \/ 5 \/ 10 \/ 25 \/ 50 \/ 75 \/ 100 micron<\/td>\n<\/tr>\n<tr>\n<td>Longueur<\/td>\n<td>5\u2033, 10\u2033, 20\u2033, 30\u2033, 40\u2033, 50\u2033 pouces<\/td>\n<\/tr>\n<tr>\n<td>Taille<\/td>\n<td>Standard ou personnalis\u00e9<\/td>\n<\/tr>\n<tr>\n<td>Poids<\/td>\n<td>Cela d\u00e9pend<\/td>\n<\/tr>\n<tr>\n<td>Puissance<\/td>\n<td>0<\/td>\n<\/tr>\n<tr>\n<td>Application<\/td>\n<td>Pi\u00e8ces pour filtres \u00e0 eau, osmose inverse<\/td>\n<\/tr>\n<tr>\n<td>Utilisation<\/td>\n<td>Filtre \u00e0 cartouche pour liquides<\/td>\n<\/tr>\n<tr>\n<td>Capuchon d'extr\u00e9mit\u00e9<\/td>\n<td>DOE, 222Fin, 226Fin, 222Flat, 226Flat<\/td>\n<\/tr>\n<tr>\n<td>Mat\u00e9riau du joint \/ joint torique<\/td>\n<td>Silicone, EPDM, Viton<\/td>\n<\/tr>\n<tr>\n<td>Noyau interne<\/td>\n<td>PP, acier inoxydable ou aucun<\/td>\n<\/tr>\n<tr>\n<td>Certification<\/td>\n<td>CE, SGS<\/td>\n<\/tr>\n<tr>\n<td>Garantie<\/td>\n<td>Indisponible<\/td>\n<\/tr>\n<tr>\n<td>Service apr\u00e8s-vente<\/td>\n<td>Soutien en ligne<\/td>\n<\/tr>\n<tr>\n<td>Apr\u00e8s le service de garantie<\/td>\n<td>Soutien en ligne<\/td>\n<\/tr>\n<tr>\n<td>Lieu de service local<\/td>\n<td>Aucun<\/td>\n<\/tr>\n<tr>\n<td>Emplacement de la salle d'exposition<\/td>\n<td>Aucun<\/td>\n<\/tr>\n<tr>\n<td>Unit\u00e9s de vente<\/td>\n<td>Article unique<\/td>\n<\/tr>\n<tr>\n<td>Taille de l'emballage unique<\/td>\n<td>55 \u00d7 10 \u00d7 10 cm<\/td>\n<\/tr>\n<tr>\n<td>Poids brut unique<\/td>\n<td>2,0 kg<\/td>\n<\/tr>\n<tr>\n<td>Type d'emballage<\/td>\n<td>Emballage en carton en vrac par taille ; prix final bas\u00e9 sur les sp\u00e9cifications<\/td>\n<\/tr>\n<tr>\n<td>D\u00e9lai de livraison (1-2000 pcs)<\/td>\n<td>15 jours<\/td>\n<\/tr>\n<tr>\n<td>D\u00e9lai de livraison (&gt;2000 pcs)<\/td>\n<td>A n\u00e9gocier<\/td>\n<\/tr>\n<\/tbody>\n<\/table>","protected":false},"excerpt":{"rendered":"<p>Cette cartouche de filtre \u00e0 eau RO \u00e9limine les s\u00e9diments sur une large gamme de microns. Elle s'adapte aux syst\u00e8mes standard et personnalis\u00e9s pour une filtration stable de l'eau au quotidien.<\/p>","protected":false},"featured_media":2050,"comment_status":"open","ping_status":"closed","template":"","meta":{"_gspb_post_css":""},"product_brand":[],"product_cat":[23,17],"product_tag":[662,872,355,871,873,866],"class_list":{"0":"post-2042","1":"product","2":"type-product","3":"status-publish","4":"has-post-thumbnail","6":"product_cat-pp-filter-cartridge","7":"product_cat-sediment-filter","8":"product_tag-pp-sediment-filter","9":"product_tag-pp-spun-cartridge","10":"product_tag-reverse-osmosis-filter","11":"product_tag-ro-water-filter-cartridge","12":"product_tag-sediment-filter","13":"product_tag-water-filtration-cartridge","15":"first","16":"instock","17":"shipping-taxable","18":"product-type-simple"},"_links":{"self":[{"href":"https:\/\/lyfilter.com\/fr\/wp-json\/wp\/v2\/product\/2042","targetHints":{"allow":["GET"]}}],"collection":[{"href":"https:\/\/lyfilter.com\/fr\/wp-json\/wp\/v2\/product"}],"about":[{"href":"https:\/\/lyfilter.com\/fr\/wp-json\/wp\/v2\/types\/product"}],"replies":[{"embeddable":true,"href":"https:\/\/lyfilter.com\/fr\/wp-json\/wp\/v2\/comments?post=2042"}],"wp:featuredmedia":[{"embeddable":true,"href":"https:\/\/lyfilter.com\/fr\/wp-json\/wp\/v2\/media\/2050"}],"wp:attachment":[{"href":"https:\/\/lyfilter.com\/fr\/wp-json\/wp\/v2\/media?parent=2042"}],"wp:term":[{"taxonomy":"product_brand","embeddable":true,"href":"https:\/\/lyfilter.com\/fr\/wp-json\/wp\/v2\/product_brand?post=2042"},{"taxonomy":"product_cat","embeddable":true,"href":"https:\/\/lyfilter.com\/fr\/wp-json\/wp\/v2\/product_cat?post=2042"},{"taxonomy":"product_tag","embeddable":true,"href":"https:\/\/lyfilter.com\/fr\/wp-json\/wp\/v2\/product_tag?post=2042"}],"curies":[{"name":"wp","href":"https:\/\/api.w.org\/{rel}","templated":true}]}}