{"id":2028,"date":"2026-01-06T03:46:43","date_gmt":"2026-01-06T03:46:43","guid":{"rendered":"https:\/\/lyfilter.com\/?post_type=product&#038;p=2028"},"modified":"2026-01-06T03:46:43","modified_gmt":"2026-01-06T03:46:43","slug":"customized-oem1-5-10-microns-polypropylene-filter-pp-spun-filter-cartridge","status":"publish","type":"product","link":"https:\/\/lyfilter.com\/fr\/customized-oem1-5-10-microns-polypropylene-filter-pp-spun-filter-cartridge\/","title":{"rendered":"Cartouche filtrante OEM1 5 10 microns en polypropyl\u00e8ne pp fil\u00e9"},"content":{"rendered":"<table>\n<thead>\n<tr>\n<th>Objet<\/th>\n<th>D\u00e9tails<\/th>\n<\/tr>\n<\/thead>\n<tbody>\n<tr>\n<td>Condition<\/td>\n<td>Nouveau<\/td>\n<\/tr>\n<tr>\n<td>Industries concern\u00e9es<\/td>\n<td>H\u00f4tels, usines de fabrication, usines de produits alimentaires et de boissons, fermes, restaurants, commerce de d\u00e9tail, usage domestique, construction, \u00e9nergie et exploitation mini\u00e8re, imprimerie, publicit\u00e9<\/td>\n<\/tr>\n<tr>\n<td>Lieu d'origine<\/td>\n<td>Guangdong, Chine<\/td>\n<\/tr>\n<tr>\n<td>Nom de marque<\/td>\n<td>Lvyuan \/ OEM<\/td>\n<\/tr>\n<tr>\n<td>Nom du produit<\/td>\n<td>1 5 10 microns filtre en polypropyl\u00e8ne cartouche filtrante PP<\/td>\n<\/tr>\n<tr>\n<td>Type de filtre<\/td>\n<td>Rainure, gaufrage, points, logo de l'entreprise<\/td>\n<\/tr>\n<tr>\n<td>Pr\u00e9cision<\/td>\n<td>1-100 micron<\/td>\n<\/tr>\n<tr>\n<td>Diam\u00e8tre ext\u00e9rieur<\/td>\n<td>10-200 mm<\/td>\n<\/tr>\n<tr>\n<td>Diam\u00e8tre int\u00e9rieur<\/td>\n<td>OEM<\/td>\n<\/tr>\n<tr>\n<td>Adaptateur de filtre<\/td>\n<td>Type plat, type 222, type 226, type 215<\/td>\n<\/tr>\n<tr>\n<td>Composantes essentielles<\/td>\n<td>R\u00e9servoir sous pression<\/td>\n<\/tr>\n<tr>\n<td>Temp\u00e9rature la plus \u00e9lev\u00e9e<\/td>\n<td>80 \u2103<\/td>\n<\/tr>\n<tr>\n<td>Chute de pression de travail<\/td>\n<td>0,1 kgf\/cm2<\/td>\n<\/tr>\n<tr>\n<td>Perte de charge maximale<\/td>\n<td>3 kgf\/cm\u00b2<\/td>\n<\/tr>\n<tr>\n<td>Pression confin\u00e9e la plus \u00e9lev\u00e9e<\/td>\n<td>5 kgf\/cm\u00b2<\/td>\n<\/tr>\n<tr>\n<td>Garantie<\/td>\n<td>1 an<\/td>\n<\/tr>\n<tr>\n<td>Garantie des composants de base<\/td>\n<td>1 an<\/td>\n<\/tr>\n<tr>\n<td>Service apr\u00e8s-vente<\/td>\n<td>Soutien en ligne<\/td>\n<\/tr>\n<tr>\n<td>Apr\u00e8s le service de garantie<\/td>\n<td>Soutien en ligne<\/td>\n<\/tr>\n<tr>\n<td>Lieu de service local<\/td>\n<td>Aucun<\/td>\n<\/tr>\n<tr>\n<td>Emplacement de la salle d'exposition<\/td>\n<td>Aucun<\/td>\n<\/tr>\n<tr>\n<td>Inspection vid\u00e9o \u00e0 la sortie<\/td>\n<td>Fourni<\/td>\n<\/tr>\n<tr>\n<td>Rapport d'essai des machines<\/td>\n<td>Fourni<\/td>\n<\/tr>\n<tr>\n<td>Type de marketing<\/td>\n<td>Produit ordinaire<\/td>\n<\/tr>\n<\/tbody>\n<\/table>","protected":false},"excerpt":{"rendered":"<p>Cette cartouche filtrante en PP fil\u00e9 \u00e9limine les particules fines dans de nombreuses industries. Elle est con\u00e7ue pour un d\u00e9bit r\u00e9gulier, un montage facile et des performances fiables dans le cadre d'une utilisation quotidienne.<\/p>","protected":false},"featured_media":2036,"comment_status":"open","ping_status":"closed","template":"","meta":{"_gspb_post_css":""},"product_brand":[],"product_cat":[23,17],"product_tag":[634,868,867,729,675,866],"class_list":{"0":"post-2028","1":"product","2":"type-product","3":"status-publish","4":"has-post-thumbnail","6":"product_cat-pp-filter-cartridge","7":"product_cat-sediment-filter","8":"product_tag-1-micron-water-filter","9":"product_tag-10-micron-filter-cartridge","10":"product_tag-industrial-pp-filter","11":"product_tag-polypropylene-filter-cartridge","12":"product_tag-pp-spun-filter-cartridge","13":"product_tag-water-filtration-cartridge","15":"first","16":"instock","17":"shipping-taxable","18":"product-type-simple"},"_links":{"self":[{"href":"https:\/\/lyfilter.com\/fr\/wp-json\/wp\/v2\/product\/2028","targetHints":{"allow":["GET"]}}],"collection":[{"href":"https:\/\/lyfilter.com\/fr\/wp-json\/wp\/v2\/product"}],"about":[{"href":"https:\/\/lyfilter.com\/fr\/wp-json\/wp\/v2\/types\/product"}],"replies":[{"embeddable":true,"href":"https:\/\/lyfilter.com\/fr\/wp-json\/wp\/v2\/comments?post=2028"}],"wp:featuredmedia":[{"embeddable":true,"href":"https:\/\/lyfilter.com\/fr\/wp-json\/wp\/v2\/media\/2036"}],"wp:attachment":[{"href":"https:\/\/lyfilter.com\/fr\/wp-json\/wp\/v2\/media?parent=2028"}],"wp:term":[{"taxonomy":"product_brand","embeddable":true,"href":"https:\/\/lyfilter.com\/fr\/wp-json\/wp\/v2\/product_brand?post=2028"},{"taxonomy":"product_cat","embeddable":true,"href":"https:\/\/lyfilter.com\/fr\/wp-json\/wp\/v2\/product_cat?post=2028"},{"taxonomy":"product_tag","embeddable":true,"href":"https:\/\/lyfilter.com\/fr\/wp-json\/wp\/v2\/product_tag?post=2028"}],"curies":[{"name":"wp","href":"https:\/\/api.w.org\/{rel}","templated":true}]}}