{"id":2021,"date":"2026-01-06T03:44:38","date_gmt":"2026-01-06T03:44:38","guid":{"rendered":"https:\/\/lyfilter.com\/?post_type=product&#038;p=2021"},"modified":"2026-01-06T03:44:39","modified_gmt":"2026-01-06T03:44:39","slug":"high-quality-pp-melt-blown-cartridge-taiwan-filter-technology-with-oem-size","status":"publish","type":"product","link":"https:\/\/lyfilter.com\/fr\/high-quality-pp-melt-blown-cartridge-taiwan-filter-technology-with-oem-size\/","title":{"rendered":"Cartouche de filtration souffl\u00e9e par fusion en PP de haute qualit\u00e9, technologie de filtration taiwanaise avec taille OEM"},"content":{"rendered":"<table>\n<thead>\n<tr>\n<th>Objet<\/th>\n<th>D\u00e9tails<\/th>\n<\/tr>\n<\/thead>\n<tbody>\n<tr>\n<td>Lieu d'origine<\/td>\n<td>Guangdong, Chine<\/td>\n<\/tr>\n<tr>\n<td>Nom de marque<\/td>\n<td>Lvyuan \/ OEM<\/td>\n<\/tr>\n<tr>\n<td>Num\u00e9ro de mod\u00e8le<\/td>\n<td>S\u00e9rie LY-PPF<\/td>\n<\/tr>\n<tr>\n<td>Nom du produit<\/td>\n<td>Cartouche souffl\u00e9e par fusion de PP<\/td>\n<\/tr>\n<tr>\n<td>Application<\/td>\n<td>Cartouche du bo\u00eetier du filtre \u00e0 eau<\/td>\n<\/tr>\n<tr>\n<td>Utilisation<\/td>\n<td>Cartouche filtrante pour gaz et liquides<\/td>\n<\/tr>\n<tr>\n<td>M\u00e9dia filtrant<\/td>\n<td>Membrane en polypropyl\u00e8ne PP<\/td>\n<\/tr>\n<tr>\n<td>Taux de micron<\/td>\n<td>1, 3, 5, 10 microns<\/td>\n<\/tr>\n<tr>\n<td>Longueur<\/td>\n<td>5\u2033, 10\u2033, 20\u2033, 30\u2033, 40\u2033, 50\u2033 pouces<\/td>\n<\/tr>\n<tr>\n<td>Capuchon d'extr\u00e9mit\u00e9<\/td>\n<td>DOE, 222+Fin, 222+Flat, 226+Fin, 226+Flat<\/td>\n<\/tr>\n<tr>\n<td>Mat\u00e9riau du joint \/ joint torique<\/td>\n<td>Silicone, EPDM, Viton<\/td>\n<\/tr>\n<tr>\n<td>Noyau interne<\/td>\n<td>PP ou aucun<\/td>\n<\/tr>\n<tr>\n<td>Capacit\u00e9 d'approvisionnement<\/td>\n<td>5000 pi\u00e8ces par jour<\/td>\n<\/tr>\n<\/tbody>\n<\/table>","protected":false},"excerpt":{"rendered":"<p>Cette cartouche souffl\u00e9e par fusion en PP assure une \u00e9limination r\u00e9guli\u00e8re des particules pour les bo\u00eetiers d'eau. Elle fonctionne pour la filtration des liquides et des gaz avec des options microniques flexibles.<\/p>","protected":false},"featured_media":2029,"comment_status":"open","ping_status":"closed","template":"","meta":{"_gspb_post_css":""},"product_brand":[],"product_cat":[17,23],"product_tag":[865,648,726,660,325,775],"class_list":{"0":"post-2021","1":"product","2":"type-product","3":"status-publish","4":"has-post-thumbnail","6":"product_cat-sediment-filter","7":"product_cat-pp-filter-cartridge","8":"product_tag-liquid-gas-filter","9":"product_tag-pp-filter-cartridge","10":"product_tag-pp-melt-blown-cartridge","11":"product_tag-pp-membrane-filter","12":"product_tag-sediment-filter-cartridge","13":"product_tag-water-filter-housing-cartridge","15":"first","16":"instock","17":"shipping-taxable","18":"product-type-simple"},"_links":{"self":[{"href":"https:\/\/lyfilter.com\/fr\/wp-json\/wp\/v2\/product\/2021","targetHints":{"allow":["GET"]}}],"collection":[{"href":"https:\/\/lyfilter.com\/fr\/wp-json\/wp\/v2\/product"}],"about":[{"href":"https:\/\/lyfilter.com\/fr\/wp-json\/wp\/v2\/types\/product"}],"replies":[{"embeddable":true,"href":"https:\/\/lyfilter.com\/fr\/wp-json\/wp\/v2\/comments?post=2021"}],"wp:featuredmedia":[{"embeddable":true,"href":"https:\/\/lyfilter.com\/fr\/wp-json\/wp\/v2\/media\/2029"}],"wp:attachment":[{"href":"https:\/\/lyfilter.com\/fr\/wp-json\/wp\/v2\/media?parent=2021"}],"wp:term":[{"taxonomy":"product_brand","embeddable":true,"href":"https:\/\/lyfilter.com\/fr\/wp-json\/wp\/v2\/product_brand?post=2021"},{"taxonomy":"product_cat","embeddable":true,"href":"https:\/\/lyfilter.com\/fr\/wp-json\/wp\/v2\/product_cat?post=2021"},{"taxonomy":"product_tag","embeddable":true,"href":"https:\/\/lyfilter.com\/fr\/wp-json\/wp\/v2\/product_tag?post=2021"}],"curies":[{"name":"wp","href":"https:\/\/api.w.org\/{rel}","templated":true}]}}