{"id":1988,"date":"2026-01-06T03:17:08","date_gmt":"2026-01-06T03:17:08","guid":{"rendered":"https:\/\/lyfilter.com\/?post_type=product&#038;p=1988"},"modified":"2026-05-08T01:16:27","modified_gmt":"2026-05-08T01:16:27","slug":"5-10-micron-10-20-inch-pp-sediment-filter-cartridge-melt-blown-filter-cartridge-for-water-filtration","status":"publish","type":"product","link":"https:\/\/lyfilter.com\/fr\/5-10-micron-10-20-inch-pp-sediment-filter-cartridge-melt-blown-filter-cartridge-for-water-filtration\/","title":{"rendered":"5 10 micron 10 20 inch pp sediment filter cartridge\/melt blown filter cartridge for water filtration"},"content":{"rendered":"<table>\n<thead>\n<tr>\n<th>Objet<\/th>\n<th>D\u00e9tails<\/th>\n<\/tr>\n<\/thead>\n<tbody>\n<tr>\n<td>Industries concern\u00e9es<\/td>\n<td>Usine de fabrication, usine de produits alimentaires et de boissons, usage domestique, traitement de l'eau<\/td>\n<\/tr>\n<tr>\n<td>Lieu d'origine<\/td>\n<td>Guangdong, Chine<\/td>\n<\/tr>\n<tr>\n<td>Nom de marque<\/td>\n<td>Lvyuan, OEM, ODM<\/td>\n<\/tr>\n<tr>\n<td>Mat\u00e9riau<\/td>\n<td>PP<\/td>\n<\/tr>\n<tr>\n<td>Mati\u00e8res premi\u00e8res<\/td>\n<td>Fibre PP<\/td>\n<\/tr>\n<tr>\n<td>Forme<\/td>\n<td>Cylindre<\/td>\n<\/tr>\n<tr>\n<td>Taille<\/td>\n<td>Personnalis\u00e9, mince, jumbo<\/td>\n<\/tr>\n<tr>\n<td>Poids<\/td>\n<td>Sur mesure<\/td>\n<\/tr>\n<tr>\n<td>Puissance<\/td>\n<td>0<\/td>\n<\/tr>\n<tr>\n<td>Fonctionnalit\u00e9<\/td>\n<td>Taille et logo personnalis\u00e9s, acier en acier<\/td>\n<\/tr>\n<tr>\n<td>Utilisation<\/td>\n<td>Traitement de l'eau<\/td>\n<\/tr>\n<tr>\n<td>Application<\/td>\n<td>L'industrie<\/td>\n<\/tr>\n<tr>\n<td>Couleur<\/td>\n<td>Blanc<\/td>\n<\/tr>\n<tr>\n<td>Apparence<\/td>\n<td>Gaufr\u00e9, brillant, etc.<\/td>\n<\/tr>\n<tr>\n<td>Certification<\/td>\n<td>SGS<\/td>\n<\/tr>\n<tr>\n<td>Garantie<\/td>\n<td>Indisponible<\/td>\n<\/tr>\n<tr>\n<td>Service apr\u00e8s-vente<\/td>\n<td>Soutien en ligne<\/td>\n<\/tr>\n<tr>\n<td>Emballage<\/td>\n<td>Bo\u00eete en papier<\/td>\n<\/tr>\n<tr>\n<td>Capacit\u00e9 d'approvisionnement<\/td>\n<td>5000 pi\u00e8ces par semaine<\/td>\n<\/tr>\n<tr>\n<td>Description de la vid\u00e9o<\/td>\n<td>Pr\u00e9sente la structure du produit, les d\u00e9tails des mat\u00e9riaux, les options de taille et les cas d'utilisation dans des syst\u00e8mes r\u00e9els de traitement de l'eau.<\/td>\n<\/tr>\n<\/tbody>\n<\/table>","protected":false},"excerpt":{"rendered":"<p>Cette cartouche de filtre \u00e0 eau en PP est con\u00e7ue pour s'adapter \u00e0 votre syst\u00e8me et \u00e0 votre marque. Elle permet une filtration homog\u00e8ne pour le traitement de l'eau dans l'industrie, l'alimentation et la maison.<\/p>","protected":false},"featured_media":1996,"comment_status":"open","ping_status":"closed","template":"","meta":{"_gspb_post_css":""},"product_brand":[],"product_cat":[23,17],"product_tag":[665,856,641,860,632,668],"class_list":{"0":"post-1988","1":"product","2":"type-product","3":"status-publish","4":"has-post-thumbnail","6":"product_cat-pp-filter-cartridge","7":"product_cat-sediment-filter","8":"product_tag-custom-water-filter-cartridge","9":"product_tag-industrial-water-treatment-filter","10":"product_tag-oem-odm-water-filter","11":"product_tag-pp-fiber-cartridge","12":"product_tag-pp-water-filter-cartridge","13":"product_tag-slim-jumbo-filter","15":"first","16":"instock","17":"shipping-taxable","18":"product-type-simple"},"_links":{"self":[{"href":"https:\/\/lyfilter.com\/fr\/wp-json\/wp\/v2\/product\/1988","targetHints":{"allow":["GET"]}}],"collection":[{"href":"https:\/\/lyfilter.com\/fr\/wp-json\/wp\/v2\/product"}],"about":[{"href":"https:\/\/lyfilter.com\/fr\/wp-json\/wp\/v2\/types\/product"}],"replies":[{"embeddable":true,"href":"https:\/\/lyfilter.com\/fr\/wp-json\/wp\/v2\/comments?post=1988"}],"wp:featuredmedia":[{"embeddable":true,"href":"https:\/\/lyfilter.com\/fr\/wp-json\/wp\/v2\/media\/1996"}],"wp:attachment":[{"href":"https:\/\/lyfilter.com\/fr\/wp-json\/wp\/v2\/media?parent=1988"}],"wp:term":[{"taxonomy":"product_brand","embeddable":true,"href":"https:\/\/lyfilter.com\/fr\/wp-json\/wp\/v2\/product_brand?post=1988"},{"taxonomy":"product_cat","embeddable":true,"href":"https:\/\/lyfilter.com\/fr\/wp-json\/wp\/v2\/product_cat?post=1988"},{"taxonomy":"product_tag","embeddable":true,"href":"https:\/\/lyfilter.com\/fr\/wp-json\/wp\/v2\/product_tag?post=1988"}],"curies":[{"name":"wp","href":"https:\/\/api.w.org\/{rel}","templated":true}]}}