{"id":1942,"date":"2026-01-06T02:53:34","date_gmt":"2026-01-06T02:53:34","guid":{"rendered":"https:\/\/lyfilter.com\/?post_type=product&#038;p=1942"},"modified":"2026-01-06T02:53:34","modified_gmt":"2026-01-06T02:53:34","slug":"double-layers-microns-filtration-5-micronx10-micron-spun-polypropylene-filter-cartridge-for-water-treatment-purification","status":"publish","type":"product","link":"https:\/\/lyfilter.com\/fr\/double-layers-microns-filtration-5-micronx10-micron-spun-polypropylene-filter-cartridge-for-water-treatment-purification\/","title":{"rendered":"Cartouche filtrante en polypropyl\u00e8ne fil\u00e9 double couche (5 micronx10 micron) pour le traitement de l'eau de purification"},"content":{"rendered":"<div class=\"scc-wrapper detail-module module-productPackagingAndQuickDetail\" data-spm=\"prilinga1e\">\n<div class=\"widget-detail-overview\">\n<div class=\"do-content\">\n<div class=\"do-overview\">\n<div class=\"do-entry do-entry-separate\">\n<div class=\"do-entry-list\"><\/div>\n<\/div>\n<div class=\"do-entry do-entry-full\">\n<div class=\"do-entry-list\">\n<dl class=\"do-entry-item\">\n<dd class=\"do-entry-item-val\" title=\"D\u00e9lai d&#039;ex\u00e9cution\">\n<div class=\"table-responsive\">\n<table>\n<thead>\n<tr>\n<th>article<\/th>\n<th>d\u00e9tails<\/th>\n<\/tr>\n<\/thead>\n<tbody>\n<tr>\n<td>condition<\/td>\n<td>nouveau<\/td>\n<\/tr>\n<tr>\n<td>nom du produit<\/td>\n<td>cartouche filtrante en polypropyl\u00e8ne fil\u00e9 microns pour le traitement de l'eau<\/td>\n<\/tr>\n<tr>\n<td>nom de marque<\/td>\n<td>lvyuan\/oem<\/td>\n<\/tr>\n<tr>\n<td>lieu d'origine<\/td>\n<td>guangdong, chine<\/td>\n<\/tr>\n<tr>\n<td>mat\u00e9riel<\/td>\n<td>polypropyl\u00e8ne<\/td>\n<\/tr>\n<tr>\n<td>pr\u00e9cision<\/td>\n<td>1-100 micron<\/td>\n<\/tr>\n<tr>\n<td>diam\u00e8tre ext\u00e9rieur<\/td>\n<td>10-200 mm<\/td>\n<\/tr>\n<tr>\n<td>diam\u00e8tre int\u00e9rieur<\/td>\n<td>oem<\/td>\n<\/tr>\n<tr>\n<td>type de filtre<\/td>\n<td>rainure, gaufrage, points, logo de l'entreprise<\/td>\n<\/tr>\n<tr>\n<td>adaptateur de filtre<\/td>\n<td>type plat, type 222, type 226, type 215<\/td>\n<\/tr>\n<tr>\n<td>temp\u00e9rature la plus \u00e9lev\u00e9e<\/td>\n<td>80\u2103<\/td>\n<\/tr>\n<tr>\n<td>perte de charge<\/td>\n<td>0,1 kgf\/cm2<\/td>\n<\/tr>\n<tr>\n<td>le plus \u00e9lev\u00e9, confin\u00e9<\/td>\n<td>5 kgf\/cm\u00b2<\/td>\n<\/tr>\n<tr>\n<td>perte de charge maximale<\/td>\n<td>3 kgf\/cm\u00b2<\/td>\n<\/tr>\n<tr>\n<td>taille<\/td>\n<td>oem<\/td>\n<\/tr>\n<tr>\n<td>poids<\/td>\n<td>oem<\/td>\n<\/tr>\n<tr>\n<td>pouvoir<\/td>\n<td>0<\/td>\n<\/tr>\n<tr>\n<td>garantie<\/td>\n<td>indisponible<\/td>\n<\/tr>\n<tr>\n<td>le service apr\u00e8s-vente est assur\u00e9<\/td>\n<td>soutien en ligne<\/td>\n<\/tr>\n<tr>\n<td>secteurs d'activit\u00e9 concern\u00e9s<\/td>\n<td>h\u00f4tels, magasins de v\u00eatements, magasins de mat\u00e9riaux de construction, usines de fabrication, ateliers de r\u00e9paration de machines, usines de produits alimentaires et de boissons, fermes, restaurants, usage domestique, commerce de d\u00e9tail, magasins d'alimentation, imprimeries, travaux de construction, \u00e9nergie et exploitation mini\u00e8re, magasins de produits alimentaires et de boissons, soci\u00e9t\u00e9s de publicit\u00e9<\/td>\n<\/tr>\n<tr>\n<td>unit\u00e9s de vente<\/td>\n<td>article unique<\/td>\n<\/tr>\n<tr>\n<td>taille de l'emballage unique<\/td>\n<td>26 \u00d7 3 \u00d7 3 cm<\/td>\n<\/tr>\n<tr>\n<td>poids brut unique<\/td>\n<td>1.000 kg<\/td>\n<\/tr>\n<tr>\n<td>type de paquet<\/td>\n<td>cartouche filtrante en polypropyl\u00e8ne fil\u00e9 \u00e0 double couche de microns (5 microns \u00d7 10 microns) pour le traitement et la purification de l'eau ; emball\u00e9e dans un carton en papier<\/td>\n<\/tr>\n<tr>\n<td>d\u00e9lai d'ex\u00e9cution (1-100 pcs)<\/td>\n<td>3 jours<\/td>\n<\/tr>\n<tr>\n<td>d\u00e9lai d'ex\u00e9cution (101-500 pcs)<\/td>\n<td>5 jours<\/td>\n<\/tr>\n<tr>\n<td>d\u00e9lai d'ex\u00e9cution (501-5000 pcs)<\/td>\n<td>10 jours<\/td>\n<\/tr>\n<tr>\n<td>d\u00e9lai d'ex\u00e9cution (&gt;5000 pcs)<\/td>\n<td>\u00e0 n\u00e9gocier<\/td>\n<\/tr>\n<\/tbody>\n<\/table>\n<\/div>\n<\/dd>\n<\/dl>\n<\/div>\n<\/div>\n<\/div>\n<\/div>\n<\/div>\n<\/div>\n<div class=\"scc-wrapper detail-module module-detailVideo\" data-spm=\"detailvideo\"><\/div>\n<div class=\"scc-wrapper detail-module module-productSpecification\" data-spm=\"pronpeci14\">\n<div id=\"J-rich-text-description\" class=\"richtext richtext-detail rich-text-description\">\n<div id=\"detail_decorate_root\" data-host=\"111218246\" data-id=\"detail_decorate_root\">\n<div id=\"_root\" class=\"engine-app\" data-reactroot=\"\">\n<div id=\"ali-anchor-AliMagic-c52arj\" class=\"magic-0\" data-section=\"AliMagic-c52arj\" data-section-title=\"Product Description\">Description du produit<\/div>\n<div class=\"icbu-pc-images magic-1\">\n<div>\n<div class=\"flex-layout-v\">\n<div class=\"flex-layout-h magic-1\">\n<div class=\"magic-2\"><img decoding=\"async\" class=\"magic-3\" src=\"https:\/\/img.yfisher.com\/m6076\/172572676906t\/jpg70-t3-scale100.webp\" alt=\"Cartouche filtrante en polypropyl\u00e8ne fil\u00e9 double couche (5 micronx10 micron) pour le traitement de l&#039;eau 7\" data-lazy=\"2\" title=\"\"><\/div>\n<\/div>\n<\/div>\n<\/div>\n<\/div>\n<div class=\"icbu-pc-images magic-1\">\n<div>\n<div class=\"flex-layout-h\">\n<div class=\"flex-layout-v magic-4\">\n<div class=\"magic-5\"><img decoding=\"async\" class=\"magic-6\" src=\"https:\/\/img.yfisher.com\/m6076\/1725726769ezm\/png70-t3-scale100.webp\" alt=\"Cartouche filtrante en polypropyl\u00e8ne fil\u00e9 \u00e0 double couche (5 micronx10 micron) pour le traitement de l&#039;eau 9\" data-lazy=\"2\" title=\"\"><\/div>\n<\/div>\n<div class=\"text-wrapper magic-7\">\n<div class=\"text-wrapper-right text-theme-light text-align-left\">\n<div class=\"text-title\">\n<h3 class=\"magic-8\"><span class=\"magic-9\">\u00a0<\/span><\/h3>\n<h3 class=\"magic-8\"><span class=\"magic-9\">\u00a0<\/span><\/h3>\n<h3 class=\"magic-8\"><span class=\"magic-9\">Diff\u00e9rentes tailles de filtres souffl\u00e9s par fusion fil\u00e9e en PP<\/span><\/h3>\n<\/div>\n<div class=\"text-content\">\n<p class=\"magic-10\"><span class=\"magic-9\">La cartouche filtrante PP meltblown (PPF) est\u00a0<\/span><\/p>\n<p class=\"magic-10\"><span class=\"magic-9\">Fabriqu\u00e9 en polypropyl\u00e8ne.\u00a0<\/span><\/p>\n<p class=\"magic-10\"><span class=\"magic-9\">Il peut \u00e9liminer les substances en suspension,\u00a0<\/span><\/p>\n<p class=\"magic-10\"><span class=\"magic-9\">les particules et la rouille de mani\u00e8re efficace.\u00a0<\/span><\/p>\n<p class=\"magic-10\"><span class=\"magic-9\">Ce type de cartouche est utilis\u00e9 pour le front\u00a0<\/span><\/p>\n<p class=\"magic-10\"><span class=\"magic-9\">cartouche filtrante pour prot\u00e9ger\u00a0<\/span><\/p>\n<p class=\"magic-10\"><span class=\"magic-9\">d'autres.<\/span><\/p>\n<\/div>\n<\/div>\n<\/div>\n<\/div>\n<\/div>\n<\/div>\n<div class=\"icbu-pc-images magic-1\">\n<div>\n<div class=\"flex-layout-h\">\n<div class=\"text-wrapper magic-11\">\n<div class=\"text-wrapper-left text-theme-light text-align-left\">\n<div class=\"text-title\">\n<h3 class=\"magic-8\"><span class=\"magic-9\">\u00a0<\/span><\/h3>\n<h3 class=\"magic-8\"><span class=\"magic-9\">\u00a0<\/span><\/h3>\n<h3 class=\"magic-8\"><span class=\"magic-9\">Dimensions OEM de la cartouche de filtre souffl\u00e9 par fusion en PP<\/span><\/h3>\n<\/div>\n<div class=\"text-content\">\n<p class=\"magic-10\"><span class=\"magic-9\">Lvyuan PP <a href=\"https:\/\/lyfilter.com\/fr\/melt-blown-filter-cartridge.html\/\">cartouche filtrante souffl\u00e9e par fusion<\/a>est une sorte de cartouche filtrante standard et simple pour la purification de l'eau. Elle est compos\u00e9e de fibres de polypropyl\u00e8ne fusionn\u00e9es et entrelac\u00e9es sans colle chimique. Elle est fabriqu\u00e9e \u00e0 partir de mati\u00e8res premi\u00e8res PP en polypropyl\u00e8ne pur 100%.\u00a0<\/span><\/p>\n<p class=\"magic-10\"><span class=\"magic-9\"><b><span style=\"color: #71a3a1;\">Mme Vickie Yung<br \/>\nMob.\/Whatsapp : +86 15975359293<br \/>\nSkype : vickie9293<\/span><\/b><br \/>\n<\/span><\/p>\n<\/div>\n<\/div>\n<\/div>\n<div class=\"flex-layout-v magic-4\">\n<div class=\"magic-5\"><img decoding=\"async\" class=\"magic-6\" src=\"https:\/\/img.yfisher.com\/m6076\/1725726769nrd\/png70-t3-scale100.webp\" alt=\"Cartouche filtrante en polypropyl\u00e8ne fil\u00e9 \u00e0 double couche (5 micronx10 micron) pour le traitement de l&#039;eau 11\" data-lazy=\"2\" title=\"\"><\/div>\n<\/div>\n<\/div>\n<\/div>\n<\/div>\n<div class=\"icbu-pc-images magic-1\">\n<div>\n<div class=\"flex-layout-h\">\n<div class=\"flex-layout-v magic-4\">\n<div class=\"magic-5\"><img decoding=\"async\" class=\"magic-6\" src=\"https:\/\/img.yfisher.com\/m6076\/1725726769ek9\/png70-t3-scale100.webp\" alt=\"Cartouche filtrante en polypropyl\u00e8ne fil\u00e9 double couche (5 micronx10 micron) pour le traitement et la purification de l&#039;eau 13\" data-lazy=\"2\" title=\"\"><\/div>\n<\/div>\n<div class=\"text-wrapper magic-7\">\n<div class=\"text-wrapper-right text-theme-light text-align-left\">\n<div class=\"text-title\">\n<h3 class=\"magic-8\"><span class=\"magic-9\">\u00a0<\/span><\/h3>\n<h3 class=\"magic-8\"><span class=\"magic-9\">\u00a0<\/span><\/h3>\n<h3 class=\"magic-8\"><span class=\"magic-9\">Filtre \u00e0 eau PP double microns personnalis\u00e9<\/span><\/h3>\n<\/div>\n<div class=\"text-content\">\n<p class=\"magic-10\"><span class=\"magic-9\">Les microns peuvent \u00eatre personnalis\u00e9s, 2 couches de microns de PP <a href=\"https:\/\/lyfilter.com\/fr\/products.html\/\">cartouches de filtre \u00e0 eau<\/a> pour une forte capacit\u00e9 de r\u00e9tention des polluants, il peut \u00e9liminer efficacement les contaminants, tels que les substances en suspension, les particules et la rouille, offrant ainsi une filtration efficace et une longue dur\u00e9e de vie.\u00a0<\/span><\/p>\n<\/div>\n<\/div>\n<\/div>\n<\/div>\n<\/div>\n<\/div>\n<div class=\"icbu-pc-images magic-1\">\n<div>\n<div class=\"flex-layout-h\">\n<div class=\"text-wrapper magic-11\">\n<div class=\"text-wrapper-left text-theme-light text-align-left\">\n<div class=\"text-title\">\n<h3 class=\"magic-8\"><span class=\"magic-9\">Cartouche filtrante en PP avec mat\u00e9riau composite<\/span><\/h3>\n<\/div>\n<div class=\"text-content\">\n<p class=\"magic-10\"><span class=\"magic-9\"><a href=\"https:\/\/lyfilter.com\/fr\/pp-filter-cartridge.html\/\">Cartouche filtrante en PP<\/a> Avec le filtre compos\u00e9, il peut \u00eatre personnalis\u00e9 en fonction de la taille et des mat\u00e9riaux de filtration afin de r\u00e9pondre aux diff\u00e9rentes demandes.\u00a0<\/span><\/p>\n<\/div>\n<\/div>\n<\/div>\n<div class=\"flex-layout-v magic-4\">\n<div class=\"magic-5\"><img decoding=\"async\" class=\"magic-6\" src=\"https:\/\/img.yfisher.com\/m6076\/17257267697zl\/png70-t3-scale100.webp\" alt=\"Cartouche filtrante en polypropyl\u00e8ne fil\u00e9 double couche (5 micronx10 micron) pour le traitement de l&#039;eau 15\" data-lazy=\"2\" title=\"\"><\/div>\n<\/div>\n<\/div>\n<\/div>\n<\/div>\n<div class=\"icbu-pc-images magic-1\">\n<div>\n<div class=\"flex-layout-h\">\n<div class=\"flex-layout-v magic-4\">\n<div class=\"magic-5\"><img decoding=\"async\" class=\"magic-6\" src=\"https:\/\/img.yfisher.com\/m6076\/1725726769o3n\/png70-t3-scale100.webp\" alt=\"Cartouche filtrante en polypropyl\u00e8ne fil\u00e9 double couche (5 micronx10 micron) pour le traitement et la purification de l&#039;eau 17\" data-lazy=\"2\" title=\"\"><\/div>\n<\/div>\n<div class=\"text-wrapper magic-7\">\n<div class=\"text-wrapper-right text-theme-light text-align-left\">\n<div class=\"text-title\">\n<h3 class=\"magic-8\"><span class=\"magic-9\">Adaptateurs OEM pour \u00e9l\u00e9ments de filtre \u00e0 eau en PP<\/span><\/h3>\n<\/div>\n<div class=\"text-content\">\n<p class=\"magic-10\"><span class=\"magic-9\">Diff\u00e9rents adaptateurs de filtre sont disponibles.<\/span><\/p>\n<p class=\"magic-10\"><span class=\"magic-9\">Silicone, EPDM, NBR, Viton en option.\u00a0<\/span><\/p>\n<\/div>\n<\/div>\n<\/div>\n<\/div>\n<\/div>\n<\/div>\n<div class=\"ife-detail-decorate-table\">\n<div class=\"table-responsive\">\n<table class=\"all magic-12\">\n<tbody>\n<tr>\n<td colspan=\"1\" rowspan=\"1\">\n<div class=\"magic-13\">Nom du produit<\/div>\n<\/td>\n<td colspan=\"3\" rowspan=\"1\">\n<div class=\"magic-14\">Cartouche filtrante en polypropyl\u00e8ne fil\u00e9 double couche (5 micronx10 micron) pour le traitement de l'eau de purification<\/div>\n<\/td>\n<\/tr>\n<tr>\n<td colspan=\"1\" rowspan=\"1\">\n<div class=\"magic-13\">Mat\u00e9riau<\/div>\n<\/td>\n<td colspan=\"3\" rowspan=\"1\">\n<div class=\"magic-14\">100% Mat\u00e9riau en polypropyl\u00e8ne pur<\/div>\n<\/td>\n<\/tr>\n<tr>\n<td colspan=\"1\" rowspan=\"1\">\n<div class=\"magic-13\">Surface<\/div>\n<\/td>\n<td colspan=\"3\" rowspan=\"1\">\n<div class=\"magic-14\">Rainure, points de pression, plat, croisement<\/div>\n<\/td>\n<\/tr>\n<tr>\n<td colspan=\"1\" rowspan=\"1\">\n<div class=\"magic-13\">Microns<\/div>\n<\/td>\n<td colspan=\"3\" rowspan=\"1\">\n<div class=\"magic-17\">1 ~100 microns<\/div>\n<\/td>\n<\/tr>\n<tr>\n<td colspan=\"1\" rowspan=\"1\">\n<div class=\"magic-13\">Diam\u00e8tre ext\u00e9rieur<\/div>\n<\/td>\n<td colspan=\"3\" rowspan=\"1\">\n<div class=\"magic-17\">OEM<\/div>\n<\/td>\n<\/tr>\n<tr>\n<td colspan=\"1\" rowspan=\"1\">\n<div class=\"magic-13\">Diam\u00e8tre int\u00e9rieur<\/div>\n<\/td>\n<td colspan=\"3\" rowspan=\"1\">\n<div class=\"magic-17\">OEM<\/div>\n<\/td>\n<\/tr>\n<tr>\n<td colspan=\"1\" rowspan=\"1\">\n<div class=\"magic-13\">Interface<\/div>\n<\/td>\n<td colspan=\"3\" rowspan=\"1\">\n<div class=\"magic-17\">Plat, ins\u00e9r\u00e9, viss\u00e9<\/div>\n<\/td>\n<\/tr>\n<tr>\n<td colspan=\"1\" rowspan=\"1\">\n<div class=\"magic-13\">Capuchon d'extr\u00e9mit\u00e9<\/div>\n<\/td>\n<td colspan=\"3\" rowspan=\"1\">\n<div class=\"magic-17\">222\/Flat, 222\/Fin, 226\/Flat, 226\/Fin, 215\/Flat, 215\/Fin<\/div>\n<\/td>\n<\/tr>\n<tr>\n<td colspan=\"1\" rowspan=\"1\">\n<div class=\"magic-13\">Longueur<\/div>\n<\/td>\n<td colspan=\"3\" rowspan=\"1\">\n<div class=\"magic-17\">OEM<\/div>\n<\/td>\n<\/tr>\n<tr>\n<td colspan=\"1\" rowspan=\"1\">\n<div class=\"magic-13\">Pression diff\u00e9rentielle maximale<\/div>\n<\/td>\n<td colspan=\"3\" rowspan=\"1\">\n<div class=\"magic-17\">3 kgf\/cm\u00b2<\/div>\n<\/td>\n<\/tr>\n<tr>\n<td colspan=\"1\" rowspan=\"1\">\n<div class=\"magic-13\">Temp\u00e9rature de fonctionnement maximale<\/div>\n<\/td>\n<td colspan=\"3\" rowspan=\"1\">\n<div class=\"magic-17\">80\u00b0c<\/div>\n<\/td>\n<\/tr>\n<tr>\n<td colspan=\"1\" rowspan=\"1\">\n<div class=\"magic-13\">Pression diff\u00e9rentielle de fonctionnement<\/div>\n<\/td>\n<td colspan=\"3\" rowspan=\"1\">\n<div class=\"magic-17\">0,1kgf\/cm2<\/div>\n<\/td>\n<\/tr>\n<tr>\n<td colspan=\"1\" rowspan=\"1\">\n<div class=\"magic-13\">Marque\/Logo<\/div>\n<\/td>\n<td colspan=\"3\" rowspan=\"1\">\n<div class=\"magic-17\">OEM<\/div>\n<\/td>\n<\/tr>\n<\/tbody>\n<\/table>\n<\/div>\n<\/div>\n<div id=\"ali-anchor-AliMagic-gysdug\" class=\"magic-0\" data-section=\"AliMagic-gysdug\" data-section-title=\"Detailed Images\">Images d\u00e9taill\u00e9es<\/div>\n<div class=\"detail-decorate-json-renderer-container\">\n<div class=\"magic-18\">\n<div class=\"magic-19\">\n<div class=\"magic-20\">\n<div class=\"magic-21\"><img decoding=\"async\" class=\"magic-22\" src=\"https:\/\/img.yfisher.com\/m6076\/1725726769xty\/png70-t3-scale100.webp\" alt=\"Cartouche filtrante en polypropyl\u00e8ne fil\u00e9 double couche (5 micronx10 micron) pour le traitement et la purification de l&#039;eau 19\" data-lazy=\"2\" title=\"\"><\/div>\n<\/div>\n<div class=\"magic-23\">\n<div class=\"magic-24\">\n<p class=\"magic-10\"><span style=\"font-size: large;\">\u00a0 \u00a0 \u00a0 \u00a0 \u00a0 \u00a0 \u00a0 \u00a0 \u00a0 \u00a0 \u00a0 \u00a0 \u00a0 \u00a0Surface brillante<\/span><\/p>\n<\/div>\n<\/div>\n<\/div>\n<div class=\"magic-19\">\n<div class=\"magic-20\">\n<div class=\"magic-21\"><img decoding=\"async\" class=\"magic-22\" src=\"https:\/\/img.yfisher.com\/m6076\/1725726769vkf\/png70-t3-scale100.webp\" alt=\"Cartouche filtrante en polypropyl\u00e8ne fil\u00e9 double couche (5 micronx10 micron) pour le traitement de l&#039;eau 21\" data-lazy=\"2\" title=\"\"><\/div>\n<\/div>\n<div class=\"magic-23\">\n<div class=\"magic-24\">\n<p class=\"magic-10\"><span style=\"font-size: large;\">\u00a0 \u00a0 \u00a0 \u00a0 \u00a0 \u00a0 \u00a0 \u00a0 \u00a0 \u00a0 \u00a0 \u00a0 \u00a0Surface de gaufrage<\/span><\/p>\n<\/div>\n<\/div>\n<\/div>\n<\/div>\n<\/div>\n<div class=\"detail-decorate-json-renderer-container\">\n<div class=\"magic-18\">\n<div class=\"magic-25\">\n<div class=\"magic-20\">\n<div class=\"magic-20\">\n<div class=\"magic-26\"><img decoding=\"async\" class=\"magic-27\" src=\"https:\/\/img.yfisher.com\/m6076\/17257267698g9\/png70-t3-scale100.webp\" alt=\"Cartouche filtrante en polypropyl\u00e8ne fil\u00e9 double couche (5 micronx10 micron) pour le traitement de l&#039;eau 23\" data-lazy=\"2\" title=\"\"><\/div>\n<\/div>\n<\/div>\n<div class=\"magic-23\">\n<div class=\"magic-24\">\n<p class=\"magic-10\"><span style=\"font-size: large;\">\u00a0 \u00a0 \u00a0 \u00a0 \u00a0 Surface en peau d'orange<\/span><\/p>\n<\/div>\n<\/div>\n<\/div>\n<div class=\"magic-25\">\n<div class=\"magic-20\">\n<div class=\"magic-20\">\n<div class=\"magic-26\"><img decoding=\"async\" class=\"magic-27\" src=\"https:\/\/img.yfisher.com\/m6076\/17257267699d3\/png70-t3-scale100.webp\" alt=\"Cartouche filtrante en polypropyl\u00e8ne fil\u00e9 double couche (5 micronx10 micron) pour le traitement de l&#039;eau 25\" data-lazy=\"2\" title=\"\"><\/div>\n<\/div>\n<\/div>\n<div class=\"magic-23\">\n<div class=\"magic-24\">\n<p class=\"magic-10\"><span style=\"font-size: large;\">\u00a0 \u00a0 \u00a0 \u00a0 \u00a0 \u00a0 \u00a0 Surface rainur\u00e9e<\/span><\/p>\n<\/div>\n<\/div>\n<\/div>\n<div class=\"magic-25\">\n<div class=\"magic-20\">\n<div class=\"magic-20\">\n<div class=\"magic-26\"><img decoding=\"async\" class=\"magic-27\" src=\"https:\/\/img.yfisher.com\/m6076\/1725726769wls\/png70-t3-scale100.webp\" alt=\"Cartouche filtrante en polypropyl\u00e8ne fil\u00e9 double couche (5 micronx10 micron) pour le traitement et la purification de l&#039;eau 27\" data-lazy=\"2\" title=\"\"><\/div>\n<\/div>\n<\/div>\n<div class=\"magic-23\">\n<div class=\"magic-24\">\n<p class=\"magic-10\"><span style=\"font-size: large;\">\u00a0 \u00a0 \u00a0 \u00a0 \u00a0 \u00a0 \u00a0Surface aiguillet\u00e9e<\/span><\/p>\n<\/div>\n<\/div>\n<\/div>\n<\/div>\n<\/div>\n<div class=\"detail-decorate-json-renderer-container\">\n<div class=\"magic-18\">\n<div class=\"magic-19\">\n<div class=\"magic-20\">\n<div class=\"magic-21\"><img decoding=\"async\" class=\"magic-28\" src=\"https:\/\/img.yfisher.com\/m6076\/1725726769opm\/png70-t3-scale100.webp\" alt=\"Cartouche filtrante en polypropyl\u00e8ne fil\u00e9 double couche (5 micronx10 micron) pour le traitement et la purification de l&#039;eau 29\" data-lazy=\"2\" title=\"\"><\/div>\n<\/div>\n<div class=\"magic-23\">\n<div class=\"magic-24\">\n<p class=\"magic-10\"><b>\u00a0 \u00a0 Cartouche filtrante en PP avec noyau en acier inoxydable<\/b><\/p>\n<\/div>\n<\/div>\n<\/div>\n<div class=\"magic-19\">\n<div class=\"magic-20\">\n<div class=\"magic-21\"><img decoding=\"async\" class=\"magic-28\" src=\"https:\/\/img.yfisher.com\/m6076\/17257267698ge\/png70-t3-scale100.webp\" alt=\"Cartouche filtrante en polypropyl\u00e8ne fil\u00e9 double couche (5 micronx10 micron) pour le traitement et la purification de l&#039;eau 31\" data-lazy=\"2\" title=\"\"><\/div>\n<\/div>\n<div class=\"magic-23\">\n<div class=\"magic-24\">\n<p class=\"magic-10\"><b>\u00a0 \u00a0 \u00a0 \u00a0 \u00a0 \u00a0 \u00a0 \u00a0 \u00a0Cartouche filtrante souffl\u00e9e par fusion en PP avec noyau en SS<\/b><\/p>\n<\/div>\n<\/div>\n<\/div>\n<\/div>\n<\/div>\n<div class=\"icbu-pc-images magic-1\">\n<div>\n<div class=\"flex-layout-v\">\n<div class=\"flex-layout-h magic-1\">\n<div class=\"magic-29\"><img decoding=\"async\" class=\"magic-30\" src=\"https:\/\/img.yfisher.com\/m6076\/1725726769d2o\/png70-t3-scale100.webp\" alt=\"Cartouche filtrante en polypropyl\u00e8ne fil\u00e9 double couche (5 micronx10 micron) pour le traitement de l&#039;eau 33\" data-lazy=\"2\" title=\"\"><\/div>\n<div class=\"magic-31\"><img decoding=\"async\" class=\"magic-30\" src=\"https:\/\/img.yfisher.com\/m6076\/1725726769csx\/png70-t3-scale100.webp\" alt=\"Cartouche filtrante en polypropyl\u00e8ne fil\u00e9 double couche (5 micronx10 micron) pour le traitement et la purification de l&#039;eau 35\" data-lazy=\"2\" title=\"\"><\/div>\n<\/div>\n<\/div>\n<\/div>\n<\/div>\n<div class=\"detail-decorate-json-renderer-container\">\n<div class=\"magic-18\">\n<div class=\"magic-19\">\n<div class=\"magic-20\">\n<div class=\"magic-21\"><img decoding=\"async\" class=\"magic-22\" src=\"https:\/\/img.yfisher.com\/m6076\/17257267691y8\/png70-t3-scale100.webp\" alt=\"Cartouche filtrante en polypropyl\u00e8ne fil\u00e9 double couche (5 micronx10 micron) pour le traitement de l&#039;eau 37\" data-lazy=\"2\" title=\"\"><\/div>\n<\/div>\n<div class=\"magic-23\">\n<div class=\"magic-24\">\n<p class=\"magic-10\"><span><b>\u00a0 \u00a0 \u00a0 Nous pouvons fournir des tailles OEM pour r\u00e9pondre \u00e0 votre demande.\u00a0<\/b><\/span><\/p>\n<\/div>\n<\/div>\n<\/div>\n<div class=\"magic-19\">\n<div class=\"magic-20\">\n<div class=\"magic-21\"><img decoding=\"async\" class=\"magic-28\" src=\"https:\/\/img.yfisher.com\/m6076\/1725726770jgy\/png70-t3-scale100.webp\" alt=\"Cartouche filtrante en polypropyl\u00e8ne fil\u00e9 double couche (5 micronx10 micron) pour le traitement et la purification de l&#039;eau 39\" data-lazy=\"2\" title=\"\"><\/div>\n<\/div>\n<div class=\"magic-23\">\n<div class=\"magic-24\">\n<p class=\"magic-10\"><b><span style=\"font-size: medium;\">\u00a0 \u00a0 \u00a0 \u00a0 \u00a0 \u00a0\u00a0<\/span><span>Le filtre peut \u00eatre imprim\u00e9 avec le logo de votre entreprise<\/span><\/b><\/p>\n<\/div>\n<\/div>\n<\/div>\n<\/div>\n<\/div>\n<\/div>\n<\/div>\n<\/div>\n<\/div>","protected":false},"excerpt":{"rendered":"<p>Cette cartouche en PP fil\u00e9 vous aide \u00e0 maintenir les syst\u00e8mes de traitement de l'eau plus propres, avec moins de colmatages et de temps d'arr\u00eat. Choisissez le taux de micron et l'adaptateur qui conviennent \u00e0 votre bo\u00eetier, et ajoutez votre logo pour des remplacements de marque.<\/p>","protected":false},"featured_media":1946,"comment_status":"open","ping_status":"closed","template":"","meta":{"_gspb_post_css":""},"product_brand":[],"product_cat":[23,17],"product_tag":[327,848,846,847,845,844],"class_list":{"0":"post-1942","1":"product","2":"type-product","3":"status-publish","4":"has-post-thumbnail","6":"product_cat-pp-filter-cartridge","7":"product_cat-sediment-filter","8":"product_tag-1-100-micron-filter","9":"product_tag-10-200mm-od-cartridge","10":"product_tag-222-226-215-flat-adaptor","11":"product_tag-oem-logo-filter-cartridge","12":"product_tag-polypropylene-water-treatment-filter","13":"product_tag-spun-pp-filter-cartridge","15":"first","16":"instock","17":"shipping-taxable","18":"product-type-simple"},"_links":{"self":[{"href":"https:\/\/lyfilter.com\/fr\/wp-json\/wp\/v2\/product\/1942","targetHints":{"allow":["GET"]}}],"collection":[{"href":"https:\/\/lyfilter.com\/fr\/wp-json\/wp\/v2\/product"}],"about":[{"href":"https:\/\/lyfilter.com\/fr\/wp-json\/wp\/v2\/types\/product"}],"replies":[{"embeddable":true,"href":"https:\/\/lyfilter.com\/fr\/wp-json\/wp\/v2\/comments?post=1942"}],"wp:featuredmedia":[{"embeddable":true,"href":"https:\/\/lyfilter.com\/fr\/wp-json\/wp\/v2\/media\/1946"}],"wp:attachment":[{"href":"https:\/\/lyfilter.com\/fr\/wp-json\/wp\/v2\/media?parent=1942"}],"wp:term":[{"taxonomy":"product_brand","embeddable":true,"href":"https:\/\/lyfilter.com\/fr\/wp-json\/wp\/v2\/product_brand?post=1942"},{"taxonomy":"product_cat","embeddable":true,"href":"https:\/\/lyfilter.com\/fr\/wp-json\/wp\/v2\/product_cat?post=1942"},{"taxonomy":"product_tag","embeddable":true,"href":"https:\/\/lyfilter.com\/fr\/wp-json\/wp\/v2\/product_tag?post=1942"}],"curies":[{"name":"wp","href":"https:\/\/api.w.org\/{rel}","templated":true}]}}