{"id":1940,"date":"2026-01-06T02:50:36","date_gmt":"2026-01-06T02:50:36","guid":{"rendered":"https:\/\/lyfilter.com\/?post_type=product&#038;p=1940"},"modified":"2026-01-06T02:50:36","modified_gmt":"2026-01-06T02:50:36","slug":"10-20-inch-5-micron-big-pp-sediment-filter-cartridge-big-size-pp-string-wound-filter","status":"publish","type":"product","link":"https:\/\/lyfilter.com\/fr\/10-20-inch-5-micron-big-pp-sediment-filter-cartridge-big-size-pp-string-wound-filter\/","title":{"rendered":"10 20 inch 5 micron big pp sediment filter cartridge\/big size pp string wound filter"},"content":{"rendered":"<div class=\"pro_aliData\">\n<div class=\"detail-box\">\n<div class=\"scc-wrapper detail-module module-productSpecification\" data-spm=\"pronpeci14\">\n<div id=\"J-rich-text-description\" class=\"richtext richtext-detail rich-text-description\">\n<p>Param\u00e8tres :<\/p>\n<div class=\"table-responsive\">\n<table class=\"aliDataTable\">\n<tbody>\n<tr align=\"left\">\n<td valign=\"top\">Produit<\/td>\n<td valign=\"top\">10 20 inch 5 micron big pp sediment filter cartridge\/big size pp string wound filter<\/td>\n<\/tr>\n<tr align=\"left\">\n<td valign=\"top\">Mat\u00e9riau<\/td>\n<td valign=\"top\">PP, polypropyl\u00e8ne<\/td>\n<\/tr>\n<tr align=\"left\">\n<td valign=\"top\">Style<\/td>\n<td valign=\"top\">Rainure, points de pression, plat, croisement<\/td>\n<\/tr>\n<tr align=\"left\">\n<td valign=\"top\">Filtration de pr\u00e9cision<\/td>\n<td valign=\"top\">1~100micron<\/td>\n<\/tr>\n<tr align=\"left\">\n<td valign=\"top\">Diam\u00e8tre ext\u00e9rieur<\/td>\n<td valign=\"top\">60~65mm<\/td>\n<\/tr>\n<tr align=\"left\">\n<td valign=\"top\">Diam\u00e8tre int\u00e9rieur<\/td>\n<td valign=\"top\">28 mm ou 30 mm<\/td>\n<\/tr>\n<tr align=\"left\">\n<td valign=\"top\">Interface<\/td>\n<td valign=\"top\">Plat, ins\u00e9r\u00e9, viss\u00e9<\/td>\n<\/tr>\n<tr align=\"left\">\n<td valign=\"top\">Type d'embout<\/td>\n<td valign=\"top\">222flat, 222fin, 226flat, 226fin, 215flat, 215fin<\/td>\n<\/tr>\n<tr align=\"left\">\n<td valign=\"top\">Longueur<\/td>\n<td valign=\"top\">5\u201d,10\u201d,20\u201d,30\u201d,40\u201d,50\u2033,60\u2033<\/td>\n<\/tr>\n<tr align=\"left\">\n<td valign=\"top\">Pression diff\u00e9rentielle maximale<\/td>\n<td valign=\"top\">3 kgf\/cm\u00b2<\/td>\n<\/tr>\n<tr align=\"left\">\n<td valign=\"top\">Temp\u00e9rature de fonctionnement maximale<\/td>\n<td valign=\"top\">80\u00b0c<\/td>\n<\/tr>\n<tr align=\"left\">\n<td valign=\"top\">Pression diff\u00e9rentielle de fonctionnement<\/td>\n<td valign=\"top\">0,1kgf\/cm2<\/td>\n<\/tr>\n<tr align=\"left\">\n<td valign=\"top\">Marque<\/td>\n<td valign=\"top\">Lvyuan\/OEM<\/td>\n<\/tr>\n<tr align=\"left\">\n<td valign=\"top\">Poids commun<\/td>\n<td valign=\"top\">100- 120g\/10\u2033 (peut \u00eatre personnalis\u00e9)<\/td>\n<\/tr>\n<\/tbody>\n<\/table>\n<\/div>\n<p>Caract\u00e9ristiques :<\/p>\n<p>1. D\u00e9placer efficacement les substances en suspension, les particules et la rouille.<\/p>\n<p>2. Pr\u00e9filtration de l'eau<\/p>\n<p>3. Large compatibilit\u00e9 chimique<\/p>\n<p>4. R\u00e9sistant \u00e0 la pression<\/p>\n<p>5. Haute r\u00e9sistance chimique.<\/p>\n<p>6. Toutes sortes d'adaptateurs sont disponibles<\/p>\n<p>7. Grande capacit\u00e9 de r\u00e9tention des contaminants et longue dur\u00e9e de vie.<\/p>\n<p>Champ d'application :<\/p>\n<p>Pr\u00e9filtration ou syst\u00e8me RO, solvant, industrie chimique, industrie p\u00e9troli\u00e8re,<\/p>\n<p>le traitement de l'eau potable, les industries \u00e9lectroniques et \u00e9lectriques, le placage,<\/p>\n<p>alimentation et boissons, vin, etc.<\/p>\n<p>&nbsp;<\/p>\n<p>D\u00e9tail de l'emballage : 10\u2033:50PCS\/CTN ; 20\u2033:25PCS\/CTN ; 30\u2033:25PC\/CTN;40\u2033:25PCS\/CTN<\/p>\n<p>D\u00e9tail de la livraison : Dans les 7 jours suivant la r\u00e9ception de l'acompte 30%<\/p>\n<p>Spectacle du produit :<\/p>\n<p><img decoding=\"async\" src=\"https:\/\/img.yfisher.com\/m6076\/1725731201we9\/jpg70-t3-scale100.webp\" alt=\"10 20 inch 5 micron big pp sediment filter cartridge\/big size pp string wound filter 3\" data-alt=\"10 20 inch 5 micron big pp sediment filter cartridge\/big size pp string wound filter\" data-=\"\" data-lazy=\"2\" title=\"\"><\/p>\n<p><img decoding=\"async\" src=\"https:\/\/img.yfisher.com\/m6076\/1725727044jk0\/jpg70-t3-scale100.webp\" alt=\"10 20 inch 5 micron big pp sediment filter cartridge\/big size pp string wound filter 5\" data-alt=\"10 20 inch 5 micron big pp sediment filter cartridge\/big size pp string wound filter\" data-=\"\" data-lazy=\"2\" title=\"\"><\/p>\n<p><img decoding=\"async\" src=\"https:\/\/img.yfisher.com\/m6076\/1725731201n1y\/jpg70-t3-scale100.webp\" alt=\"10 20 inch 5 micron big pp sediment filter cartridge\/big size pp string wound filter 7\" data-alt=\"10 20 inch 5 micron big pp sediment filter cartridge\/big size pp string wound filter\" data-=\"\" data-lazy=\"2\" title=\"\"><\/p>\n<p><img decoding=\"async\" src=\"https:\/\/img.yfisher.com\/m6076\/1725727044ad0\/jpg70-t3-scale100.webp\" alt=\"10 20 inch 5 micron big pp sediment filter cartridge\/big size pp string wound filter 9\" data-alt=\"10 20 inch 5 micron big pp sediment filter cartridge\/big size pp string wound filter\" data-=\"\" data-lazy=\"2\" title=\"\"><\/p>\n<p><img decoding=\"async\" src=\"https:\/\/img.yfisher.com\/m6076\/1725727044yry\/jpg70-t3-scale100.webp\" alt=\"10 20 inch 5 micron big pp sediment filter cartridge\/big size pp string wound filter 11\" data-alt=\"10 20 inch 5 micron big pp sediment filter cartridge\/big size pp string wound filter\" data-=\"\" data-lazy=\"2\" title=\"\"><\/p>\n<p><img decoding=\"async\" src=\"https:\/\/img.yfisher.com\/m6076\/17257312014p8\/jpg70-t3-scale100.webp\" alt=\"10 20 inch 5 micron big pp sediment filter cartridge\/big size pp string wound filter 13\" data-alt=\"10 20 inch 5 micron big pp sediment filter cartridge\/big size pp string wound filter\" data-=\"\" data-lazy=\"2\" title=\"\"><\/p>\n<p><img decoding=\"async\" src=\"https:\/\/img.yfisher.com\/m6076\/17257270449f1\/jpg70-t3-scale100.webp\" alt=\"10 20 inch 5 micron big pp sediment filter cartridge\/big size pp string wound filter 15\" data-alt=\"10 20 inch 5 micron big pp sediment filter cartridge\/big size pp string wound filter\" data-=\"\" data-lazy=\"2\" title=\"\"><\/p>\n<p><img decoding=\"async\" src=\"https:\/\/img.yfisher.com\/m6076\/1725727044bwm\/jpg70-t3-scale100.webp\" alt=\"10 20 inch 5 micron big pp sediment filter cartridge\/big size pp string wound filter 17\" data-alt=\"10 20 inch 5 micron big pp sediment filter cartridge\/big size pp string wound filter\" data-=\"\" data-lazy=\"2\" title=\"\"><\/p>\n<p>N'h\u00e9sitez pas \u00e0 nous contacter pour plus de d\u00e9tails ou pour un devis.<\/p>\n<p>si vous \u00eates int\u00e9ress\u00e9 par nos produits ou notre entreprise : )<\/p>\n<p><strong>Mes coordonn\u00e9es -----<\/strong><\/p>\n<p><img decoding=\"async\" src=\"https:\/\/img.yfisher.com\/m6076\/172572799710g\/jpg70-t3-scale100.webp\" alt=\"10 20 inch 5 micron big pp sediment filter cartridge\/big size pp string wound filter 19\" data-alt=\"10 20 inch 5 micron big pp sediment filter cartridge\/big size pp string wound filter\" data-=\"\" data-lazy=\"2\" title=\"\"><\/p>\n<\/div>\n<\/div>\n<div data-module=\"detailMarketPackage\"><\/div>\n<div data-module=\"productAuth\"><\/div>\n<\/div>\n<\/div>\n<div class=\"diffStatement\">Guangzhou Lvyuan Water Purification Equipment Co. poss\u00e8de une forte capacit\u00e9 de r\u00e9action et de d\u00e9veloppement de nouveaux produits.\u00a0<a href=\"https:\/\/lyfilter.com\/fr\/products.html\/\">cartouches de filtre \u00e0 eau<\/a>\u00a0champ. La matrice de fibres autoportante permet une conception sans noyau qui est \u00e0 la fois \u00e9conomique et solide. Guangzhou Lvyuan Water Purification Equipment Co., Ltd. organisera la production et la livraison dans les meilleurs d\u00e9lais une fois que nos clients auront confirm\u00e9 leurs commandes. La matrice de fibre autoportante permet une conception sans noyau qui est \u00e0 la fois \u00e9conomique et solide.<\/div>","protected":false},"excerpt":{"rendered":"<p>Cette cartouche de s\u00e9diments en PP de grande taille est con\u00e7ue pour un d\u00e9bit plus \u00e9lev\u00e9 et des charges de salet\u00e9s plus importantes, afin que votre syst\u00e8me reste stable et que votre eau reste claire. Choisissez le taux de micron, la longueur et l'interface qui conviennent \u00e0 votre bo\u00eetier, et ajoutez votre logo si vous souhaitez des pi\u00e8ces de rechange de marque.<\/p>","protected":false},"featured_media":1943,"comment_status":"open","ping_status":"closed","template":"","meta":{"_gspb_post_css":""},"product_brand":[],"product_cat":[23,17],"product_tag":[671,841,842,840,843,783],"class_list":{"0":"post-1940","1":"product","2":"type-product","3":"status-publish","4":"has-post-thumbnail","6":"product_cat-pp-filter-cartridge","7":"product_cat-sediment-filter","8":"product_tag-1-100-micron-filter-cartridge","9":"product_tag-10-40-inch-sediment-cartridge","10":"product_tag-222-226-215-filter-interface","11":"product_tag-big-pp-sediment-filter","12":"product_tag-custom-logo-filter-cartridge","13":"product_tag-high-flow-pp-cartridge","15":"first","16":"instock","17":"shipping-taxable","18":"product-type-simple"},"_links":{"self":[{"href":"https:\/\/lyfilter.com\/fr\/wp-json\/wp\/v2\/product\/1940","targetHints":{"allow":["GET"]}}],"collection":[{"href":"https:\/\/lyfilter.com\/fr\/wp-json\/wp\/v2\/product"}],"about":[{"href":"https:\/\/lyfilter.com\/fr\/wp-json\/wp\/v2\/types\/product"}],"replies":[{"embeddable":true,"href":"https:\/\/lyfilter.com\/fr\/wp-json\/wp\/v2\/comments?post=1940"}],"wp:featuredmedia":[{"embeddable":true,"href":"https:\/\/lyfilter.com\/fr\/wp-json\/wp\/v2\/media\/1943"}],"wp:attachment":[{"href":"https:\/\/lyfilter.com\/fr\/wp-json\/wp\/v2\/media?parent=1940"}],"wp:term":[{"taxonomy":"product_brand","embeddable":true,"href":"https:\/\/lyfilter.com\/fr\/wp-json\/wp\/v2\/product_brand?post=1940"},{"taxonomy":"product_cat","embeddable":true,"href":"https:\/\/lyfilter.com\/fr\/wp-json\/wp\/v2\/product_cat?post=1940"},{"taxonomy":"product_tag","embeddable":true,"href":"https:\/\/lyfilter.com\/fr\/wp-json\/wp\/v2\/product_tag?post=1940"}],"curies":[{"name":"wp","href":"https:\/\/api.w.org\/{rel}","templated":true}]}}