{"id":1926,"date":"2026-01-06T02:46:29","date_gmt":"2026-01-06T02:46:29","guid":{"rendered":"https:\/\/lyfilter.com\/?post_type=product&#038;p=1926"},"modified":"2026-01-07T07:58:22","modified_gmt":"2026-01-07T07:58:22","slug":"pes-pleated-filter-cartridge-precision-flow-meter-water-sensor","status":"publish","type":"product","link":"https:\/\/lyfilter.com\/fr\/pes-pleated-filter-cartridge-precision-flow-meter-water-sensor\/","title":{"rendered":"Cartouche filtrante pliss\u00e9e PES\/d\u00e9bitm\u00e8tre de pr\u00e9cision capteur d'eau"},"content":{"rendered":"<p><strong>Cartouche filtrante pliss\u00e9e PES\/d\u00e9bitm\u00e8tre de pr\u00e9cision capteur d'eau<\/strong><\/p>\n<p><img decoding=\"async\" src=\"https:\/\/img.yfisher.com\/m6076\/1725731185aiz\/jpg70-t3-scale100.webp\" alt=\"Cartouche filtrante pliss\u00e9e PES\/d\u00e9bitm\u00e8tre de pr\u00e9cision capteur d&#039;eau 2\" data-alt=\"PES Pleated Filter Cartridge\/precision flow meter water sensor\" data-lazy=\"2\" title=\"\"><img decoding=\"async\" src=\"https:\/\/img.yfisher.com\/m6076\/1725731185xk6\/jpg70-t3-scale100.webp\" alt=\"Cartouche filtrante pliss\u00e9e PES\/d\u00e9bitm\u00e8tre de pr\u00e9cision capteur d&#039;eau 4\" data-alt=\"PES Pleated Filter Cartridge\/precision flow meter water sensor\" data-=\"\" data-lazy=\"2\" title=\"\"><img decoding=\"async\" src=\"https:\/\/img.yfisher.com\/m6076\/17257311852i8\/jpg70-t3-scale100.webp\" alt=\"Cartouche filtrante pliss\u00e9e PES\/d\u00e9bitm\u00e8tre de pr\u00e9cision capteur d&#039;eau 6\" data-alt=\"PES Pleated Filter Cartridge\/precision flow meter water sensor\" data-lazy=\"2\" title=\"\"><img decoding=\"async\" src=\"https:\/\/img.yfisher.com\/m6076\/1725731185fat\/jpg70-t3-scale100.webp\" alt=\"Cartouche filtrante pliss\u00e9e PES\/d\u00e9bitm\u00e8tre de pr\u00e9cision capteur d&#039;eau 8\" data-alt=\"PES Pleated Filter Cartridge\/precision flow meter water sensor\" data-lazy=\"2\" title=\"\"><img decoding=\"async\" src=\"https:\/\/img.yfisher.com\/m6076\/172573118513n\/jpg70-t3-scale100.webp\" alt=\"Cartouche filtrante pliss\u00e9e PES\/d\u00e9bitm\u00e8tre de pr\u00e9cision capteur d&#039;eau 10\" data-alt=\"PES Pleated Filter Cartridge\/precision flow meter water sensor\" data-lazy=\"2\" title=\"\"><\/p>\n<p><strong>Pr\u00e9sentation du produit<\/strong><\/p>\n<p>La cartouche PP utilise une membrane en fibre PP pliss\u00e9e comme support de filtration.<br \/>\nLa cartouche PP est un filtre fixe intensif avanc\u00e9, disponible dans une large gamme de taux de r\u00e9tention allant de 0,1um \u00e0 60um. La taille des pores n'est pas affect\u00e9e par les vibrations de la pression d'alimentation. Gr\u00e2ce \u00e0 sa faible pression diff\u00e9rentielle unique, son volume d'\u00e9coulement \u00e9lev\u00e9 et son excellente filtration, elle a attir\u00e9 de nombreux clients.<\/p>\n<p>sp\u00e9cification<\/p>\n<p>&nbsp;<\/p>\n<p><strong>Avantages concurrentiels<\/strong><\/p>\n<p>1. contr\u00f4le de la qualit\u00e9 et de l'efficacit\u00e9 ,<br \/>\n2. livraison rapide ,<br \/>\n3. la conception et le logo du client sont les bienvenus, ,<br \/>\n4. produits respectueux de l'environnement ,<br \/>\n5. faible perte de charge, longue dur\u00e9e de vie<\/p>\n<p>6. gamme compl\u00e8te d'indices d'enl\u00e8vement<\/p>\n<p>7. Densit\u00e9 des pores gradu\u00e9e pour une capacit\u00e9 \u00e9lev\u00e9e de r\u00e9tention de la salet\u00e9<\/p>\n<p>8. excellente compatibilit\u00e9 chimique.<\/p>\n<p>Convient \u00e0 la filtration des solvants organiques, des bases acides<\/p>\n<p>&nbsp;<\/p>\n<p><strong>Caract\u00e9ristiques :<br \/>\n<\/strong>1. La pile de membranes se compose d'une membrane en fibres superfines PP et d'une couche d\u00e9flectrice import\u00e9e et poss\u00e8de une grande capacit\u00e9 d'absorption des polluants.<br \/>\n2. Une application \u00e9tendue<br \/>\n3. Grand d\u00e9bit, faible r\u00e9sistance, grande quantit\u00e9 de polluants absorb\u00e9s et longue dur\u00e9e de vie.<br \/>\n4. Adopter la technique de soudage \u00e0 chaud sans liant et ne pas transporter de polluants chimiques.<br \/>\n5. Chaque cartouche filtrante de qualit\u00e9 pharmaceutique a \u00e9t\u00e9 lav\u00e9e \u00e0 l'eau d'injection ; chaque cartouche filtrante de qualit\u00e9 \u00e9lectronique a \u00e9t\u00e9 lav\u00e9e \u00e0 l'eau ultra-pure.<\/p>\n<p><strong>Application :<br \/>\n<\/strong>1. Industrie \u00e9lectronique : Produits chimiques et eau pure<br \/>\n2. Filtre de s\u00e9curit\u00e9 pour osmose inverse<br \/>\n3. Industrie alimentaire et des boissons : Eaux min\u00e9rales, vins et jus de fruits, etc.<br \/>\n4. Industrie m\u00e9dicale : m\u00e9dicaments liquides, gaz, etc.<br \/>\n5. Industrie chimique : Solvant organique, etc.<br \/>\n6. Industrie p\u00e9troli\u00e8re : Inondation des champs p\u00e9troliers<br \/>\n7. Filtration fine pour une vari\u00e9t\u00e9 de gaz<br \/>\n8. Pr\u00e9filtration beaucoup plus fine<\/p>\n<p>&nbsp;<\/p>\n<p><strong>R\u00e9sum\u00e9 des prestations<\/strong><br \/>\n1.Compatibilit\u00e9 chimique universelle, grand volume d'\u00e9coulement, faible pression diff\u00e9rentielle et longue dur\u00e9e de vie.<br \/>\n2. large gamme de taux de r\u00e9tention pour r\u00e9pondre aux diff\u00e9rentes filtrations<br \/>\n3.Application de la technique de thermocollage, ferme et non polluante pour les produits.<br \/>\n4.nettoyer selon les m\u00e9thodes habituelles et st\u00e9riliser \u00e0 l'aide d'une armoire de st\u00e9rilisation et de vapeur.<\/p>\n<h4><strong>sp\u00e9cification<\/strong><\/h4>\n<div class=\"table-responsive\">\n<table class=\"aliDataTable\">\n<tbody>\n<tr align=\"left\">\n<td valign=\"top\" width=\"284\"><strong>Longueur<\/strong><\/td>\n<td valign=\"top\" width=\"284\"><strong>5\u201d, 10\u201d ,20\u201d , 30\u201d , 40\u201d<\/strong><\/td>\n<\/tr>\n<tr align=\"left\">\n<td valign=\"top\"><strong>Pr\u00e9cision<\/strong><\/td>\n<td valign=\"top\"><strong>0.1,\u00a00.22,\u00a00.45,\u00a01,\u00a05,\u00a010,\u00a020,25,\u00a030,\u00a050,\u00a060<\/strong><\/td>\n<\/tr>\n<\/tbody>\n<\/table>\n<\/div>\n<p>&nbsp;<\/p>\n<h4><\/h4>\n<h4><strong>Sp\u00e9cifications techniques\u00a0<\/strong><\/h4>\n<div class=\"table-responsive\">\n<table class=\"aliDataTable\">\n<tbody>\n<tr align=\"left\">\n<td valign=\"top\" width=\"188\"><strong>Pr\u00e9cision de la filtration\u00a0<\/strong><\/td>\n<td valign=\"top\" width=\"380\"><strong>0.1,\u00a0\u00a00.2,\u00a0\u00a00.45,\u00a0\u00a00.65,\u00a0\u00a00.8,\u00a0\u00a01,\u00a0\u00a02,\u00a0\u00a03,\u00a0\u00a05,\u00a0\u00a010,\u00a0\u00a020,\u00a0\u00a025,\u00a0\u00a030,\u00a0\u00a050,\u00a0\u00a060<\/strong><\/td>\n<\/tr>\n<tr align=\"left\">\n<td valign=\"top\"><strong>Surface de filtration effective<\/strong><\/td>\n<td valign=\"top\"><strong>0.40-0.7<\/strong><\/td>\n<\/tr>\n<tr align=\"left\">\n<td valign=\"top\"><strong>Pression de service max. Pression de service<\/strong><\/td>\n<td valign=\"top\"><strong>\u00a0042Mpa25\u00b0C<\/strong><\/td>\n<\/tr>\n<tr align=\"left\">\n<td valign=\"top\"><strong>Max. Temp\u00e9rature de fonctionnement<\/strong><\/td>\n<td valign=\"top\"><strong>88\u00b0C, 0,28Mpa ; 60\u00b0C, 0,42Mpa<\/strong><\/td>\n<\/tr>\n<tr align=\"left\">\n<td valign=\"top\"><strong>Temp\u00e9rature de st\u00e9rilisation<\/strong><\/td>\n<td valign=\"top\"><strong>121\u00b0C 30min<\/strong><\/td>\n<\/tr>\n<\/tbody>\n<\/table>\n<\/div>\n<p>&nbsp;<\/p>\n<h4><strong>Connexion\u00a0<\/strong><\/h4>\n<div class=\"table-responsive\">\n<table class=\"aliDataTable\">\n<tbody>\n<tr align=\"left\">\n<td valign=\"top\" width=\"284\"><strong>Type de lance<\/strong><\/td>\n<td valign=\"top\" width=\"284\"><strong>\u00a0<img decoding=\"async\" src=\"https:\/\/img.yfisher.com\/m6076\/1725731185qn2\/jpg70-t3-scale100.webp\" alt=\"Cartouche filtrante pliss\u00e9e PES\/d\u00e9bitm\u00e8tre de pr\u00e9cision capteur d&#039;eau 12\" data-alt=\"PES Pleated Filter Cartridge\/precision flow meter water sensor\" data-=\"\" data-lazy=\"2\" title=\"\"><\/strong><\/td>\n<\/tr>\n<tr align=\"left\">\n<td valign=\"top\"><strong>215 type<\/strong><\/td>\n<td valign=\"top\"><strong>\u00a0<img decoding=\"async\" src=\"https:\/\/img.yfisher.com\/m6076\/1725731185bp0\/jpg70-t3-scale100.webp\" alt=\"Cartouche filtrante pliss\u00e9e PES\/d\u00e9bitm\u00e8tre de pr\u00e9cision capteur d&#039;eau 14\" data-alt=\"PES Pleated Filter Cartridge\/precision flow meter water sensor\" data-=\"\" data-lazy=\"2\" title=\"\"><\/strong><\/td>\n<\/tr>\n<tr align=\"left\">\n<td valign=\"top\"><\/td>\n<td valign=\"top\"><\/td>\n<\/tr>\n<tr align=\"left\">\n<td valign=\"top\"><strong>226 type<\/strong><\/td>\n<td valign=\"top\"><strong>\u00a0<img decoding=\"async\" src=\"https:\/\/img.yfisher.com\/m6076\/1725731185ogz\/jpg70-t3-scale100.webp\" alt=\"Cartouche filtrante pliss\u00e9e PES\/d\u00e9bitm\u00e8tre de pr\u00e9cision capteur d&#039;eau 16\" data-alt=\"PES Pleated Filter Cartridge\/precision flow meter water sensor\" data-=\"\" data-lazy=\"2\" title=\"\"><\/strong><\/td>\n<\/tr>\n<tr align=\"left\">\n<td valign=\"top\"><strong>Type de plaque<\/strong><\/td>\n<td valign=\"top\"><strong>\u00a0\u00a0<img decoding=\"async\" src=\"https:\/\/img.yfisher.com\/m6076\/1725731185yjw\/jpg70-t3-scale100.webp\" alt=\"Cartouche filtrante pliss\u00e9e PES\/d\u00e9bitm\u00e8tre de pr\u00e9cision capteur d&#039;eau 18\" data-alt=\"PES Pleated Filter Cartridge\/precision flow meter water sensor\" data-=\"\" data-lazy=\"2\" title=\"\"><\/strong><\/td>\n<\/tr>\n<\/tbody>\n<\/table>\n<\/div>\n<p>&nbsp;<\/p>\n<p><strong>\u00a0<\/strong><\/p>\n<p><strong>Mat\u00e9riau de la membrane filtrante<\/strong><\/p>\n<p>&nbsp;<\/p>\n<div class=\"table-responsive\">\n<table class=\"aliDataTable\">\n<tbody>\n<tr align=\"left\">\n<td valign=\"top\" width=\"284\"><strong>Mat\u00e9riau de la membrane filtrante<\/strong><\/td>\n<td valign=\"top\" width=\"284\"><strong>Application\u00a0<\/strong><\/td>\n<\/tr>\n<tr align=\"left\">\n<td valign=\"top\"><strong>PP<\/strong><\/td>\n<td rowspan=\"5\" valign=\"top\"><strong>1. industrie \u00e9lectronique : syst\u00e8me d'osmose inverse pour l'eau\u00a0<\/strong><\/p>\n<p><strong>pr\u00e9-filtration, pr\u00e9-filtration du syst\u00e8me d'eau d\u00e9ionis\u00e9e<\/strong><\/p>\n<p><strong>2. fabricant de produits alimentaires : filtration des boissons,\u00a0<\/strong><\/p>\n<p><strong>bi\u00e8re et eau min\u00e9rale<\/strong><\/p>\n<p><strong>3. usine chimique : filtration des solvants organiques et de l'encre.<\/strong><\/p>\n<p><strong>4. industrie pharmaceutique : filtration de\u00a0<\/strong><\/p>\n<p><strong>produits pharmaceutiques et biologiques produits \u00e0 base de s\u00e9rum,<\/strong><\/p>\n<p><strong>air et gaz comprim\u00e9s\u00a0<\/strong><\/p>\n<p><strong>5.autres : filtration de la solution de placage, des fluides de processus,<\/strong><\/p>\n<p><strong>\u00a0la r\u00e9sine photosensible et les supports magn\u00e9tiques.<\/strong><\/p>\n<p><strong>\u00a0<\/strong><\/td>\n<\/tr>\n<tr align=\"left\">\n<td valign=\"top\"><strong>PTFE<\/strong><\/td>\n<\/tr>\n<tr align=\"left\">\n<td valign=\"top\"><strong>PSE<\/strong><\/td>\n<\/tr>\n<tr align=\"left\">\n<td valign=\"top\"><strong>N66<\/strong><\/td>\n<\/tr>\n<tr align=\"left\">\n<td valign=\"top\"><strong>Fibre de carbone<\/strong><\/td>\n<\/tr>\n<\/tbody>\n<\/table>\n<\/div>","protected":false},"excerpt":{"rendered":"<table>\n<thead>\n<tr>\n<th>article<\/th>\n<th>d\u00e9tails<\/th>\n<\/tr>\n<\/thead>\n<tbody>\n<tr>\n<td>secteurs d'activit\u00e9 concern\u00e9s<\/td>\n<td>H\u00f4tels, Usine de produits alimentaires et de boissons, Restaurant, Magasin de produits alimentaires, Magasins de produits alimentaires et de boissons<\/td>\n<\/tr>\n<tr>\n<td>lieu d'origine<\/td>\n<td>Guangdong, Chine<\/td>\n<\/tr>\n<tr>\n<td>nom de marque<\/td>\n<td>LvYuan\/OEM<\/td>\n<\/tr>\n<tr>\n<td>type de marketing<\/td>\n<td>Nouveau produit 2020<\/td>\n<\/tr>\n<tr>\n<td>inspection de sortie vid\u00e9o<\/td>\n<td>Fourni<\/td>\n<\/tr>\n<tr>\n<td>service apr\u00e8s-vente<\/td>\n<td>Assistance technique vid\u00e9o<\/td>\n<\/tr>\n<tr>\n<td>le service apr\u00e8s-vente est assur\u00e9<\/td>\n<td>Assistance technique vid\u00e9o<\/td>\n<\/tr>\n<tr>\n<td>lieu de service local<\/td>\n<td>aucun<\/td>\n<\/tr>\n<tr>\n<td>emplacement de la salle d'exposition<\/td>\n<td>aucun<\/td>\n<\/tr>\n<tr>\n<td>rapport d'essai des machines<\/td>\n<td>Non disponible<\/td>\n<\/tr>\n<tr>\n<td>garantie<\/td>\n<td>1 an<\/td>\n<\/tr>\n<tr>\n<td>garantie des composants de base<\/td>\n<td>1 an<\/td>\n<\/tr>\n<tr>\n<td>mat\u00e9riel<\/td>\n<td>carton ; Polypropyl\u00e8ne ou PVDF, PTFE, PES, N66<\/td>\n<\/tr>\n<tr>\n<td>surface<\/td>\n<td>Polypropyl\u00e8ne<\/td>\n<\/tr>\n<tr>\n<td>indice de micron<\/td>\n<td>0,1, 0,45, 0,5, 0,68, 0,8, 1, 2-60 \u00b5m<\/td>\n<\/tr>\n<tr>\n<td>taille<\/td>\n<td>carton normal 53\u00d732\u00d732 cm ; 5\u2033, 10\u2033, 20\u2033, 30\u2033, 40\u2033 ou personnalis\u00e9<\/td>\n<\/tr>\n<tr>\n<td>poids<\/td>\n<td>au cas par cas<\/td>\n<\/tr>\n<tr>\n<td>pouvoir<\/td>\n<td>NA<\/td>\n<\/tr>\n<tr>\n<td>couleur<\/td>\n<td>Blanc<\/td>\n<\/tr>\n<tr>\n<td>qualit\u00e9<\/td>\n<td>Excellent, qualit\u00e9 alimentaire<\/td>\n<\/tr>\n<tr>\n<td>diam\u00e8tre int\u00e9rieur<\/td>\n<td>32 mm, 35 mm<\/td>\n<\/tr>\n<tr>\n<td>diam\u00e8tre ext\u00e9rieur<\/td>\n<td>68mm, 70mm<\/td>\n<\/tr>\n<tr>\n<td>interface<\/td>\n<td>type plat, 215, 222, 226<\/td>\n<\/tr>\n<tr>\n<td>taille du noyau<\/td>\n<td>ou sans noyau<\/td>\n<\/tr>\n<tr>\n<td>composantes essentielles<\/td>\n<td>Partie \u00e9lectronique, le cas \u00e9ch\u00e9ant<\/td>\n<\/tr>\n<tr>\n<td>capacit\u00e9 d'approvisionnement<\/td>\n<td>5000 pi\u00e8ces par jour<\/td>\n<\/tr>\n<\/tbody>\n<\/table>","protected":false},"featured_media":1941,"comment_status":"open","ping_status":"closed","template":"","meta":{"_gspb_post_css":""},"product_brand":[],"product_cat":[17,23],"product_tag":[836,838,839,834,835,837],"class_list":{"0":"post-1926","1":"product","2":"type-product","3":"status-publish","4":"has-post-thumbnail","6":"product_cat-sediment-filter","7":"product_cat-pp-filter-cartridge","8":"product_tag-0-1-60-micron-filter","9":"product_tag-222-226-interface-cartridge","10":"product_tag-beverage-water-filtration","11":"product_tag-food-grade-filter-cartridge","12":"product_tag-membrane-filter-cartridge","13":"product_tag-pp-pvdf-ptfe-pes-n66","15":"first","16":"instock","17":"shipping-taxable","18":"product-type-simple"},"_links":{"self":[{"href":"https:\/\/lyfilter.com\/fr\/wp-json\/wp\/v2\/product\/1926","targetHints":{"allow":["GET"]}}],"collection":[{"href":"https:\/\/lyfilter.com\/fr\/wp-json\/wp\/v2\/product"}],"about":[{"href":"https:\/\/lyfilter.com\/fr\/wp-json\/wp\/v2\/types\/product"}],"replies":[{"embeddable":true,"href":"https:\/\/lyfilter.com\/fr\/wp-json\/wp\/v2\/comments?post=1926"}],"wp:featuredmedia":[{"embeddable":true,"href":"https:\/\/lyfilter.com\/fr\/wp-json\/wp\/v2\/media\/1941"}],"wp:attachment":[{"href":"https:\/\/lyfilter.com\/fr\/wp-json\/wp\/v2\/media?parent=1926"}],"wp:term":[{"taxonomy":"product_brand","embeddable":true,"href":"https:\/\/lyfilter.com\/fr\/wp-json\/wp\/v2\/product_brand?post=1926"},{"taxonomy":"product_cat","embeddable":true,"href":"https:\/\/lyfilter.com\/fr\/wp-json\/wp\/v2\/product_cat?post=1926"},{"taxonomy":"product_tag","embeddable":true,"href":"https:\/\/lyfilter.com\/fr\/wp-json\/wp\/v2\/product_tag?post=1926"}],"curies":[{"name":"wp","href":"https:\/\/api.w.org\/{rel}","templated":true}]}}