{"id":1920,"date":"2026-01-06T02:41:53","date_gmt":"2026-01-06T02:41:53","guid":{"rendered":"https:\/\/lyfilter.com\/?post_type=product&#038;p=1920"},"modified":"2026-01-06T02:41:53","modified_gmt":"2026-01-06T02:41:53","slug":"cheap-price-top-grade-5-micron-pp-filter-cartridge-for-ro-micro-filter","status":"publish","type":"product","link":"https:\/\/lyfilter.com\/fr\/cheap-price-top-grade-5-micron-pp-filter-cartridge-for-ro-micro-filter\/","title":{"rendered":"Cartouche de filtre pp 5 microns de qualit\u00e9 sup\u00e9rieure pour microfiltre RO"},"content":{"rendered":"<table>\n<thead>\n<tr>\n<th>article<\/th>\n<th>d\u00e9tails<\/th>\n<\/tr>\n<\/thead>\n<tbody>\n<tr>\n<td>nom du produit<\/td>\n<td>PP CTO UDF ro pi\u00e8ces de filtre \u00e0 eau<\/td>\n<\/tr>\n<tr>\n<td>nom de marque<\/td>\n<td>Lvyuan \/ OEM<\/td>\n<\/tr>\n<tr>\n<td>lieu d'origine<\/td>\n<td>Guangdong, Chine<\/td>\n<\/tr>\n<tr>\n<td>mat\u00e9riel<\/td>\n<td>carton<\/td>\n<\/tr>\n<tr>\n<td>m\u00e9dia filtrant<\/td>\n<td>Membrane en polypropyl\u00e8ne PP<\/td>\n<\/tr>\n<tr>\n<td>taux de micron<\/td>\n<td>1, 3, 5, 10 microns<\/td>\n<\/tr>\n<tr>\n<td>options de longueur<\/td>\n<td>5\u2033, 10\u2033, 20\u2033, 30\u2033, 40\u2033, 50\u2033<\/td>\n<\/tr>\n<tr>\n<td>options d'embouts<\/td>\n<td>DOE, 222+Fin, 222+Flat, 226+Fin, 226+Flat<\/td>\n<\/tr>\n<tr>\n<td>mat\u00e9riau du joint \/ joint torique<\/td>\n<td>Silicone \/ EPDM \/ Viton<\/td>\n<\/tr>\n<tr>\n<td>noyau interne<\/td>\n<td>PP ou aucun<\/td>\n<\/tr>\n<tr>\n<td>utilisation<\/td>\n<td>Filtre \u00e0 cartouche pour liquides<\/td>\n<\/tr>\n<tr>\n<td>application<\/td>\n<td>pi\u00e8ces pour filtres \u00e0 eau, osmose inverse<\/td>\n<\/tr>\n<tr>\n<td>certification<\/td>\n<td>CE, SGS<\/td>\n<\/tr>\n<tr>\n<td>taille<\/td>\n<td>d\u00e9pend<\/td>\n<\/tr>\n<tr>\n<td>poids<\/td>\n<td>d\u00e9pend<\/td>\n<\/tr>\n<tr>\n<td>pouvoir<\/td>\n<td>0<\/td>\n<\/tr>\n<tr>\n<td>garantie<\/td>\n<td>Indisponible<\/td>\n<\/tr>\n<tr>\n<td>le service apr\u00e8s-vente est assur\u00e9<\/td>\n<td>Soutien en ligne<\/td>\n<\/tr>\n<tr>\n<td>capacit\u00e9 d'approvisionnement<\/td>\n<td>5000 pi\u00e8ces par jour<\/td>\n<\/tr>\n<tr>\n<td>secteurs d'activit\u00e9 concern\u00e9s<\/td>\n<td>H\u00f4tels, magasins de v\u00eatements, magasins de mat\u00e9riaux de construction, usines de fabrication, ateliers de r\u00e9paration de machines, usines de produits alimentaires et de boissons, fermes, restaurants, usage domestique, commerce de d\u00e9tail, magasins d'alimentation, imprimeries, travaux de construction, \u00e9nergie et mines, magasins de produits alimentaires et de boissons, soci\u00e9t\u00e9s de publicit\u00e9.<\/td>\n<\/tr>\n<\/tbody>\n<\/table>","protected":false},"excerpt":{"rendered":"<p>item details product name PP CTO UDF ro water filter parts brand name Lvyuan \/ OEM place of origin Guangdong, China material carton filter media Polypropylene PP membrane micron rate 1, 3, 5, 10 micron length options 5&#8243;, 10&#8243;, 20&#8243;, 30&#8243;, 40&#8243;, 50&#8243; end cap options DOE, 222+Fin, 222+Flat, 226+Fin, 226+Flat gasket \/ o-ring material [&hellip;]<\/p>\n","protected":false},"featured_media":1928,"comment_status":"open","ping_status":"closed","template":"","meta":{"_gspb_post_css":""},"product_brand":[],"product_cat":[23,17],"product_tag":[831,819,683,830,826,829],"class_list":{"0":"post-1920","1":"product","2":"type-product","3":"status-publish","4":"has-post-thumbnail","6":"product_cat-pp-filter-cartridge","7":"product_cat-sediment-filter","8":"product_tag-1-10-micron-filter-cartridge","9":"product_tag-5-micron-pp-filter","10":"product_tag-doe-222-226-end-caps","11":"product_tag-pp-cto-udf-cartridge","12":"product_tag-ro-water-filter-parts","13":"product_tag-silicon-epdm-viton-o-rings","15":"first","16":"instock","17":"shipping-taxable","18":"product-type-simple"},"_links":{"self":[{"href":"https:\/\/lyfilter.com\/fr\/wp-json\/wp\/v2\/product\/1920","targetHints":{"allow":["GET"]}}],"collection":[{"href":"https:\/\/lyfilter.com\/fr\/wp-json\/wp\/v2\/product"}],"about":[{"href":"https:\/\/lyfilter.com\/fr\/wp-json\/wp\/v2\/types\/product"}],"replies":[{"embeddable":true,"href":"https:\/\/lyfilter.com\/fr\/wp-json\/wp\/v2\/comments?post=1920"}],"wp:featuredmedia":[{"embeddable":true,"href":"https:\/\/lyfilter.com\/fr\/wp-json\/wp\/v2\/media\/1928"}],"wp:attachment":[{"href":"https:\/\/lyfilter.com\/fr\/wp-json\/wp\/v2\/media?parent=1920"}],"wp:term":[{"taxonomy":"product_brand","embeddable":true,"href":"https:\/\/lyfilter.com\/fr\/wp-json\/wp\/v2\/product_brand?post=1920"},{"taxonomy":"product_cat","embeddable":true,"href":"https:\/\/lyfilter.com\/fr\/wp-json\/wp\/v2\/product_cat?post=1920"},{"taxonomy":"product_tag","embeddable":true,"href":"https:\/\/lyfilter.com\/fr\/wp-json\/wp\/v2\/product_tag?post=1920"}],"curies":[{"name":"wp","href":"https:\/\/api.w.org\/{rel}","templated":true}]}}