{"id":1906,"date":"2026-01-06T01:40:13","date_gmt":"2026-01-06T01:40:13","guid":{"rendered":"https:\/\/lyfilter.com\/?post_type=product&#038;p=1906"},"modified":"2026-01-06T01:40:13","modified_gmt":"2026-01-06T01:40:13","slug":"pp-spun-broad-groove-filter-cartridge-with-10-20-30-40-inch-element","status":"publish","type":"product","link":"https:\/\/lyfilter.com\/fr\/pp-spun-broad-groove-filter-cartridge-with-10-20-30-40-inch-element\/","title":{"rendered":"Cartouche filtrante \u00e0 larges rainures en PP fil\u00e9 avec \u00e9l\u00e9ment de 10 20 30 40 pouces"},"content":{"rendered":"<table>\n<thead>\n<tr>\n<th>article<\/th>\n<th>d\u00e9tails<\/th>\n<\/tr>\n<\/thead>\n<tbody>\n<tr>\n<td>nom du produit<\/td>\n<td>Cartouche filtrante en PP<\/td>\n<\/tr>\n<tr>\n<td>num\u00e9ro de mod\u00e8le<\/td>\n<td>S\u00e9rie LY-PPF<\/td>\n<\/tr>\n<tr>\n<td>nom de marque<\/td>\n<td>Lvyuan \/ OEM<\/td>\n<\/tr>\n<tr>\n<td>lieu d'origine<\/td>\n<td>Guangdong, Chine<\/td>\n<\/tr>\n<tr>\n<td>m\u00e9dia filtrant<\/td>\n<td>Membrane en polypropyl\u00e8ne PP<\/td>\n<\/tr>\n<tr>\n<td>taux de micron<\/td>\n<td>1, 3, 5, 10-100 microns<\/td>\n<\/tr>\n<tr>\n<td>options de longueur<\/td>\n<td>5\u2033, 10\u2033, 20\u2033, 30\u2033, 40\u2033, 50\u2033<\/td>\n<\/tr>\n<tr>\n<td>options d'embouts<\/td>\n<td>DOE, 222+Fin, 222+Flat, 226+Fin, 226+Flat<\/td>\n<\/tr>\n<tr>\n<td>diam\u00e8tre ext\u00e9rieur oem<\/td>\n<td>Option de 15 mm \u00e0 200 mm<\/td>\n<\/tr>\n<tr>\n<td>noyau interne<\/td>\n<td>PP ou aucun<\/td>\n<\/tr>\n<tr>\n<td>utilisation<\/td>\n<td>Filtre \u00e0 cartouche pour liquides<\/td>\n<\/tr>\n<tr>\n<td>application<\/td>\n<td>pi\u00e8ces pour filtres \u00e0 eau, osmose inverse<\/td>\n<\/tr>\n<tr>\n<td>certification<\/td>\n<td>CE, SGS<\/td>\n<\/tr>\n<tr>\n<td>capacit\u00e9 d'approvisionnement<\/td>\n<td>5000 pi\u00e8ces par jour<\/td>\n<\/tr>\n<tr>\n<td>note d'approvisionnement<\/td>\n<td>cartouche fil\u00e9e en pp<\/td>\n<\/tr>\n<\/tbody>\n<\/table>","protected":false},"excerpt":{"rendered":"<p>Cette cartouche fil\u00e9e en PP LY-PPF aide \u00e0 prot\u00e9ger votre syst\u00e8me d'OI en capturant les s\u00e9diments tels que la rouille, le sable et le limon. Choisissez le taux de micron, la longueur, le style de bouchon et le diam\u00e8tre ext\u00e9rieur qui conviennent \u00e0 votre bo\u00eetier, puis remplacez-la lorsque le d\u00e9bit commence \u00e0 diminuer.<\/p>","protected":false},"featured_media":1914,"comment_status":"open","ping_status":"closed","template":"","meta":{"_gspb_post_css":""},"product_brand":[],"product_cat":[23,17],"product_tag":[297,683,351,825,675,649],"class_list":{"0":"post-1906","1":"product","2":"type-product","3":"status-publish","4":"has-post-thumbnail","6":"product_cat-pp-filter-cartridge","7":"product_cat-sediment-filter","8":"product_tag-1-100-micron-cartridge","9":"product_tag-doe-222-226-end-caps","10":"product_tag-ly-ppf-series","11":"product_tag-oem-outer-diameter-15-200mm","12":"product_tag-pp-spun-filter-cartridge","13":"product_tag-reverse-osmosis-prefilter","15":"first","16":"instock","17":"shipping-taxable","18":"product-type-simple"},"_links":{"self":[{"href":"https:\/\/lyfilter.com\/fr\/wp-json\/wp\/v2\/product\/1906","targetHints":{"allow":["GET"]}}],"collection":[{"href":"https:\/\/lyfilter.com\/fr\/wp-json\/wp\/v2\/product"}],"about":[{"href":"https:\/\/lyfilter.com\/fr\/wp-json\/wp\/v2\/types\/product"}],"replies":[{"embeddable":true,"href":"https:\/\/lyfilter.com\/fr\/wp-json\/wp\/v2\/comments?post=1906"}],"wp:featuredmedia":[{"embeddable":true,"href":"https:\/\/lyfilter.com\/fr\/wp-json\/wp\/v2\/media\/1914"}],"wp:attachment":[{"href":"https:\/\/lyfilter.com\/fr\/wp-json\/wp\/v2\/media?parent=1906"}],"wp:term":[{"taxonomy":"product_brand","embeddable":true,"href":"https:\/\/lyfilter.com\/fr\/wp-json\/wp\/v2\/product_brand?post=1906"},{"taxonomy":"product_cat","embeddable":true,"href":"https:\/\/lyfilter.com\/fr\/wp-json\/wp\/v2\/product_cat?post=1906"},{"taxonomy":"product_tag","embeddable":true,"href":"https:\/\/lyfilter.com\/fr\/wp-json\/wp\/v2\/product_tag?post=1906"}],"curies":[{"name":"wp","href":"https:\/\/api.w.org\/{rel}","templated":true}]}}