{"id":1855,"date":"2026-01-05T10:15:34","date_gmt":"2026-01-05T10:15:34","guid":{"rendered":"https:\/\/lyfilter.com\/?post_type=product&#038;p=1855"},"modified":"2026-01-05T10:15:34","modified_gmt":"2026-01-05T10:15:34","slug":"alternative-mp-filtri-5-3-micron-polypropylene-depth-filter-cartridge-price-for-oil-paint-hydraulic-water-filtration","status":"publish","type":"product","link":"https:\/\/lyfilter.com\/fr\/alternative-mp-filtri-5-3-micron-polypropylene-depth-filter-cartridge-price-for-oil-paint-hydraulic-water-filtration\/","title":{"rendered":"Alternative mp filtri 5 3 micron Polypropylene depth filter cartridge price for oil paint hydraulic water filtration"},"content":{"rendered":"<table>\n<thead>\n<tr>\n<th>Objet<\/th>\n<th>D\u00e9tails<\/th>\n<\/tr>\n<\/thead>\n<tbody>\n<tr>\n<td>titre<\/td>\n<td>cartouche filtrante en profondeur en pp<\/td>\n<\/tr>\n<tr>\n<td>condition<\/td>\n<td>nouveau<\/td>\n<\/tr>\n<tr>\n<td>secteurs d'activit\u00e9 concern\u00e9s<\/td>\n<td>h\u00f4tels, magasins de v\u00eatements, magasins de mat\u00e9riaux de construction, usines de fabrication, ateliers de r\u00e9paration de machines, usines de produits alimentaires et de boissons, fermes, restaurants, usage domestique, commerce de d\u00e9tail, magasins d'alimentation, imprimeries, travaux de construction, \u00e9nergie et exploitation mini\u00e8re, magasins de produits alimentaires et de boissons, soci\u00e9t\u00e9s de publicit\u00e9<\/td>\n<\/tr>\n<tr>\n<td>lieu d'origine<\/td>\n<td>guangdong, chine<\/td>\n<\/tr>\n<tr>\n<td>nom de marque<\/td>\n<td>lvyuan \/ oem<\/td>\n<\/tr>\n<tr>\n<td>mat\u00e9riel<\/td>\n<td>polypropyl\u00e8ne<\/td>\n<\/tr>\n<tr>\n<td>poids<\/td>\n<td>d\u00e9pend<\/td>\n<\/tr>\n<tr>\n<td>taille<\/td>\n<td>standard ou personnalisation<\/td>\n<\/tr>\n<tr>\n<td>pouvoir<\/td>\n<td>0<\/td>\n<\/tr>\n<tr>\n<td>garantie<\/td>\n<td>indisponible<\/td>\n<\/tr>\n<tr>\n<td>nom du produit<\/td>\n<td>filtre de profondeur<\/td>\n<\/tr>\n<tr>\n<td>taux de micron<\/td>\n<td>Cartouche de filtres 1\/3\/5\/10\/25\/50\/75\/100 microns<\/td>\n<\/tr>\n<tr>\n<td>certification<\/td>\n<td>ce, sgs<\/td>\n<\/tr>\n<tr>\n<td>application<\/td>\n<td>pi\u00e8ces pour filtres \u00e0 eau, osmose inverse<\/td>\n<\/tr>\n<tr>\n<td>longueur<\/td>\n<td>5\u2033, 10\u2033, 20\u2033, 30\u2033, 40\u2033, 50\u2033 pouces<\/td>\n<\/tr>\n<tr>\n<td>m\u00e9dia filtrant<\/td>\n<td>polypropyl\u00e8ne (pp) fil\u00e9<\/td>\n<\/tr>\n<tr>\n<td>capuchon d'extr\u00e9mit\u00e9<\/td>\n<td>doe\/222fin\/226fin\/222flat\/226flat<\/td>\n<\/tr>\n<tr>\n<td>mat\u00e9riau du joint \/ du joint torique<\/td>\n<td>silicium\/epdm\/viton<\/td>\n<\/tr>\n<tr>\n<td>utilisation<\/td>\n<td>filtre \u00e0 cartouche pour liquides<\/td>\n<\/tr>\n<tr>\n<td>noyau interne<\/td>\n<td>pp, acier inoxydable, aucun<\/td>\n<\/tr>\n<tr>\n<td>le service apr\u00e8s-vente est assur\u00e9<\/td>\n<td>soutien en ligne<\/td>\n<\/tr>\n<tr>\n<td>capacit\u00e9 d'approvisionnement<\/td>\n<td>5000 pi\u00e8ces par jour (cartouche filtrante en polypropyl\u00e8ne)<\/td>\n<\/tr>\n<\/tbody>\n<\/table>","protected":false},"excerpt":{"rendered":"<p>Ce filtre en profondeur en PP fil\u00e9 aide \u00e0 retenir les s\u00e9diments et les particules fines afin que votre eau reste plus claire et que votre syst\u00e8me d'osmose inverse fonctionne plus facilement. Choisissez le taux de micron, la longueur, le style d'embout et le mat\u00e9riau d'\u00e9tanch\u00e9it\u00e9 qui conviennent \u00e0 votre installation. Il est certifi\u00e9 CE\/SGS et b\u00e9n\u00e9ficie d'une assistance en ligne.<\/p>","protected":false},"featured_media":1865,"comment_status":"open","ping_status":"closed","template":"","meta":{"_gspb_post_css":""},"product_brand":[],"product_cat":[23,17],"product_tag":[327,650,681,729,816,649],"class_list":{"0":"post-1855","1":"product","2":"type-product","3":"status-publish","4":"has-post-thumbnail","6":"product_cat-pp-filter-cartridge","7":"product_cat-sediment-filter","8":"product_tag-1-100-micron-filter","9":"product_tag-doe-222-226-end-cap","10":"product_tag-liquid-cartridge-filter","11":"product_tag-polypropylene-filter-cartridge","12":"product_tag-pp-spun-depth-filter","13":"product_tag-reverse-osmosis-prefilter","15":"first","16":"instock","17":"shipping-taxable","18":"product-type-simple"},"_links":{"self":[{"href":"https:\/\/lyfilter.com\/fr\/wp-json\/wp\/v2\/product\/1855","targetHints":{"allow":["GET"]}}],"collection":[{"href":"https:\/\/lyfilter.com\/fr\/wp-json\/wp\/v2\/product"}],"about":[{"href":"https:\/\/lyfilter.com\/fr\/wp-json\/wp\/v2\/types\/product"}],"replies":[{"embeddable":true,"href":"https:\/\/lyfilter.com\/fr\/wp-json\/wp\/v2\/comments?post=1855"}],"wp:featuredmedia":[{"embeddable":true,"href":"https:\/\/lyfilter.com\/fr\/wp-json\/wp\/v2\/media\/1865"}],"wp:attachment":[{"href":"https:\/\/lyfilter.com\/fr\/wp-json\/wp\/v2\/media?parent=1855"}],"wp:term":[{"taxonomy":"product_brand","embeddable":true,"href":"https:\/\/lyfilter.com\/fr\/wp-json\/wp\/v2\/product_brand?post=1855"},{"taxonomy":"product_cat","embeddable":true,"href":"https:\/\/lyfilter.com\/fr\/wp-json\/wp\/v2\/product_cat?post=1855"},{"taxonomy":"product_tag","embeddable":true,"href":"https:\/\/lyfilter.com\/fr\/wp-json\/wp\/v2\/product_tag?post=1855"}],"curies":[{"name":"wp","href":"https:\/\/api.w.org\/{rel}","templated":true}]}}