{"id":1848,"date":"2026-01-05T10:12:13","date_gmt":"2026-01-05T10:12:13","guid":{"rendered":"https:\/\/lyfilter.com\/?post_type=product&#038;p=1848"},"modified":"2026-01-05T10:12:13","modified_gmt":"2026-01-05T10:12:13","slug":"big-diameter-4-5x40-inch-water-filter-pleated-melt-blown-filter-cartridge-polypropylene-filter-with-plastic-connector-code","status":"publish","type":"product","link":"https:\/\/lyfilter.com\/fr\/big-diameter-4-5x40-inch-water-filter-pleated-melt-blown-filter-cartridge-polypropylene-filter-with-plastic-connector-code\/","title":{"rendered":"Filtre \u00e0 eau de grand diam\u00e8tre 4.5\u00d740 inch filtre pliss\u00e9\/cartouche de filtration souffl\u00e9e par fusion filtre en polypropyl\u00e8ne avec connecteur en plastique code"},"content":{"rendered":"<table>\n<thead>\n<tr>\n<th>Objet<\/th>\n<th>D\u00e9tails<\/th>\n<\/tr>\n<\/thead>\n<tbody>\n<tr>\n<td>titre<\/td>\n<td>filtre \u00e0 eau cartouche filtrante pliss\u00e9e\/souffl\u00e9e par fusion filtre en polypropyl\u00e8ne<\/td>\n<\/tr>\n<tr>\n<td>condition<\/td>\n<td>nouveau<\/td>\n<\/tr>\n<tr>\n<td>secteurs d'activit\u00e9 concern\u00e9s<\/td>\n<td>h\u00f4tels, magasins de v\u00eatements, magasins de mat\u00e9riaux de construction, usines de fabrication, ateliers de r\u00e9paration de machines, usines de produits alimentaires et de boissons, fermes, restaurants, usage domestique, commerce de d\u00e9tail, magasins d'alimentation, imprimeries, travaux de construction, \u00e9nergie et exploitation mini\u00e8re, magasins de produits alimentaires et de boissons, soci\u00e9t\u00e9s de publicit\u00e9<\/td>\n<\/tr>\n<tr>\n<td>lieu d'origine<\/td>\n<td>guangdong, chine<\/td>\n<\/tr>\n<tr>\n<td>nom de marque<\/td>\n<td>lvyuan\/oem<\/td>\n<\/tr>\n<tr>\n<td>mat\u00e9riel<\/td>\n<td>polypropyl\u00e8ne<\/td>\n<\/tr>\n<tr>\n<td>poids<\/td>\n<td>oem<\/td>\n<\/tr>\n<tr>\n<td>taille<\/td>\n<td>oem<\/td>\n<\/tr>\n<tr>\n<td>pouvoir<\/td>\n<td>0<\/td>\n<\/tr>\n<tr>\n<td>garantie<\/td>\n<td>indisponible<\/td>\n<\/tr>\n<tr>\n<td>nom du produit<\/td>\n<td>filtre \u00e0 eau cartouche filtrante pliss\u00e9e\/souffl\u00e9e par fusion filtre en polypropyl\u00e8ne<\/td>\n<\/tr>\n<tr>\n<td>type de filtre<\/td>\n<td>rainure, gaufrage, points, logo de l'entreprise<\/td>\n<\/tr>\n<tr>\n<td>diam\u00e8tre ext\u00e9rieur<\/td>\n<td>10-200 mm<\/td>\n<\/tr>\n<tr>\n<td>pr\u00e9cision<\/td>\n<td>1-100 micron<\/td>\n<\/tr>\n<tr>\n<td>diam\u00e8tre int\u00e9rieur<\/td>\n<td>oem<\/td>\n<\/tr>\n<tr>\n<td>adaptateur de filtre<\/td>\n<td>personnalis\u00e9<\/td>\n<\/tr>\n<tr>\n<td>temp\u00e9rature la plus \u00e9lev\u00e9e<\/td>\n<td>80\u2103<\/td>\n<\/tr>\n<tr>\n<td>perte de charge<\/td>\n<td>0,1 kgf\/c\u33a1<\/td>\n<\/tr>\n<tr>\n<td>le plus \u00e9lev\u00e9, confin\u00e9<\/td>\n<td>5 kgf\/c\u33a1<\/td>\n<\/tr>\n<tr>\n<td>chute de pression maximale<\/td>\n<td>3 kgf\/c\u33a1<\/td>\n<\/tr>\n<tr>\n<td>le service apr\u00e8s-vente est assur\u00e9<\/td>\n<td>soutien en ligne<\/td>\n<\/tr>\n<tr>\n<td>unit\u00e9s de vente<\/td>\n<td>article unique<\/td>\n<\/tr>\n<tr>\n<td>taille de l'emballage unique<\/td>\n<td>111 \u00d7 35 \u00d7 35 cm<\/td>\n<\/tr>\n<tr>\n<td>poids brut unique<\/td>\n<td>15.000 kg<\/td>\n<\/tr>\n<tr>\n<td>type de paquet<\/td>\n<td>cartouche filtrante en polypropyl\u00e8ne pliss\u00e9\/souffl\u00e9 de grand diam\u00e8tre 4,5 \u00d7 40 pouces avec connecteur en plastique ; emball\u00e9e dans un carton en papier pour l'exportation<\/td>\n<\/tr>\n<tr>\n<td>d\u00e9lai d'ex\u00e9cution (1-100 pcs)<\/td>\n<td>2 jours<\/td>\n<\/tr>\n<tr>\n<td>d\u00e9lai d'ex\u00e9cution (101-500 pcs)<\/td>\n<td>3 jours<\/td>\n<\/tr>\n<tr>\n<td>d\u00e9lai d'ex\u00e9cution (501-5000 pcs)<\/td>\n<td>7 jours<\/td>\n<\/tr>\n<tr>\n<td>d\u00e9lai d'ex\u00e9cution (&gt;5000 pcs)<\/td>\n<td>\u00e0 n\u00e9gocier<\/td>\n<\/tr>\n<\/tbody>\n<\/table>","protected":false},"excerpt":{"rendered":"<p>Cette cartouche filtrante en polypropyl\u00e8ne permet de r\u00e9duire les s\u00e9diments et les particules fines afin que votre eau reste plus propre et que votre \u00e9quipement fonctionne de mani\u00e8re plus fiable. Choisissez les styles pliss\u00e9 ou souffl\u00e9, s\u00e9lectionnez le taux de micron et personnalisez la taille, les adaptateurs et la marque pour correspondre \u00e0 votre installation. Le tout est emball\u00e9 pour l'exportation et b\u00e9n\u00e9ficie d'une assistance en ligne.<\/p>","protected":false},"featured_media":1856,"comment_status":"open","ping_status":"closed","template":"","meta":{"_gspb_post_css":""},"product_brand":[],"product_cat":[23,17],"product_tag":[327,815,746,722,814,729],"class_list":{"0":"post-1848","1":"product","2":"type-product","3":"status-publish","4":"has-post-thumbnail","6":"product_cat-pp-filter-cartridge","7":"product_cat-sediment-filter","8":"product_tag-1-100-micron-filter","9":"product_tag-custom-adaptor-cartridge","10":"product_tag-melt-blown-filter-cartridge","11":"product_tag-oem-water-filter","12":"product_tag-pleated-water-filter-cartridge","13":"product_tag-polypropylene-filter-cartridge","15":"first","16":"instock","17":"shipping-taxable","18":"product-type-simple"},"_links":{"self":[{"href":"https:\/\/lyfilter.com\/fr\/wp-json\/wp\/v2\/product\/1848","targetHints":{"allow":["GET"]}}],"collection":[{"href":"https:\/\/lyfilter.com\/fr\/wp-json\/wp\/v2\/product"}],"about":[{"href":"https:\/\/lyfilter.com\/fr\/wp-json\/wp\/v2\/types\/product"}],"replies":[{"embeddable":true,"href":"https:\/\/lyfilter.com\/fr\/wp-json\/wp\/v2\/comments?post=1848"}],"wp:featuredmedia":[{"embeddable":true,"href":"https:\/\/lyfilter.com\/fr\/wp-json\/wp\/v2\/media\/1856"}],"wp:attachment":[{"href":"https:\/\/lyfilter.com\/fr\/wp-json\/wp\/v2\/media?parent=1848"}],"wp:term":[{"taxonomy":"product_brand","embeddable":true,"href":"https:\/\/lyfilter.com\/fr\/wp-json\/wp\/v2\/product_brand?post=1848"},{"taxonomy":"product_cat","embeddable":true,"href":"https:\/\/lyfilter.com\/fr\/wp-json\/wp\/v2\/product_cat?post=1848"},{"taxonomy":"product_tag","embeddable":true,"href":"https:\/\/lyfilter.com\/fr\/wp-json\/wp\/v2\/product_tag?post=1848"}],"curies":[{"name":"wp","href":"https:\/\/api.w.org\/{rel}","templated":true}]}}