{"id":1834,"date":"2026-01-05T09:55:47","date_gmt":"2026-01-05T09:55:47","guid":{"rendered":"https:\/\/lyfilter.com\/?post_type=product&#038;p=1834"},"modified":"2026-05-08T01:16:51","modified_gmt":"2026-05-08T01:16:51","slug":"5-micron-filter-20-inch-sediment-melt-blown-pp-filter-cartridge-for-water-filter-system","status":"publish","type":"product","link":"https:\/\/lyfilter.com\/fr\/5-micron-filter-20-inch-sediment-melt-blown-pp-filter-cartridge-for-water-filter-system\/","title":{"rendered":"5 Micron Filter 20 Inch Sediment Melt Blown PP Filter Cartridge for Water Filter System"},"content":{"rendered":"<table>\n<thead>\n<tr>\n<th>Objet<\/th>\n<th>D\u00e9tails<\/th>\n<\/tr>\n<\/thead>\n<tbody>\n<tr>\n<td>titre<\/td>\n<td>cartouche filtrante pour le traitement de l'eau en pp<\/td>\n<\/tr>\n<tr>\n<td>condition<\/td>\n<td>nouveau<\/td>\n<\/tr>\n<tr>\n<td>secteurs d'activit\u00e9 concern\u00e9s<\/td>\n<td>usine de fabrication, usine de produits alimentaires et de boissons, usage domestique, traitement de l'eau<\/td>\n<\/tr>\n<tr>\n<td>service apr\u00e8s-vente<\/td>\n<td>soutien en ligne<\/td>\n<\/tr>\n<tr>\n<td>lieu de service local<\/td>\n<td>aucun<\/td>\n<\/tr>\n<tr>\n<td>emplacement de la salle d'exposition<\/td>\n<td>aucun<\/td>\n<\/tr>\n<tr>\n<td>lieu d'origine<\/td>\n<td>guangdong, chine<\/td>\n<\/tr>\n<tr>\n<td>nom de marque<\/td>\n<td>lvyuan, oem, odm<\/td>\n<\/tr>\n<tr>\n<td>mat\u00e9riel<\/td>\n<td>pp<\/td>\n<\/tr>\n<tr>\n<td>mati\u00e8re premi\u00e8re<\/td>\n<td>pp fibre<\/td>\n<\/tr>\n<tr>\n<td>poids<\/td>\n<td>personnalis\u00e9<\/td>\n<\/tr>\n<tr>\n<td>taille<\/td>\n<td>personnalis\u00e9, mince, jumbo<\/td>\n<\/tr>\n<tr>\n<td>pouvoir<\/td>\n<td>0<\/td>\n<\/tr>\n<tr>\n<td>garantie<\/td>\n<td>indisponible<\/td>\n<\/tr>\n<tr>\n<td>caract\u00e9ristique<\/td>\n<td>taille et logo personnalis\u00e9s acier en acier<\/td>\n<\/tr>\n<tr>\n<td>certification<\/td>\n<td>sgs<\/td>\n<\/tr>\n<tr>\n<td>forme<\/td>\n<td>cylindre<\/td>\n<\/tr>\n<tr>\n<td>utilisation<\/td>\n<td>traitement de l'eau<\/td>\n<\/tr>\n<tr>\n<td>application<\/td>\n<td>l'industrie<\/td>\n<\/tr>\n<tr>\n<td>couleur<\/td>\n<td>blanc<\/td>\n<\/tr>\n<tr>\n<td>apparence<\/td>\n<td>gaufr\u00e9, brillant, etc.<\/td>\n<\/tr>\n<tr>\n<td>emballage<\/td>\n<td>bo\u00eete en papier<\/td>\n<\/tr>\n<tr>\n<td>capacit\u00e9 d'approvisionnement<\/td>\n<td>5000 pi\u00e8ces\/pi\u00e8ces par semaine<\/td>\n<\/tr>\n<\/tbody>\n<\/table>","protected":false},"excerpt":{"rendered":"<p>Cette cartouche filtrante en PP permet de garder l'eau plus propre pour un usage quotidien et un traitement industriel. Choisissez des tailles fines ou g\u00e9antes, personnalisez le poids et la finition, et ajoutez votre logo pour une image de marque coh\u00e9rente. Elle est certifi\u00e9e SGS et exp\u00e9di\u00e9e dans un emballage protecteur en carton avec une assistance en ligne.<\/p>","protected":false},"featured_media":1849,"comment_status":"open","ping_status":"closed","template":"","meta":{"_gspb_post_css":""},"product_brand":[],"product_cat":[23,17],"product_tag":[812,320,632,302,813,340],"class_list":{"0":"post-1834","1":"product","2":"type-product","3":"status-publish","4":"has-post-thumbnail","6":"product_cat-pp-filter-cartridge","7":"product_cat-sediment-filter","8":"product_tag-custom-size-filter","9":"product_tag-pp-fiber-filter","10":"product_tag-pp-water-filter-cartridge","11":"product_tag-sgs-certified-filter","12":"product_tag-slim-jumbo-cartridge","13":"product_tag-water-treatment-filter","15":"first","16":"instock","17":"shipping-taxable","18":"product-type-simple"},"_links":{"self":[{"href":"https:\/\/lyfilter.com\/fr\/wp-json\/wp\/v2\/product\/1834","targetHints":{"allow":["GET"]}}],"collection":[{"href":"https:\/\/lyfilter.com\/fr\/wp-json\/wp\/v2\/product"}],"about":[{"href":"https:\/\/lyfilter.com\/fr\/wp-json\/wp\/v2\/types\/product"}],"replies":[{"embeddable":true,"href":"https:\/\/lyfilter.com\/fr\/wp-json\/wp\/v2\/comments?post=1834"}],"wp:featuredmedia":[{"embeddable":true,"href":"https:\/\/lyfilter.com\/fr\/wp-json\/wp\/v2\/media\/1849"}],"wp:attachment":[{"href":"https:\/\/lyfilter.com\/fr\/wp-json\/wp\/v2\/media?parent=1834"}],"wp:term":[{"taxonomy":"product_brand","embeddable":true,"href":"https:\/\/lyfilter.com\/fr\/wp-json\/wp\/v2\/product_brand?post=1834"},{"taxonomy":"product_cat","embeddable":true,"href":"https:\/\/lyfilter.com\/fr\/wp-json\/wp\/v2\/product_cat?post=1834"},{"taxonomy":"product_tag","embeddable":true,"href":"https:\/\/lyfilter.com\/fr\/wp-json\/wp\/v2\/product_tag?post=1834"}],"curies":[{"name":"wp","href":"https:\/\/api.w.org\/{rel}","templated":true}]}}