{"id":1827,"date":"2026-01-05T09:47:57","date_gmt":"2026-01-05T09:47:57","guid":{"rendered":"https:\/\/lyfilter.com\/?post_type=product&#038;p=1827"},"modified":"2026-01-05T09:49:31","modified_gmt":"2026-01-05T09:49:31","slug":"oemjumbo-size-meltblown-filter5-micron-pp-sediment-filters-cartridge","status":"publish","type":"product","link":"https:\/\/lyfilter.com\/fr\/oemjumbo-size-meltblown-filter5-micron-pp-sediment-filters-cartridge\/","title":{"rendered":"OEMfiltre souffl\u00e9 par fusion de taille g\u00e9ante cartouche de filtre \u00e0 s\u00e9diments en pp de 5 microns"},"content":{"rendered":"<table>\n<thead>\n<tr>\n<th>Objet<\/th>\n<th>D\u00e9tails<\/th>\n<\/tr>\n<\/thead>\n<tbody>\n<tr>\n<td>titre<\/td>\n<td>cartouche de filtres \u00e0 s\u00e9diments pp<\/td>\n<\/tr>\n<tr>\n<td>condition<\/td>\n<td>nouveau<\/td>\n<\/tr>\n<tr>\n<td>secteurs d'activit\u00e9 concern\u00e9s<\/td>\n<td>h\u00f4tels, magasins de v\u00eatements, magasins de mat\u00e9riaux de construction, usines de fabrication, ateliers de r\u00e9paration de machines, usines de produits alimentaires et de boissons, fermes, restaurants, usage domestique, commerce de d\u00e9tail, magasins d'alimentation, imprimeries, travaux de construction, \u00e9nergie et exploitation mini\u00e8re, magasins de produits alimentaires et de boissons, soci\u00e9t\u00e9s de publicit\u00e9<\/td>\n<\/tr>\n<tr>\n<td>service apr\u00e8s-vente<\/td>\n<td>soutien en ligne<\/td>\n<\/tr>\n<tr>\n<td>lieu de service local<\/td>\n<td>aucun<\/td>\n<\/tr>\n<tr>\n<td>emplacement de la salle d'exposition<\/td>\n<td>aucun<\/td>\n<\/tr>\n<tr>\n<td>inspection de sortie vid\u00e9o<\/td>\n<td>pr\u00e9vu<\/td>\n<\/tr>\n<tr>\n<td>rapport d'essai des machines<\/td>\n<td>pr\u00e9vu<\/td>\n<\/tr>\n<tr>\n<td>type de marketing<\/td>\n<td>produit ordinaire<\/td>\n<\/tr>\n<tr>\n<td>garantie des composants de base<\/td>\n<td>1 an<\/td>\n<\/tr>\n<tr>\n<td>composantes essentielles<\/td>\n<td>r\u00e9cipient sous pression<\/td>\n<\/tr>\n<tr>\n<td>lieu d'origine<\/td>\n<td>guangdong, chine<\/td>\n<\/tr>\n<tr>\n<td>nom de marque<\/td>\n<td>lvyuan\/oem<\/td>\n<\/tr>\n<tr>\n<td>garantie<\/td>\n<td>1 an<\/td>\n<\/tr>\n<tr>\n<td>le service apr\u00e8s-vente est assur\u00e9<\/td>\n<td>soutien en ligne<\/td>\n<\/tr>\n<tr>\n<td>nom du produit<\/td>\n<td>cartouche de filtres \u00e0 s\u00e9diments pp<\/td>\n<\/tr>\n<tr>\n<td>type de filtre<\/td>\n<td>rainure, gaufrage, points, logo de l'entreprise<\/td>\n<\/tr>\n<tr>\n<td>diam\u00e8tre ext\u00e9rieur<\/td>\n<td>10-200 mm<\/td>\n<\/tr>\n<tr>\n<td>pr\u00e9cision<\/td>\n<td>1-100 micron<\/td>\n<\/tr>\n<tr>\n<td>diam\u00e8tre int\u00e9rieur<\/td>\n<td>oem<\/td>\n<\/tr>\n<tr>\n<td>adaptateur de filtre<\/td>\n<td>personnalis\u00e9<\/td>\n<\/tr>\n<tr>\n<td>temp\u00e9rature la plus \u00e9lev\u00e9e<\/td>\n<td>80\u2103<\/td>\n<\/tr>\n<tr>\n<td>perte de charge<\/td>\n<td>0,1 kgf\/c\u33a1<\/td>\n<\/tr>\n<tr>\n<td>le plus \u00e9lev\u00e9, confin\u00e9<\/td>\n<td>5 kgf\/c\u33a1<\/td>\n<\/tr>\n<tr>\n<td>chute de pression maximale<\/td>\n<td>3 kgf\/c\u33a1<\/td>\n<\/tr>\n<\/tbody>\n<\/table>","protected":false},"excerpt":{"rendered":"<p>Cette cartouche de filtre \u00e0 s\u00e9diments en PP permet de retenir le sable, la rouille et les particules fines afin que votre eau reste plus propre et que votre \u00e9quipement fonctionne plus facilement. Choisissez le taux de micron et la taille qui conviennent \u00e0 votre installation, avec un marquage OEM et des adaptateurs personnalis\u00e9s disponibles. Une assistance en ligne et une garantie d'un an sont incluses.<\/p>","protected":false},"featured_media":1842,"comment_status":"open","ping_status":"closed","template":"","meta":{"_gspb_post_css":""},"product_brand":[],"product_cat":[23,17],"product_tag":[327,811,810,669,808,357],"class_list":{"0":"post-1827","1":"product","2":"type-product","3":"status-publish","4":"has-post-thumbnail","6":"product_cat-pp-filter-cartridge","7":"product_cat-sediment-filter","8":"product_tag-1-100-micron-filter","9":"product_tag-industrial-sediment-filter","10":"product_tag-oem-filter-cartridge","11":"product_tag-pp-sediment-filter-cartridge","12":"product_tag-spun-pp-filter","13":"product_tag-water-filter-cartridge","15":"first","16":"instock","17":"shipping-taxable","18":"product-type-simple"},"_links":{"self":[{"href":"https:\/\/lyfilter.com\/fr\/wp-json\/wp\/v2\/product\/1827","targetHints":{"allow":["GET"]}}],"collection":[{"href":"https:\/\/lyfilter.com\/fr\/wp-json\/wp\/v2\/product"}],"about":[{"href":"https:\/\/lyfilter.com\/fr\/wp-json\/wp\/v2\/types\/product"}],"replies":[{"embeddable":true,"href":"https:\/\/lyfilter.com\/fr\/wp-json\/wp\/v2\/comments?post=1827"}],"wp:featuredmedia":[{"embeddable":true,"href":"https:\/\/lyfilter.com\/fr\/wp-json\/wp\/v2\/media\/1842"}],"wp:attachment":[{"href":"https:\/\/lyfilter.com\/fr\/wp-json\/wp\/v2\/media?parent=1827"}],"wp:term":[{"taxonomy":"product_brand","embeddable":true,"href":"https:\/\/lyfilter.com\/fr\/wp-json\/wp\/v2\/product_brand?post=1827"},{"taxonomy":"product_cat","embeddable":true,"href":"https:\/\/lyfilter.com\/fr\/wp-json\/wp\/v2\/product_cat?post=1827"},{"taxonomy":"product_tag","embeddable":true,"href":"https:\/\/lyfilter.com\/fr\/wp-json\/wp\/v2\/product_tag?post=1827"}],"curies":[{"name":"wp","href":"https:\/\/api.w.org\/{rel}","templated":true}]}}