{"id":1825,"date":"2026-01-05T09:45:20","date_gmt":"2026-01-05T09:45:20","guid":{"rendered":"https:\/\/lyfilter.com\/?post_type=product&#038;p=1825"},"modified":"2026-01-05T09:45:20","modified_gmt":"2026-01-05T09:45:20","slug":"industrial-ppf-water-cartridge-filter-big-blue-5-micronspolypropylene-spun-filter","status":"publish","type":"product","link":"https:\/\/lyfilter.com\/fr\/industrial-ppf-water-cartridge-filter-big-blue-5-micronspolypropylene-spun-filter\/","title":{"rendered":"Filtre industriel \u00e0 cartouche PPF pour l'eau grand bleu 5 micronspolypropyl\u00e8ne fil\u00e9"},"content":{"rendered":"<table>\n<thead>\n<tr>\n<th>Objet<\/th>\n<th>D\u00e9tails<\/th>\n<\/tr>\n<\/thead>\n<tbody>\n<tr>\n<td>condition<\/td>\n<td>nouveau<\/td>\n<\/tr>\n<tr>\n<td>secteurs d'activit\u00e9 concern\u00e9s<\/td>\n<td>h\u00f4tels, magasins de v\u00eatements, magasins de mat\u00e9riaux de construction, usines de fabrication, ateliers de r\u00e9paration de machines, usines de produits alimentaires et de boissons, fermes, restaurants, usage domestique, commerce de d\u00e9tail, magasins d'alimentation, imprimeries, travaux de construction, \u00e9nergie et exploitation mini\u00e8re, magasins de produits alimentaires et de boissons, soci\u00e9t\u00e9s de publicit\u00e9<\/td>\n<\/tr>\n<tr>\n<td>service apr\u00e8s-vente<\/td>\n<td>soutien en ligne<\/td>\n<\/tr>\n<tr>\n<td>lieu de service local<\/td>\n<td>aucun<\/td>\n<\/tr>\n<tr>\n<td>emplacement de la salle d'exposition<\/td>\n<td>aucun<\/td>\n<\/tr>\n<tr>\n<td>inspection de sortie vid\u00e9o<\/td>\n<td>pr\u00e9vu<\/td>\n<\/tr>\n<tr>\n<td>rapport d'essai des machines<\/td>\n<td>pr\u00e9vu<\/td>\n<\/tr>\n<tr>\n<td>type de marketing<\/td>\n<td>produit ordinaire<\/td>\n<\/tr>\n<tr>\n<td>garantie des composants de base<\/td>\n<td>1 an<\/td>\n<\/tr>\n<tr>\n<td>composantes essentielles<\/td>\n<td>r\u00e9cipient sous pression<\/td>\n<\/tr>\n<tr>\n<td>lieu d'origine<\/td>\n<td>guangdong, chine<\/td>\n<\/tr>\n<tr>\n<td>nom de marque<\/td>\n<td>lvyuan\/oem<\/td>\n<\/tr>\n<tr>\n<td>garantie<\/td>\n<td>1 an<\/td>\n<\/tr>\n<tr>\n<td>le service apr\u00e8s-vente est assur\u00e9<\/td>\n<td>soutien en ligne<\/td>\n<\/tr>\n<tr>\n<td>nom du produit<\/td>\n<td>filtre pp fil\u00e9<\/td>\n<\/tr>\n<tr>\n<td>type de filtre<\/td>\n<td>rainure, gaufrage, points, logo de l'entreprise<\/td>\n<\/tr>\n<tr>\n<td>diam\u00e8tre ext\u00e9rieur<\/td>\n<td>10-200 mm<\/td>\n<\/tr>\n<tr>\n<td>pr\u00e9cision<\/td>\n<td>1-100 micron<\/td>\n<\/tr>\n<tr>\n<td>diam\u00e8tre int\u00e9rieur<\/td>\n<td>oem<\/td>\n<\/tr>\n<tr>\n<td>adaptateur de filtre<\/td>\n<td>type plat, type 222, type 226, type 215<\/td>\n<\/tr>\n<tr>\n<td>temp\u00e9rature la plus \u00e9lev\u00e9e<\/td>\n<td>80\u2103<\/td>\n<\/tr>\n<tr>\n<td>perte de charge<\/td>\n<td>0,1 kgf\/c\u33a1<\/td>\n<\/tr>\n<tr>\n<td>le plus \u00e9lev\u00e9, confin\u00e9<\/td>\n<td>5 kgf\/c\u33a1<\/td>\n<\/tr>\n<tr>\n<td>chute de pression maximale<\/td>\n<td>3 kgf\/c\u33a1<\/td>\n<\/tr>\n<\/tbody>\n<\/table>","protected":false},"excerpt":{"rendered":"<p>Ce filtre en PP fil\u00e9 permet de retenir les s\u00e9diments et les particules fines afin que l'eau ou le processus reste plus propre et plus stable. Choisissez le taux de micron, la taille et l'adaptateur dont vous avez besoin, avec des options OEM pour le marquage. Vous b\u00e9n\u00e9ficierez \u00e9galement d'une assistance en ligne et d'une garantie d'un an pour votre tranquillit\u00e9 d'esprit.<\/p>","protected":false},"featured_media":1828,"comment_status":"open","ping_status":"closed","template":"","meta":{"_gspb_post_css":""},"product_brand":[],"product_cat":[23,17],"product_tag":[327,809,334,810,662,808],"class_list":{"0":"post-1825","1":"product","2":"type-product","3":"status-publish","4":"has-post-thumbnail","6":"product_cat-pp-filter-cartridge","7":"product_cat-sediment-filter","8":"product_tag-1-100-micron-filter","9":"product_tag-cartridge-filter","10":"product_tag-industrial-water-filter","11":"product_tag-oem-filter-cartridge","12":"product_tag-pp-sediment-filter","13":"product_tag-spun-pp-filter","15":"first","16":"instock","17":"shipping-taxable","18":"product-type-simple"},"_links":{"self":[{"href":"https:\/\/lyfilter.com\/fr\/wp-json\/wp\/v2\/product\/1825","targetHints":{"allow":["GET"]}}],"collection":[{"href":"https:\/\/lyfilter.com\/fr\/wp-json\/wp\/v2\/product"}],"about":[{"href":"https:\/\/lyfilter.com\/fr\/wp-json\/wp\/v2\/types\/product"}],"replies":[{"embeddable":true,"href":"https:\/\/lyfilter.com\/fr\/wp-json\/wp\/v2\/comments?post=1825"}],"wp:featuredmedia":[{"embeddable":true,"href":"https:\/\/lyfilter.com\/fr\/wp-json\/wp\/v2\/media\/1828"}],"wp:attachment":[{"href":"https:\/\/lyfilter.com\/fr\/wp-json\/wp\/v2\/media?parent=1825"}],"wp:term":[{"taxonomy":"product_brand","embeddable":true,"href":"https:\/\/lyfilter.com\/fr\/wp-json\/wp\/v2\/product_brand?post=1825"},{"taxonomy":"product_cat","embeddable":true,"href":"https:\/\/lyfilter.com\/fr\/wp-json\/wp\/v2\/product_cat?post=1825"},{"taxonomy":"product_tag","embeddable":true,"href":"https:\/\/lyfilter.com\/fr\/wp-json\/wp\/v2\/product_tag?post=1825"}],"curies":[{"name":"wp","href":"https:\/\/api.w.org\/{rel}","templated":true}]}}