{"id":1749,"date":"2026-01-05T08:53:47","date_gmt":"2026-01-05T08:53:47","guid":{"rendered":"https:\/\/lyfilter.com\/?post_type=product&#038;p=1749"},"modified":"2026-01-05T08:53:47","modified_gmt":"2026-01-05T08:53:47","slug":"industrial-liquid-pre-filtration-system-5-microns-water-sediment-cartridge-filter-with-pp-plastic-stainless-steel-core","status":"publish","type":"product","link":"https:\/\/lyfilter.com\/fr\/industrial-liquid-pre-filtration-system-5-microns-water-sediment-cartridge-filter-with-pp-plastic-stainless-steel-core\/","title":{"rendered":"Syst\u00e8me de pr\u00e9-filtration des liquides industriels Filtre \u00e0 cartouche pour s\u00e9diments d'eau de 5 microns avec noyau en plastique PP\/acier inoxydable"},"content":{"rendered":"<table>\n<thead>\n<tr>\n<th>Objet<\/th>\n<th>D\u00e9tails<\/th>\n<\/tr>\n<\/thead>\n<tbody>\n<tr>\n<td>secteurs d'activit\u00e9 concern\u00e9s<\/td>\n<td>Usine de fabrication d'aliments et de boissons ; Fermes ; Restaurant ; Usage domestique ; Magasins d'aliments et de boissons<\/td>\n<\/tr>\n<tr>\n<td>lieu d'origine<\/td>\n<td>Guangdong, Chine<\/td>\n<\/tr>\n<tr>\n<td>nom de marque<\/td>\n<td>LVYUAN\/OEM<\/td>\n<\/tr>\n<tr>\n<td>mat\u00e9riel<\/td>\n<td>Polypropyl\u00e8ne<\/td>\n<\/tr>\n<tr>\n<td>poids<\/td>\n<td>OEM<\/td>\n<\/tr>\n<tr>\n<td>taille<\/td>\n<td>OEM<\/td>\n<\/tr>\n<tr>\n<td>pouvoir<\/td>\n<td>0<\/td>\n<\/tr>\n<tr>\n<td>garantie<\/td>\n<td>Indisponible<\/td>\n<\/tr>\n<tr>\n<td>nom du produit<\/td>\n<td>Jumbo s\u00e9diment PP filtre blanc cartouche de filtre \u00e0 eau en polypropyl\u00e8ne<\/td>\n<\/tr>\n<tr>\n<td>type de filtre<\/td>\n<td>Rainure ; Gaufrage ; Points ; logo de l'entreprise<\/td>\n<\/tr>\n<tr>\n<td>diam\u00e8tre ext\u00e9rieur<\/td>\n<td>10-200 mm<\/td>\n<\/tr>\n<tr>\n<td>pr\u00e9cision<\/td>\n<td>1-100 micron<\/td>\n<\/tr>\n<tr>\n<td>diam\u00e8tre int\u00e9rieur<\/td>\n<td>OEM<\/td>\n<\/tr>\n<tr>\n<td>adaptateur de filtre<\/td>\n<td>Type plat ; Type 222 ; Type 226 ; Type 215<\/td>\n<\/tr>\n<tr>\n<td>temp\u00e9rature la plus \u00e9lev\u00e9e<\/td>\n<td>80\u2103<\/td>\n<\/tr>\n<tr>\n<td>perte de charge<\/td>\n<td>0,1 kgf\/c\u33a1<\/td>\n<\/tr>\n<tr>\n<td>le plus \u00e9lev\u00e9, confin\u00e9<\/td>\n<td>5 kgf\/c\u33a1<\/td>\n<\/tr>\n<tr>\n<td>chute de pression maximale<\/td>\n<td>3 kgf\/c\u33a1<\/td>\n<\/tr>\n<tr>\n<td>le service apr\u00e8s-vente est assur\u00e9<\/td>\n<td>Soutien en ligne<\/td>\n<\/tr>\n<tr>\n<td>unit\u00e9s de vente<\/td>\n<td>Article unique<\/td>\n<\/tr>\n<tr>\n<td>taille de l'emballage unique<\/td>\n<td>53 \u00d7 33 \u00d7 33 cm<\/td>\n<\/tr>\n<tr>\n<td>poids brut unique<\/td>\n<td>9.000 kg<\/td>\n<\/tr>\n<tr>\n<td>type de paquet<\/td>\n<td>Emball\u00e9 dans un carton en papier (syst\u00e8me de pr\u00e9-filtration des liquides industriels ; filtre \u00e0 cartouche de s\u00e9dimentation de l'eau de 5 microns avec noyau en plastique PP\/acier inoxydable)<\/td>\n<\/tr>\n<tr>\n<td>d\u00e9lai d'ex\u00e9cution (1-100 pcs)<\/td>\n<td>3 jours<\/td>\n<\/tr>\n<tr>\n<td>d\u00e9lai d'ex\u00e9cution (101-500 pcs)<\/td>\n<td>5 jours<\/td>\n<\/tr>\n<tr>\n<td>d\u00e9lai d'ex\u00e9cution (501-5000 pcs)<\/td>\n<td>10 jours<\/td>\n<\/tr>\n<tr>\n<td>d\u00e9lai d'ex\u00e9cution (&gt;5000 pcs)<\/td>\n<td>A n\u00e9gocier<\/td>\n<\/tr>\n<\/tbody>\n<\/table>","protected":false},"excerpt":{"rendered":"<p>Cette cartouche de s\u00e9diments jumbo en PP permet de r\u00e9duire les particules avant l'\u00e9tape de filtration principale, afin de garder l'eau plus propre dans les cuisines, les fermes et les syst\u00e8mes liquides. Choisissez l'adaptateur qui convient.<\/p>","protected":false},"featured_media":1750,"comment_status":"open","ping_status":"closed","template":"","meta":{"_gspb_post_css":""},"product_brand":[],"product_cat":[23,17],"product_tag":[791,790,789,792,632,754],"class_list":{"0":"post-1749","1":"product","2":"type-product","3":"status-publish","4":"has-post-thumbnail","6":"product_cat-pp-filter-cartridge","7":"product_cat-sediment-filter","8":"product_tag-5-micron-sediment-cartridge","9":"product_tag-industrial-pre-filtration-cartridge","10":"product_tag-jumbo-pp-sediment-cartridge","11":"product_tag-polypropylene-jumbo-filter","12":"product_tag-pp-water-filter-cartridge","13":"product_tag-water-filter-adaptor-222-226","15":"first","16":"instock","17":"shipping-taxable","18":"product-type-simple"},"_links":{"self":[{"href":"https:\/\/lyfilter.com\/fr\/wp-json\/wp\/v2\/product\/1749","targetHints":{"allow":["GET"]}}],"collection":[{"href":"https:\/\/lyfilter.com\/fr\/wp-json\/wp\/v2\/product"}],"about":[{"href":"https:\/\/lyfilter.com\/fr\/wp-json\/wp\/v2\/types\/product"}],"replies":[{"embeddable":true,"href":"https:\/\/lyfilter.com\/fr\/wp-json\/wp\/v2\/comments?post=1749"}],"wp:featuredmedia":[{"embeddable":true,"href":"https:\/\/lyfilter.com\/fr\/wp-json\/wp\/v2\/media\/1750"}],"wp:attachment":[{"href":"https:\/\/lyfilter.com\/fr\/wp-json\/wp\/v2\/media?parent=1749"}],"wp:term":[{"taxonomy":"product_brand","embeddable":true,"href":"https:\/\/lyfilter.com\/fr\/wp-json\/wp\/v2\/product_brand?post=1749"},{"taxonomy":"product_cat","embeddable":true,"href":"https:\/\/lyfilter.com\/fr\/wp-json\/wp\/v2\/product_cat?post=1749"},{"taxonomy":"product_tag","embeddable":true,"href":"https:\/\/lyfilter.com\/fr\/wp-json\/wp\/v2\/product_tag?post=1749"}],"curies":[{"name":"wp","href":"https:\/\/api.w.org\/{rel}","templated":true}]}}