{"id":1710,"date":"2026-01-05T08:28:37","date_gmt":"2026-01-05T08:28:37","guid":{"rendered":"https:\/\/lyfilter.com\/?post_type=product&#038;p=1710"},"modified":"2026-01-05T08:28:37","modified_gmt":"2026-01-05T08:28:37","slug":"2-5-x-10-20-30-40-inches-5-micron-pp-melt-blown-cartridges-for-sediment-filter-sales","status":"publish","type":"product","link":"https:\/\/lyfilter.com\/fr\/2-5-x-10-20-30-40-inches-5-micron-pp-melt-blown-cartridges-for-sediment-filter-sales\/","title":{"rendered":"2.5 x 10\/20\/30\/40 inches 5 micron PP Melt Blown cartridges for sediment filter sales"},"content":{"rendered":"<table>\n<thead>\n<tr>\n<th>Objet<\/th>\n<th>D\u00e9tails<\/th>\n<\/tr>\n<\/thead>\n<tbody>\n<tr>\n<td>condition<\/td>\n<td>Nouveau<\/td>\n<\/tr>\n<tr>\n<td>secteurs d'activit\u00e9 concern\u00e9s<\/td>\n<td>H\u00f4tels ; magasins de v\u00eatements ; magasins de mat\u00e9riaux de construction ; usines de fabrication ; ateliers de r\u00e9paration de machines ; usines de produits alimentaires et de boissons ; fermes ; restaurants ; usage domestique ; commerce de d\u00e9tail ; magasins d'alimentation ; imprimeries ; travaux de construction ; \u00e9nergie et mines ; magasins de produits alimentaires et de boissons ; soci\u00e9t\u00e9s de publicit\u00e9.<\/td>\n<\/tr>\n<tr>\n<td>service apr\u00e8s-vente<\/td>\n<td>Soutien en ligne<\/td>\n<\/tr>\n<tr>\n<td>lieu de service local<\/td>\n<td>aucun<\/td>\n<\/tr>\n<tr>\n<td>emplacement de la salle d'exposition<\/td>\n<td>aucun<\/td>\n<\/tr>\n<tr>\n<td>lieu d'origine<\/td>\n<td>Guangdong, Chine<\/td>\n<\/tr>\n<tr>\n<td>nom de marque<\/td>\n<td>Lvyuan \/ OEM<\/td>\n<\/tr>\n<tr>\n<td>mat\u00e9riel<\/td>\n<td>carton<\/td>\n<\/tr>\n<tr>\n<td>poids<\/td>\n<td>d\u00e9pend<\/td>\n<\/tr>\n<tr>\n<td>taille<\/td>\n<td>en tant que demande<\/td>\n<\/tr>\n<tr>\n<td>pouvoir<\/td>\n<td>0<\/td>\n<\/tr>\n<tr>\n<td>garantie<\/td>\n<td>Indisponible<\/td>\n<\/tr>\n<tr>\n<td>nom du produit<\/td>\n<td>Cartouches PP Melt Blown<\/td>\n<\/tr>\n<tr>\n<td>taux de micron<\/td>\n<td>Cartouche de filtres de 1, 3, 5, 10 microns<\/td>\n<\/tr>\n<tr>\n<td>certification<\/td>\n<td>CE, SGS<\/td>\n<\/tr>\n<tr>\n<td>application<\/td>\n<td>Pi\u00e8ces pour filtres \u00e0 eau ; Osmose inverse<\/td>\n<\/tr>\n<tr>\n<td>longueur<\/td>\n<td>5\u2033, 10\u2033, 20\u2033, 30\u2033, 40\u2033, 50\u2033 pouces<\/td>\n<\/tr>\n<tr>\n<td>m\u00e9dia filtrant<\/td>\n<td>Membrane en polypropyl\u00e8ne (PP)<\/td>\n<\/tr>\n<tr>\n<td>capuchon d'extr\u00e9mit\u00e9<\/td>\n<td>DOE ; 222+Fin ; 222+Flat ; 226+Fin ; 226+Flat<\/td>\n<\/tr>\n<tr>\n<td>mat\u00e9riau du joint\/de l'anneau<\/td>\n<td>Silicone \/ EPDM \/ Viton<\/td>\n<\/tr>\n<tr>\n<td>utilisation<\/td>\n<td>Filtre \u00e0 cartouche pour liquides<\/td>\n<\/tr>\n<tr>\n<td>noyau interne<\/td>\n<td>PP ou Aucun<\/td>\n<\/tr>\n<tr>\n<td>capacit\u00e9 d'approvisionnement<\/td>\n<td>5000 Pi\u00e8ces\/Pi\u00e8ces par Jour (Cartouches souffl\u00e9es par fusion en PP de 5 microns)<\/td>\n<\/tr>\n<\/tbody>\n<\/table>","protected":false},"excerpt":{"rendered":"<p>Ces cartouches souffl\u00e9es par fusion en PP aident \u00e0 r\u00e9duire les s\u00e9diments pour un d\u00e9bit d'eau plus r\u00e9gulier dans les bo\u00eetiers RO et les bo\u00eetiers de filtration. Choisissez la taille, l'embout et le joint qui correspondent \u00e0 votre installation.<\/p>","protected":false},"featured_media":1718,"comment_status":"open","ping_status":"closed","template":"","meta":{"_gspb_post_css":""},"product_brand":[],"product_cat":[17,23],"product_tag":[786,650,681,785,669,649],"class_list":{"0":"post-1710","1":"product","2":"type-product","3":"status-publish","4":"has-post-thumbnail","6":"product_cat-sediment-filter","7":"product_cat-pp-filter-cartridge","8":"product_tag-5-micron-pp-cartridge","9":"product_tag-doe-222-226-end-cap","10":"product_tag-liquid-cartridge-filter","11":"product_tag-pp-melt-blown-cartridges","12":"product_tag-pp-sediment-filter-cartridge","13":"product_tag-reverse-osmosis-prefilter","15":"first","16":"instock","17":"shipping-taxable","18":"product-type-simple"},"_links":{"self":[{"href":"https:\/\/lyfilter.com\/fr\/wp-json\/wp\/v2\/product\/1710","targetHints":{"allow":["GET"]}}],"collection":[{"href":"https:\/\/lyfilter.com\/fr\/wp-json\/wp\/v2\/product"}],"about":[{"href":"https:\/\/lyfilter.com\/fr\/wp-json\/wp\/v2\/types\/product"}],"replies":[{"embeddable":true,"href":"https:\/\/lyfilter.com\/fr\/wp-json\/wp\/v2\/comments?post=1710"}],"wp:featuredmedia":[{"embeddable":true,"href":"https:\/\/lyfilter.com\/fr\/wp-json\/wp\/v2\/media\/1718"}],"wp:attachment":[{"href":"https:\/\/lyfilter.com\/fr\/wp-json\/wp\/v2\/media?parent=1710"}],"wp:term":[{"taxonomy":"product_brand","embeddable":true,"href":"https:\/\/lyfilter.com\/fr\/wp-json\/wp\/v2\/product_brand?post=1710"},{"taxonomy":"product_cat","embeddable":true,"href":"https:\/\/lyfilter.com\/fr\/wp-json\/wp\/v2\/product_cat?post=1710"},{"taxonomy":"product_tag","embeddable":true,"href":"https:\/\/lyfilter.com\/fr\/wp-json\/wp\/v2\/product_tag?post=1710"}],"curies":[{"name":"wp","href":"https:\/\/api.w.org\/{rel}","templated":true}]}}