{"id":1661,"date":"2026-01-05T07:50:13","date_gmt":"2026-01-05T07:50:13","guid":{"rendered":"https:\/\/lyfilter.com\/?post_type=product&#038;p=1661"},"modified":"2026-04-16T06:48:19","modified_gmt":"2026-04-16T06:48:19","slug":"wrinkle-hard-orange-peel-surface-pp-water-polypropylene-melt-blown-dept-filter-cartridge-from-guangzhou-suppliers","status":"publish","type":"product","link":"https:\/\/lyfilter.com\/fr\/wrinkle-hard-orange-peel-surface-pp-water-polypropylene-melt-blown-dept-filter-cartridge-from-guangzhou-suppliers\/","title":{"rendered":"Cartouche filtrante pour eau en polypropyl\u00e8ne souffl\u00e9 par fusion de Guangzhou"},"content":{"rendered":"<table>\n<thead>\n<tr>\n<th>Objet<\/th>\n<th>D\u00e9tails<\/th>\n<\/tr>\n<\/thead>\n<tbody>\n<tr>\n<td>condition<\/td>\n<td>Nouveau<\/td>\n<\/tr>\n<tr>\n<td>secteurs d'activit\u00e9 concern\u00e9s<\/td>\n<td>H\u00f4tels ; magasins de v\u00eatements ; magasins de mat\u00e9riaux de construction ; usines de fabrication ; ateliers de r\u00e9paration de machines ; usines de produits alimentaires et de boissons ; fermes ; restaurants ; usage domestique ; commerce de d\u00e9tail ; magasins d'alimentation ; imprimeries ; travaux de construction ; \u00e9nergie et mines ; magasins de produits alimentaires et de boissons ; soci\u00e9t\u00e9s de publicit\u00e9.<\/td>\n<\/tr>\n<tr>\n<td>service apr\u00e8s-vente<\/td>\n<td>Soutien en ligne<\/td>\n<\/tr>\n<tr>\n<td>lieu de service local<\/td>\n<td>aucun<\/td>\n<\/tr>\n<tr>\n<td>emplacement de la salle d'exposition<\/td>\n<td>aucun<\/td>\n<\/tr>\n<tr>\n<td>lieu d'origine<\/td>\n<td>Guangdong, Chine<\/td>\n<\/tr>\n<tr>\n<td>nom de marque<\/td>\n<td>Lvyuan \/ OEM<\/td>\n<\/tr>\n<tr>\n<td>mat\u00e9riel<\/td>\n<td>carton<\/td>\n<\/tr>\n<tr>\n<td>poids<\/td>\n<td>d\u00e9pend<\/td>\n<\/tr>\n<tr>\n<td>taille<\/td>\n<td>d\u00e9pend<\/td>\n<\/tr>\n<tr>\n<td>pouvoir<\/td>\n<td>0<\/td>\n<\/tr>\n<tr>\n<td>garantie<\/td>\n<td>Indisponible<\/td>\n<\/tr>\n<tr>\n<td>nom du produit<\/td>\n<td>Filtre \u00e0 eau en pp avec \u00e9corce d'orange<\/td>\n<\/tr>\n<tr>\n<td>taux de micron<\/td>\n<td>Cartouche de filtres 1, 3, 5, 10-100 microns<\/td>\n<\/tr>\n<tr>\n<td>certification<\/td>\n<td>CE, SGS<\/td>\n<\/tr>\n<tr>\n<td>application<\/td>\n<td>pi\u00e8ces pour filtres \u00e0 eau, osmose inverse<\/td>\n<\/tr>\n<tr>\n<td>longueur<\/td>\n<td>5\u2033, 10\u2033, 20\u2033, 30\u2033, 40\u2033, 50\u2033 pouces<\/td>\n<\/tr>\n<tr>\n<td>m\u00e9dia filtrant<\/td>\n<td>Membrane en polypropyl\u00e8ne (PP)<\/td>\n<\/tr>\n<tr>\n<td>capuchon d'extr\u00e9mit\u00e9<\/td>\n<td>DOE ; 222+Fin ; 222+Flat ; 226+Fin ; 226+Flat<\/td>\n<\/tr>\n<tr>\n<td>diam\u00e8tre ext\u00e9rieur oem<\/td>\n<td>Option de 15 mm \u00e0 200 mm<\/td>\n<\/tr>\n<tr>\n<td>utilisation<\/td>\n<td>Filtre \u00e0 cartouche pour liquides<\/td>\n<\/tr>\n<tr>\n<td>noyau interne<\/td>\n<td>PP ou Aucun<\/td>\n<\/tr>\n<tr>\n<td>capacit\u00e9 d'approvisionnement<\/td>\n<td>5000 Pi\u00e8ces\/Pi\u00e8ces par Jour (filtre souffl\u00e9 par fusion)<\/td>\n<\/tr>\n<\/tbody>\n<\/table>","protected":false},"excerpt":{"rendered":"<p>Ce filtre \u00e0 eau en PP \u00e0 peau d'orange aide \u00e0 capturer les s\u00e9diments et les particules fines pour une eau plus propre dans les syst\u00e8mes d'osmose inverse et de filtration. Choisissez le taux de micron, la longueur et l'embout qui correspondent \u00e0 votre bo\u00eetier.<\/p>","protected":false},"featured_media":1669,"comment_status":"open","ping_status":"closed","template":"","meta":{"_gspb_post_css":""},"product_brand":[],"product_cat":[23,17],"product_tag":[327,681,737,766,632,649],"class_list":{"0":"post-1661","1":"product","2":"type-product","3":"status-publish","4":"has-post-thumbnail","6":"product_cat-pp-filter-cartridge","7":"product_cat-sediment-filter","8":"product_tag-1-100-micron-filter","9":"product_tag-liquid-cartridge-filter","10":"product_tag-melt-blown-pp-cartridge","11":"product_tag-orange-peel-pp-water-filter","12":"product_tag-pp-water-filter-cartridge","13":"product_tag-reverse-osmosis-prefilter","15":"first","16":"instock","17":"shipping-taxable","18":"product-type-simple"},"_links":{"self":[{"href":"https:\/\/lyfilter.com\/fr\/wp-json\/wp\/v2\/product\/1661","targetHints":{"allow":["GET"]}}],"collection":[{"href":"https:\/\/lyfilter.com\/fr\/wp-json\/wp\/v2\/product"}],"about":[{"href":"https:\/\/lyfilter.com\/fr\/wp-json\/wp\/v2\/types\/product"}],"replies":[{"embeddable":true,"href":"https:\/\/lyfilter.com\/fr\/wp-json\/wp\/v2\/comments?post=1661"}],"wp:featuredmedia":[{"embeddable":true,"href":"https:\/\/lyfilter.com\/fr\/wp-json\/wp\/v2\/media\/1669"}],"wp:attachment":[{"href":"https:\/\/lyfilter.com\/fr\/wp-json\/wp\/v2\/media?parent=1661"}],"wp:term":[{"taxonomy":"product_brand","embeddable":true,"href":"https:\/\/lyfilter.com\/fr\/wp-json\/wp\/v2\/product_brand?post=1661"},{"taxonomy":"product_cat","embeddable":true,"href":"https:\/\/lyfilter.com\/fr\/wp-json\/wp\/v2\/product_cat?post=1661"},{"taxonomy":"product_tag","embeddable":true,"href":"https:\/\/lyfilter.com\/fr\/wp-json\/wp\/v2\/product_tag?post=1661"}],"curies":[{"name":"wp","href":"https:\/\/api.w.org\/{rel}","templated":true}]}}