{"id":1654,"date":"2026-01-05T07:46:02","date_gmt":"2026-01-05T07:46:02","guid":{"rendered":"https:\/\/lyfilter.com\/?post_type=product&#038;p=1654"},"modified":"2026-01-05T07:46:02","modified_gmt":"2026-01-05T07:46:02","slug":"good-discount-price10-20-inch-5-micron-pp-melt-blown-water-cartridge-for-removal-sediment-water-filtration","status":"publish","type":"product","link":"https:\/\/lyfilter.com\/fr\/good-discount-price10-20-inch-5-micron-pp-melt-blown-water-cartridge-for-removal-sediment-water-filtration\/","title":{"rendered":"Cartouche de filtration de l'eau par fusion en PP de 5 microns pour l'\u00e9limination des s\u00e9diments."},"content":{"rendered":"<table>\n<thead>\n<tr>\n<th>Objet<\/th>\n<th>D\u00e9tails<\/th>\n<\/tr>\n<\/thead>\n<tbody>\n<tr>\n<td>lieu d'origine<\/td>\n<td>Guangdong, Chine<\/td>\n<\/tr>\n<tr>\n<td>nom de marque<\/td>\n<td>Lvyuan ou OEM<\/td>\n<\/tr>\n<tr>\n<td>num\u00e9ro de mod\u00e8le<\/td>\n<td>LY-PP<\/td>\n<\/tr>\n<tr>\n<td>puissance (w)<\/td>\n<td>0<\/td>\n<\/tr>\n<tr>\n<td>tension (v)<\/td>\n<td>0<\/td>\n<\/tr>\n<tr>\n<td>type<\/td>\n<td>Osmose inverse<\/td>\n<\/tr>\n<tr>\n<td>certification<\/td>\n<td>ce ; SGS<\/td>\n<\/tr>\n<tr>\n<td>utiliser<\/td>\n<td>Pr\u00e9filtration domestique<\/td>\n<\/tr>\n<tr>\n<td>forme<\/td>\n<td>cylindre<\/td>\n<\/tr>\n<tr>\n<td>couleur<\/td>\n<td>blanc<\/td>\n<\/tr>\n<tr>\n<td>emballage<\/td>\n<td>bo\u00eete en papier<\/td>\n<\/tr>\n<tr>\n<td>mati\u00e8re premi\u00e8re<\/td>\n<td>pp fibre<\/td>\n<\/tr>\n<tr>\n<td>apparence<\/td>\n<td>gaufr\u00e9 ; brillant ; etc<\/td>\n<\/tr>\n<tr>\n<td>taux de micron<\/td>\n<td>5-10 microns<\/td>\n<\/tr>\n<tr>\n<td>longueur<\/td>\n<td>10\u2033 \/ 20\u2033 \/ 30\u2033 \/ 40\u2033<\/td>\n<\/tr>\n<tr>\n<td>m\u00e9dia filtrant<\/td>\n<td>PP<\/td>\n<\/tr>\n<tr>\n<td>certificat<\/td>\n<td>ISO9001 \/ SGS<\/td>\n<\/tr>\n<tr>\n<td>nom<\/td>\n<td>Cartouche d'eau en PP<\/td>\n<\/tr>\n<tr>\n<td>capacit\u00e9 d'approvisionnement<\/td>\n<td>5000 pi\u00e8ces par semaine<\/td>\n<\/tr>\n<\/tbody>\n<\/table>","protected":false},"excerpt":{"rendered":"<p>Cette cartouche d'eau en PP est con\u00e7ue pour la pr\u00e9filtration domestique afin de retenir les s\u00e9diments avant qu'ils n'atteignent votre syst\u00e8me d'osmose inverse. Choisissez la longueur et le taux de micron qui conviennent \u00e0 votre logement.<\/p>","protected":false},"featured_media":1667,"comment_status":"open","ping_status":"closed","template":"","meta":{"_gspb_post_css":""},"product_brand":[],"product_cat":[23,17],"product_tag":[765,764,762,638,761,763],"class_list":{"0":"post-1654","1":"product","2":"type-product","3":"status-publish","4":"has-post-thumbnail","6":"product_cat-pp-filter-cartridge","7":"product_cat-sediment-filter","8":"product_tag-10-20-30-40-inch-cartridge","9":"product_tag-5-10-micron-pp-filter","10":"product_tag-household-prefilter-cartridge","11":"product_tag-pp-fiber-filter-cartridge","12":"product_tag-pp-water-cartridge","13":"product_tag-reverse-osmosis-pre-filtration","15":"first","16":"instock","17":"shipping-taxable","18":"product-type-simple"},"_links":{"self":[{"href":"https:\/\/lyfilter.com\/fr\/wp-json\/wp\/v2\/product\/1654","targetHints":{"allow":["GET"]}}],"collection":[{"href":"https:\/\/lyfilter.com\/fr\/wp-json\/wp\/v2\/product"}],"about":[{"href":"https:\/\/lyfilter.com\/fr\/wp-json\/wp\/v2\/types\/product"}],"replies":[{"embeddable":true,"href":"https:\/\/lyfilter.com\/fr\/wp-json\/wp\/v2\/comments?post=1654"}],"wp:featuredmedia":[{"embeddable":true,"href":"https:\/\/lyfilter.com\/fr\/wp-json\/wp\/v2\/media\/1667"}],"wp:attachment":[{"href":"https:\/\/lyfilter.com\/fr\/wp-json\/wp\/v2\/media?parent=1654"}],"wp:term":[{"taxonomy":"product_brand","embeddable":true,"href":"https:\/\/lyfilter.com\/fr\/wp-json\/wp\/v2\/product_brand?post=1654"},{"taxonomy":"product_cat","embeddable":true,"href":"https:\/\/lyfilter.com\/fr\/wp-json\/wp\/v2\/product_cat?post=1654"},{"taxonomy":"product_tag","embeddable":true,"href":"https:\/\/lyfilter.com\/fr\/wp-json\/wp\/v2\/product_tag?post=1654"}],"curies":[{"name":"wp","href":"https:\/\/api.w.org\/{rel}","templated":true}]}}