{"id":1607,"date":"2026-01-05T07:17:38","date_gmt":"2026-01-05T07:17:38","guid":{"rendered":"https:\/\/lyfilter.com\/?post_type=product&#038;p=1607"},"modified":"2026-01-05T07:17:38","modified_gmt":"2026-01-05T07:17:38","slug":"the-sediment-cartridge-filterprices-with-10-20-30-40-inch-for-domestic-water-filters","status":"publish","type":"product","link":"https:\/\/lyfilter.com\/fr\/the-sediment-cartridge-filterprices-with-10-20-30-40-inch-for-domestic-water-filters\/","title":{"rendered":"Le filtre \u00e0 cartouche s\u00e9dimentaire prix avec 10 20 30 40 pouces pour les filtres \u00e0 eau domestiques"},"content":{"rendered":"<table>\n<thead>\n<tr>\n<th>Objet<\/th>\n<th>D\u00e9tails<\/th>\n<\/tr>\n<\/thead>\n<tbody>\n<tr>\n<td>secteurs d'activit\u00e9 concern\u00e9s<\/td>\n<td>Usine de fabrication ; usine de produits alimentaires et de boissons ; usage domestique ; traitement de l'eau<\/td>\n<\/tr>\n<tr>\n<td>lieu d'origine<\/td>\n<td>Guangdong, Chine<\/td>\n<\/tr>\n<tr>\n<td>nom de marque<\/td>\n<td>Lvyuan ; OEM ; ODM<\/td>\n<\/tr>\n<tr>\n<td>mat\u00e9riel<\/td>\n<td>pp<\/td>\n<\/tr>\n<tr>\n<td>poids<\/td>\n<td>personnalis\u00e9<\/td>\n<\/tr>\n<tr>\n<td>taille<\/td>\n<td>personnalis\u00e9 ; mince ; jumbo<\/td>\n<\/tr>\n<tr>\n<td>pouvoir<\/td>\n<td>0<\/td>\n<\/tr>\n<tr>\n<td>garantie<\/td>\n<td>Indisponible<\/td>\n<\/tr>\n<tr>\n<td>caract\u00e9ristique<\/td>\n<td>taille et logo personnalis\u00e9s ; acier en acier<\/td>\n<\/tr>\n<tr>\n<td>certification<\/td>\n<td>SGS<\/td>\n<\/tr>\n<tr>\n<td>forme<\/td>\n<td>cylindre<\/td>\n<\/tr>\n<tr>\n<td>utilisation<\/td>\n<td>traitement de l'eau<\/td>\n<\/tr>\n<tr>\n<td>application<\/td>\n<td>l'industrie<\/td>\n<\/tr>\n<tr>\n<td>couleur<\/td>\n<td>blanc<\/td>\n<\/tr>\n<tr>\n<td>emballage<\/td>\n<td>bo\u00eete en papier<\/td>\n<\/tr>\n<tr>\n<td>mati\u00e8re premi\u00e8re<\/td>\n<td>pp fibre<\/td>\n<\/tr>\n<tr>\n<td>apparence<\/td>\n<td>gaufr\u00e9 ; brillant ; etc<\/td>\n<\/tr>\n<tr>\n<td>le service apr\u00e8s-vente est assur\u00e9<\/td>\n<td>Soutien en ligne<\/td>\n<\/tr>\n<tr>\n<td>capacit\u00e9 d'approvisionnement<\/td>\n<td>5000 pi\u00e8ces par semaine<\/td>\n<\/tr>\n<\/tbody>\n<\/table>","protected":false},"excerpt":{"rendered":"<p>Cet \u00e9l\u00e9ment filtrant cylindrique en PP r\u00e9pond aux besoins quotidiens de traitement de l'eau dans les usines et les syst\u00e8mes domestiques. Vous pouvez personnaliser la taille, la finition et la marque pour un ajustement plus facile et une utilisation coh\u00e9rente.<\/p>","protected":false},"featured_media":1615,"comment_status":"open","ping_status":"closed","template":"","meta":{"_gspb_post_css":""},"product_brand":[],"product_cat":[23,17],"product_tag":[749,750,636,747,668,748],"class_list":{"0":"post-1607","1":"product","2":"type-product","3":"status-publish","4":"has-post-thumbnail","6":"product_cat-pp-filter-cartridge","7":"product_cat-sediment-filter","8":"product_tag-custom-pp-filter-element","9":"product_tag-embossed-pp-filter","10":"product_tag-industrial-water-treatment","11":"product_tag-pp-cylinder-filter-element","12":"product_tag-slim-jumbo-filter","13":"product_tag-water-treatment-filter-element","15":"first","16":"instock","17":"shipping-taxable","18":"product-type-simple"},"_links":{"self":[{"href":"https:\/\/lyfilter.com\/fr\/wp-json\/wp\/v2\/product\/1607","targetHints":{"allow":["GET"]}}],"collection":[{"href":"https:\/\/lyfilter.com\/fr\/wp-json\/wp\/v2\/product"}],"about":[{"href":"https:\/\/lyfilter.com\/fr\/wp-json\/wp\/v2\/types\/product"}],"replies":[{"embeddable":true,"href":"https:\/\/lyfilter.com\/fr\/wp-json\/wp\/v2\/comments?post=1607"}],"wp:featuredmedia":[{"embeddable":true,"href":"https:\/\/lyfilter.com\/fr\/wp-json\/wp\/v2\/media\/1615"}],"wp:attachment":[{"href":"https:\/\/lyfilter.com\/fr\/wp-json\/wp\/v2\/media?parent=1607"}],"wp:term":[{"taxonomy":"product_brand","embeddable":true,"href":"https:\/\/lyfilter.com\/fr\/wp-json\/wp\/v2\/product_brand?post=1607"},{"taxonomy":"product_cat","embeddable":true,"href":"https:\/\/lyfilter.com\/fr\/wp-json\/wp\/v2\/product_cat?post=1607"},{"taxonomy":"product_tag","embeddable":true,"href":"https:\/\/lyfilter.com\/fr\/wp-json\/wp\/v2\/product_tag?post=1607"}],"curies":[{"name":"wp","href":"https:\/\/api.w.org\/{rel}","templated":true}]}}