{"id":1588,"date":"2026-01-05T07:15:05","date_gmt":"2026-01-05T07:15:05","guid":{"rendered":"https:\/\/lyfilter.com\/?post_type=product&#038;p=1588"},"modified":"2026-04-23T21:09:01","modified_gmt":"2026-04-23T21:09:01","slug":"large-diameter-152mm-high-flow-polypropylene-melt-blown-coreless-filter-cartridge-for-liquid-treatment-pre-filtration","status":"publish","type":"product","link":"https:\/\/lyfilter.com\/fr\/large-diameter-152mm-high-flow-polypropylene-melt-blown-coreless-filter-cartridge-for-liquid-treatment-pre-filtration\/","title":{"rendered":"Cartouche filtrante de grand diam\u00e8tre 152mm en polypropyl\u00e8ne souffl\u00e9 par fusion sans noyau pour le traitement des liquides Pr\u00e9filtration"},"content":{"rendered":"<table>\n<thead>\n<tr>\n<th>Objet<\/th>\n<th>D\u00e9tails<\/th>\n<\/tr>\n<\/thead>\n<tbody>\n<tr>\n<td>condition<\/td>\n<td>Nouveau<\/td>\n<\/tr>\n<tr>\n<td>secteurs d'activit\u00e9 concern\u00e9s<\/td>\n<td>H\u00f4tels ; magasins de v\u00eatements ; magasins de mat\u00e9riaux de construction ; usines de fabrication ; ateliers de r\u00e9paration de machines ; usines de produits alimentaires et de boissons ; fermes ; restaurants ; usage domestique ; commerce de d\u00e9tail ; magasins d'alimentation ; imprimeries ; travaux de construction ; \u00e9nergie et mines ; magasins de produits alimentaires et de boissons ; soci\u00e9t\u00e9s de publicit\u00e9.<\/td>\n<\/tr>\n<tr>\n<td>lieu d'origine<\/td>\n<td>Guangdong, Chine<\/td>\n<\/tr>\n<tr>\n<td>nom de marque<\/td>\n<td>Lvyuan \/ OEM<\/td>\n<\/tr>\n<tr>\n<td>mat\u00e9riel<\/td>\n<td>polypropyl\u00e8ne<\/td>\n<\/tr>\n<tr>\n<td>poids<\/td>\n<td>d\u00e9pend<\/td>\n<\/tr>\n<tr>\n<td>taille<\/td>\n<td>standard ou personnalisation<\/td>\n<\/tr>\n<tr>\n<td>pouvoir<\/td>\n<td>0<\/td>\n<\/tr>\n<tr>\n<td>garantie<\/td>\n<td>Indisponible<\/td>\n<\/tr>\n<tr>\n<td>nom du produit<\/td>\n<td>Cartouche filtrante sans noyau<\/td>\n<\/tr>\n<tr>\n<td>taux de micron<\/td>\n<td>Cartouche de filtres 1\/3\/5\/10\/25\/50\/75\/100 microns<\/td>\n<\/tr>\n<tr>\n<td>certification<\/td>\n<td>CE, SGS<\/td>\n<\/tr>\n<tr>\n<td>application<\/td>\n<td>pi\u00e8ces pour filtres \u00e0 eau, osmose inverse<\/td>\n<\/tr>\n<tr>\n<td>longueur<\/td>\n<td>5\u2033, 10\u2033, 20\u2033, 30\u2033, 40\u2033, 50\u2033 pouces<\/td>\n<\/tr>\n<tr>\n<td>m\u00e9dia filtrant<\/td>\n<td>Polypropyl\u00e8ne (PP) fil\u00e9<\/td>\n<\/tr>\n<tr>\n<td>capuchon d'extr\u00e9mit\u00e9<\/td>\n<td>DOE \/ 222Fin \/ 226Fin \/ 222Flat \/ 226Flat<\/td>\n<\/tr>\n<tr>\n<td>mat\u00e9riau du joint\/de l'anneau<\/td>\n<td>Silicone \/ EPDM \/ Viton<\/td>\n<\/tr>\n<tr>\n<td>utilisation<\/td>\n<td>Filtre \u00e0 cartouche pour liquides<\/td>\n<\/tr>\n<tr>\n<td>noyau interne<\/td>\n<td>PP ; acier inoxydable ; aucun<\/td>\n<\/tr>\n<tr>\n<td>le service apr\u00e8s-vente est assur\u00e9<\/td>\n<td>Soutien en ligne<\/td>\n<\/tr>\n<tr>\n<td>capacit\u00e9 d'approvisionnement<\/td>\n<td>5000 Pi\u00e8ces\/Pi\u00e8ces par Jour (Cartouche filtrante souffl\u00e9e par fusion)<\/td>\n<\/tr>\n<\/tbody>\n<\/table>","protected":false},"excerpt":{"rendered":"<p>Cette cartouche filtrante sans noyau aide \u00e0 capturer les s\u00e9diments et les particules fines pour une eau plus propre dans les syst\u00e8mes d'osmose inverse et de filtration. Choisissez la taille et les raccords qui conviennent \u00e0 votre logement.<\/p>","protected":false},"featured_media":1608,"comment_status":"open","ping_status":"closed","template":"","meta":{"_gspb_post_css":""},"product_brand":[],"product_cat":[17,23],"product_tag":[327,745,681,746,675,649],"class_list":{"0":"post-1588","1":"product","2":"type-product","3":"status-publish","4":"has-post-thumbnail","6":"product_cat-sediment-filter","7":"product_cat-pp-filter-cartridge","8":"product_tag-1-100-micron-filter","9":"product_tag-coreless-filter-cartridge","10":"product_tag-liquid-cartridge-filter","11":"product_tag-melt-blown-filter-cartridge","12":"product_tag-pp-spun-filter-cartridge","13":"product_tag-reverse-osmosis-prefilter","15":"first","16":"instock","17":"shipping-taxable","18":"product-type-simple"},"_links":{"self":[{"href":"https:\/\/lyfilter.com\/fr\/wp-json\/wp\/v2\/product\/1588","targetHints":{"allow":["GET"]}}],"collection":[{"href":"https:\/\/lyfilter.com\/fr\/wp-json\/wp\/v2\/product"}],"about":[{"href":"https:\/\/lyfilter.com\/fr\/wp-json\/wp\/v2\/types\/product"}],"replies":[{"embeddable":true,"href":"https:\/\/lyfilter.com\/fr\/wp-json\/wp\/v2\/comments?post=1588"}],"wp:featuredmedia":[{"embeddable":true,"href":"https:\/\/lyfilter.com\/fr\/wp-json\/wp\/v2\/media\/1608"}],"wp:attachment":[{"href":"https:\/\/lyfilter.com\/fr\/wp-json\/wp\/v2\/media?parent=1588"}],"wp:term":[{"taxonomy":"product_brand","embeddable":true,"href":"https:\/\/lyfilter.com\/fr\/wp-json\/wp\/v2\/product_brand?post=1588"},{"taxonomy":"product_cat","embeddable":true,"href":"https:\/\/lyfilter.com\/fr\/wp-json\/wp\/v2\/product_cat?post=1588"},{"taxonomy":"product_tag","embeddable":true,"href":"https:\/\/lyfilter.com\/fr\/wp-json\/wp\/v2\/product_tag?post=1588"}],"curies":[{"name":"wp","href":"https:\/\/api.w.org\/{rel}","templated":true}]}}