{"id":1580,"date":"2026-01-05T07:04:09","date_gmt":"2026-01-05T07:04:09","guid":{"rendered":"https:\/\/lyfilter.com\/?post_type=product&#038;p=1580"},"modified":"2026-01-05T07:04:09","modified_gmt":"2026-01-05T07:04:09","slug":"custom-brown-white-pneumatic-ppf-polypropylene-micron-particulate-probe-filter-element-for-water-trap-air-filtration-units","status":"publish","type":"product","link":"https:\/\/lyfilter.com\/fr\/custom-brown-white-pneumatic-ppf-polypropylene-micron-particulate-probe-filter-element-for-water-trap-air-filtration-units\/","title":{"rendered":"Custom Brown White Pneumatic PPF Polypropylene micron particulate probe filter element for water trap air filtration units"},"content":{"rendered":"<table>\n<thead>\n<tr>\n<th>Objet<\/th>\n<th>D\u00e9tails<\/th>\n<\/tr>\n<\/thead>\n<tbody>\n<tr>\n<td>condition<\/td>\n<td>Nouveau<\/td>\n<\/tr>\n<tr>\n<td>secteurs d'activit\u00e9 concern\u00e9s<\/td>\n<td>H\u00f4tels ; magasins de v\u00eatements ; magasins de mat\u00e9riaux de construction ; usines de fabrication ; ateliers de r\u00e9paration de machines ; usines de produits alimentaires et de boissons ; fermes ; restaurants ; usage domestique ; commerce de d\u00e9tail ; magasins d'alimentation ; imprimeries ; travaux de construction ; \u00e9nergie et mines ; magasins de produits alimentaires et de boissons ; soci\u00e9t\u00e9s de publicit\u00e9.<\/td>\n<\/tr>\n<tr>\n<td>service apr\u00e8s-vente<\/td>\n<td>Soutien en ligne<\/td>\n<\/tr>\n<tr>\n<td>lieu de service local<\/td>\n<td>aucun<\/td>\n<\/tr>\n<tr>\n<td>emplacement de la salle d'exposition<\/td>\n<td>aucun<\/td>\n<\/tr>\n<tr>\n<td>lieu d'origine<\/td>\n<td>Guangdong, Chine<\/td>\n<\/tr>\n<tr>\n<td>nom de marque<\/td>\n<td>Lvyuan \/ OEM<\/td>\n<\/tr>\n<tr>\n<td>mat\u00e9riel<\/td>\n<td>polypropyl\u00e8ne<\/td>\n<\/tr>\n<tr>\n<td>poids<\/td>\n<td>d\u00e9pend<\/td>\n<\/tr>\n<tr>\n<td>taille<\/td>\n<td>standard ou personnalisation<\/td>\n<\/tr>\n<tr>\n<td>pouvoir<\/td>\n<td>0<\/td>\n<\/tr>\n<tr>\n<td>garantie<\/td>\n<td>Indisponible<\/td>\n<\/tr>\n<tr>\n<td>nom du produit<\/td>\n<td>\u00e9l\u00e9ment de filtre \u00e0 particules<\/td>\n<\/tr>\n<tr>\n<td>taux de micron<\/td>\n<td>Cartouche de filtres 1\/3\/5\/10\/25\/50\/75\/100 microns<\/td>\n<\/tr>\n<tr>\n<td>certification<\/td>\n<td>CE, SGS<\/td>\n<\/tr>\n<tr>\n<td>application<\/td>\n<td>pi\u00e8ces pour filtres \u00e0 eau, osmose inverse<\/td>\n<\/tr>\n<tr>\n<td>longueur<\/td>\n<td>5\u2033, 10\u2033, 20\u2033, 30\u2033, 40\u2033, 50\u2033 pouces<\/td>\n<\/tr>\n<tr>\n<td>m\u00e9dia filtrant<\/td>\n<td>Polypropyl\u00e8ne (PP) fil\u00e9<\/td>\n<\/tr>\n<tr>\n<td>capuchon d'extr\u00e9mit\u00e9<\/td>\n<td>DOE \/ 222Fin \/ 226Fin \/ 222Flat \/ 226Flat<\/td>\n<\/tr>\n<tr>\n<td>mat\u00e9riau du joint\/de l'anneau<\/td>\n<td>Silicone \/ EPDM \/ Viton<\/td>\n<\/tr>\n<tr>\n<td>utilisation<\/td>\n<td>Filtre \u00e0 cartouche pour liquides<\/td>\n<\/tr>\n<tr>\n<td>noyau interne<\/td>\n<td>PP ; acier inoxydable ; aucun<\/td>\n<\/tr>\n<tr>\n<td>unit\u00e9s de vente<\/td>\n<td>Article unique<\/td>\n<\/tr>\n<tr>\n<td>taille de l'emballage unique<\/td>\n<td>55 \u00d7 10 \u00d7 10 cm<\/td>\n<\/tr>\n<tr>\n<td>poids brut unique<\/td>\n<td>2.000 kg<\/td>\n<\/tr>\n<tr>\n<td>type de paquet<\/td>\n<td>Emballage brun\/blanc personnalis\u00e9 ; le devis n'est qu'une r\u00e9f\u00e9rence ; envoyez les sp\u00e9cifications pour obtenir le meilleur prix actualis\u00e9.<\/td>\n<\/tr>\n<tr>\n<td>emballage en carton (10 pouces)<\/td>\n<td>50 pcs\/ctn, 400 \u00d7 400 \u00d7 685 mm<\/td>\n<\/tr>\n<tr>\n<td>emballage en carton (20 pouces)<\/td>\n<td>25 pcs\/ctn, 400 \u00d7 400 \u00d7 685 mm<\/td>\n<\/tr>\n<tr>\n<td>emballage en carton (30 pouces)<\/td>\n<td>25 pcs\/ctn, 835 \u00d7 435 \u00d7 425 mm<\/td>\n<\/tr>\n<tr>\n<td>emballage en carton (40 pouces)<\/td>\n<td>25 pcs\/ctn, 1100 \u00d7 395 \u00d7 400 mm<\/td>\n<\/tr>\n<tr>\n<td>d\u00e9lai d'ex\u00e9cution (1-2000 pcs)<\/td>\n<td>15 jours<\/td>\n<\/tr>\n<tr>\n<td>d\u00e9lai d'ex\u00e9cution (&gt;2000 pcs)<\/td>\n<td>A n\u00e9gocier<\/td>\n<\/tr>\n<tr>\n<td>Note sur le produit<\/td>\n<td>Custom Brown White Pneumatic PPF Polypropylene micron particulate probe filter element for water trap air filtration units<\/td>\n<\/tr>\n<\/tbody>\n<\/table>","protected":false},"excerpt":{"rendered":"<p>Cet \u00e9l\u00e9ment de filtre \u00e0 particules vous aide \u00e0 capturer les s\u00e9diments et les particules fines pour une performance plus stable dans les installations d'osmose inverse et de filtration de l'eau. Personnalisez la taille et les raccords pour qu'ils s'adaptent \u00e0 votre bo\u00eetier.<\/p>","protected":false},"featured_media":1581,"comment_status":"open","ping_status":"closed","template":"","meta":{"_gspb_post_css":""},"product_brand":[],"product_cat":[17,23],"product_tag":[297,681,740,675,649,731],"class_list":{"0":"post-1580","1":"product","2":"type-product","3":"status-publish","4":"has-post-thumbnail","6":"product_cat-sediment-filter","7":"product_cat-pp-filter-cartridge","8":"product_tag-1-100-micron-cartridge","9":"product_tag-liquid-cartridge-filter","10":"product_tag-particulate-filter-element","11":"product_tag-pp-spun-filter-cartridge","12":"product_tag-reverse-osmosis-prefilter","13":"product_tag-water-filter-parts","15":"first","16":"instock","17":"shipping-taxable","18":"product-type-simple"},"_links":{"self":[{"href":"https:\/\/lyfilter.com\/fr\/wp-json\/wp\/v2\/product\/1580","targetHints":{"allow":["GET"]}}],"collection":[{"href":"https:\/\/lyfilter.com\/fr\/wp-json\/wp\/v2\/product"}],"about":[{"href":"https:\/\/lyfilter.com\/fr\/wp-json\/wp\/v2\/types\/product"}],"replies":[{"embeddable":true,"href":"https:\/\/lyfilter.com\/fr\/wp-json\/wp\/v2\/comments?post=1580"}],"wp:featuredmedia":[{"embeddable":true,"href":"https:\/\/lyfilter.com\/fr\/wp-json\/wp\/v2\/media\/1581"}],"wp:attachment":[{"href":"https:\/\/lyfilter.com\/fr\/wp-json\/wp\/v2\/media?parent=1580"}],"wp:term":[{"taxonomy":"product_brand","embeddable":true,"href":"https:\/\/lyfilter.com\/fr\/wp-json\/wp\/v2\/product_brand?post=1580"},{"taxonomy":"product_cat","embeddable":true,"href":"https:\/\/lyfilter.com\/fr\/wp-json\/wp\/v2\/product_cat?post=1580"},{"taxonomy":"product_tag","embeddable":true,"href":"https:\/\/lyfilter.com\/fr\/wp-json\/wp\/v2\/product_tag?post=1580"}],"curies":[{"name":"wp","href":"https:\/\/api.w.org\/{rel}","templated":true}]}}